{"id":18356,"date":"2022-06-17T14:00:53","date_gmt":"2022-06-17T11:00:53","guid":{"rendered":"https:\/\/www.helsinkimissio.fi\/donate\/kertalahjoitus\/"},"modified":"2023-01-31T10:31:31","modified_gmt":"2023-01-31T08:31:31","slug":"one-off-donation","status":"publish","type":"page","link":"https:\/\/www.helsinkimissio.fi\/en\/donate\/one-off-donation\/","title":{"rendered":"Make a donation"},"content":{"rendered":"\n<section  class=\"block block-clara-form container-fluid \">\n    <div class=\"container\">\n        <div class=\"row justify-content-center\">\n            <div class=\"col-12 col-sm-12 col-lg-7\">\n                <main class=\"entry-content\">\n                    \n\n<h2 class=\"wp-block-heading\">Make a donation<\/h2>\n\n\n        <div class=\"clara_forms_global bootstrap\">\n            <div id=\"clara_forms_one_time_payment\">\n                <div class=\"row\">\n                    <div class=\"col-md-12\">\n                        <form class=\"form-signin\" id=\"clara_form\" action=\"\" method=\"POST\">\n                            <div id=\"form-data\">\n                                <div class=\"form-group\"><div class=\"btn-group btn-group-toggle options\" data-toggle=\"buttons\"><span>Select donation amount<\/span><label class=\"btn btn-secondary btn-blue active\"><input type=\"radio\" name=\"options\" value=\"30\"  id=\"options\" checked \/>30 &euro;<\/label><label class=\"btn btn-secondary btn-blue \"><input type=\"radio\" name=\"options\" value=\"50\"  id=\"options\"  \/>50 &euro;<\/label><label class=\"btn btn-secondary btn-blue \"><input type=\"radio\" name=\"options\" value=\"120\"  id=\"options\"  \/>120 &euro;<\/label><label class=\"btn btn-secondary btn-blue \"><input type=\"radio\" name=\"options\" value=\"other\"  id=\"options\"  \/>Other<\/label><\/div><\/div><div class=\"form-label-group mandatory\" id=\"group_amount\"><label for='amount'>Amount<\/label><input type=\"number\" name=\"amount\" value=\"50\"  placeholder=\"Amount\" required=\"required\" maxlength=\"5\" max=\"99999\" min=\"5\" class=\"form-control only_numbers\" id=\"donation_amount\" data-required-message=\"This field is required.\" \/><\/div><div class=\"form-label-group mandatory\" id=\"group_product_id\"><select name=\"product_id\"  required=\"required\" id=\"product_id\" class=\"form-control  \"  data-required-message=\"This selection is required.\" ><option value=\"\">I will donate to<\/option><option value=\"102436\" >Work against loneliness<\/option><option value=\"102438\" >Seniors<\/option><option value=\"102447\" >People with disabilities<\/option><option value=\"102453\" >Young people<\/option><option value=\"102533\" >Families<\/option><option value=\"203043\" >Work against street violence<\/option><\/select><\/div>\n            <fieldset id=\"person_info\">\n                <legend>Person information<\/legend>\n            <div class=\"form-label-group mandatory\" id=\"group_first_name\"><label for='first_name'>First name<\/label><input type=\"text\" name=\"first_name\" value=\"\"  placeholder=\"First name\" required=\"required\" maxlength=\"50\" id=\"first_name\" class=\"form-control  \" data-required-message=\"This field is required.\" \/><\/div><div class=\"form-label-group mandatory\" id=\"group_last_name\"><label for='last_name'>Last name<\/label><input type=\"text\" name=\"last_name\" value=\"\"  placeholder=\"Last name\" required=\"required\" maxlength=\"50\" id=\"last_name\" class=\"form-control  \" data-required-message=\"This field is required.\" \/><\/div>\n            <\/fieldset>\n            \n            <fieldset id=\"contact_info\">\n                <legend>Contact information<\/legend>\n            <div class=\"form-label-group mandatory\" id=\"group_email\"><label for='email'>Email<\/label><input type=\"email\" name=\"email\" value=\"\"  placeholder=\"Email\" required=\"required\" maxlength=\"100\" id=\"email\" class=\"form-control  \" data-required-message=\"This field is required.\" \/><\/div><div class=\"form-label-group mandatory\" id=\"group_phone\"><label for='phone'>Phone<\/label><input type=\"text\" name=\"phone\" value=\"\"  placeholder=\"Phone\" required=\"required\" maxlength=\"20\" id=\"phone\" class=\"form-control  \" data-required-message=\"This field is required.\" \/><\/div><div class=\"form-label-group\" id=\"group_address\"><label for='address'>Address<\/label><input type=\"text\" name=\"address\" value=\"\"  placeholder=\"Address\" maxlength=\"50\" id=\"address\" class=\"form-control  \" \/><\/div><div class=\"form-label-group\" id=\"group_zip\"><label for='zip'>Zip<\/label><input type=\"text\" name=\"zip\" value=\"\"  placeholder=\"Zip\" maxlength=\"20\" id=\"zip\" class=\"form-control  \" \/><\/div><div class=\"form-label-group\" id=\"group_city\"><label for='city'>City<\/label><input type=\"text\" name=\"city\" value=\"\"  placeholder=\"City\" maxlength=\"50\" id=\"city\" class=\"form-control  \" \/><\/div>\n            <\/fieldset>\n            <div class=\"form-label-group mandatory\" id=\"group_fundraising_type_id\"><input type=\"hidden\" name=\"fundraising_type_id\" value=\"6\"  required=\"required\" id=\"fundraising_type_id\" \/><\/div><div class=\"form-label-group mandatory\" id=\"group_fundraising_id\"><input type=\"hidden\" name=\"fundraising_id\" value=\"238026\"  required=\"required\" id=\"fundraising_id\" \/><\/div><div class=\"form-group\"><label class=\"newsletter_title\">Subscribe to newsletter<\/label><div class=\"checkbox mb-3\"><label class=\"\"><input type=\"checkbox\" name=\"group_ids[]\" value=\"114701\"  id=\"group_ids\"  \/>Haluan saada mielenkiintoisia tarinoita ja tietoa auttamistavoista eri kanavissa. Voin milloin tahansa perua s\u00e4hk\u00f6isen viestinn\u00e4n.<\/label><\/div><\/div><div class=\"form-group\"><div class=\"checkbox mb-3\"><label class=\"consent-texts\"><input type=\"checkbox\" name=\"consents[]\" value=\"2438\"  required=\"required\" id=\"consents\"  data-required-message=\"This selection is required.\" \/><div>I accept that my contact details are stored in HelsinkiMission's <a href=\"https:\/\/www.helsinkimissio.fi\/tietosuojaseloste\" target=\"_blank\">customer register.<\/a><\/div><\/label><\/div><\/div><div class=\"form-label-group\" id=\"group_customer_reference\"><input type=\"hidden\" name=\"customer_reference\" value=\"\"  id=\"customer_reference\" \/><\/div><div class=\"form-label-group\" id=\"group_redirect_url\"><input type=\"hidden\" name=\"redirect_url\" value=\"https:\/\/www.helsinkimissio.fi\/en\/donate\/one-off-donation\/\"  id=\"redirect_url\" \/><\/div><div class=\"form-label-group\" id=\"group_locale\"><input type=\"hidden\" name=\"locale\" value=\"en\"  id=\"locale\" \/><\/div><div><button type=\"submit\"  id=\"submit\" class=\"btn btn-lg btn-primary btn-block \"><i class=\"loader fa fa-circle-o-notch fa-spin\"><\/i> Donate<\/button><\/div><div class=\"form-label-group\" id=\"group_encrypted\"><input type=\"hidden\" name=\"encrypted\" value=\"eyJmdW5kcmFpc2luZ190eXBlX2lkIjp7InR5cGUiOiJoaWRkZW4iLCJkZWZhdWx0X3ZhbHVlIjo2LCJtYW5kYXRvcnkiOiJ0cnVlIn0sImZ1bmRyYWlzaW5nX2lkIjp7InR5cGUiOiJoaWRkZW4iLCJkZWZhdWx0X3ZhbHVlIjoiMjM4MDI2IiwibWFuZGF0b3J5IjoidHJ1ZSJ9LCJncm91cF9pZHMiOnsiY29kZSI6Imdyb3VwX2lkcyIsInR5cGUiOiJjaGVja2JveCIsImxhYmVsIjoiU3Vic2NyaWJlIHRvIG5ld3NsZXR0ZXIiLCJsYWJlbF9yZWZlcmVuY2Vfc3R5bGUiOiJuZXdzbGV0dGVyX3RpdGxlIiwiY2hvaWNlcyI6eyIxMTQ3MDEiOiJIYWx1YW4gc2FhZGEgbWllbGVua2lpbnRvaXNpYSB0YXJpbm9pdGEgamEgdGlldG9hIGF1dHRhbWlzdGF2b2lzdGEgZXJpIGthbmF2aXNzYS4gVm9pbiBtaWxsb2luIHRhaGFuc2EgcGVydWEgc1x1MDBlNGhrXHUwMGY2aXNlbiB2aWVzdGlublx1MDBlNG4uIn19LCJjb25zZW50cyI6eyJjb2RlIjoiY29uc2VudHMiLCJ0eXBlIjoiY2hlY2tib3giLCJtYW5kYXRvcnkiOiJ0cnVlIiwibGFiZWxfcmVmZXJlbmNlX3N0eWxlIjoiY29uc2VudC10ZXh0cyIsImNob2ljZXMiOnsiMjQzOCI6IjxkaXY+SSBhY2NlcHQgdGhhdCBteSBjb250YWN0IGRldGFpbHMgYXJlIHN0b3JlZCBpbiBIZWxzaW5raU1pc3Npb24ncyA8YSBocmVmPVwiaHR0cHM6XC9cL3d3dy5oZWxzaW5raW1pc3Npby5maVwvdGlldG9zdW9qYXNlbG9zdGVcIiB0YXJnZXQ9XCJfYmxhbmtcIj5jdXN0b21lciByZWdpc3Rlci48XC9hPjxcL2Rpdj4ifX0sImN1c3RvbWVyX3JlZmVyZW5jZSI6eyJjb2RlIjoiY3VzdG9tZXJfcmVmZXJlbmNlIiwidHlwZSI6ImhpZGRlbiJ9LCJyZWRpcmVjdF91cmwiOnsiY29kZSI6InJlZGlyZWN0X3VybCIsInR5cGUiOiJoaWRkZW4iLCJkZWZhdWx0X3ZhbHVlIjoiaHR0cHM6XC9cL3d3dy5oZWxzaW5raW1pc3Npby5maVwvZW5cL2RvbmF0ZVwvb25lLW9mZi1kb25hdGlvblwvIn0sImxvY2FsZSI6eyJjb2RlIjoibG9jYWxlIiwidHlwZSI6ImhpZGRlbiIsImRlZmF1bHRfdmFsdWUiOiJlbiJ9LCJzdWJtaXQiOnsiY29kZSI6InN1Ym1pdCIsInR5cGUiOiJzdWJtaXQiLCJsYWJlbCI6IkRvbmF0ZSJ9LCJvcHRpb25zIjp7ImNvZGUiOiJvcHRpb25zIiwidHlwZSI6InJhZGlvdG9nZ2xlIiwibGFiZWwiOiJTZWxlY3QgZG9uYXRpb24gYW1vdW50IiwibGFiZWxfc3VmZml4IjoiICZldXJvOyIsInNlY3Rpb24iOiJoZWFkZXIiLCJkZWZhdWx0X3NlbGVjdGlvbiI6IjMwIiwiY2hvaWNlcyI6eyIzMCI6IjMwIiwiNTAiOiI1MCIsIjEyMCI6IjEyMCIsIm90aGVyIjoiT3RoZXIifSwibGFiZWxfcmVmZXJlbmNlX3N0eWxlIjoiYnRuLWJsdWUifSwiYW1vdW50Ijp7ImNvZGUiOiJhbW91bnQiLCJ0eXBlIjoibnVtYmVyIiwibGFiZWwiOiJBbW91bnQiLCJwbGFjZWhvbGRlciI6IkFtb3VudCIsIm1hbmRhdG9yeSI6InRydWUiLCJtYXhfY2hhcmFjdGVyIjoiNSIsIm1heF9udW1iZXIiOjk5OTk5LCJyZWZlcmVuY2Vfc3R5bGUiOiJmb3JtLWNvbnRyb2wgb25seV9udW1iZXJzIiwic2VjdGlvbiI6ImhlYWRlciIsInJlZmVyZW5jZV9pZCI6ImRvbmF0aW9uX2Ftb3VudCIsImRlZmF1bHRfdmFsdWUiOiI1MCIsIm1pbl9udW1iZXIiOjV9LCJwcm9kdWN0X2lkIjp7ImNvZGUiOiJwcm9kdWN0X2lkIiwidHlwZSI6ImRyb3Bkb3duIiwibGFiZWwiOiJJIHdpbGwgZG9uYXRlIHRvIiwibWFuZGF0b3J5IjoidHJ1ZSIsInNlY3Rpb24iOiJoZWFkZXIiLCJjaG9pY2VzIjp7IjEwMjQzNiI6IldvcmsgYWdhaW5zdCBsb25lbGluZXNzIiwiMTAyNDM4IjoiU2VuaW9ycyIsIjEwMjQ0NyI6IlBlb3BsZSB3aXRoIGRpc2FiaWxpdGllcyIsIjEwMjQ1MyI6IllvdW5nIHBlb3BsZSIsIjEwMjUzMyI6IkZhbWlsaWVzIiwiMjAzMDQzIjoiV29yayBhZ2FpbnN0IHN0cmVldCB2aW9sZW5jZSJ9fSwiZmlyc3RfbmFtZSI6eyJjb2RlIjoiZmlyc3RfbmFtZSIsInR5cGUiOiJ0ZXh0IiwibGFiZWwiOiJGaXJzdCBuYW1lIiwibWF4X2NoYXJhY3RlciI6IjUwIiwic2VjdGlvbiI6InBlcnNvbl9pbmZvIiwibWFuZGF0b3J5IjoidHJ1ZSJ9LCJsYXN0X25hbWUiOnsiY29kZSI6Imxhc3RfbmFtZSIsInR5cGUiOiJ0ZXh0IiwibGFiZWwiOiJMYXN0IG5hbWUiLCJtYXhfY2hhcmFjdGVyIjoiNTAiLCJzZWN0aW9uIjoicGVyc29uX2luZm8iLCJtYW5kYXRvcnkiOiJ0cnVlIn0sImVtYWlsIjp7ImNvZGUiOiJlbWFpbCIsInR5cGUiOiJlbWFpbCIsImxhYmVsIjoiRW1haWwiLCJtYXhfY2hhcmFjdGVyIjoiMTAwIiwic2VjdGlvbiI6ImNvbnRhY3RfaW5mbyIsIm1hbmRhdG9yeSI6InRydWUifSwicGhvbmUiOnsiY29kZSI6InBob25lIiwidHlwZSI6InRleHQiLCJsYWJlbCI6IlBob25lIiwibWF4X2NoYXJhY3RlciI6IjIwIiwic2VjdGlvbiI6ImNvbnRhY3RfaW5mbyIsIm1hbmRhdG9yeSI6InRydWUifSwiYWRkcmVzcyI6eyJjb2RlIjoiYWRkcmVzcyIsInR5cGUiOiJ0ZXh0IiwibGFiZWwiOiJBZGRyZXNzIiwibWF4X2NoYXJhY3RlciI6IjUwIiwic2VjdGlvbiI6ImNvbnRhY3RfaW5mbyJ9LCJ6aXAiOnsiY29kZSI6InppcCIsInR5cGUiOiJ0ZXh0IiwibGFiZWwiOiJaaXAiLCJtYXhfY2hhcmFjdGVyIjoiMjAiLCJzZWN0aW9uIjoiY29udGFjdF9pbmZvIn0sImNpdHkiOnsiY29kZSI6ImNpdHkiLCJ0eXBlIjoidGV4dCIsImxhYmVsIjoiQ2l0eSIsIm1heF9jaGFyYWN0ZXIiOiI1MCIsInNlY3Rpb24iOiJjb250YWN0X2luZm8ifX0=\"  id=\"encrypted\" \/><\/div>                            <\/div>\n                        <\/form>\n                    <\/div>\n                <\/div>\n                <div class=\"form-data\"\n                    data-show-donations-amounts=\"1\"\n                    data-show-popular-amount=\"\"\n                    data-show-other-amount=\"1\"\n                    data-preset-amount=\"0\"\n                    data-default-preamount=\"2\"\n                    data-min-amount=\"5\"\n                    data-paytrail-submit=\"https:\/\/www.helsinkimissio.fi\/wp-content\/plugins\/clara-wp-forms\/forms\/controllers\/post.php?form=one-time-payment&amp;api_slug=fundraisings&amp;locale=en\"\n                >\n            <\/div>\n        <\/div>\n        <script src=\"\/wp-content\/plugins\/clara-wp-forms\/assets\/js\/forms\/donation-functions.js\"><\/script>\n        <script src=\"\/wp-content\/plugins\/clara-wp-forms\/assets\/js\/forms\/one-time-payment-before.js\"><\/script>\n\n\n\n                <\/main>\n            <\/div>\n        <\/div>\n    <\/div>\n<\/section>","protected":false},"excerpt":{"rendered":"","protected":false},"author":8,"featured_media":0,"parent":18264,"menu_order":0,"comment_status":"closed","ping_status":"closed","template":"","meta":{"_acf_changed":false,"_relevanssi_hide_post":"","_relevanssi_hide_content":"","_relevanssi_pin_for_all":"","_relevanssi_pin_keywords":"","_relevanssi_unpin_keywords":"","_relevanssi_related_keywords":"","_relevanssi_related_include_ids":"","_relevanssi_related_exclude_ids":"","_relevanssi_related_no_append":"","_relevanssi_related_not_related":"","_relevanssi_related_posts":"899,952,909,1089","_relevanssi_noindex_reason":"WooCommerce Yoast SEO Relevanssi index exclude","footnotes":""},"class_list":["post-18356","page","type-page","status-publish","hentry"],"acf":[],"yoast_head":"<!-- This site is optimized with the Yoast SEO plugin v27.1.1 - https:\/\/yoast.com\/product\/yoast-seo-wordpress\/ -->\n<title>Make a donation &#8212; HelsinkiMissio<\/title>\n<meta name=\"robots\" content=\"noindex, follow\" \/>\n<meta property=\"og:locale\" content=\"en_US\" \/>\n<meta property=\"og:type\" content=\"article\" \/>\n<meta property=\"og:title\" content=\"Make a donation &#8212; HelsinkiMissio\" \/>\n<meta property=\"og:url\" content=\"https:\/\/www.helsinkimissio.fi\/en\/donate\/one-off-donation\/\" \/>\n<meta property=\"og:site_name\" content=\"HelsinkiMissio\" \/>\n<meta property=\"article:publisher\" content=\"https:\/\/www.facebook.com\/HelsinkiMissio\/\" \/>\n<meta property=\"article:modified_time\" content=\"2023-01-31T08:31:31+00:00\" \/>\n<meta property=\"og:image\" content=\"https:\/\/www.helsinkimissio.fi\/wp-content\/uploads\/2023\/03\/Yoast-featured-image-1200x675-sininen.png\" \/>\n\t<meta property=\"og:image:width\" content=\"1200\" \/>\n\t<meta property=\"og:image:height\" content=\"675\" \/>\n\t<meta property=\"og:image:type\" content=\"image\/png\" \/>\n<meta name=\"twitter:card\" content=\"summary_large_image\" \/>\n<meta name=\"twitter:site\" content=\"@HelsinkiMissio\" \/>\n<meta name=\"twitter:label1\" content=\"Est. reading time\" \/>\n\t<meta name=\"twitter:data1\" content=\"1 minute\" \/>\n<script type=\"application\/ld+json\" class=\"yoast-schema-graph\">{\"@context\":\"https:\/\/schema.org\",\"@graph\":[{\"@type\":\"WebPage\",\"@id\":\"https:\/\/www.helsinkimissio.fi\/en\/donate\/one-off-donation\/\",\"url\":\"https:\/\/www.helsinkimissio.fi\/en\/donate\/one-off-donation\/\",\"name\":\"Make a donation &#8212; HelsinkiMissio\",\"isPartOf\":{\"@id\":\"https:\/\/www.helsinkimissio.fi\/en\/#website\"},\"datePublished\":\"2022-06-17T11:00:53+00:00\",\"dateModified\":\"2023-01-31T08:31:31+00:00\",\"breadcrumb\":{\"@id\":\"https:\/\/www.helsinkimissio.fi\/en\/donate\/one-off-donation\/#breadcrumb\"},\"inLanguage\":\"en-US\",\"potentialAction\":[{\"@type\":\"ReadAction\",\"target\":[\"https:\/\/www.helsinkimissio.fi\/en\/donate\/one-off-donation\/\"]}]},{\"@type\":\"BreadcrumbList\",\"@id\":\"https:\/\/www.helsinkimissio.fi\/en\/donate\/one-off-donation\/#breadcrumb\",\"itemListElement\":[{\"@type\":\"ListItem\",\"position\":1,\"name\":\"Etusivu\",\"item\":\"https:\/\/www.helsinkimissio.fi\/en\/\"},{\"@type\":\"ListItem\",\"position\":2,\"name\":\"Donate\",\"item\":\"https:\/\/www.helsinkimissio.fi\/en\/donate\/\"},{\"@type\":\"ListItem\",\"position\":3,\"name\":\"Make a donation\"}]},{\"@type\":\"WebSite\",\"@id\":\"https:\/\/www.helsinkimissio.fi\/en\/#website\",\"url\":\"https:\/\/www.helsinkimissio.fi\/en\/\",\"name\":\"Yhdess\u00e4 yksin\u00e4isyys voitetaan \u2013 HelsinkiMissio\",\"description\":\"Yhdess\u00e4 yksin\u00e4isyys voitetaan.\",\"publisher\":{\"@id\":\"https:\/\/www.helsinkimissio.fi\/en\/#organization\"},\"alternateName\":\"HelsinkiMissio\",\"potentialAction\":[{\"@type\":\"SearchAction\",\"target\":{\"@type\":\"EntryPoint\",\"urlTemplate\":\"https:\/\/www.helsinkimissio.fi\/en\/?s={search_term_string}\"},\"query-input\":{\"@type\":\"PropertyValueSpecification\",\"valueRequired\":true,\"valueName\":\"search_term_string\"}}],\"inLanguage\":\"en-US\"},{\"@type\":\"Organization\",\"@id\":\"https:\/\/www.helsinkimissio.fi\/en\/#organization\",\"name\":\"HelsinkiMissio\",\"url\":\"https:\/\/www.helsinkimissio.fi\/en\/\",\"logo\":{\"@type\":\"ImageObject\",\"inLanguage\":\"en-US\",\"@id\":\"https:\/\/www.helsinkimissio.fi\/en\/#\/schema\/logo\/image\/\",\"url\":\"https:\/\/www.helsinkimissio.fi\/wp-content\/uploads\/2022\/07\/cropped-Helsinkimissio_sin_logo.png\",\"contentUrl\":\"https:\/\/www.helsinkimissio.fi\/wp-content\/uploads\/2022\/07\/cropped-Helsinkimissio_sin_logo.png\",\"width\":512,\"height\":512,\"caption\":\"HelsinkiMissio\"},\"image\":{\"@id\":\"https:\/\/www.helsinkimissio.fi\/en\/#\/schema\/logo\/image\/\"},\"sameAs\":[\"https:\/\/www.facebook.com\/HelsinkiMissio\/\",\"https:\/\/x.com\/HelsinkiMissio\",\"https:\/\/www.instagram.com\/helsinkimissio\/\",\"https:\/\/www.linkedin.com\/company\/10844786\/\",\"https:\/\/www.youtube.com\/channel\/UCzKk3pYABu9D-DzQAx1Yr2w\"]}]}<\/script>\n<!-- \/ Yoast SEO plugin. -->","yoast_head_json":{"title":"Make a donation &#8212; HelsinkiMissio","robots":{"index":"noindex","follow":"follow"},"og_locale":"en_US","og_type":"article","og_title":"Make a donation &#8212; HelsinkiMissio","og_url":"https:\/\/www.helsinkimissio.fi\/en\/donate\/one-off-donation\/","og_site_name":"HelsinkiMissio","article_publisher":"https:\/\/www.facebook.com\/HelsinkiMissio\/","article_modified_time":"2023-01-31T08:31:31+00:00","og_image":[{"width":1200,"height":675,"url":"https:\/\/www.helsinkimissio.fi\/wp-content\/uploads\/2023\/03\/Yoast-featured-image-1200x675-sininen.png","type":"image\/png"}],"twitter_card":"summary_large_image","twitter_site":"@HelsinkiMissio","twitter_misc":{"Est. reading time":"1 minute"},"schema":{"@context":"https:\/\/schema.org","@graph":[{"@type":"WebPage","@id":"https:\/\/www.helsinkimissio.fi\/en\/donate\/one-off-donation\/","url":"https:\/\/www.helsinkimissio.fi\/en\/donate\/one-off-donation\/","name":"Make a donation &#8212; HelsinkiMissio","isPartOf":{"@id":"https:\/\/www.helsinkimissio.fi\/en\/#website"},"datePublished":"2022-06-17T11:00:53+00:00","dateModified":"2023-01-31T08:31:31+00:00","breadcrumb":{"@id":"https:\/\/www.helsinkimissio.fi\/en\/donate\/one-off-donation\/#breadcrumb"},"inLanguage":"en-US","potentialAction":[{"@type":"ReadAction","target":["https:\/\/www.helsinkimissio.fi\/en\/donate\/one-off-donation\/"]}]},{"@type":"BreadcrumbList","@id":"https:\/\/www.helsinkimissio.fi\/en\/donate\/one-off-donation\/#breadcrumb","itemListElement":[{"@type":"ListItem","position":1,"name":"Etusivu","item":"https:\/\/www.helsinkimissio.fi\/en\/"},{"@type":"ListItem","position":2,"name":"Donate","item":"https:\/\/www.helsinkimissio.fi\/en\/donate\/"},{"@type":"ListItem","position":3,"name":"Make a donation"}]},{"@type":"WebSite","@id":"https:\/\/www.helsinkimissio.fi\/en\/#website","url":"https:\/\/www.helsinkimissio.fi\/en\/","name":"Yhdess\u00e4 yksin\u00e4isyys voitetaan \u2013 HelsinkiMissio","description":"Yhdess\u00e4 yksin\u00e4isyys voitetaan.","publisher":{"@id":"https:\/\/www.helsinkimissio.fi\/en\/#organization"},"alternateName":"HelsinkiMissio","potentialAction":[{"@type":"SearchAction","target":{"@type":"EntryPoint","urlTemplate":"https:\/\/www.helsinkimissio.fi\/en\/?s={search_term_string}"},"query-input":{"@type":"PropertyValueSpecification","valueRequired":true,"valueName":"search_term_string"}}],"inLanguage":"en-US"},{"@type":"Organization","@id":"https:\/\/www.helsinkimissio.fi\/en\/#organization","name":"HelsinkiMissio","url":"https:\/\/www.helsinkimissio.fi\/en\/","logo":{"@type":"ImageObject","inLanguage":"en-US","@id":"https:\/\/www.helsinkimissio.fi\/en\/#\/schema\/logo\/image\/","url":"https:\/\/www.helsinkimissio.fi\/wp-content\/uploads\/2022\/07\/cropped-Helsinkimissio_sin_logo.png","contentUrl":"https:\/\/www.helsinkimissio.fi\/wp-content\/uploads\/2022\/07\/cropped-Helsinkimissio_sin_logo.png","width":512,"height":512,"caption":"HelsinkiMissio"},"image":{"@id":"https:\/\/www.helsinkimissio.fi\/en\/#\/schema\/logo\/image\/"},"sameAs":["https:\/\/www.facebook.com\/HelsinkiMissio\/","https:\/\/x.com\/HelsinkiMissio","https:\/\/www.instagram.com\/helsinkimissio\/","https:\/\/www.linkedin.com\/company\/10844786\/","https:\/\/www.youtube.com\/channel\/UCzKk3pYABu9D-DzQAx1Yr2w"]}]}},"_links":{"self":[{"href":"https:\/\/www.helsinkimissio.fi\/en\/wp-json\/wp\/v2\/pages\/18356","targetHints":{"allow":["GET"]}}],"collection":[{"href":"https:\/\/www.helsinkimissio.fi\/en\/wp-json\/wp\/v2\/pages"}],"about":[{"href":"https:\/\/www.helsinkimissio.fi\/en\/wp-json\/wp\/v2\/types\/page"}],"author":[{"embeddable":true,"href":"https:\/\/www.helsinkimissio.fi\/en\/wp-json\/wp\/v2\/users\/8"}],"replies":[{"embeddable":true,"href":"https:\/\/www.helsinkimissio.fi\/en\/wp-json\/wp\/v2\/comments?post=18356"}],"version-history":[{"count":3,"href":"https:\/\/www.helsinkimissio.fi\/en\/wp-json\/wp\/v2\/pages\/18356\/revisions"}],"predecessor-version":[{"id":19064,"href":"https:\/\/www.helsinkimissio.fi\/en\/wp-json\/wp\/v2\/pages\/18356\/revisions\/19064"}],"up":[{"embeddable":true,"href":"https:\/\/www.helsinkimissio.fi\/en\/wp-json\/wp\/v2\/pages\/18264"}],"wp:attachment":[{"href":"https:\/\/www.helsinkimissio.fi\/en\/wp-json\/wp\/v2\/media?parent=18356"}],"curies":[{"name":"wp","href":"https:\/\/api.w.org\/{rel}","templated":true}]}}