{"id":18359,"date":"2022-06-17T14:09:08","date_gmt":"2022-06-17T11:09:08","guid":{"rendered":"https:\/\/www.helsinkimissio.fi\/kuukausilahjoituslomake\/"},"modified":"2023-02-17T07:59:33","modified_gmt":"2023-02-17T05:59:33","slug":"become-a-monthly-donor","status":"publish","type":"page","link":"https:\/\/www.helsinkimissio.fi\/en\/donate\/monthly-donations\/become-a-monthly-donor\/","title":{"rendered":"Become a monthly donor"},"content":{"rendered":"\n<section  class=\"block block-clara-form container-fluid \">\n    <div class=\"container\">\n        <div class=\"row justify-content-center\">\n            <div class=\"col-12 col-sm-12 col-lg-7\">\n                <main class=\"entry-content\">\n                    \n\n<h2 class=\"wp-block-heading\">Become a monthly donor<\/h2>\n\n\n<div class=\"clara_forms_global bootstrap\">\n    <div id=\"clara_forms_recurring_donation\">\n        <div class=\"row\">\n            <div class=\"col-md-12\">\n                <form class=\"form-signin\" id=\"clara_form\" action=\"\" method=\"POST\">\n\n                    \n            <fieldset id=\"donation\">\n                <legend>Donation<\/legend>\n            <div class=\"form-group\"><div class=\"btn-group btn-group-toggle options\" data-toggle=\"buttons\"><label class=\"btn btn-secondary btn-blue active\"><input type=\"radio\" name=\"options\" value=\"12\"  id=\"options\"  \/>12 &euro;<\/label><label class=\"btn btn-secondary btn-blue \"><input type=\"radio\" name=\"options\" value=\"25\"  id=\"options\"  \/>25 &euro;<\/label><label class=\"btn btn-secondary btn-blue \"><input type=\"radio\" name=\"options\" value=\"50\"  id=\"options\"  \/>50 &euro;<\/label><label class=\"btn btn-secondary btn-blue \"><input type=\"radio\" name=\"options\" value=\"other\"  id=\"options\"  \/>Other<\/label><\/div><\/div><div class=\"form-label-group mandatory\" id=\"group_amount\"><label for='amount'>Amount<\/label><input type=\"number\" name=\"amount\" value=\"12\"  placeholder=\"Amount\" required=\"required\" maxlength=\"5\" max=\"99999\" min=\"10\" class=\"form-control only_numbers\" id=\"donation_amount\" data-required-message=\"This field is required.\" \/><\/div><div class=\"form-label-group mandatory\" id=\"group_product_id\"><select name=\"product_id\"  required=\"required\" id=\"product_id\" class=\"form-control  \"  data-required-message=\"This selection is required.\" ><option value=\"\">I will donate to<\/option><option value=\"102436\" >Work against loneliness<\/option><option value=\"102438\" >Seniors<\/option><option value=\"102447\" >People with disabilities<\/option><option value=\"102453\" >Young people<\/option><option value=\"102533\" >Families<\/option><option value=\"203043\" >Work against street violence<\/option><\/select><\/div>\n            <\/fieldset>\n            \n            <fieldset id=\"person_info\">\n                <legend>Person information<\/legend>\n            <div class=\"form-label-group mandatory\" id=\"group_first_name\"><label for='first_name'>First name<\/label><input type=\"text\" name=\"first_name\" value=\"\"  placeholder=\"First name\" required=\"required\" maxlength=\"50\" id=\"first_name\" class=\"form-control  \" data-required-message=\"This field is required.\" \/><\/div><div class=\"form-label-group mandatory\" id=\"group_last_name\"><label for='last_name'>Last name<\/label><input type=\"text\" name=\"last_name\" value=\"\"  placeholder=\"Last name\" required=\"required\" maxlength=\"50\" id=\"last_name\" class=\"form-control  \" data-required-message=\"This field is required.\" \/><\/div><div class=\"form-label-group mandatory\" id=\"group_birthday\"><label for='birthday'>Birthday<\/label><input type=\"text\" name=\"birthday\" value=\"\"  placeholder=\"Birthday\" required=\"required\" class=\"datepicker form-control  \" id=\"birthday\" data-required-message=\"This field is required.\" \/><\/div>\n            <\/fieldset>\n            \n            <fieldset id=\"contact_info\">\n                <legend>Contact information<\/legend>\n            <div class=\"form-label-group mandatory\" id=\"group_email\"><label for='email'>Email<\/label><input type=\"email\" name=\"email\" value=\"\"  placeholder=\"Email\" required=\"required\" maxlength=\"100\" id=\"email\" class=\"form-control  \" data-required-message=\"This field is required.\" \/><\/div><div class=\"form-label-group mandatory\" id=\"group_phone\"><label for='phone'>Phone<\/label><input type=\"text\" name=\"phone\" value=\"\"  placeholder=\"Phone\" required=\"required\" maxlength=\"20\" id=\"phone\" class=\"form-control  \" data-required-message=\"This field is required.\" \/><\/div><div class=\"form-label-group mandatory\" id=\"group_address\"><label for='address'>Address<\/label><input type=\"text\" name=\"address\" value=\"\"  placeholder=\"Address\" required=\"required\" maxlength=\"50\" id=\"address\" class=\"form-control  \" data-required-message=\"This field is required.\" \/><\/div><div class=\"form-label-group mandatory\" id=\"group_zip\"><label for='zip'>Zip<\/label><input type=\"text\" name=\"zip\" value=\"\"  placeholder=\"Zip\" required=\"required\" maxlength=\"20\" id=\"zip\" class=\"form-control  \" data-required-message=\"This field is required.\" \/><\/div><div class=\"form-label-group mandatory\" id=\"group_city\"><label for='city'>City<\/label><input type=\"text\" name=\"city\" value=\"\"  placeholder=\"City\" required=\"required\" maxlength=\"50\" id=\"city\" class=\"form-control  \" data-required-message=\"This field is required.\" \/><\/div>\n            <\/fieldset>\n            \n            <fieldset id=\"payment_option\">\n                <legend>Payment options<\/legend>\n            <div class=\"form-group\"><div class=\"btn-group btn-group-toggle invoice_type_id\" data-toggle=\"buttons\"><label class=\"btn btn-secondary btn-tabs active\"><input type=\"radio\" name=\"invoice_type_id\" value=\"2\"  id=\"invoice_type_id\" checked \/>E-invoice<\/label><label class=\"btn btn-secondary btn-tabs \"><input type=\"radio\" name=\"invoice_type_id\" value=\"7\"  id=\"invoice_type_id\"  \/>MobilePay<\/label><\/div><\/div><div class=\"form-label-group mandatory\" id=\"group_bank\"><select name=\"bank\"  required=\"required\" id=\"bank\" class=\"form-control  \"  data-required-message=\"This selection is required.\" ><option value=\"\">Select Bank<\/option><option value=\"4\" >Aktia<\/option><option value=\"8\" >Danske Bank<\/option><option value=\"1\" >Nordea<\/option><option value=\"400\" >Oma S\u00e4\u00e4st\u00f6pankki<\/option><option value=\"5\" >Osuuspankki<\/option><option value=\"470\" >POP Pankki<\/option><option value=\"36\" >S-Pankki<\/option><option value=\"715\" >S\u00e4\u00e4st\u00f6pankki<\/option><option value=\"6\" >\u00c5landsbanken<\/option><\/select><\/div><div class=\"form-label-group mandatory\" id=\"group_service_id\"><input type=\"hidden\" name=\"service_id\" value=\"100101\"  required=\"required\" id=\"service_id\" \/><\/div><div class=\"radio mb-3\"><label class=\"radio-label\">Due date<\/label><label class=\"radio-label\"><input type=\"radio\" name=\"due_date\" value=\"5\"  required=\"required\" id=\"due_date\" checked data-required-message=\"This selection is required.\" \/>&nbsp;5. day<\/label><label class=\"radio-label\"><input type=\"radio\" name=\"due_date\" value=\"20\"  required=\"required\" id=\"due_date\"  data-required-message=\"This selection is required.\" \/>&nbsp;20. day<\/label><\/div>\n            <\/fieldset>\n            <div class=\"form-label-group mandatory\" id=\"group_contact_method_id\"><input type=\"hidden\" name=\"contact_method_id\" value=\"1\"  required=\"required\" id=\"contact_method_id\" \/><\/div><div class=\"form-group\"><label class=\"newsletter_title\">Subscribe to newsletter<\/label><div class=\"checkbox mb-3\"><label class=\"\"><input type=\"checkbox\" name=\"group_ids[]\" value=\"114701\"  id=\"group_ids\"  \/>Haluan saada mielenkiintoisia tarinoita ja tietoa auttamistavoista eri kanavissa. Voin milloin tahansa perua s\u00e4hk\u00f6isen viestinn\u00e4n.<\/label><\/div><\/div><div class=\"form-group\"><div class=\"checkbox mb-3\"><label class=\"consent-texts\"><input type=\"checkbox\" name=\"consents[]\" value=\"2438\"  required=\"required\" id=\"consents\"  data-required-message=\"This selection is required.\" \/><div>I accept that my contact details are stored in HelsinkiMission's <a href=\"https:\/\/www.helsinkimissio.fi\/tietosuojaseloste\" target=\"_blank\">customer register.<\/a><\/div><\/label><\/div><\/div><div class=\"form-label-group\" id=\"group_link_type_id\"><input type=\"hidden\" name=\"link_type_id\" value=\"\"  id=\"link_type_id\" \/><\/div><div class=\"form-label-group\" id=\"group_target_customer_number\"><input type=\"hidden\" name=\"target_customer_number\" value=\"\"  id=\"target_customer_number\" \/><\/div><div class=\"form-label-group\" id=\"group_redirect_url\"><input type=\"hidden\" name=\"redirect_url\" value=\"https:\/\/www.helsinkimissio.fi\/en\/donate\/monthly-donations\/become-a-monthly-donor\/\"  id=\"redirect_url\" \/><\/div><div class=\"form-label-group\" id=\"group_locale\"><input type=\"hidden\" name=\"locale\" value=\"en\"  id=\"locale\" \/><\/div><div class=\"form-label-group\" id=\"group_service_customer_id\"><input type=\"hidden\" name=\"service_customer_id\" value=\"\"  id=\"service_customer_id\" \/><\/div><div class=\"form-label-group\" id=\"group_access_token\"><input type=\"hidden\" name=\"access_token\" value=\"\"  id=\"access_token\" \/><\/div><div><button type=\"submit\"  id=\"submit\" class=\"btn btn-lg btn-primary btn-block \"><i class=\"loader fa fa-circle-o-notch fa-spin\"><\/i> Donate<\/button><\/div><div class=\"form-label-group\" id=\"group_encrypted\"><input type=\"hidden\" name=\"encrypted\" value=\"eyJjb250YWN0X21ldGhvZF9pZCI6eyJ0eXBlIjoiaGlkZGVuIiwiZGVmYXVsdF92YWx1ZSI6MSwibWFuZGF0b3J5IjoidHJ1ZSJ9LCJncm91cF9pZHMiOnsiY29kZSI6Imdyb3VwX2lkcyIsInR5cGUiOiJjaGVja2JveCIsImxhYmVsIjoiU3Vic2NyaWJlIHRvIG5ld3NsZXR0ZXIiLCJtYW5kYXRvcnkiOiJmYWxzZSIsImxhYmVsX3JlZmVyZW5jZV9zdHlsZSI6Im5ld3NsZXR0ZXJfdGl0bGUiLCJjaG9pY2VzIjp7IjExNDcwMSI6IkhhbHVhbiBzYWFkYSBtaWVsZW5raWludG9pc2lhIHRhcmlub2l0YSBqYSB0aWV0b2EgYXV0dGFtaXN0YXZvaXN0YSBlcmkga2FuYXZpc3NhLiBWb2luIG1pbGxvaW4gdGFoYW5zYSBwZXJ1YSBzXHUwMGU0aGtcdTAwZjZpc2VuIHZpZXN0aW5uXHUwMGU0bi4ifX0sImNvbnNlbnRzIjp7ImNvZGUiOiJjb25zZW50cyIsInR5cGUiOiJjaGVja2JveCIsIm1hbmRhdG9yeSI6InRydWUiLCJsYWJlbF9yZWZlcmVuY2Vfc3R5bGUiOiJjb25zZW50LXRleHRzIiwiY2hvaWNlcyI6eyIyNDM4IjoiPGRpdj5JIGFjY2VwdCB0aGF0IG15IGNvbnRhY3QgZGV0YWlscyBhcmUgc3RvcmVkIGluIEhlbHNpbmtpTWlzc2lvbidzIDxhIGhyZWY9XCJodHRwczpcL1wvd3d3LmhlbHNpbmtpbWlzc2lvLmZpXC90aWV0b3N1b2phc2Vsb3N0ZVwiIHRhcmdldD1cIl9ibGFua1wiPmN1c3RvbWVyIHJlZ2lzdGVyLjxcL2E+PFwvZGl2PiJ9fSwibGlua190eXBlX2lkIjp7ImNvZGUiOiJsaW5rX3R5cGVfaWQiLCJ0eXBlIjoiaGlkZGVuIn0sInRhcmdldF9jdXN0b21lcl9udW1iZXIiOnsiY29kZSI6InRhcmdldF9jdXN0b21lcl9udW1iZXIiLCJ0eXBlIjoiaGlkZGVuIn0sInJlZGlyZWN0X3VybCI6eyJjb2RlIjoicmVkaXJlY3RfdXJsIiwidHlwZSI6ImhpZGRlbiIsImRlZmF1bHRfdmFsdWUiOiJodHRwczpcL1wvd3d3LmhlbHNpbmtpbWlzc2lvLmZpXC9lblwvZG9uYXRlXC9tb250aGx5LWRvbmF0aW9uc1wvYmVjb21lLWEtbW9udGhseS1kb25vclwvIn0sImxvY2FsZSI6eyJjb2RlIjoibG9jYWxlIiwidHlwZSI6ImhpZGRlbiIsImRlZmF1bHRfdmFsdWUiOiJlbiJ9LCJzZXJ2aWNlX2N1c3RvbWVyX2lkIjp7ImNvZGUiOiJzZXJ2aWNlX2N1c3RvbWVyX2lkIiwidHlwZSI6ImhpZGRlbiJ9LCJhY2Nlc3NfdG9rZW4iOnsiY29kZSI6ImFjY2Vzc190b2tlbiIsInR5cGUiOiJoaWRkZW4ifSwic3VibWl0Ijp7ImNvZGUiOiJzdWJtaXQiLCJ0eXBlIjoic3VibWl0IiwibGFiZWwiOiJEb25hdGUifSwib3B0aW9ucyI6eyJjb2RlIjoib3B0aW9ucyIsInR5cGUiOiJyYWRpb3RvZ2dsZSIsImxhYmVsX3N1ZmZpeCI6IiAmZXVybzsiLCJzZWN0aW9uIjoiZG9uYXRpb24iLCJjaG9pY2VzIjp7IjEyIjoiMTIiLCIyNSI6IjI1IiwiNTAiOiI1MCIsIm90aGVyIjoiT3RoZXIifSwibGFiZWxfcmVmZXJlbmNlX3N0eWxlIjoiYnRuLWJsdWUifSwiYW1vdW50Ijp7ImNvZGUiOiJhbW91bnQiLCJ0eXBlIjoibnVtYmVyIiwibGFiZWwiOiJBbW91bnQiLCJtYW5kYXRvcnkiOiJ0cnVlIiwibWF4X2NoYXJhY3RlciI6IjUiLCJtYXhfbnVtYmVyIjo5OTk5OSwicmVmZXJlbmNlX3N0eWxlIjoiZm9ybS1jb250cm9sIG9ubHlfbnVtYmVycyIsInNlY3Rpb24iOiJkb25hdGlvbiIsInJlZmVyZW5jZV9pZCI6ImRvbmF0aW9uX2Ftb3VudCIsImRlZmF1bHRfdmFsdWUiOiIxMiIsIm1pbl9udW1iZXIiOjEwfSwicHJvZHVjdF9pZCI6eyJjb2RlIjoicHJvZHVjdF9pZCIsInR5cGUiOiJkcm9wZG93biIsImxhYmVsIjoiSSB3aWxsIGRvbmF0ZSB0byIsIm1hbmRhdG9yeSI6InRydWUiLCJzZWN0aW9uIjoiZG9uYXRpb24iLCJjaG9pY2VzIjp7IjEwMjQzNiI6IldvcmsgYWdhaW5zdCBsb25lbGluZXNzIiwiMTAyNDM4IjoiU2VuaW9ycyIsIjEwMjQ0NyI6IlBlb3BsZSB3aXRoIGRpc2FiaWxpdGllcyIsIjEwMjQ1MyI6IllvdW5nIHBlb3BsZSIsIjEwMjUzMyI6IkZhbWlsaWVzIiwiMjAzMDQzIjoiV29yayBhZ2FpbnN0IHN0cmVldCB2aW9sZW5jZSJ9fSwiZmlyc3RfbmFtZSI6eyJjb2RlIjoiZmlyc3RfbmFtZSIsInR5cGUiOiJ0ZXh0IiwibGFiZWwiOiJGaXJzdCBuYW1lIiwibWFuZGF0b3J5IjoidHJ1ZSIsIm1heF9jaGFyYWN0ZXIiOiI1MCIsInNlY3Rpb24iOiJwZXJzb25faW5mbyJ9LCJsYXN0X25hbWUiOnsiY29kZSI6Imxhc3RfbmFtZSIsInR5cGUiOiJ0ZXh0IiwibGFiZWwiOiJMYXN0IG5hbWUiLCJtYW5kYXRvcnkiOiJ0cnVlIiwibWF4X2NoYXJhY3RlciI6IjUwIiwic2VjdGlvbiI6InBlcnNvbl9pbmZvIn0sImJpcnRoZGF5Ijp7ImNvZGUiOiJiaXJ0aGRheSIsInR5cGUiOiJkYXRlIiwibGFiZWwiOiJCaXJ0aGRheSIsInJlZmVyZW5jZV9zdHlsZSI6ImRhdGVwaWNrZXIiLCJzZWN0aW9uIjoicGVyc29uX2luZm8iLCJtYW5kYXRvcnkiOiJ0cnVlIn0sImVtYWlsIjp7ImNvZGUiOiJlbWFpbCIsInR5cGUiOiJlbWFpbCIsImxhYmVsIjoiRW1haWwiLCJtYW5kYXRvcnkiOiJ0cnVlIiwibWF4X2NoYXJhY3RlciI6IjEwMCIsInNlY3Rpb24iOiJjb250YWN0X2luZm8ifSwicGhvbmUiOnsiY29kZSI6InBob25lIiwidHlwZSI6InRleHQiLCJsYWJlbCI6IlBob25lIiwibWF4X2NoYXJhY3RlciI6IjIwIiwic2VjdGlvbiI6ImNvbnRhY3RfaW5mbyIsIm1hbmRhdG9yeSI6InRydWUifSwiYWRkcmVzcyI6eyJjb2RlIjoiYWRkcmVzcyIsInR5cGUiOiJ0ZXh0IiwibGFiZWwiOiJBZGRyZXNzIiwibWF4X2NoYXJhY3RlciI6IjUwIiwic2VjdGlvbiI6ImNvbnRhY3RfaW5mbyIsIm1hbmRhdG9yeSI6InRydWUifSwiemlwIjp7ImNvZGUiOiJ6aXAiLCJ0eXBlIjoidGV4dCIsImxhYmVsIjoiWmlwIiwibWF4X2NoYXJhY3RlciI6IjIwIiwic2VjdGlvbiI6ImNvbnRhY3RfaW5mbyIsIm1hbmRhdG9yeSI6InRydWUifSwiY2l0eSI6eyJjb2RlIjoiY2l0eSIsInR5cGUiOiJ0ZXh0IiwibGFiZWwiOiJDaXR5IiwibWF4X2NoYXJhY3RlciI6IjUwIiwic2VjdGlvbiI6ImNvbnRhY3RfaW5mbyIsIm1hbmRhdG9yeSI6InRydWUifSwiaW52b2ljZV90eXBlX2lkIjp7ImNvZGUiOiJpbnZvaWNlX3R5cGVfaWQiLCJ0eXBlIjoicmFkaW90b2dnbGUiLCJzZWN0aW9uIjoicGF5bWVudF9vcHRpb24iLCJsYWJlbF9yZWZlcmVuY2Vfc3R5bGUiOiJidG4tdGFicyIsImNob2ljZXMiOnsiMiI6IkUtaW52b2ljZSIsIjciOiJNb2JpbGVQYXkifSwiZGVmYXVsdF9zZWxlY3Rpb24iOjJ9LCJiYW5rIjp7ImNvZGUiOiJiYW5rIiwidHlwZSI6ImRyb3Bkb3duIiwibGFiZWwiOiJTZWxlY3QgQmFuayIsIm1hbmRhdG9yeSI6InRydWUiLCJzZWN0aW9uIjoicGF5bWVudF9vcHRpb24iLCJjaG9pY2VzIjp7IjQiOiJBa3RpYSIsIjgiOiJEYW5za2UgQmFuayIsIjEiOiJOb3JkZWEiLCI0MDAiOiJPbWEgU1x1MDBlNFx1MDBlNHN0XHUwMGY2cGFua2tpIiwiNSI6Ik9zdXVzcGFua2tpIiwiNDcwIjoiUE9QIFBhbmtraSIsIjM2IjoiUy1QYW5ra2kiLCI3MTUiOiJTXHUwMGU0XHUwMGU0c3RcdTAwZjZwYW5ra2kiLCI2IjoiXHUwMGM1bGFuZHNiYW5rZW4ifX0sInNlcnZpY2VfaWQiOnsiY29kZSI6InNlcnZpY2VfaWQiLCJ0eXBlIjoiaGlkZGVuIiwibGFiZWwiOiJTZWxlY3QgZG9uYXRpb24gbWV0aG9kIiwibWFuZGF0b3J5IjoidHJ1ZSIsInNlY3Rpb24iOiJwYXltZW50X29wdGlvbiIsImNob2ljZXMiOnsiMTAwMTAxIjoiS3V1a2F1c2lsYWhqb2l0dXMifSwiZGVmYXVsdF92YWx1ZSI6IjEwMDEwMSJ9LCJkdWVfZGF0ZSI6eyJjb2RlIjoiZHVlX2RhdGUiLCJ0eXBlIjoicmFkaW8iLCJsYWJlbCI6IkR1ZSBkYXRlIiwibWFuZGF0b3J5IjoidHJ1ZSIsInNlY3Rpb24iOiJwYXltZW50X29wdGlvbiIsImNob2ljZXMiOnsiNSI6IjUuIGRheSIsIjIwIjoiMjAuIGRheSJ9LCJkZWZhdWx0X3NlbGVjdGlvbiI6NX19\"  id=\"encrypted\" \/><\/div>\n                    <div class=\"clara-response alert\" role=\"alert\"><\/div>\n                <\/form>\n            <\/div>\n        <\/div>\n        <div class=\"form-data\"\n            data-show-donations-amounts=\"1\"\n            data-show-popular-amount=\"\"\n            data-show-other-amount=\"1\"\n            data-preset-amount=\"0\"\n            data-default-preamount=\"1\"\n            data-min-amount=\"10\"\n            data-success-message = \"&lt;h2&gt;Thank you for choosing to become a HelsinkiMissio monthly donor!&lt;\/h2&gt; Thanks to you, more lonely people will get the help they need. The support you give may even save lives. &lt;br&gt;&lt;br&gt;Below are some instructions regarding monthly donations. We will also e-mail the instructions to you.\"\n            data-submit-url = \"https:\/\/www.helsinkimissio.fi\/wp-content\/plugins\/clara-wp-forms\/forms\/controllers\/post.php?form=donation&api_slug=donations&locale=en\"\n            data-error-invalid-ip = \"Access not allowed from your IP address.\"\n        >\n    <\/div>\n<\/div>\n<script src=\"\/wp-content\/plugins\/clara-wp-forms\/assets\/js\/forms\/donation-functions.js\"><\/script>\n<script src=\"\/wp-content\/plugins\/clara-wp-forms\/assets\/js\/forms\/recurring-donation.js\"><\/script>\n\n\n\n                <\/main>\n            <\/div>\n        <\/div>\n    <\/div>\n<\/section>","protected":false},"excerpt":{"rendered":"","protected":false},"author":8,"featured_media":0,"parent":19887,"menu_order":0,"comment_status":"closed","ping_status":"closed","template":"","meta":{"_acf_changed":false,"_relevanssi_hide_post":"","_relevanssi_hide_content":"","_relevanssi_pin_for_all":"","_relevanssi_pin_keywords":"","_relevanssi_unpin_keywords":"","_relevanssi_related_keywords":"","_relevanssi_related_include_ids":"","_relevanssi_related_exclude_ids":"","_relevanssi_related_no_append":"","_relevanssi_related_not_related":"","_relevanssi_related_posts":"952,899,909,1089","_relevanssi_noindex_reason":"WooCommerce Yoast SEO Relevanssi index exclude","footnotes":""},"class_list":["post-18359","page","type-page","status-publish","hentry"],"acf":[],"yoast_head":"<!-- This site is optimized with the Yoast SEO plugin v27.4 - https:\/\/yoast.com\/product\/yoast-seo-wordpress\/ -->\n<title>Become a monthly donor &#8212; HelsinkiMissio<\/title>\n<meta name=\"robots\" content=\"noindex, follow\" \/>\n<meta property=\"og:locale\" content=\"en_US\" \/>\n<meta property=\"og:type\" content=\"article\" \/>\n<meta property=\"og:title\" content=\"Become a monthly donor &#8212; HelsinkiMissio\" \/>\n<meta property=\"og:url\" content=\"https:\/\/www.helsinkimissio.fi\/en\/donate\/monthly-donations\/become-a-monthly-donor\/\" \/>\n<meta property=\"og:site_name\" content=\"HelsinkiMissio\" \/>\n<meta property=\"article:publisher\" content=\"https:\/\/www.facebook.com\/HelsinkiMissio\/\" \/>\n<meta property=\"article:modified_time\" content=\"2023-02-17T05:59:33+00:00\" \/>\n<meta property=\"og:image\" content=\"https:\/\/www.helsinkimissio.fi\/wp-content\/uploads\/2023\/03\/Yoast-featured-image-1200x675-sininen.png\" \/>\n\t<meta property=\"og:image:width\" content=\"1200\" \/>\n\t<meta property=\"og:image:height\" content=\"675\" \/>\n\t<meta property=\"og:image:type\" content=\"image\/png\" \/>\n<meta name=\"twitter:card\" content=\"summary_large_image\" \/>\n<meta name=\"twitter:site\" content=\"@HelsinkiMissio\" \/>\n<meta name=\"twitter:label1\" content=\"Est. reading time\" \/>\n\t<meta name=\"twitter:data1\" content=\"1 minute\" \/>\n<script type=\"application\/ld+json\" class=\"yoast-schema-graph\">{\"@context\":\"https:\\\/\\\/schema.org\",\"@graph\":[{\"@type\":\"WebPage\",\"@id\":\"https:\\\/\\\/www.helsinkimissio.fi\\\/en\\\/donate\\\/monthly-donations\\\/become-a-monthly-donor\\\/\",\"url\":\"https:\\\/\\\/www.helsinkimissio.fi\\\/en\\\/donate\\\/monthly-donations\\\/become-a-monthly-donor\\\/\",\"name\":\"Become a monthly donor &#8212; HelsinkiMissio\",\"isPartOf\":{\"@id\":\"https:\\\/\\\/www.helsinkimissio.fi\\\/en\\\/#website\"},\"datePublished\":\"2022-06-17T11:09:08+00:00\",\"dateModified\":\"2023-02-17T05:59:33+00:00\",\"breadcrumb\":{\"@id\":\"https:\\\/\\\/www.helsinkimissio.fi\\\/en\\\/donate\\\/monthly-donations\\\/become-a-monthly-donor\\\/#breadcrumb\"},\"inLanguage\":\"en-US\",\"potentialAction\":[{\"@type\":\"ReadAction\",\"target\":[\"https:\\\/\\\/www.helsinkimissio.fi\\\/en\\\/donate\\\/monthly-donations\\\/become-a-monthly-donor\\\/\"]}]},{\"@type\":\"BreadcrumbList\",\"@id\":\"https:\\\/\\\/www.helsinkimissio.fi\\\/en\\\/donate\\\/monthly-donations\\\/become-a-monthly-donor\\\/#breadcrumb\",\"itemListElement\":[{\"@type\":\"ListItem\",\"position\":1,\"name\":\"Etusivu\",\"item\":\"https:\\\/\\\/www.helsinkimissio.fi\\\/en\\\/\"},{\"@type\":\"ListItem\",\"position\":2,\"name\":\"Donate\",\"item\":\"https:\\\/\\\/www.helsinkimissio.fi\\\/en\\\/donate\\\/\"},{\"@type\":\"ListItem\",\"position\":3,\"name\":\"Monthly donations\",\"item\":\"https:\\\/\\\/www.helsinkimissio.fi\\\/en\\\/donate\\\/monthly-donations\\\/\"},{\"@type\":\"ListItem\",\"position\":4,\"name\":\"Become a monthly donor\"}]},{\"@type\":\"WebSite\",\"@id\":\"https:\\\/\\\/www.helsinkimissio.fi\\\/en\\\/#website\",\"url\":\"https:\\\/\\\/www.helsinkimissio.fi\\\/en\\\/\",\"name\":\"Yhdess\u00e4 yksin\u00e4isyys voitetaan \u2013 HelsinkiMissio\",\"description\":\"Yhdess\u00e4 yksin\u00e4isyys voitetaan.\",\"publisher\":{\"@id\":\"https:\\\/\\\/www.helsinkimissio.fi\\\/en\\\/#organization\"},\"alternateName\":\"HelsinkiMissio\",\"potentialAction\":[{\"@type\":\"SearchAction\",\"target\":{\"@type\":\"EntryPoint\",\"urlTemplate\":\"https:\\\/\\\/www.helsinkimissio.fi\\\/en\\\/?s={search_term_string}\"},\"query-input\":{\"@type\":\"PropertyValueSpecification\",\"valueRequired\":true,\"valueName\":\"search_term_string\"}}],\"inLanguage\":\"en-US\"},{\"@type\":\"Organization\",\"@id\":\"https:\\\/\\\/www.helsinkimissio.fi\\\/en\\\/#organization\",\"name\":\"HelsinkiMissio\",\"url\":\"https:\\\/\\\/www.helsinkimissio.fi\\\/en\\\/\",\"logo\":{\"@type\":\"ImageObject\",\"inLanguage\":\"en-US\",\"@id\":\"https:\\\/\\\/www.helsinkimissio.fi\\\/en\\\/#\\\/schema\\\/logo\\\/image\\\/\",\"url\":\"https:\\\/\\\/www.helsinkimissio.fi\\\/wp-content\\\/uploads\\\/2022\\\/07\\\/cropped-Helsinkimissio_sin_logo.png\",\"contentUrl\":\"https:\\\/\\\/www.helsinkimissio.fi\\\/wp-content\\\/uploads\\\/2022\\\/07\\\/cropped-Helsinkimissio_sin_logo.png\",\"width\":512,\"height\":512,\"caption\":\"HelsinkiMissio\"},\"image\":{\"@id\":\"https:\\\/\\\/www.helsinkimissio.fi\\\/en\\\/#\\\/schema\\\/logo\\\/image\\\/\"},\"sameAs\":[\"https:\\\/\\\/www.facebook.com\\\/HelsinkiMissio\\\/\",\"https:\\\/\\\/x.com\\\/HelsinkiMissio\",\"https:\\\/\\\/www.instagram.com\\\/helsinkimissio\\\/\",\"https:\\\/\\\/www.linkedin.com\\\/company\\\/10844786\\\/\",\"https:\\\/\\\/www.youtube.com\\\/channel\\\/UCzKk3pYABu9D-DzQAx1Yr2w\"]}]}<\/script>\n<!-- \/ Yoast SEO plugin. -->","yoast_head_json":{"title":"Become a monthly donor &#8212; HelsinkiMissio","robots":{"index":"noindex","follow":"follow"},"og_locale":"en_US","og_type":"article","og_title":"Become a monthly donor &#8212; HelsinkiMissio","og_url":"https:\/\/www.helsinkimissio.fi\/en\/donate\/monthly-donations\/become-a-monthly-donor\/","og_site_name":"HelsinkiMissio","article_publisher":"https:\/\/www.facebook.com\/HelsinkiMissio\/","article_modified_time":"2023-02-17T05:59:33+00:00","og_image":[{"width":1200,"height":675,"url":"https:\/\/www.helsinkimissio.fi\/wp-content\/uploads\/2023\/03\/Yoast-featured-image-1200x675-sininen.png","type":"image\/png"}],"twitter_card":"summary_large_image","twitter_site":"@HelsinkiMissio","twitter_misc":{"Est. reading time":"1 minute"},"schema":{"@context":"https:\/\/schema.org","@graph":[{"@type":"WebPage","@id":"https:\/\/www.helsinkimissio.fi\/en\/donate\/monthly-donations\/become-a-monthly-donor\/","url":"https:\/\/www.helsinkimissio.fi\/en\/donate\/monthly-donations\/become-a-monthly-donor\/","name":"Become a monthly donor &#8212; HelsinkiMissio","isPartOf":{"@id":"https:\/\/www.helsinkimissio.fi\/en\/#website"},"datePublished":"2022-06-17T11:09:08+00:00","dateModified":"2023-02-17T05:59:33+00:00","breadcrumb":{"@id":"https:\/\/www.helsinkimissio.fi\/en\/donate\/monthly-donations\/become-a-monthly-donor\/#breadcrumb"},"inLanguage":"en-US","potentialAction":[{"@type":"ReadAction","target":["https:\/\/www.helsinkimissio.fi\/en\/donate\/monthly-donations\/become-a-monthly-donor\/"]}]},{"@type":"BreadcrumbList","@id":"https:\/\/www.helsinkimissio.fi\/en\/donate\/monthly-donations\/become-a-monthly-donor\/#breadcrumb","itemListElement":[{"@type":"ListItem","position":1,"name":"Etusivu","item":"https:\/\/www.helsinkimissio.fi\/en\/"},{"@type":"ListItem","position":2,"name":"Donate","item":"https:\/\/www.helsinkimissio.fi\/en\/donate\/"},{"@type":"ListItem","position":3,"name":"Monthly donations","item":"https:\/\/www.helsinkimissio.fi\/en\/donate\/monthly-donations\/"},{"@type":"ListItem","position":4,"name":"Become a monthly donor"}]},{"@type":"WebSite","@id":"https:\/\/www.helsinkimissio.fi\/en\/#website","url":"https:\/\/www.helsinkimissio.fi\/en\/","name":"Yhdess\u00e4 yksin\u00e4isyys voitetaan \u2013 HelsinkiMissio","description":"Yhdess\u00e4 yksin\u00e4isyys voitetaan.","publisher":{"@id":"https:\/\/www.helsinkimissio.fi\/en\/#organization"},"alternateName":"HelsinkiMissio","potentialAction":[{"@type":"SearchAction","target":{"@type":"EntryPoint","urlTemplate":"https:\/\/www.helsinkimissio.fi\/en\/?s={search_term_string}"},"query-input":{"@type":"PropertyValueSpecification","valueRequired":true,"valueName":"search_term_string"}}],"inLanguage":"en-US"},{"@type":"Organization","@id":"https:\/\/www.helsinkimissio.fi\/en\/#organization","name":"HelsinkiMissio","url":"https:\/\/www.helsinkimissio.fi\/en\/","logo":{"@type":"ImageObject","inLanguage":"en-US","@id":"https:\/\/www.helsinkimissio.fi\/en\/#\/schema\/logo\/image\/","url":"https:\/\/www.helsinkimissio.fi\/wp-content\/uploads\/2022\/07\/cropped-Helsinkimissio_sin_logo.png","contentUrl":"https:\/\/www.helsinkimissio.fi\/wp-content\/uploads\/2022\/07\/cropped-Helsinkimissio_sin_logo.png","width":512,"height":512,"caption":"HelsinkiMissio"},"image":{"@id":"https:\/\/www.helsinkimissio.fi\/en\/#\/schema\/logo\/image\/"},"sameAs":["https:\/\/www.facebook.com\/HelsinkiMissio\/","https:\/\/x.com\/HelsinkiMissio","https:\/\/www.instagram.com\/helsinkimissio\/","https:\/\/www.linkedin.com\/company\/10844786\/","https:\/\/www.youtube.com\/channel\/UCzKk3pYABu9D-DzQAx1Yr2w"]}]}},"_links":{"self":[{"href":"https:\/\/www.helsinkimissio.fi\/en\/wp-json\/wp\/v2\/pages\/18359","targetHints":{"allow":["GET"]}}],"collection":[{"href":"https:\/\/www.helsinkimissio.fi\/en\/wp-json\/wp\/v2\/pages"}],"about":[{"href":"https:\/\/www.helsinkimissio.fi\/en\/wp-json\/wp\/v2\/types\/page"}],"author":[{"embeddable":true,"href":"https:\/\/www.helsinkimissio.fi\/en\/wp-json\/wp\/v2\/users\/8"}],"replies":[{"embeddable":true,"href":"https:\/\/www.helsinkimissio.fi\/en\/wp-json\/wp\/v2\/comments?post=18359"}],"version-history":[{"count":2,"href":"https:\/\/www.helsinkimissio.fi\/en\/wp-json\/wp\/v2\/pages\/18359\/revisions"}],"predecessor-version":[{"id":18890,"href":"https:\/\/www.helsinkimissio.fi\/en\/wp-json\/wp\/v2\/pages\/18359\/revisions\/18890"}],"up":[{"embeddable":true,"href":"https:\/\/www.helsinkimissio.fi\/en\/wp-json\/wp\/v2\/pages\/19887"}],"wp:attachment":[{"href":"https:\/\/www.helsinkimissio.fi\/en\/wp-json\/wp\/v2\/media?parent=18359"}],"curies":[{"name":"wp","href":"https:\/\/api.w.org\/{rel}","templated":true}]}}