{"id":18742,"date":"2022-05-20T10:58:30","date_gmt":"2022-05-20T07:58:30","guid":{"rendered":"https:\/\/www.helsinkimissio.fi\/nuorille\/"},"modified":"2026-03-09T07:59:49","modified_gmt":"2026-03-09T05:59:49","slug":"for-young-people","status":"publish","type":"page","link":"https:\/\/www.helsinkimissio.fi\/en\/for-young-people\/","title":{"rendered":"For Young People"},"content":{"rendered":"\n<section  class=\"block block-hero-element container-fluid has-teal-background-color has-bg block block-hero-element-- block-hero-element__desktop-background\" style=\"background-image: url();\">\n    <div class=\"block-hero-element__mobile-background\">\n        <div class=\"container\">\n            <div class=\"row\">\n                <div class=\"col-sm-10 col-md-12 col-hd-12 mx-auto\">\n                    <div class=\"row  block-hero-element__wrapper block-hero-element--text-left  align-items-start not_front_hero padding-zero\">\n                        <div class=\"offset-1 col-sm-10 col-md-10 col-lg-5 col-xl-5 block-hero-element__text-area block-hero-element--text-vertical-position-center\">\n                            \n\n    <h1 class=\"colored-heading no-background new\">\n                                <p class=\"has-background bg- has-dark-blue-background-color has-white-text-color\"> You&#8217;re <\/p> <br>\n                                <p class=\"has-background bg- has-dark-blue-background-color has-white-text-color\"> not alone <\/p> <br>\n            <\/h1>\n\n\n\n<p>Are you having a tough time in life? Do you have problems with your relationships? Do you feel lonely? Do you want to learn how to treat yourself with compassion?&nbsp;<\/p>\n\n\n\n<p>Many people your age feel similarly lonely or inadequate. If you need someone to talk to, our HelsinkiMissio volunteers and professionals are here for you. They can offer confidential, supportive conversations and help in your daily life. Tell us what is on your mind!&nbsp;&nbsp;&nbsp;<\/p>\n\n\n                        <\/div>\n                                                    <div class=\" offset-1 col-sm-10 col-md-10 col-lg-5 col-xl-4 block-hero-element__image-area block-hero-element__image-area--top\">\n                                <img decoding=\"async\" src=\"https:\/\/www.helsinkimissio.fi\/wp-content\/uploads\/2022\/06\/Pojat_istuu_rapussa.jpg\" width=\"945\" height=\"1417\" alt=\"\" fetchpriority=\"high\" data-no-lazy=\"1\">                            <\/div>\n                        \n                        \n                    <\/div>\n                <\/div>\n            <\/div>\n        <\/div>\n    <\/div>\n<\/section>\n\n\n<section  class=\"block  block-content-wrapper container-fluid has-background has-off-white-background-color has-background bg- has-off-white-background-color has-black-text-color\">\n    <div class=\"container\">\n        <div class=\"row  flex-start col-12\" style=\"justify-content: flex-start; \">\n                            <div class=\"\">\n                                    <main class=\"entry-content\">\n                        \n\n<h2 class=\"wp-block-heading has-text-align-center has-dark-blue-color has-text-color\">Crisis Services for Youth<\/h2>\n\n\n\n<p>Crisis Services for Youth offers persons aged 12\u201329 years many services free of charge. You can talk to someone face-to-face or remotely, in a group or one-to-one. Whatever suits you best.<\/p>\n\n\n                    <\/main>\n                    <\/div>\n                <\/div>\n        <\/div>\n<\/section>\n\n\n<section  class=\"block full-width block-sisaltokortit container-fluid has-background bg- has-dark-blue-background-color has-yellow-text-color\">\n    <div class=\"container\">\n        <div class=\"row\">\n            <div class=\"col-sm-10 col-xl-12 mx-auto\">\n                <div class=\"\">\n                    <main class=\"entry-content col-xl-5 offset-1\">\n                        \n\n<p><\/p>\n\n\n                    <\/main>\n                                            <div class=\"card-lift__container col-12 offset-1 two\">\n                                                                                            <div class=\"card-lift__item col-xl-4 offset-2\">\n                                     <a href=\"https:\/\/www.helsinkimissio.fi\/en\/for-young-people\/councelling-and-crisis-help\/\" target=\"_self\">                                    <img decoding=\"async\" src=\"https:\/\/www.helsinkimissio.fi\/wp-content\/uploads\/2022\/07\/900x600_Nosto_Nuoret_Porukka.jpg\" width=\"900\" height=\"600\" class=\"card-lift__img  \" alt=\"Nuoret istuskelee ja tytt\u00f6 kassoo k\u00e4nnykk\u00e4\u00e4\" loading=\"lazy\">                                    <div class=\"card-lift__content\">\n                                        \n                                        <div class=\"card-lift__content__text\">\n                                                                                            <h3 class=\"has-yellow-text-color\">Book an appointment to our counselling and crisis help<\/h3>\n                                                                                                                                <\/div>\n                                    <\/div>\n                                    <\/a>                                <\/div>\n                                                                                            <div class=\"card-lift__item col-xl-4 offset-2\">\n                                     <a href=\"https:\/\/www.helsinkimissio.fi\/en\/for-young-people\/support-person\/\" target=\"_self\">                                    <img decoding=\"async\" src=\"https:\/\/www.helsinkimissio.fi\/wp-content\/uploads\/2022\/07\/900x600_Nosto_Vapaaehtoinen_Tummat_Pojat.jpg\" width=\"900\" height=\"600\" class=\"card-lift__img  \" alt=\"Kaksi kaveria k\u00e4velee rinnakkain ulkona, toinen taluttaa py\u00f6r\u00e4\u00e4.\" loading=\"lazy\">                                    <div class=\"card-lift__content\">\n                                        \n                                        <div class=\"card-lift__content__text\">\n                                                                                            <h3 class=\"has-yellow-text-color\">Companion Volunteer<\/h3>\n                                                                                                                                <\/div>\n                                    <\/div>\n                                    <\/a>                                <\/div>\n                                                    <\/div>\n                                    <\/div>\n            <\/div>\n        <\/div>\n    <\/div>\n<\/section>\n\n<section  class=\"block full-width block-kahdenpalstan-nosto  container-fluid has-background bg- margin-negative-off has-teal-background-color has-dark-blue-text-color \">\n    <div class=\"container\">\n        <div class=\"row\">\n            <div class=\"\">\n                <div class=\"row\">\n                    <div class=\"col-sm-10 col-xl-12 mx-auto image_lift top left\">\n                        <div class=\" offset-1 col-xs-4 col-sm-12 col-md-10 col-lg-10 col-xl-4 image_lift__img_container top \">\n                            <img decoding=\"async\" src=\"https:\/\/www.helsinkimissio.fi\/wp-content\/uploads\/2022\/05\/Na\u0308ytto\u0308kuva-2022-5-20-kello-13.19.35-e1657010770326.png\" width=\"800\" height=\"367\" class=\"image_lift__img  top\" alt=\"\" loading=\"lazy\">                            <img decoding=\"async\" src=\"https:\/\/www.helsinkimissio.fi\/wp-content\/uploads\/2022\/05\/Na\u0308ytto\u0308kuva-2022-5-20-kello-13.19.35-e1657010770326.png\" width=\"800\" height=\"367\" class=\"image_lift__img mobile  top\" alt=\"\" loading=\"lazy\">\n                        <\/div>\n                        <div class=\"col-xs-4 col-sm-12 col-md-10 col-lg-10 col-xl-5 image_lift__position offset-1  center\">\n                            <main class=\"entry-content \">\n                                \n\n<h2 class=\"wp-block-heading\">I Am Good Enough -guide<\/h2>\n\n\n\n<p>Do you want to make friends with yourself and get away from being overly demanding and self-critical? <em>I Am Good Enough<\/em> self-help guide gives you tools for treating yourself with compassion.<\/p>\n\n\n\n<div class=\"wp-block-button alignleft\"><a class=\"wp-block-button__link has-red-background-color has-background wp-element-button\" href=\"https:\/\/www.helsinkimissio.fi\/en\/for-young-people\/i-am-good-enough\/\">Download the free guide<\/a><\/div>\n\n\n                            <\/main>\n                        <\/div>\n                    <\/div>\n                <\/div>\n            <\/div>\n        <\/div>\n<\/section>\n\n<section  class=\"block full-width block-kahdenpalstan-nosto  container-fluid has-background bg- margin-negative-off has-pink-background-color has--text-color \">\n    <div class=\"container\">\n        <div class=\"row\">\n            <div class=\"\">\n                <div class=\"row\">\n                    <div class=\"col-sm-10 col-xl-12 mx-auto image_lift top right\">\n                        <div class=\"  col-xs-4 col-sm-12 col-md-10 col-lg-10 col-xl-4 image_lift__img_container top offset-1\">\n                            <img decoding=\"async\" src=\"https:\/\/www.helsinkimissio.fi\/wp-content\/uploads\/2022\/08\/11082022_StB-tiedote.png\" width=\"1140\" height=\"425\" class=\"image_lift__img  top\" alt=\"\" loading=\"lazy\">                            <img decoding=\"async\" src=\"https:\/\/www.helsinkimissio.fi\/wp-content\/uploads\/2022\/08\/11082022_StB-tiedote.png\" width=\"1140\" height=\"425\" class=\"image_lift__img mobile  top\" alt=\"\" loading=\"lazy\">\n                        <\/div>\n                        <div class=\"col-xs-4 col-sm-12 col-md-10 col-lg-10 col-xl-5 image_lift__position  offset-1 center\">\n                            <main class=\"entry-content \">\n                                \n\n<h1 class=\"wp-block-heading\">School to Belong<\/h1>\n\n\n\n<p><strong>The School to Belong <\/strong>programme helps a school community to identify and reduce the loneliness experienced by some young people and offers tools to overcome it. The programme makes the reduction of loneliness a common endeavour for the whole school.<\/p>\n\n\n\n<div class=\"wp-block-button alignleft\"><a class=\"wp-block-button__link wp-element-button\" href=\"https:\/\/www.helsinkimissio.fi\/en\/schooltobelong\/\">Learn more<\/a><\/div>\n\n\n                            <\/main>\n                        <\/div>\n                    <\/div>\n                <\/div>\n            <\/div>\n        <\/div>\n<\/section>","protected":false},"excerpt":{"rendered":"","protected":false},"author":2,"featured_media":38850,"parent":0,"menu_order":0,"comment_status":"closed","ping_status":"closed","template":"","meta":{"_acf_changed":false,"_relevanssi_hide_post":"","_relevanssi_hide_content":"","_relevanssi_pin_for_all":"","_relevanssi_pin_keywords":"","_relevanssi_unpin_keywords":"","_relevanssi_related_keywords":"","_relevanssi_related_include_ids":"","_relevanssi_related_exclude_ids":"","_relevanssi_related_no_append":"","_relevanssi_related_not_related":"","_relevanssi_related_posts":"952,909,899,1089","_relevanssi_noindex_reason":"","footnotes":""},"class_list":["post-18742","page","type-page","status-publish","has-post-thumbnail","hentry"],"acf":[],"yoast_head":"<!-- This site is optimized with the Yoast SEO plugin v27.4 - https:\/\/yoast.com\/product\/yoast-seo-wordpress\/ -->\n<title>For Young People &#8212; HelsinkiMissio<\/title>\n<meta name=\"description\" content=\"Crisis Services for Youth offers many services free of charge. You can talk to someone face-to-face or remotely, in a group or one-to-one.\" \/>\n<meta name=\"robots\" content=\"index, follow, max-snippet:-1, max-image-preview:large, max-video-preview:-1\" \/>\n<link rel=\"canonical\" href=\"https:\/\/www.helsinkimissio.fi\/en\/for-young-people\/\" \/>\n<meta property=\"og:locale\" content=\"en_US\" \/>\n<meta property=\"og:type\" content=\"article\" \/>\n<meta property=\"og:title\" content=\"For Young People &#8212; HelsinkiMissio\" \/>\n<meta property=\"og:description\" content=\"Crisis Services for Youth offers many services free of charge. You can talk to someone face-to-face or remotely, in a group or one-to-one.\" \/>\n<meta property=\"og:url\" content=\"https:\/\/www.helsinkimissio.fi\/en\/for-young-people\/\" \/>\n<meta property=\"og:site_name\" content=\"HelsinkiMissio\" \/>\n<meta property=\"article:publisher\" content=\"https:\/\/www.facebook.com\/HelsinkiMissio\/\" \/>\n<meta property=\"article:modified_time\" content=\"2026-03-09T05:59:49+00:00\" \/>\n<meta property=\"og:image\" content=\"https:\/\/www.helsinkimissio.fi\/wp-content\/uploads\/2025\/09\/Keskusteluapu-900x600-1-1.jpg\" \/>\n\t<meta property=\"og:image:width\" content=\"900\" \/>\n\t<meta property=\"og:image:height\" content=\"600\" \/>\n\t<meta property=\"og:image:type\" content=\"image\/jpeg\" \/>\n<meta name=\"twitter:card\" content=\"summary_large_image\" \/>\n<meta name=\"twitter:site\" content=\"@HelsinkiMissio\" \/>\n<meta name=\"twitter:label1\" content=\"Est. reading time\" \/>\n\t<meta name=\"twitter:data1\" content=\"4 minutes\" \/>\n<script type=\"application\/ld+json\" class=\"yoast-schema-graph\">{\"@context\":\"https:\\\/\\\/schema.org\",\"@graph\":[{\"@type\":\"WebPage\",\"@id\":\"https:\\\/\\\/www.helsinkimissio.fi\\\/en\\\/for-young-people\\\/\",\"url\":\"https:\\\/\\\/www.helsinkimissio.fi\\\/en\\\/for-young-people\\\/\",\"name\":\"For Young People &#8212; HelsinkiMissio\",\"isPartOf\":{\"@id\":\"https:\\\/\\\/www.helsinkimissio.fi\\\/en\\\/#website\"},\"primaryImageOfPage\":{\"@id\":\"https:\\\/\\\/www.helsinkimissio.fi\\\/en\\\/for-young-people\\\/#primaryimage\"},\"image\":{\"@id\":\"https:\\\/\\\/www.helsinkimissio.fi\\\/en\\\/for-young-people\\\/#primaryimage\"},\"thumbnailUrl\":\"https:\\\/\\\/www.helsinkimissio.fi\\\/wp-content\\\/uploads\\\/2025\\\/09\\\/Keskusteluapu-900x600-1-1.jpg\",\"datePublished\":\"2022-05-20T07:58:30+00:00\",\"dateModified\":\"2026-03-09T05:59:49+00:00\",\"description\":\"Crisis Services for Youth offers many services free of charge. You can talk to someone face-to-face or remotely, in a group or one-to-one.\",\"breadcrumb\":{\"@id\":\"https:\\\/\\\/www.helsinkimissio.fi\\\/en\\\/for-young-people\\\/#breadcrumb\"},\"inLanguage\":\"en-US\",\"potentialAction\":[{\"@type\":\"ReadAction\",\"target\":[\"https:\\\/\\\/www.helsinkimissio.fi\\\/en\\\/for-young-people\\\/\"]}]},{\"@type\":\"ImageObject\",\"inLanguage\":\"en-US\",\"@id\":\"https:\\\/\\\/www.helsinkimissio.fi\\\/en\\\/for-young-people\\\/#primaryimage\",\"url\":\"https:\\\/\\\/www.helsinkimissio.fi\\\/wp-content\\\/uploads\\\/2025\\\/09\\\/Keskusteluapu-900x600-1-1.jpg\",\"contentUrl\":\"https:\\\/\\\/www.helsinkimissio.fi\\\/wp-content\\\/uploads\\\/2025\\\/09\\\/Keskusteluapu-900x600-1-1.jpg\",\"width\":900,\"height\":600,\"caption\":\"Nuorten kriisipiste\"},{\"@type\":\"BreadcrumbList\",\"@id\":\"https:\\\/\\\/www.helsinkimissio.fi\\\/en\\\/for-young-people\\\/#breadcrumb\",\"itemListElement\":[{\"@type\":\"ListItem\",\"position\":1,\"name\":\"Etusivu\",\"item\":\"https:\\\/\\\/www.helsinkimissio.fi\\\/en\\\/\"},{\"@type\":\"ListItem\",\"position\":2,\"name\":\"For Young People\"}]},{\"@type\":\"WebSite\",\"@id\":\"https:\\\/\\\/www.helsinkimissio.fi\\\/en\\\/#website\",\"url\":\"https:\\\/\\\/www.helsinkimissio.fi\\\/en\\\/\",\"name\":\"Yhdess\u00e4 yksin\u00e4isyys voitetaan \u2013 HelsinkiMissio\",\"description\":\"Yhdess\u00e4 yksin\u00e4isyys voitetaan.\",\"publisher\":{\"@id\":\"https:\\\/\\\/www.helsinkimissio.fi\\\/en\\\/#organization\"},\"alternateName\":\"HelsinkiMissio\",\"potentialAction\":[{\"@type\":\"SearchAction\",\"target\":{\"@type\":\"EntryPoint\",\"urlTemplate\":\"https:\\\/\\\/www.helsinkimissio.fi\\\/en\\\/?s={search_term_string}\"},\"query-input\":{\"@type\":\"PropertyValueSpecification\",\"valueRequired\":true,\"valueName\":\"search_term_string\"}}],\"inLanguage\":\"en-US\"},{\"@type\":\"Organization\",\"@id\":\"https:\\\/\\\/www.helsinkimissio.fi\\\/en\\\/#organization\",\"name\":\"HelsinkiMissio\",\"url\":\"https:\\\/\\\/www.helsinkimissio.fi\\\/en\\\/\",\"logo\":{\"@type\":\"ImageObject\",\"inLanguage\":\"en-US\",\"@id\":\"https:\\\/\\\/www.helsinkimissio.fi\\\/en\\\/#\\\/schema\\\/logo\\\/image\\\/\",\"url\":\"https:\\\/\\\/www.helsinkimissio.fi\\\/wp-content\\\/uploads\\\/2022\\\/07\\\/cropped-Helsinkimissio_sin_logo.png\",\"contentUrl\":\"https:\\\/\\\/www.helsinkimissio.fi\\\/wp-content\\\/uploads\\\/2022\\\/07\\\/cropped-Helsinkimissio_sin_logo.png\",\"width\":512,\"height\":512,\"caption\":\"HelsinkiMissio\"},\"image\":{\"@id\":\"https:\\\/\\\/www.helsinkimissio.fi\\\/en\\\/#\\\/schema\\\/logo\\\/image\\\/\"},\"sameAs\":[\"https:\\\/\\\/www.facebook.com\\\/HelsinkiMissio\\\/\",\"https:\\\/\\\/x.com\\\/HelsinkiMissio\",\"https:\\\/\\\/www.instagram.com\\\/helsinkimissio\\\/\",\"https:\\\/\\\/www.linkedin.com\\\/company\\\/10844786\\\/\",\"https:\\\/\\\/www.youtube.com\\\/channel\\\/UCzKk3pYABu9D-DzQAx1Yr2w\"]}]}<\/script>\n<!-- \/ Yoast SEO plugin. -->","yoast_head_json":{"title":"For Young People &#8212; HelsinkiMissio","description":"Crisis Services for Youth offers many services free of charge. You can talk to someone face-to-face or remotely, in a group or one-to-one.","robots":{"index":"index","follow":"follow","max-snippet":"max-snippet:-1","max-image-preview":"max-image-preview:large","max-video-preview":"max-video-preview:-1"},"canonical":"https:\/\/www.helsinkimissio.fi\/en\/for-young-people\/","og_locale":"en_US","og_type":"article","og_title":"For Young People &#8212; HelsinkiMissio","og_description":"Crisis Services for Youth offers many services free of charge. You can talk to someone face-to-face or remotely, in a group or one-to-one.","og_url":"https:\/\/www.helsinkimissio.fi\/en\/for-young-people\/","og_site_name":"HelsinkiMissio","article_publisher":"https:\/\/www.facebook.com\/HelsinkiMissio\/","article_modified_time":"2026-03-09T05:59:49+00:00","og_image":[{"width":900,"height":600,"url":"https:\/\/www.helsinkimissio.fi\/wp-content\/uploads\/2025\/09\/Keskusteluapu-900x600-1-1.jpg","type":"image\/jpeg"}],"twitter_card":"summary_large_image","twitter_site":"@HelsinkiMissio","twitter_misc":{"Est. reading time":"4 minutes"},"schema":{"@context":"https:\/\/schema.org","@graph":[{"@type":"WebPage","@id":"https:\/\/www.helsinkimissio.fi\/en\/for-young-people\/","url":"https:\/\/www.helsinkimissio.fi\/en\/for-young-people\/","name":"For Young People &#8212; HelsinkiMissio","isPartOf":{"@id":"https:\/\/www.helsinkimissio.fi\/en\/#website"},"primaryImageOfPage":{"@id":"https:\/\/www.helsinkimissio.fi\/en\/for-young-people\/#primaryimage"},"image":{"@id":"https:\/\/www.helsinkimissio.fi\/en\/for-young-people\/#primaryimage"},"thumbnailUrl":"https:\/\/www.helsinkimissio.fi\/wp-content\/uploads\/2025\/09\/Keskusteluapu-900x600-1-1.jpg","datePublished":"2022-05-20T07:58:30+00:00","dateModified":"2026-03-09T05:59:49+00:00","description":"Crisis Services for Youth offers many services free of charge. You can talk to someone face-to-face or remotely, in a group or one-to-one.","breadcrumb":{"@id":"https:\/\/www.helsinkimissio.fi\/en\/for-young-people\/#breadcrumb"},"inLanguage":"en-US","potentialAction":[{"@type":"ReadAction","target":["https:\/\/www.helsinkimissio.fi\/en\/for-young-people\/"]}]},{"@type":"ImageObject","inLanguage":"en-US","@id":"https:\/\/www.helsinkimissio.fi\/en\/for-young-people\/#primaryimage","url":"https:\/\/www.helsinkimissio.fi\/wp-content\/uploads\/2025\/09\/Keskusteluapu-900x600-1-1.jpg","contentUrl":"https:\/\/www.helsinkimissio.fi\/wp-content\/uploads\/2025\/09\/Keskusteluapu-900x600-1-1.jpg","width":900,"height":600,"caption":"Nuorten kriisipiste"},{"@type":"BreadcrumbList","@id":"https:\/\/www.helsinkimissio.fi\/en\/for-young-people\/#breadcrumb","itemListElement":[{"@type":"ListItem","position":1,"name":"Etusivu","item":"https:\/\/www.helsinkimissio.fi\/en\/"},{"@type":"ListItem","position":2,"name":"For Young People"}]},{"@type":"WebSite","@id":"https:\/\/www.helsinkimissio.fi\/en\/#website","url":"https:\/\/www.helsinkimissio.fi\/en\/","name":"Yhdess\u00e4 yksin\u00e4isyys voitetaan \u2013 HelsinkiMissio","description":"Yhdess\u00e4 yksin\u00e4isyys voitetaan.","publisher":{"@id":"https:\/\/www.helsinkimissio.fi\/en\/#organization"},"alternateName":"HelsinkiMissio","potentialAction":[{"@type":"SearchAction","target":{"@type":"EntryPoint","urlTemplate":"https:\/\/www.helsinkimissio.fi\/en\/?s={search_term_string}"},"query-input":{"@type":"PropertyValueSpecification","valueRequired":true,"valueName":"search_term_string"}}],"inLanguage":"en-US"},{"@type":"Organization","@id":"https:\/\/www.helsinkimissio.fi\/en\/#organization","name":"HelsinkiMissio","url":"https:\/\/www.helsinkimissio.fi\/en\/","logo":{"@type":"ImageObject","inLanguage":"en-US","@id":"https:\/\/www.helsinkimissio.fi\/en\/#\/schema\/logo\/image\/","url":"https:\/\/www.helsinkimissio.fi\/wp-content\/uploads\/2022\/07\/cropped-Helsinkimissio_sin_logo.png","contentUrl":"https:\/\/www.helsinkimissio.fi\/wp-content\/uploads\/2022\/07\/cropped-Helsinkimissio_sin_logo.png","width":512,"height":512,"caption":"HelsinkiMissio"},"image":{"@id":"https:\/\/www.helsinkimissio.fi\/en\/#\/schema\/logo\/image\/"},"sameAs":["https:\/\/www.facebook.com\/HelsinkiMissio\/","https:\/\/x.com\/HelsinkiMissio","https:\/\/www.instagram.com\/helsinkimissio\/","https:\/\/www.linkedin.com\/company\/10844786\/","https:\/\/www.youtube.com\/channel\/UCzKk3pYABu9D-DzQAx1Yr2w"]}]}},"_links":{"self":[{"href":"https:\/\/www.helsinkimissio.fi\/en\/wp-json\/wp\/v2\/pages\/18742","targetHints":{"allow":["GET"]}}],"collection":[{"href":"https:\/\/www.helsinkimissio.fi\/en\/wp-json\/wp\/v2\/pages"}],"about":[{"href":"https:\/\/www.helsinkimissio.fi\/en\/wp-json\/wp\/v2\/types\/page"}],"author":[{"embeddable":true,"href":"https:\/\/www.helsinkimissio.fi\/en\/wp-json\/wp\/v2\/users\/2"}],"replies":[{"embeddable":true,"href":"https:\/\/www.helsinkimissio.fi\/en\/wp-json\/wp\/v2\/comments?post=18742"}],"version-history":[{"count":15,"href":"https:\/\/www.helsinkimissio.fi\/en\/wp-json\/wp\/v2\/pages\/18742\/revisions"}],"predecessor-version":[{"id":41246,"href":"https:\/\/www.helsinkimissio.fi\/en\/wp-json\/wp\/v2\/pages\/18742\/revisions\/41246"}],"wp:featuredmedia":[{"embeddable":true,"href":"https:\/\/www.helsinkimissio.fi\/en\/wp-json\/wp\/v2\/media\/38850"}],"wp:attachment":[{"href":"https:\/\/www.helsinkimissio.fi\/en\/wp-json\/wp\/v2\/media?parent=18742"}],"curies":[{"name":"wp","href":"https:\/\/api.w.org\/{rel}","templated":true}]}}