{"id":19110,"date":"2022-05-20T10:56:50","date_gmt":"2022-05-20T07:56:50","guid":{"rendered":"https:\/\/www.helsinkimissio.fi\/?page_id=19110"},"modified":"2026-01-13T15:10:30","modified_gmt":"2026-01-13T13:10:30","slug":"for-families","status":"publish","type":"page","link":"https:\/\/www.helsinkimissio.fi\/en\/for-families\/","title":{"rendered":"For Families"},"content":{"rendered":"\n<section  class=\"block block-hero-element container-fluid has-yellow-background-color has-bg block block-hero-element-- block-hero-element__desktop-background\" style=\"background-image: url();\">\n    <div class=\"block-hero-element__mobile-background\">\n        <div class=\"container\">\n            <div class=\"row\">\n                <div class=\"col-sm-10 col-md-12 col-hd-12 mx-auto\">\n                    <div class=\"row  block-hero-element__wrapper block-hero-element--text-left   not_front_hero padding-zero\">\n                        <div class=\"offset-1 col-sm-10 col-md-10 col-lg-5 col-xl-5 block-hero-element__text-area block-hero-element--text-vertical-position-center\">\n                            \n\n    <h1 class=\"colored-heading no-background new\">\n                                <p class=\"has-background bg- has-red-background-color has-white-text-color\"> Support <\/p> <br>\n                                <p class=\"has-background bg- has-red-background-color has-white-text-color\"> for Families <\/p> <br>\n            <\/h1>\n\n\n\n<p>Is everyday family life feeling tough? Are you in need of speaking to other families at a similar stage in life? Would you like to drop in to a place where other families come to spend time with our volunteers?<br><br>At its best, family life is wonderful, but many people have feelings of inadequacy or perhaps just need an extra pair of hands. You don\u2019t have to be alone with your feelings. We offer you multiple services to ease your family life \u2013 an open living room, support from our Family Friends, and counselling.<br><\/p>\n\n\n\n<p>Don\u2019t hesitate to get in touch!<\/p>\n\n\n\n<p class=\"is-style-lead\">&nbsp;<\/p>\n\n\n                        <\/div>\n                                                    <div class=\" offset-1 col-sm-10 col-md-10 col-lg-5 col-xl-4 block-hero-element__image-area block-hero-element__image-area--center\">\n                                <img decoding=\"async\" src=\"https:\/\/www.helsinkimissio.fi\/wp-content\/uploads\/2022\/10\/Hero_600x900_perheet.png\" width=\"600\" height=\"900\" alt=\"Is\u00e4 ulkona kahden lapsen kanssa, toinen lapsista on is\u00e4n reppusel\u00e4ss\u00e4.\" loading=\"lazy\">                            <\/div>\n                        \n                        \n                    <\/div>\n                <\/div>\n            <\/div>\n        <\/div>\n    <\/div>\n<\/section>\n\n\n<section  class=\"block full-width block-sisaltokortit container-fluid has-background bg- has-off-white-background-color has-dark-blue-text-color\">\n    <div class=\"container\">\n        <div class=\"row\">\n            <div class=\"col-sm-10 col-xl-12 mx-auto\">\n                <div class=\"\">\n                    <main class=\"entry-content col-xl-5 offset-1\">\n                        \n\n<h1 class=\"wp-block-heading\">Services for Families<\/h1>\n\n\n                    <\/main>\n                                            <div class=\"card-lift__container col-12 offset-1 two\">\n                                                                                            <div class=\"card-lift__item col-xl-4 offset-2\">\n                                     <a href=\"https:\/\/www.helsinkimissio.fi\/en\/for-families\/family-mentoring\/\" target=\"_self\">                                    <img decoding=\"async\" src=\"https:\/\/www.helsinkimissio.fi\/wp-content\/uploads\/2022\/06\/500x333_Mies_auttaa_poikaa_piirtamaan.jpg\" width=\"500\" height=\"333\" class=\"card-lift__img  \" alt=\"Mies auttaa poikaa piirt\u00e4m\u00e4\u00e4n\" loading=\"lazy\">                                    <div class=\"card-lift__content\">\n                                        \n                                        <div class=\"card-lift__content__text\">\n                                                                                            <h3 class=\"has-dark-blue-text-color\">Family Befriending<\/h3>\n                                                                                                                                <\/div>\n                                    <\/div>\n                                    <\/a>                                <\/div>\n                                                                                            <div class=\"card-lift__item col-xl-4 offset-2\">\n                                     <a href=\"https:\/\/www.helsinkimissio.fi\/en\/for-families\/alberts-living-room\/\" target=\"_self\">                                    <img decoding=\"async\" src=\"https:\/\/www.helsinkimissio.fi\/wp-content\/uploads\/2022\/07\/182175373_1185293805256253_3515496415341987207_n.jpg\" width=\"1200\" height=\"627\" class=\"card-lift__img  \" alt=\"\" loading=\"lazy\">                                    <div class=\"card-lift__content\">\n                                        \n                                        <div class=\"card-lift__content__text\">\n                                                                                            <h3 class=\"has-dark-blue-text-color\">Albert&#039;s Living Room<\/h3>\n                                                                                                                                <\/div>\n                                    <\/div>\n                                    <\/a>                                <\/div>\n                                                                                            <div class=\"card-lift__item col-xl-4 offset-2\">\n                                     <a href=\"https:\/\/www.helsinkimissio.fi\/en\/for-families\/family-support-in-hospital\/\" target=\"_self\">                                    <img decoding=\"async\" src=\"https:\/\/www.helsinkimissio.fi\/wp-content\/uploads\/2022\/08\/Muha-ja-Tea-1140x640_L0A07071.jpeg\" width=\"1140\" height=\"640\" class=\"card-lift__img  \" alt=\"\" loading=\"lazy\">                                    <div class=\"card-lift__content\">\n                                        \n                                        <div class=\"card-lift__content__text\">\n                                                                                            <h3 class=\"has-dark-blue-text-color\">Family Friends at the Hospital \u2013 Perhekaverit<\/h3>\n                                                                                                                                <\/div>\n                                    <\/div>\n                                    <\/a>                                <\/div>\n                                                                                            <div class=\"card-lift__item col-xl-4 offset-2\">\n                                     <a href=\"https:\/\/www.helsinkimissio.fi\/hae-apua\/perheille\/keskusteluapu\/\" target=\"_self\">                                    <img decoding=\"async\" src=\"https:\/\/www.helsinkimissio.fi\/wp-content\/uploads\/2022\/07\/900x600_Nosto_Perhe_Miehet_Keskustelee.jpg\" width=\"900\" height=\"600\" class=\"card-lift__img  \" alt=\"\" loading=\"lazy\">                                    <div class=\"card-lift__content\">\n                                        \n                                        <div class=\"card-lift__content__text\">\n                                                                                            <h3 class=\"has-dark-blue-text-color\">Counselling and Crisis Help for Families (in Finnish)<\/h3>\n                                                                                                                                <\/div>\n                                    <\/div>\n                                    <\/a>                                <\/div>\n                                                    <\/div>\n                                    <\/div>\n            <\/div>\n        <\/div>\n    <\/div>\n<\/section>\n\n<section  class=\"block full-width block-kahdenpalstan-nosto  container-fluid  top-padding\">\n    <div class=\"container\">\n        <div class=\"row\">\n            <div class=\"\">\n                <div class=\"row\">\n                    <div class=\"col-sm-10 col-xl-12 mx-auto image_lift top left\">\n                        <div class=\" offset-1 col-xs-4 col-sm-12 col-md-10 col-lg-10 col-xl-4 image_lift__img_container top \">\n                            <img decoding=\"async\" src=\"https:\/\/www.helsinkimissio.fi\/wp-content\/uploads\/2022\/07\/900x600_Nosto_Isa_syottaa_pikkuvauvaa.jpg\" width=\"900\" height=\"600\" class=\"image_lift__img  top\" alt=\"\" loading=\"lazy\">                            <img decoding=\"async\" src=\"https:\/\/www.helsinkimissio.fi\/wp-content\/uploads\/2022\/07\/900x600_Nosto_Isa_syottaa_pikkuvauvaa.jpg\" width=\"900\" height=\"600\" class=\"image_lift__img mobile  top\" alt=\"\" loading=\"lazy\">\n                        <\/div>\n                        <div class=\"col-xs-4 col-sm-12 col-md-10 col-lg-10 col-xl-5 image_lift__position offset-1  center\">\n                            <main class=\"entry-content \">\n                                \n\n<blockquote class=\"wp-block-quote is-style-default is-layout-flow wp-block-quote-is-layout-flow\">\n<p>A friend talked me into coming to Albert\u2019s Living Room. For once, I could drink a cup of coffee in peace while a volunteer spent time with my children.<br><br>I heard about the mentoring and now I have my own mentor. When we meet, we talk about everyday living with a family and what is going on in our lives. Getting about in town with the kids is also easier with an extra pair of hands. <br><br>When my kids are grown, I want to become a volunteer too and help others!&#8221;<\/p>\n<\/blockquote>\n\n\n                            <\/main>\n                        <\/div>\n                    <\/div>\n                <\/div>\n            <\/div>\n        <\/div>\n<\/section>\n\n<section  class=\"block full-width block-kahdenpalstan-nosto  container-fluid has-background bg- margin-negative-off has-yellow-background-color has-dark-blue-text-color \">\n    <div class=\"container\">\n        <div class=\"row\">\n            <div class=\"\">\n                <div class=\"row\">\n                    <div class=\"col-sm-10 col-xl-12 mx-auto image_lift top right\">\n                        <div class=\"  col-xs-4 col-sm-12 col-md-10 col-lg-10 col-xl-4 image_lift__img_container top offset-1\">\n                            <img decoding=\"async\" src=\"https:\/\/www.helsinkimissio.fi\/wp-content\/uploads\/2022\/07\/900x600_Nosto_Perhe_Vapaaehtoiset_Seniorit.jpg\" width=\"900\" height=\"600\" class=\"image_lift__img  top\" alt=\"Ik\u00e4\u00e4ntyneet vapaaehtoiset istuvat sohvalla ja viett\u00e4v\u00e4t aikaa lattialla leikkivien lasten kanssa.\" loading=\"lazy\">                            <img decoding=\"async\" src=\"https:\/\/www.helsinkimissio.fi\/wp-content\/uploads\/2022\/07\/900x600_Nosto_Perhe_Vapaaehtoiset_Seniorit.jpg\" width=\"900\" height=\"600\" class=\"image_lift__img mobile  top\" alt=\"Ik\u00e4\u00e4ntyneet vapaaehtoiset istuvat sohvalla ja viett\u00e4v\u00e4t aikaa lattialla leikkivien lasten kanssa.\" loading=\"lazy\">\n                        <\/div>\n                        <div class=\"col-xs-4 col-sm-12 col-md-10 col-lg-10 col-xl-5 image_lift__position  offset-1 center\">\n                            <main class=\"entry-content \">\n                                \n\n<h1 class=\"wp-block-heading has-dark-blue-color has-text-color\"><strong>Check out events for families<\/strong><\/h1>\n\n\n\n<p>We organise events not only in the Albertinkatu Living Room but also in other spaces. See upcoming family events in the &#8220;Families&#8221; category in HelsinkiMissio event calendar.<\/p>\n\n\n\n<p>By joining Albert&#8217;s Living Room <a href=\"https:\/\/www.facebook.com\/groups\/albertinolohuone\" target=\"_blank\" rel=\"noreferrer noopener\">Facebook-group<\/a>, you will also get information about Olkkari&#8217;s upcoming events.<\/p>\n\n\n\n<div class=\"wp-block-button alignleft\"><a class=\"wp-block-button__link has-red-background-color has-background wp-element-button\" href=\"https:\/\/www.helsinkimissio.fi\/tapahtumat\/\">Check out events for families<\/a><\/div>\n\n\n                            <\/main>\n                        <\/div>\n                    <\/div>\n                <\/div>\n            <\/div>\n        <\/div>\n<\/section>\n\n<section  class=\"block full-width block-kahdenpalstan-nosto  container-fluid has-background bg- margin-negative-off has-dark-blue-background-color has--text-color \">\n    <div class=\"container\">\n        <div class=\"row\">\n            <div class=\"\">\n                <div class=\"row\">\n                    <div class=\"col-sm-10 col-xl-12 mx-auto image_lift top left\">\n                        <div class=\" offset-1 col-xs-4 col-sm-12 col-md-10 col-lg-10 col-xl-4 image_lift__img_container top \">\n                            <img decoding=\"async\" src=\"https:\/\/www.helsinkimissio.fi\/wp-content\/uploads\/2022\/08\/900x600_Nosto_Myotatuntouutiset_kuva.jpg\" width=\"900\" height=\"600\" class=\"image_lift__img  top\" alt=\"\" loading=\"lazy\">                            <img decoding=\"async\" src=\"https:\/\/www.helsinkimissio.fi\/wp-content\/uploads\/2022\/08\/900x600_Nosto_Myotatuntouutiset_kuva.jpg\" width=\"900\" height=\"600\" class=\"image_lift__img mobile  top\" alt=\"\" loading=\"lazy\">\n                        <\/div>\n                        <div class=\"col-xs-4 col-sm-12 col-md-10 col-lg-10 col-xl-5 image_lift__position offset-1  center\">\n                            <main class=\"entry-content \">\n                                \n\n<h2 class=\"wp-block-heading has-white-color has-text-color\">Join the Conversation<\/h2>\n\n\n\n<p class=\"has-white-color has-text-color\">Our newsletter leads you to interesting stories. Receive touching stories, information about loneliness and ways of helping in Finnish. You can unsubscribe at any time.<\/p>\n\n\n\n<div class=\"wp-block-button alignleft\"><a class=\"wp-block-button__link has-red-background-color has-background wp-element-button\" href=\"https:\/\/www.helsinkimissio.fi\/tilaa-uutiskirje\/\">Sign up for the newsletter<\/a><\/div>\n\n\n                            <\/main>\n                        <\/div>\n                    <\/div>\n                <\/div>\n            <\/div>\n        <\/div>\n<\/section>","protected":false},"excerpt":{"rendered":"","protected":false},"author":19,"featured_media":7155,"parent":0,"menu_order":0,"comment_status":"closed","ping_status":"closed","template":"","meta":{"_acf_changed":false,"_relevanssi_hide_post":"","_relevanssi_hide_content":"","_relevanssi_pin_for_all":"","_relevanssi_pin_keywords":"","_relevanssi_unpin_keywords":"","_relevanssi_related_keywords":"","_relevanssi_related_include_ids":"","_relevanssi_related_exclude_ids":"","_relevanssi_related_no_append":"","_relevanssi_related_not_related":"","_relevanssi_related_posts":"8397","_relevanssi_noindex_reason":"","footnotes":""},"class_list":["post-19110","page","type-page","status-publish","has-post-thumbnail","hentry"],"acf":[],"yoast_head":"<!-- This site is optimized with the Yoast SEO plugin v27.4 - https:\/\/yoast.com\/product\/yoast-seo-wordpress\/ -->\n<title>For Families &#8212; HelsinkiMissio<\/title>\n<meta name=\"description\" content=\"Is everyday family life feeling tough? Are you in need of speaking to other families at a similar stage in life? Check out our services!\" \/>\n<meta name=\"robots\" content=\"index, follow, max-snippet:-1, max-image-preview:large, max-video-preview:-1\" \/>\n<link rel=\"canonical\" href=\"https:\/\/www.helsinkimissio.fi\/en\/for-families\/\" \/>\n<meta property=\"og:locale\" content=\"en_US\" \/>\n<meta property=\"og:type\" content=\"article\" \/>\n<meta property=\"og:title\" content=\"For Families &#8212; HelsinkiMissio\" \/>\n<meta property=\"og:description\" content=\"Is everyday family life feeling tough? Are you in need of speaking to other families at a similar stage in life? Check out our services!\" \/>\n<meta property=\"og:url\" content=\"https:\/\/www.helsinkimissio.fi\/en\/for-families\/\" \/>\n<meta property=\"og:site_name\" content=\"HelsinkiMissio\" \/>\n<meta property=\"article:publisher\" content=\"https:\/\/www.facebook.com\/HelsinkiMissio\/\" \/>\n<meta property=\"article:modified_time\" content=\"2026-01-13T13:10:30+00:00\" \/>\n<meta property=\"og:image\" content=\"https:\/\/www.helsinkimissio.fi\/wp-content\/uploads\/2022\/07\/900x600_Nosto_Perhe_Mentori_perheelle.jpg\" \/>\n\t<meta property=\"og:image:width\" content=\"900\" \/>\n\t<meta property=\"og:image:height\" content=\"600\" \/>\n\t<meta property=\"og:image:type\" content=\"image\/jpeg\" \/>\n<meta name=\"twitter:card\" content=\"summary_large_image\" \/>\n<meta name=\"twitter:site\" content=\"@HelsinkiMissio\" \/>\n<meta name=\"twitter:label1\" content=\"Est. reading time\" \/>\n\t<meta name=\"twitter:data1\" content=\"5 minutes\" \/>\n<script type=\"application\/ld+json\" class=\"yoast-schema-graph\">{\"@context\":\"https:\\\/\\\/schema.org\",\"@graph\":[{\"@type\":\"WebPage\",\"@id\":\"https:\\\/\\\/www.helsinkimissio.fi\\\/en\\\/for-families\\\/\",\"url\":\"https:\\\/\\\/www.helsinkimissio.fi\\\/en\\\/for-families\\\/\",\"name\":\"For Families &#8212; HelsinkiMissio\",\"isPartOf\":{\"@id\":\"https:\\\/\\\/www.helsinkimissio.fi\\\/en\\\/#website\"},\"primaryImageOfPage\":{\"@id\":\"https:\\\/\\\/www.helsinkimissio.fi\\\/en\\\/for-families\\\/#primaryimage\"},\"image\":{\"@id\":\"https:\\\/\\\/www.helsinkimissio.fi\\\/en\\\/for-families\\\/#primaryimage\"},\"thumbnailUrl\":\"https:\\\/\\\/www.helsinkimissio.fi\\\/wp-content\\\/uploads\\\/2022\\\/07\\\/900x600_Nosto_Perhe_Mentori_perheelle.jpg\",\"datePublished\":\"2022-05-20T07:56:50+00:00\",\"dateModified\":\"2026-01-13T13:10:30+00:00\",\"description\":\"Is everyday family life feeling tough? Are you in need of speaking to other families at a similar stage in life? Check out our services!\",\"breadcrumb\":{\"@id\":\"https:\\\/\\\/www.helsinkimissio.fi\\\/en\\\/for-families\\\/#breadcrumb\"},\"inLanguage\":\"en-US\",\"potentialAction\":[{\"@type\":\"ReadAction\",\"target\":[\"https:\\\/\\\/www.helsinkimissio.fi\\\/en\\\/for-families\\\/\"]}]},{\"@type\":\"ImageObject\",\"inLanguage\":\"en-US\",\"@id\":\"https:\\\/\\\/www.helsinkimissio.fi\\\/en\\\/for-families\\\/#primaryimage\",\"url\":\"https:\\\/\\\/www.helsinkimissio.fi\\\/wp-content\\\/uploads\\\/2022\\\/07\\\/900x600_Nosto_Perhe_Mentori_perheelle.jpg\",\"contentUrl\":\"https:\\\/\\\/www.helsinkimissio.fi\\\/wp-content\\\/uploads\\\/2022\\\/07\\\/900x600_Nosto_Perhe_Mentori_perheelle.jpg\",\"width\":900,\"height\":600,\"caption\":\"Is\u00e4 ja lapset sek\u00e4 tukihenkil\u00f6\"},{\"@type\":\"BreadcrumbList\",\"@id\":\"https:\\\/\\\/www.helsinkimissio.fi\\\/en\\\/for-families\\\/#breadcrumb\",\"itemListElement\":[{\"@type\":\"ListItem\",\"position\":1,\"name\":\"Etusivu\",\"item\":\"https:\\\/\\\/www.helsinkimissio.fi\\\/en\\\/\"},{\"@type\":\"ListItem\",\"position\":2,\"name\":\"For Families\"}]},{\"@type\":\"WebSite\",\"@id\":\"https:\\\/\\\/www.helsinkimissio.fi\\\/en\\\/#website\",\"url\":\"https:\\\/\\\/www.helsinkimissio.fi\\\/en\\\/\",\"name\":\"Yhdess\u00e4 yksin\u00e4isyys voitetaan \u2013 HelsinkiMissio\",\"description\":\"Yhdess\u00e4 yksin\u00e4isyys voitetaan.\",\"publisher\":{\"@id\":\"https:\\\/\\\/www.helsinkimissio.fi\\\/en\\\/#organization\"},\"alternateName\":\"HelsinkiMissio\",\"potentialAction\":[{\"@type\":\"SearchAction\",\"target\":{\"@type\":\"EntryPoint\",\"urlTemplate\":\"https:\\\/\\\/www.helsinkimissio.fi\\\/en\\\/?s={search_term_string}\"},\"query-input\":{\"@type\":\"PropertyValueSpecification\",\"valueRequired\":true,\"valueName\":\"search_term_string\"}}],\"inLanguage\":\"en-US\"},{\"@type\":\"Organization\",\"@id\":\"https:\\\/\\\/www.helsinkimissio.fi\\\/en\\\/#organization\",\"name\":\"HelsinkiMissio\",\"url\":\"https:\\\/\\\/www.helsinkimissio.fi\\\/en\\\/\",\"logo\":{\"@type\":\"ImageObject\",\"inLanguage\":\"en-US\",\"@id\":\"https:\\\/\\\/www.helsinkimissio.fi\\\/en\\\/#\\\/schema\\\/logo\\\/image\\\/\",\"url\":\"https:\\\/\\\/www.helsinkimissio.fi\\\/wp-content\\\/uploads\\\/2022\\\/07\\\/cropped-Helsinkimissio_sin_logo.png\",\"contentUrl\":\"https:\\\/\\\/www.helsinkimissio.fi\\\/wp-content\\\/uploads\\\/2022\\\/07\\\/cropped-Helsinkimissio_sin_logo.png\",\"width\":512,\"height\":512,\"caption\":\"HelsinkiMissio\"},\"image\":{\"@id\":\"https:\\\/\\\/www.helsinkimissio.fi\\\/en\\\/#\\\/schema\\\/logo\\\/image\\\/\"},\"sameAs\":[\"https:\\\/\\\/www.facebook.com\\\/HelsinkiMissio\\\/\",\"https:\\\/\\\/x.com\\\/HelsinkiMissio\",\"https:\\\/\\\/www.instagram.com\\\/helsinkimissio\\\/\",\"https:\\\/\\\/www.linkedin.com\\\/company\\\/10844786\\\/\",\"https:\\\/\\\/www.youtube.com\\\/channel\\\/UCzKk3pYABu9D-DzQAx1Yr2w\"]}]}<\/script>\n<!-- \/ Yoast SEO plugin. -->","yoast_head_json":{"title":"For Families &#8212; HelsinkiMissio","description":"Is everyday family life feeling tough? Are you in need of speaking to other families at a similar stage in life? Check out our services!","robots":{"index":"index","follow":"follow","max-snippet":"max-snippet:-1","max-image-preview":"max-image-preview:large","max-video-preview":"max-video-preview:-1"},"canonical":"https:\/\/www.helsinkimissio.fi\/en\/for-families\/","og_locale":"en_US","og_type":"article","og_title":"For Families &#8212; HelsinkiMissio","og_description":"Is everyday family life feeling tough? Are you in need of speaking to other families at a similar stage in life? Check out our services!","og_url":"https:\/\/www.helsinkimissio.fi\/en\/for-families\/","og_site_name":"HelsinkiMissio","article_publisher":"https:\/\/www.facebook.com\/HelsinkiMissio\/","article_modified_time":"2026-01-13T13:10:30+00:00","og_image":[{"width":900,"height":600,"url":"https:\/\/www.helsinkimissio.fi\/wp-content\/uploads\/2022\/07\/900x600_Nosto_Perhe_Mentori_perheelle.jpg","type":"image\/jpeg"}],"twitter_card":"summary_large_image","twitter_site":"@HelsinkiMissio","twitter_misc":{"Est. reading time":"5 minutes"},"schema":{"@context":"https:\/\/schema.org","@graph":[{"@type":"WebPage","@id":"https:\/\/www.helsinkimissio.fi\/en\/for-families\/","url":"https:\/\/www.helsinkimissio.fi\/en\/for-families\/","name":"For Families &#8212; HelsinkiMissio","isPartOf":{"@id":"https:\/\/www.helsinkimissio.fi\/en\/#website"},"primaryImageOfPage":{"@id":"https:\/\/www.helsinkimissio.fi\/en\/for-families\/#primaryimage"},"image":{"@id":"https:\/\/www.helsinkimissio.fi\/en\/for-families\/#primaryimage"},"thumbnailUrl":"https:\/\/www.helsinkimissio.fi\/wp-content\/uploads\/2022\/07\/900x600_Nosto_Perhe_Mentori_perheelle.jpg","datePublished":"2022-05-20T07:56:50+00:00","dateModified":"2026-01-13T13:10:30+00:00","description":"Is everyday family life feeling tough? Are you in need of speaking to other families at a similar stage in life? Check out our services!","breadcrumb":{"@id":"https:\/\/www.helsinkimissio.fi\/en\/for-families\/#breadcrumb"},"inLanguage":"en-US","potentialAction":[{"@type":"ReadAction","target":["https:\/\/www.helsinkimissio.fi\/en\/for-families\/"]}]},{"@type":"ImageObject","inLanguage":"en-US","@id":"https:\/\/www.helsinkimissio.fi\/en\/for-families\/#primaryimage","url":"https:\/\/www.helsinkimissio.fi\/wp-content\/uploads\/2022\/07\/900x600_Nosto_Perhe_Mentori_perheelle.jpg","contentUrl":"https:\/\/www.helsinkimissio.fi\/wp-content\/uploads\/2022\/07\/900x600_Nosto_Perhe_Mentori_perheelle.jpg","width":900,"height":600,"caption":"Is\u00e4 ja lapset sek\u00e4 tukihenkil\u00f6"},{"@type":"BreadcrumbList","@id":"https:\/\/www.helsinkimissio.fi\/en\/for-families\/#breadcrumb","itemListElement":[{"@type":"ListItem","position":1,"name":"Etusivu","item":"https:\/\/www.helsinkimissio.fi\/en\/"},{"@type":"ListItem","position":2,"name":"For Families"}]},{"@type":"WebSite","@id":"https:\/\/www.helsinkimissio.fi\/en\/#website","url":"https:\/\/www.helsinkimissio.fi\/en\/","name":"Yhdess\u00e4 yksin\u00e4isyys voitetaan \u2013 HelsinkiMissio","description":"Yhdess\u00e4 yksin\u00e4isyys voitetaan.","publisher":{"@id":"https:\/\/www.helsinkimissio.fi\/en\/#organization"},"alternateName":"HelsinkiMissio","potentialAction":[{"@type":"SearchAction","target":{"@type":"EntryPoint","urlTemplate":"https:\/\/www.helsinkimissio.fi\/en\/?s={search_term_string}"},"query-input":{"@type":"PropertyValueSpecification","valueRequired":true,"valueName":"search_term_string"}}],"inLanguage":"en-US"},{"@type":"Organization","@id":"https:\/\/www.helsinkimissio.fi\/en\/#organization","name":"HelsinkiMissio","url":"https:\/\/www.helsinkimissio.fi\/en\/","logo":{"@type":"ImageObject","inLanguage":"en-US","@id":"https:\/\/www.helsinkimissio.fi\/en\/#\/schema\/logo\/image\/","url":"https:\/\/www.helsinkimissio.fi\/wp-content\/uploads\/2022\/07\/cropped-Helsinkimissio_sin_logo.png","contentUrl":"https:\/\/www.helsinkimissio.fi\/wp-content\/uploads\/2022\/07\/cropped-Helsinkimissio_sin_logo.png","width":512,"height":512,"caption":"HelsinkiMissio"},"image":{"@id":"https:\/\/www.helsinkimissio.fi\/en\/#\/schema\/logo\/image\/"},"sameAs":["https:\/\/www.facebook.com\/HelsinkiMissio\/","https:\/\/x.com\/HelsinkiMissio","https:\/\/www.instagram.com\/helsinkimissio\/","https:\/\/www.linkedin.com\/company\/10844786\/","https:\/\/www.youtube.com\/channel\/UCzKk3pYABu9D-DzQAx1Yr2w"]}]}},"_links":{"self":[{"href":"https:\/\/www.helsinkimissio.fi\/en\/wp-json\/wp\/v2\/pages\/19110","targetHints":{"allow":["GET"]}}],"collection":[{"href":"https:\/\/www.helsinkimissio.fi\/en\/wp-json\/wp\/v2\/pages"}],"about":[{"href":"https:\/\/www.helsinkimissio.fi\/en\/wp-json\/wp\/v2\/types\/page"}],"author":[{"embeddable":true,"href":"https:\/\/www.helsinkimissio.fi\/en\/wp-json\/wp\/v2\/users\/19"}],"replies":[{"embeddable":true,"href":"https:\/\/www.helsinkimissio.fi\/en\/wp-json\/wp\/v2\/comments?post=19110"}],"version-history":[{"count":14,"href":"https:\/\/www.helsinkimissio.fi\/en\/wp-json\/wp\/v2\/pages\/19110\/revisions"}],"predecessor-version":[{"id":40468,"href":"https:\/\/www.helsinkimissio.fi\/en\/wp-json\/wp\/v2\/pages\/19110\/revisions\/40468"}],"wp:featuredmedia":[{"embeddable":true,"href":"https:\/\/www.helsinkimissio.fi\/en\/wp-json\/wp\/v2\/media\/7155"}],"wp:attachment":[{"href":"https:\/\/www.helsinkimissio.fi\/en\/wp-json\/wp\/v2\/media?parent=19110"}],"curies":[{"name":"wp","href":"https:\/\/api.w.org\/{rel}","templated":true}]}}