{"id":20109,"date":"2022-05-20T13:50:35","date_gmt":"2022-05-20T10:50:35","guid":{"rendered":"https:\/\/www.helsinkimissio.fi\/tyomme-tulokset\/"},"modified":"2025-07-31T11:21:08","modified_gmt":"2025-07-31T08:21:08","slug":"results","status":"publish","type":"page","link":"https:\/\/www.helsinkimissio.fi\/en\/results\/","title":{"rendered":"Results of Our Work"},"content":{"rendered":"\n<section  class=\"block block-hero-element container-fluid has-teal-background-color has-bg block block-hero-element-- block-hero-element__desktop-background\" style=\"background-image: url();\">\n    <div class=\"block-hero-element__mobile-background\">\n        <div class=\"container\">\n            <div class=\"row\">\n                <div class=\"col-sm-10 col-md-12 col-hd-12 mx-auto\">\n                    <div class=\"row  block-hero-element__wrapper block-hero-element--text-left   not_front_hero padding-zero\">\n                        <div class=\"offset-1 col-sm-10 col-md-10 col-lg-5 col-xl-5 block-hero-element__text-area block-hero-element--text-vertical-position-center\">\n                            \n\n    <h1 class=\"colored-heading no-background new wp-elements-92120a0f0fd27d943ce893794085e886\">\n                                <p class=\"has-background bg- has-yellow-background-color has-dark-blue-text-color\"> Our  <\/p> <br>\n                                <p class=\"has-background bg- has-yellow-background-color has-dark-blue-text-color\"> results <\/p> <br>\n            <\/h1>\n\n\n\n<p>Our volunteers and professional helpers support and help young people, adults, families and seniors in many ways. Our volunteer activities offer a variety of ways to get involved, to help people, to make a difference.<\/p>\n\n\n                        <\/div>\n                                                    <div class=\" offset-1 col-sm-10 col-md-10 col-lg-5 col-xl-4 block-hero-element__image-area block-hero-element__image-area--center\">\n                                <img decoding=\"async\" src=\"https:\/\/www.helsinkimissio.fi\/wp-content\/uploads\/2022\/08\/600x900_Hero_Naiset_halaa_Porttikongisa.jpg\" width=\"600\" height=\"900\" alt=\"\" fetchpriority=\"high\" data-no-lazy=\"1\">                            <\/div>\n                        \n                        \n                    <\/div>\n                <\/div>\n            <\/div>\n        <\/div>\n    <\/div>\n<\/section>\n\n\n<section  class=\"block  block-content-wrapper container-fluid \">\n    <div class=\"container\">\n        <div class=\"row  flex-start col-12\" style=\"justify-content: flex-start; \">\n                            <div class=\"\">\n                                    <main class=\"entry-content\">\n                        \n\n<h2 class=\"wp-block-heading\"><strong>This is How We Helped in 202<\/strong>4<\/h2>\n\n\n\n<p>We meet, support and help tens of thousands of people each year. In 2023 we had 151 476 encounters with people. Studies confirm that our help gets results, reduces loneliness and boosts well-being. The NPS recommendation score for our well-being services was 83+, while the NPS score for our volunteer activities was 81+.<\/p>\n\n\n                    <\/main>\n                    <\/div>\n                <\/div>\n        <\/div>\n<\/section>\n\n<section  class=\"block full-width block-kahdenpalstan-nosto  container-fluid has-background bg- margin-negative-off has-yellow-background-color has--text-color \">\n    <div class=\"container\">\n        <div class=\"row\">\n            <div class=\"\">\n                <div class=\"row\">\n                    <div class=\"col-sm-10 col-xl-12 mx-auto image_lift top left\">\n                        <div class=\" offset-1 col-xs-4 col-sm-12 col-md-10 col-lg-10 col-xl-4 image_lift__img_container top \">\n                            <img decoding=\"async\" src=\"https:\/\/www.helsinkimissio.fi\/wp-content\/uploads\/2022\/07\/900x600_Nosto_Nuoret_Porukka.jpg\" width=\"900\" height=\"600\" class=\"image_lift__img  top\" alt=\"Nuoret istuskelee ja tytt\u00f6 kassoo k\u00e4nnykk\u00e4\u00e4\" loading=\"lazy\">                            <img decoding=\"async\" src=\"https:\/\/www.helsinkimissio.fi\/wp-content\/uploads\/2022\/07\/900x600_Nosto_Nuoret_Porukka.jpg\" width=\"900\" height=\"600\" class=\"image_lift__img mobile  top\" alt=\"Nuoret istuskelee ja tytt\u00f6 kassoo k\u00e4nnykk\u00e4\u00e4\" loading=\"lazy\">\n                        <\/div>\n                        <div class=\"col-xs-4 col-sm-12 col-md-10 col-lg-10 col-xl-5 image_lift__position offset-1  center\">\n                            <main class=\"entry-content \">\n                                \n\n<h2 class=\"wp-block-heading\"><strong><strong>YOUNG PEOPLE<\/strong><\/strong><\/h2>\n\n\n\n<h3 class=\"wp-block-heading\">53,527 meetings that help<\/h3>\n\n\n\n<p>Well-being increased by 66 per cent among the young people having supportive conversations. The sense of loneliness dropped by 16 percentage points among youth who had a support person.<\/p>\n\n\n                            <\/main>\n                        <\/div>\n                    <\/div>\n                <\/div>\n            <\/div>\n        <\/div>\n<\/section>\n\n<section  class=\"block full-width block-kahdenpalstan-nosto  container-fluid has-background bg- margin-negative-off has-off-white-background-color has--text-color \">\n    <div class=\"container\">\n        <div class=\"row\">\n            <div class=\"\">\n                <div class=\"row\">\n                    <div class=\"col-sm-10 col-xl-12 mx-auto image_lift top left\">\n                        <div class=\" offset-1 col-xs-4 col-sm-12 col-md-10 col-lg-10 col-xl-4 image_lift__img_container top \">\n                            <img decoding=\"async\" src=\"https:\/\/www.helsinkimissio.fi\/wp-content\/uploads\/2022\/07\/900x600_Nosto_Vapaaehtoinen_Tummat_Pojat.jpg\" width=\"900\" height=\"600\" class=\"image_lift__img  top\" alt=\"Kaksi kaveria k\u00e4velee rinnakkain ulkona, toinen taluttaa py\u00f6r\u00e4\u00e4.\" loading=\"lazy\">                            <img decoding=\"async\" src=\"https:\/\/www.helsinkimissio.fi\/wp-content\/uploads\/2022\/07\/900x600_Nosto_Vapaaehtoinen_Tummat_Pojat.jpg\" width=\"900\" height=\"600\" class=\"image_lift__img mobile  top\" alt=\"Kaksi kaveria k\u00e4velee rinnakkain ulkona, toinen taluttaa py\u00f6r\u00e4\u00e4.\" loading=\"lazy\">\n                        <\/div>\n                        <div class=\"col-xs-4 col-sm-12 col-md-10 col-lg-10 col-xl-5 image_lift__position offset-1  center\">\n                            <main class=\"entry-content \">\n                                \n\n<h2 class=\"wp-block-heading\"><strong><strong>ADULTS<\/strong><\/strong><\/h2>\n\n\n\n<h3 class=\"wp-block-heading\">9,811 meetings with people in Loneliness Work<\/h3>\n\n\n\n<p>73 per cent of the participants experienced relief from loneliness during the program, and 89 per cent by the end of the follow-up period. 63 per cent of participants reported an increase in well-being.<\/p>\n\n\n\n<h3 class=\"wp-block-heading\">5,062 meetings with people in Aggredi<\/h3>\n\n\n\n<p>Among Aggredi participants, 65 per cent experienced a decrease in violent behavior, and 43 percent saw an improvement in their everyday life. Assistance in managing violent behavior was fairly or very helpful according to 97 per cent of participants.<\/p>\n\n\n                            <\/main>\n                        <\/div>\n                    <\/div>\n                <\/div>\n            <\/div>\n        <\/div>\n<\/section>\n\n<section  class=\"block full-width block-kahdenpalstan-nosto  container-fluid  top-padding\">\n    <div class=\"container\">\n        <div class=\"row\">\n            <div class=\"\">\n                <div class=\"row\">\n                    <div class=\"col-sm-10 col-xl-12 mx-auto image_lift top right\">\n                        <div class=\"  col-xs-4 col-sm-12 col-md-10 col-lg-10 col-xl-4 image_lift__img_container top offset-1\">\n                            <img decoding=\"async\" src=\"https:\/\/www.helsinkimissio.fi\/wp-content\/uploads\/2022\/07\/900x600_Nosto_Perhe_Mentori_perheelle.jpg\" width=\"900\" height=\"600\" class=\"image_lift__img  top\" alt=\"Is\u00e4 ja lapset sek\u00e4 tukihenkil\u00f6\" loading=\"lazy\">                            <img decoding=\"async\" src=\"https:\/\/www.helsinkimissio.fi\/wp-content\/uploads\/2022\/07\/900x600_Nosto_Perhe_Mentori_perheelle.jpg\" width=\"900\" height=\"600\" class=\"image_lift__img mobile  top\" alt=\"Is\u00e4 ja lapset sek\u00e4 tukihenkil\u00f6\" loading=\"lazy\">\n                        <\/div>\n                        <div class=\"col-xs-4 col-sm-12 col-md-10 col-lg-10 col-xl-5 image_lift__position  offset-1 center\">\n                            <main class=\"entry-content \">\n                                \n\n<h2 class=\"wp-block-heading\"><strong>FAMILIES<\/strong><\/h2>\n\n\n\n<h3 class=\"wp-block-heading\"><strong>41,634 meetings that reduced loneline<em>ss<\/em><\/strong><\/h3>\n\n\n\n<p>Parents were supported in their parenting by our family mentors and at Albert\u2019s Living Room. In families who had help from a family mentor, parent loneliness was reduced by 29 percentage points. In the Family Mentoring program, 77 per cent of parents felt that they received support in parenting. Of those who visited Albert&#8217;s in living room, 88 per cent reported a positive impact on their daily life.<\/p>\n\n\n                            <\/main>\n                        <\/div>\n                    <\/div>\n                <\/div>\n            <\/div>\n        <\/div>\n<\/section>\n\n<section  class=\"block full-width block-kahdenpalstan-nosto  container-fluid has-background bg- margin-negative-off has-yellow-background-color has--text-color \">\n    <div class=\"container\">\n        <div class=\"row\">\n            <div class=\"\">\n                <div class=\"row\">\n                    <div class=\"col-sm-10 col-xl-12 mx-auto image_lift top left\">\n                        <div class=\" offset-1 col-xs-4 col-sm-12 col-md-10 col-lg-10 col-xl-4 image_lift__img_container top \">\n                            <img decoding=\"async\" src=\"https:\/\/www.helsinkimissio.fi\/wp-content\/uploads\/2022\/07\/900x600_Nosto_Seniorit_Hauskaa-e1706104631253.jpg\" width=\"640\" height=\"478\" class=\"image_lift__img  top\" alt=\"\" loading=\"lazy\">                            <img decoding=\"async\" src=\"https:\/\/www.helsinkimissio.fi\/wp-content\/uploads\/2022\/07\/900x600_Nosto_Seniorit_Hauskaa-e1706104631253.jpg\" width=\"640\" height=\"478\" class=\"image_lift__img mobile  top\" alt=\"\" loading=\"lazy\">\n                        <\/div>\n                        <div class=\"col-xs-4 col-sm-12 col-md-10 col-lg-10 col-xl-5 image_lift__position offset-1  center\">\n                            <main class=\"entry-content \">\n                                \n\n<h2 class=\"wp-block-heading\"><strong><strong>SENIORS<\/strong><\/strong><\/h2>\n\n\n\n<h3 class=\"wp-block-heading\">28,358 helping meetings with seniors<\/h3>\n\n\n\n<p>Seniors are helped by our volunteer support persons or one-time helpers. At the <em>Senioripys\u00e4kki <\/em>(Senior Stop), loneliness is alleviated through professionally-led conversation groups. Some 71 per cent of participants in Senior Stop groups reported a subsequent increase in well-being.<\/p>\n\n\n                            <\/main>\n                        <\/div>\n                    <\/div>\n                <\/div>\n            <\/div>\n        <\/div>\n<\/section>\n\n<section  class=\"block full-width block-kahdenpalstan-nosto  container-fluid has-background bg- margin-negative-off has-off-white-background-color has--text-color \">\n    <div class=\"container\">\n        <div class=\"row\">\n            <div class=\"\">\n                <div class=\"row\">\n                    <div class=\"col-sm-10 col-xl-12 mx-auto image_lift top right\">\n                        <div class=\"  col-xs-4 col-sm-12 col-md-10 col-lg-10 col-xl-4 image_lift__img_container top offset-1\">\n                            <img decoding=\"async\" src=\"https:\/\/www.helsinkimissio.fi\/wp-content\/uploads\/2022\/07\/900x600_Nosto_Naiset_Halaa_Porttikongissa.jpg\" width=\"900\" height=\"600\" class=\"image_lift__img  top\" alt=\"\" loading=\"lazy\">                            <img decoding=\"async\" src=\"https:\/\/www.helsinkimissio.fi\/wp-content\/uploads\/2022\/07\/900x600_Nosto_Naiset_Halaa_Porttikongissa.jpg\" width=\"900\" height=\"600\" class=\"image_lift__img mobile  top\" alt=\"\" loading=\"lazy\">\n                        <\/div>\n                        <div class=\"col-xs-4 col-sm-12 col-md-10 col-lg-10 col-xl-5 image_lift__position  offset-1 center\">\n                            <main class=\"entry-content \">\n                                \n\n<h2 class=\"wp-block-heading\"><strong><strong>VOLUNTEERS<\/strong><\/strong><\/h2>\n\n\n\n<h3 class=\"wp-block-heading\">Nearly 1,000 volunteers helped lonely people in various ways<\/h3>\n\n\n\n<p>Our volunteer activities increase the well-being of those receiving support as well as for those providing it. Some 91 per cent of volunteers felt the activities boosted their own well-being.<\/p>\n\n\n                            <\/main>\n                        <\/div>\n                    <\/div>\n                <\/div>\n            <\/div>\n        <\/div>\n<\/section>\n\n\n<section  class=\"block  block-content-wrapper container-fluid \">\n    <div class=\"container\">\n        <div class=\"row  flex-start col-12\" style=\"justify-content: flex-start; \">\n                            <div class=\"\">\n                                    <main class=\"entry-content\">\n                        \n\n<h2 class=\"wp-block-heading\"><strong><strong>Learn more about the results of our work<\/strong><\/strong><\/h2>\n\n\n\n<p>If you are interested in the impact our work has, find out more through our reports on promoting well-being and health. (Currently available only in Finnish).<\/p>\n\n\n\n<ul class=\"wp-block-list\">\n<li><a href=\"https:\/\/www.helsinkimissio.fi\/wp-content\/uploads\/2025\/07\/HelsinkiMissio-Vuosikertomus-2024.pdf\">HelsinkiMission vuosikertomus 2024<\/a> (PDF)<\/li>\n\n\n\n<li><a href=\"https:\/\/www.helsinkimissio.fi\/wp-content\/uploads\/2024\/07\/HelsinkiMissio-vuosikertomus-2023.pdf\" target=\"_blank\" rel=\"noreferrer noopener\">HelsinkiMission vuosikertomus 2023<\/a><\/li>\n\n\n\n<li><a href=\"https:\/\/www.helsinkimissio.fi\/wp-content\/uploads\/2024\/01\/HYTE_Q4_2023.pdf\" target=\"_blank\" rel=\"noreferrer noopener\">HelsinkiMission ty\u00f6n tuloksia Q4 2023<\/a><\/li>\n\n\n\n<li><a href=\"https:\/\/www.helsinkimissio.fi\/wp-content\/uploads\/2023\/11\/HYTE_Q3_2023.pdf\" target=\"_blank\" rel=\"noreferrer noopener\">HelsinkiMission ty\u00f6n tuloksia Q3 2023<\/a> <\/li>\n\n\n\n<li><a href=\"https:\/\/www.helsinkimissio.fi\/wp-content\/uploads\/2023\/08\/HYTE_Q2_2023.pdf\" target=\"_blank\" rel=\"noreferrer noopener\">HelsinkiMission ty\u00f6n tuloksia Q2 2023<\/a> <\/li>\n\n\n\n<li><a href=\"https:\/\/www.helsinkimissio.fi\/wp-content\/uploads\/2023\/06\/HYTE_Q1_2023.pdf\" target=\"_blank\" rel=\"noreferrer noopener\">HelsinkiMission ty\u00f6n tuloksia Q1 2023<\/a><\/li>\n\n\n\n<li><a href=\"https:\/\/www.helsinkimissio.fi\/wp-content\/uploads\/2023\/01\/HYTE_Q4_2022.pdf\" target=\"_blank\" rel=\"noreferrer noopener\">HelsinkiMission ty\u00f6n tuloksia 2022<\/a><\/li>\n\n\n\n<li><a href=\"https:\/\/www.helsinkimissio.fi\/wp-content\/uploads\/2022\/11\/Helsinki-Missio-SROI.pdf\">HelsinkiMission nuorten palveluiden SROI-arviointi 2020\u201321<\/a><\/li>\n\n\n\n<li><a href=\"https:\/\/www.helsinkimissio.fi\/wp-content\/uploads\/2022\/08\/hm_vuosikertomus2021_web.pdf\" target=\"_blank\" rel=\"noreferrer noopener\">HelsinkiMission vuosikertomus 2021<\/a><\/li>\n\n\n\n<li><a href=\"https:\/\/www.helsinkimissio.fi\/wp-content\/uploads\/2022\/08\/Vuosikertomus-2020.pdf\" target=\"_blank\" rel=\"noreferrer noopener\">HelsinkiMission vuosikertomus 2020<\/a><\/li>\n\n\n\n<li><a href=\"https:\/\/www.helsinkimissio.fi\/wp-content\/uploads\/2022\/08\/vuosikertomus-2019.pdf\" target=\"_blank\" rel=\"noreferrer noopener\">HelsinkiMission vuosikertomus 2019<\/a><\/li>\n<\/ul>\n\n\n                    <\/main>\n                    <\/div>\n                <\/div>\n        <\/div>\n<\/section>","protected":false},"excerpt":{"rendered":"","protected":false},"author":2,"featured_media":34232,"parent":0,"menu_order":0,"comment_status":"closed","ping_status":"closed","template":"","meta":{"_acf_changed":false,"_relevanssi_hide_post":"","_relevanssi_hide_content":"","_relevanssi_pin_for_all":"","_relevanssi_pin_keywords":"","_relevanssi_unpin_keywords":"","_relevanssi_related_keywords":"","_relevanssi_related_include_ids":"","_relevanssi_related_exclude_ids":"","_relevanssi_related_no_append":"","_relevanssi_related_not_related":"","_relevanssi_related_posts":"899,1089,909,952","_relevanssi_noindex_reason":"","footnotes":""},"class_list":["post-20109","page","type-page","status-publish","has-post-thumbnail","hentry"],"acf":[],"yoast_head":"<!-- This site is optimized with the Yoast SEO plugin v27.4 - https:\/\/yoast.com\/product\/yoast-seo-wordpress\/ -->\n<title>Results of Our Work &#8212; HelsinkiMissio<\/title>\n<meta name=\"robots\" content=\"index, follow, max-snippet:-1, max-image-preview:large, max-video-preview:-1\" \/>\n<link rel=\"canonical\" href=\"https:\/\/www.helsinkimissio.fi\/en\/results\/\" \/>\n<meta property=\"og:locale\" content=\"en_US\" \/>\n<meta property=\"og:type\" content=\"article\" \/>\n<meta property=\"og:title\" content=\"Results of Our Work &#8212; HelsinkiMissio\" \/>\n<meta property=\"og:url\" content=\"https:\/\/www.helsinkimissio.fi\/en\/results\/\" \/>\n<meta property=\"og:site_name\" content=\"HelsinkiMissio\" \/>\n<meta property=\"article:publisher\" content=\"https:\/\/www.facebook.com\/HelsinkiMissio\/\" \/>\n<meta property=\"article:modified_time\" content=\"2025-07-31T08:21:08+00:00\" \/>\n<meta property=\"og:image\" content=\"https:\/\/www.helsinkimissio.fi\/wp-content\/uploads\/2024\/12\/1920x1080-Kuntavaalikuva-1024x576.png\" \/>\n\t<meta property=\"og:image:width\" content=\"1024\" \/>\n\t<meta property=\"og:image:height\" content=\"576\" \/>\n\t<meta property=\"og:image:type\" content=\"image\/png\" \/>\n<meta name=\"twitter:card\" content=\"summary_large_image\" \/>\n<meta name=\"twitter:site\" content=\"@HelsinkiMissio\" \/>\n<meta name=\"twitter:label1\" content=\"Est. reading time\" \/>\n\t<meta name=\"twitter:data1\" content=\"8 minutes\" \/>\n<script type=\"application\/ld+json\" class=\"yoast-schema-graph\">{\"@context\":\"https:\\\/\\\/schema.org\",\"@graph\":[{\"@type\":\"WebPage\",\"@id\":\"https:\\\/\\\/www.helsinkimissio.fi\\\/en\\\/results\\\/\",\"url\":\"https:\\\/\\\/www.helsinkimissio.fi\\\/en\\\/results\\\/\",\"name\":\"Results of Our Work &#8212; HelsinkiMissio\",\"isPartOf\":{\"@id\":\"https:\\\/\\\/www.helsinkimissio.fi\\\/en\\\/#website\"},\"primaryImageOfPage\":{\"@id\":\"https:\\\/\\\/www.helsinkimissio.fi\\\/en\\\/results\\\/#primaryimage\"},\"image\":{\"@id\":\"https:\\\/\\\/www.helsinkimissio.fi\\\/en\\\/results\\\/#primaryimage\"},\"thumbnailUrl\":\"https:\\\/\\\/www.helsinkimissio.fi\\\/wp-content\\\/uploads\\\/2024\\\/12\\\/1920x1080-Kuntavaalikuva.png\",\"datePublished\":\"2022-05-20T10:50:35+00:00\",\"dateModified\":\"2025-07-31T08:21:08+00:00\",\"breadcrumb\":{\"@id\":\"https:\\\/\\\/www.helsinkimissio.fi\\\/en\\\/results\\\/#breadcrumb\"},\"inLanguage\":\"en-US\",\"potentialAction\":[{\"@type\":\"ReadAction\",\"target\":[\"https:\\\/\\\/www.helsinkimissio.fi\\\/en\\\/results\\\/\"]}]},{\"@type\":\"ImageObject\",\"inLanguage\":\"en-US\",\"@id\":\"https:\\\/\\\/www.helsinkimissio.fi\\\/en\\\/results\\\/#primaryimage\",\"url\":\"https:\\\/\\\/www.helsinkimissio.fi\\\/wp-content\\\/uploads\\\/2024\\\/12\\\/1920x1080-Kuntavaalikuva.png\",\"contentUrl\":\"https:\\\/\\\/www.helsinkimissio.fi\\\/wp-content\\\/uploads\\\/2024\\\/12\\\/1920x1080-Kuntavaalikuva.png\",\"width\":1920,\"height\":1080,\"caption\":\"Lapsi ja vanhempi nainen katsovat toisiaan hymyillen.\"},{\"@type\":\"BreadcrumbList\",\"@id\":\"https:\\\/\\\/www.helsinkimissio.fi\\\/en\\\/results\\\/#breadcrumb\",\"itemListElement\":[{\"@type\":\"ListItem\",\"position\":1,\"name\":\"Etusivu\",\"item\":\"https:\\\/\\\/www.helsinkimissio.fi\\\/en\\\/\"},{\"@type\":\"ListItem\",\"position\":2,\"name\":\"Results of Our Work\"}]},{\"@type\":\"WebSite\",\"@id\":\"https:\\\/\\\/www.helsinkimissio.fi\\\/en\\\/#website\",\"url\":\"https:\\\/\\\/www.helsinkimissio.fi\\\/en\\\/\",\"name\":\"Yhdess\u00e4 yksin\u00e4isyys voitetaan \u2013 HelsinkiMissio\",\"description\":\"Yhdess\u00e4 yksin\u00e4isyys voitetaan.\",\"publisher\":{\"@id\":\"https:\\\/\\\/www.helsinkimissio.fi\\\/en\\\/#organization\"},\"alternateName\":\"HelsinkiMissio\",\"potentialAction\":[{\"@type\":\"SearchAction\",\"target\":{\"@type\":\"EntryPoint\",\"urlTemplate\":\"https:\\\/\\\/www.helsinkimissio.fi\\\/en\\\/?s={search_term_string}\"},\"query-input\":{\"@type\":\"PropertyValueSpecification\",\"valueRequired\":true,\"valueName\":\"search_term_string\"}}],\"inLanguage\":\"en-US\"},{\"@type\":\"Organization\",\"@id\":\"https:\\\/\\\/www.helsinkimissio.fi\\\/en\\\/#organization\",\"name\":\"HelsinkiMissio\",\"url\":\"https:\\\/\\\/www.helsinkimissio.fi\\\/en\\\/\",\"logo\":{\"@type\":\"ImageObject\",\"inLanguage\":\"en-US\",\"@id\":\"https:\\\/\\\/www.helsinkimissio.fi\\\/en\\\/#\\\/schema\\\/logo\\\/image\\\/\",\"url\":\"https:\\\/\\\/www.helsinkimissio.fi\\\/wp-content\\\/uploads\\\/2022\\\/07\\\/cropped-Helsinkimissio_sin_logo.png\",\"contentUrl\":\"https:\\\/\\\/www.helsinkimissio.fi\\\/wp-content\\\/uploads\\\/2022\\\/07\\\/cropped-Helsinkimissio_sin_logo.png\",\"width\":512,\"height\":512,\"caption\":\"HelsinkiMissio\"},\"image\":{\"@id\":\"https:\\\/\\\/www.helsinkimissio.fi\\\/en\\\/#\\\/schema\\\/logo\\\/image\\\/\"},\"sameAs\":[\"https:\\\/\\\/www.facebook.com\\\/HelsinkiMissio\\\/\",\"https:\\\/\\\/x.com\\\/HelsinkiMissio\",\"https:\\\/\\\/www.instagram.com\\\/helsinkimissio\\\/\",\"https:\\\/\\\/www.linkedin.com\\\/company\\\/10844786\\\/\",\"https:\\\/\\\/www.youtube.com\\\/channel\\\/UCzKk3pYABu9D-DzQAx1Yr2w\"]}]}<\/script>\n<!-- \/ Yoast SEO plugin. -->","yoast_head_json":{"title":"Results of Our Work &#8212; HelsinkiMissio","robots":{"index":"index","follow":"follow","max-snippet":"max-snippet:-1","max-image-preview":"max-image-preview:large","max-video-preview":"max-video-preview:-1"},"canonical":"https:\/\/www.helsinkimissio.fi\/en\/results\/","og_locale":"en_US","og_type":"article","og_title":"Results of Our Work &#8212; HelsinkiMissio","og_url":"https:\/\/www.helsinkimissio.fi\/en\/results\/","og_site_name":"HelsinkiMissio","article_publisher":"https:\/\/www.facebook.com\/HelsinkiMissio\/","article_modified_time":"2025-07-31T08:21:08+00:00","og_image":[{"width":1024,"height":576,"url":"https:\/\/www.helsinkimissio.fi\/wp-content\/uploads\/2024\/12\/1920x1080-Kuntavaalikuva-1024x576.png","type":"image\/png"}],"twitter_card":"summary_large_image","twitter_site":"@HelsinkiMissio","twitter_misc":{"Est. reading time":"8 minutes"},"schema":{"@context":"https:\/\/schema.org","@graph":[{"@type":"WebPage","@id":"https:\/\/www.helsinkimissio.fi\/en\/results\/","url":"https:\/\/www.helsinkimissio.fi\/en\/results\/","name":"Results of Our Work &#8212; HelsinkiMissio","isPartOf":{"@id":"https:\/\/www.helsinkimissio.fi\/en\/#website"},"primaryImageOfPage":{"@id":"https:\/\/www.helsinkimissio.fi\/en\/results\/#primaryimage"},"image":{"@id":"https:\/\/www.helsinkimissio.fi\/en\/results\/#primaryimage"},"thumbnailUrl":"https:\/\/www.helsinkimissio.fi\/wp-content\/uploads\/2024\/12\/1920x1080-Kuntavaalikuva.png","datePublished":"2022-05-20T10:50:35+00:00","dateModified":"2025-07-31T08:21:08+00:00","breadcrumb":{"@id":"https:\/\/www.helsinkimissio.fi\/en\/results\/#breadcrumb"},"inLanguage":"en-US","potentialAction":[{"@type":"ReadAction","target":["https:\/\/www.helsinkimissio.fi\/en\/results\/"]}]},{"@type":"ImageObject","inLanguage":"en-US","@id":"https:\/\/www.helsinkimissio.fi\/en\/results\/#primaryimage","url":"https:\/\/www.helsinkimissio.fi\/wp-content\/uploads\/2024\/12\/1920x1080-Kuntavaalikuva.png","contentUrl":"https:\/\/www.helsinkimissio.fi\/wp-content\/uploads\/2024\/12\/1920x1080-Kuntavaalikuva.png","width":1920,"height":1080,"caption":"Lapsi ja vanhempi nainen katsovat toisiaan hymyillen."},{"@type":"BreadcrumbList","@id":"https:\/\/www.helsinkimissio.fi\/en\/results\/#breadcrumb","itemListElement":[{"@type":"ListItem","position":1,"name":"Etusivu","item":"https:\/\/www.helsinkimissio.fi\/en\/"},{"@type":"ListItem","position":2,"name":"Results of Our Work"}]},{"@type":"WebSite","@id":"https:\/\/www.helsinkimissio.fi\/en\/#website","url":"https:\/\/www.helsinkimissio.fi\/en\/","name":"Yhdess\u00e4 yksin\u00e4isyys voitetaan \u2013 HelsinkiMissio","description":"Yhdess\u00e4 yksin\u00e4isyys voitetaan.","publisher":{"@id":"https:\/\/www.helsinkimissio.fi\/en\/#organization"},"alternateName":"HelsinkiMissio","potentialAction":[{"@type":"SearchAction","target":{"@type":"EntryPoint","urlTemplate":"https:\/\/www.helsinkimissio.fi\/en\/?s={search_term_string}"},"query-input":{"@type":"PropertyValueSpecification","valueRequired":true,"valueName":"search_term_string"}}],"inLanguage":"en-US"},{"@type":"Organization","@id":"https:\/\/www.helsinkimissio.fi\/en\/#organization","name":"HelsinkiMissio","url":"https:\/\/www.helsinkimissio.fi\/en\/","logo":{"@type":"ImageObject","inLanguage":"en-US","@id":"https:\/\/www.helsinkimissio.fi\/en\/#\/schema\/logo\/image\/","url":"https:\/\/www.helsinkimissio.fi\/wp-content\/uploads\/2022\/07\/cropped-Helsinkimissio_sin_logo.png","contentUrl":"https:\/\/www.helsinkimissio.fi\/wp-content\/uploads\/2022\/07\/cropped-Helsinkimissio_sin_logo.png","width":512,"height":512,"caption":"HelsinkiMissio"},"image":{"@id":"https:\/\/www.helsinkimissio.fi\/en\/#\/schema\/logo\/image\/"},"sameAs":["https:\/\/www.facebook.com\/HelsinkiMissio\/","https:\/\/x.com\/HelsinkiMissio","https:\/\/www.instagram.com\/helsinkimissio\/","https:\/\/www.linkedin.com\/company\/10844786\/","https:\/\/www.youtube.com\/channel\/UCzKk3pYABu9D-DzQAx1Yr2w"]}]}},"_links":{"self":[{"href":"https:\/\/www.helsinkimissio.fi\/en\/wp-json\/wp\/v2\/pages\/20109","targetHints":{"allow":["GET"]}}],"collection":[{"href":"https:\/\/www.helsinkimissio.fi\/en\/wp-json\/wp\/v2\/pages"}],"about":[{"href":"https:\/\/www.helsinkimissio.fi\/en\/wp-json\/wp\/v2\/types\/page"}],"author":[{"embeddable":true,"href":"https:\/\/www.helsinkimissio.fi\/en\/wp-json\/wp\/v2\/users\/2"}],"replies":[{"embeddable":true,"href":"https:\/\/www.helsinkimissio.fi\/en\/wp-json\/wp\/v2\/comments?post=20109"}],"version-history":[{"count":15,"href":"https:\/\/www.helsinkimissio.fi\/en\/wp-json\/wp\/v2\/pages\/20109\/revisions"}],"predecessor-version":[{"id":37573,"href":"https:\/\/www.helsinkimissio.fi\/en\/wp-json\/wp\/v2\/pages\/20109\/revisions\/37573"}],"wp:featuredmedia":[{"embeddable":true,"href":"https:\/\/www.helsinkimissio.fi\/en\/wp-json\/wp\/v2\/media\/34232"}],"wp:attachment":[{"href":"https:\/\/www.helsinkimissio.fi\/en\/wp-json\/wp\/v2\/media?parent=20109"}],"curies":[{"name":"wp","href":"https:\/\/api.w.org\/{rel}","templated":true}]}}