{"id":11470,"date":"2022-05-20T10:58:54","date_gmt":"2022-05-20T07:58:54","guid":{"rendered":"https:\/\/www.helsinkimissio.fi\/?page_id=11470"},"modified":"2026-02-03T13:16:58","modified_gmt":"2026-02-03T11:16:58","slug":"samtals-och-krishjalp","status":"publish","type":"page","link":"https:\/\/www.helsinkimissio.fi\/sv\/behover-du-hjalp\/unga\/samtals-och-krishjalp\/","title":{"rendered":"Samtals- och krishj\u00e4lp"},"content":{"rendered":"\n<section  class=\"block block-hero-element container-fluid has-teal-background-color has-bg block block-hero-element-- block-hero-element__desktop-background\" style=\"background-image: url();\">\n    <div class=\"block-hero-element__mobile-background\">\n        <div class=\"container\">\n            <div class=\"row\">\n                <div class=\"col-sm-10 col-md-12 col-hd-12 mx-auto\">\n                    <div class=\"row  block-hero-element__wrapper block-hero-element--text-left  align-items-start not_front_hero padding-zero\">\n                        <div class=\"offset-1 col-sm-10 col-md-10 col-lg-5 col-xl-5 block-hero-element__text-area block-hero-element--text-vertical-position-top\">\n                            \n\n    <h1 class=\"colored-heading no-background new\">\n                                <p class=\"has-background bg- has-dark-blue-background-color has-white-text-color\"> Ber\u00e4tta om dina <\/p> <br>\n                                <p class=\"has-background bg- has-dark-blue-background-color has-white-text-color\"> bekymmer <\/p> <br>\n                                <p class=\"has-background bg- has-dark-blue-background-color has-white-text-color\"> f\u00f6r oss <\/p> <br>\n            <\/h1>\n\n\n\n<p>\u00c4r det n\u00e5got som tynger dig? Med v\u00e5ra professionella yrkeshj\u00e4lpare kan du prata om vad som helst som \u00e4r viktigt f\u00f6r dig, till exempel livsf\u00f6r\u00e4ndringar eller problem i relationer.<\/p>\n\n\n\n<div class=\"wp-block-buttons is-layout-flex wp-block-buttons-is-layout-flex\">\n<div class=\"wp-block-button\"><a class=\"wp-block-button__link has-red-background-color has-background wp-element-button\" href=\"#boka-tid\">Boka tid till samtalshj\u00e4lpen<\/a><\/div>\n<\/div>\n\n\n                        <\/div>\n                                                    <div class=\" offset-1 col-sm-10 col-md-10 col-lg-5 col-xl-4 block-hero-element__image-area block-hero-element__image-area--top\">\n                                <img decoding=\"async\" src=\"https:\/\/www.helsinkimissio.fi\/wp-content\/uploads\/2022\/07\/600x900_Hero_Nuoret_Tytto_katsoo_silmiin.jpg\" width=\"600\" height=\"900\" alt=\"Nuori tytt\u00f6 katsoo kameraan\" fetchpriority=\"high\" data-no-lazy=\"1\">                            <\/div>\n                        \n                        \n                    <\/div>\n                <\/div>\n            <\/div>\n        <\/div>\n    <\/div>\n<\/section>\n\n\n<section  class=\"block  block-content-wrapper container-fluid has-background has-off-white-background-color has-background bg- has-off-white-background-color has--text-color\">\n    <div class=\"container\">\n        <div class=\"row  flex-start col-12\" style=\"justify-content: flex-start; \">\n                            <div class=\"\">\n                                    <main class=\"entry-content\">\n                        \n\n<h2 class=\"wp-block-heading\"><strong>Handledning och r\u00e5dgivning av Krisjouren f\u00f6r unga<\/strong><\/h2>\n\n\n\n<p>Fr\u00e5n oss f\u00e5r du hj\u00e4lp av en p\u00e5litlig yrkeshj\u00e4lpare i olika livssituationer. V\u00e5ra yrkeshj\u00e4lpare har tystnadsplikt och \u00e4r experter inom ensamhetsarbete och samtalshj\u00e4lp. Hj\u00e4lpen \u00e4r kostnadsfri. Vi erbjuder st\u00f6d till unga i \u00e5ldern 12\u201329 \u00e5r.<\/p>\n\n\n\n<p>Du kan f\u00e5 hj\u00e4lp p\u00e5 plats i Helsingfors (p\u00e5 Albertsgatan 33) eller p\u00e5 distans. Du beh\u00f6ver inga diagnoser eller l\u00e4karremisser f\u00f6r bes\u00f6ken. Om du vill kan du \u00e4ven vara anonym.<br>Det r\u00e4cker att du kontaktar oss, s\u00e5 hj\u00e4lper vi dig vidare vid behov.<\/p>\n\n\n\n<p>Du kan f\u00e5 hj\u00e4lp i person i Helsingfors (Albertsgatan 33) eller p\u00e5 distans. Du beh\u00f6ver inga diagnoser eller remisser f\u00f6r bes\u00f6ken. Om du vill kan du \u00e4ven vara anonym. Det r\u00e4cker att du kontaktar oss, s\u00e5 hj\u00e4lper vi dig vidare vid behov.<\/p>\n\n\n\n<h3 class=\"wp-block-heading\">Hur hj\u00e4lper vi?<\/h3>\n\n\n\n<p>Med v\u00e5ra yrkeshj\u00e4lpare kan du prata om vad som helst som \u00e4r viktigt f\u00f6r dig, sv\u00e5ra livssituationer, oro f\u00f6r ditt eget eller n\u00e4rst\u00e5endes v\u00e4lm\u00e5ende, eller ensamhet. Syftet med tr\u00e4ffarna \u00e4r att \u00f6ka och uppr\u00e4tth\u00e5lla v\u00e4lbefinnandet samt f\u00f6rebygga upplevelsen av att bli l\u00e4mnad ensam i utmanande livssituationer<\/p>\n\n\n\n<p>Vid det f\u00f6rsta m\u00f6tet kartl\u00e4gger vi tillsammans din situation och ditt behov av samtalshj\u00e4lp. Efter det f\u00f6rsta m\u00f6tet som sker via telefon \u00e4r det m\u00f6jligt att f\u00e5 samtalsst\u00f6d 1\u20135 g\u00e5nger.<\/p>\n\n\n\n<p>Tillsammans s\u00e4tter vi ett m\u00e5l f\u00f6r tr\u00e4ffarna utg\u00e5ende dina f\u00f6ruts\u00e4ttningar och \u00f6nskem\u00e5l. Om v\u00e5rt st\u00f6d inte r\u00e4cker, diskuterar vi tillsammans vilken typ av tj\u00e4nst som skulle vara mest hj\u00e4lpsam f\u00f6r dig och hur det \u00e4r b\u00e4st att g\u00e5 vidare.<\/p>\n\n\n\n<p><em><a href=\"https:\/\/www.helsinkimissio.fi\/sv\/behover-du-hjalp\/unga\/samtals-och-krishjalp\/\">We also offer councelling in English.<\/a><\/em><\/p>\n\n\n                    <\/main>\n                    <\/div>\n                <\/div>\n        <\/div>\n<\/section>\n\n\n<section id=\"boka-tid\"  class=\"block  block-content-wrapper container-fluid \">\n    <div class=\"container\">\n        <div class=\"row  flex-start col-12\" style=\"justify-content: flex-start; \">\n                            <div class=\"\">\n                                    <main class=\"entry-content\">\n                        \n\n<h2 class=\"wp-block-heading\"><strong>Boka en telefontid<\/strong><\/h2>\n\n\n\n<p>Boka en telefontid med en yrkeshj\u00e4lpare i webbkalendern nedan. Yrkeshj\u00e4lparen ringer upp dig. Anv\u00e4nd bara ditt f\u00f6rnamn till att boka din tid. N\u00e4r bokningen har lyckats f\u00e5r du ett bekr\u00e4ftelsemeddelande. Lediga tider f\u00f6r f\u00f6rsta kontakt finns tillg\u00e4ngliga i bokningskalendern nedan.<\/p>\n\n\n\n<p><\/p>\n\n\n<script type=\"text\/javascript\" language=\"javascript\">(function(d,s,i,c,j,a){a=d.getElementsByTagName(s)[0];if(d.getElementById(i))return;j=d.createElement(s);j.id=i;j.async=1;j.setAttribute(\"data-c\",c);j.setAttribute(\"data-l\",\"sv\");j.setAttribute(\"data-segment\",\"5220be34\");j.src=\"https:\/\/static.vello.fi\/js\/wizard\/vwiz.js\";a.parentNode.insertBefore(j,a);}(document,\"script\",\"vello-wizard-sdk\",\"helsinkimissio\"));<\/script> <div id=\"vello-wizard\"><\/div>\n\n\n\n<p>Om du inte kan delta i tr\u00e4ffen ska du annullera din tid 24 timmar f\u00f6re tr\u00e4ffen genom att anv\u00e4nda den l\u00e4nk som finns i bekr\u00e4ftelsemeddelandet.<\/p>\n\n\n\n<p>Om du har en v\u00e5rdkontakt f\u00f6r din psykiska h\u00e4lsa uppmanar vi dig att i f\u00f6rsta hand ta kontakt den v\u00e4gen. De tj\u00e4nster som Krisjouren f\u00f6r unga erbjuder \u00e4r inte sjukv\u00e5rd. Ta kontakt med sjukv\u00e5rdens jour i akuta krissituationer. I n\u00f6dsituationer ska du alltid ringa 112. <strong>Samarbetspartners och andra n\u00e4rst\u00e5ende som \u00e4r oroliga \u00f6ver ungdomar<\/strong> kan ta kontakt via bokningskalendern ovan.<\/p>\n\n\n                    <\/main>\n                    <\/div>\n                <\/div>\n        <\/div>\n<\/section>\n\n<section  class=\"block full-width block-kahdenpalstan-nosto  container-fluid has-background bg- margin-negative-off has-yellow-background-color has-white-text-color wp-elements-9a478b03d65ad64eebf3e3e3a2bb59ea\">\n    <div class=\"container\">\n        <div class=\"row\">\n            <div class=\"\">\n                <div class=\"row\">\n                    <div class=\"col-sm-10 col-xl-12 mx-auto image_lift top right\">\n                        <div class=\"  col-xs-4 col-sm-12 col-md-10 col-lg-10 col-xl-4 image_lift__img_container top offset-1\">\n                            <img decoding=\"async\" src=\"https:\/\/www.helsinkimissio.fi\/wp-content\/uploads\/2026\/02\/Jag_racker_till_900x600.png\" width=\"900\" height=\"600\" class=\"image_lift__img  top\" alt=\"jag r\u00e4cker till\" loading=\"lazy\">                            <img decoding=\"async\" src=\"https:\/\/www.helsinkimissio.fi\/wp-content\/uploads\/2026\/02\/Jag_racker_till_900x600.png\" width=\"900\" height=\"600\" class=\"image_lift__img mobile  top\" alt=\"jag r\u00e4cker till\" loading=\"lazy\">\n                        <\/div>\n                        <div class=\"col-xs-4 col-sm-12 col-md-10 col-lg-10 col-xl-5 image_lift__position  offset-1 center\">\n                            <main class=\"entry-content \">\n                                \n\n<h2 class=\"wp-block-heading\">Hj\u00e4lp i grupp<\/h2>\n\n\n\n<p>F\u00f6rutom individuella samtal kan du ocks\u00e5 f\u00e5 hj\u00e4lp i grupp som leds av professionella inom samtalshj\u00e4lp. L\u00e4s mer om&nbsp;<em>Jag r\u00e4cker till<\/em>-grupperna som \u00e4r till f\u00f6r 18\u201329-\u00e5ringar.<\/p>\n\n\n\n<div class=\"wp-block-buttons is-layout-flex wp-block-buttons-is-layout-flex\">\n<div class=\"wp-block-button\"><a class=\"wp-block-button__link has-red-background-color has-background wp-element-button\" href=\"https:\/\/www.helsinkimissio.fi\/sv\/behover-du-hjalp\/unga\/grupper\/\">L\u00e4s mer om Jag r\u00e4cker till-gruppen<\/a><\/div>\n<\/div>\n\n\n                            <\/main>\n                        <\/div>\n                    <\/div>\n                <\/div>\n            <\/div>\n        <\/div>\n<\/section>\n\n<section  class=\"block full-width block-kahdenpalstan-nosto  container-fluid has-background bg- margin-negative-off has-off-white-background-color has--text-color \">\n    <div class=\"container\">\n        <div class=\"row\">\n            <div class=\"\">\n                <div class=\"row\">\n                    <div class=\"col-sm-10 col-xl-12 mx-auto image_lift top right\">\n                        <div class=\"  col-xs-4 col-sm-12 col-md-10 col-lg-10 col-xl-4 image_lift__img_container top offset-1\">\n                            <img decoding=\"async\" src=\"https:\/\/www.helsinkimissio.fi\/wp-content\/uploads\/2022\/06\/Yksinainen_tytto_ikkunan_takana.jpg\" width=\"667\" height=\"1000\" class=\"image_lift__img  top\" alt=\"Raitapaitainen henkil\u00f6 heijastuu ikkunaan\" loading=\"lazy\">                            <img decoding=\"async\" src=\"https:\/\/www.helsinkimissio.fi\/wp-content\/uploads\/2022\/06\/Yksinainen_tytto_ikkunan_takana.jpg\" width=\"667\" height=\"1000\" class=\"image_lift__img mobile  top\" alt=\"Raitapaitainen henkil\u00f6 heijastuu ikkunaan\" loading=\"lazy\">\n                        <\/div>\n                        <div class=\"col-xs-4 col-sm-12 col-md-10 col-lg-10 col-xl-5 image_lift__position  offset-1 center\">\n                            <main class=\"entry-content \">\n                                \n\n<h2 class=\"wp-block-heading\">Ensamhet \u2013 en hj\u00e4lpbok<\/h2>\n\n\n\n<p>Lider du av ensamhet och skulle vilja p\u00e5verka din situation? Att tala med n\u00e5gon om hur du har det kan vara ett viktigt steg f\u00f6r att skapa f\u00f6r\u00e4ndring. Vid <strong>Krisjouren f\u00f6r unga <\/strong>kan du f\u00e5 samtalsst\u00f6d f\u00f6r ensamhet. Inom samtalsst\u00f6det f\u00f6r ensamhet f\u00e5r du bland annat bearbeta upplevelser av ensamhet, k\u00e4nna igen negativa tankem\u00f6nster orsakade av ensamhet och tillsammans med din krisarbetare fundera p\u00e5 vilka just dina behov \u00e4r i relation till andra. I samtalsst\u00f6det f\u00f6r ensamhet f\u00e5r du \u00e4ven hj\u00e4lp av en sj\u00e4lvhj\u00e4lpsbok parallellt med samtalsst\u00f6det.<\/p>\n\n\n\n<div class=\"wp-block-button\"><a class=\"wp-block-button__link has-red-background-color has-background has-text-align-center wp-element-button\" href=\"https:\/\/www.helsinkimissio.fi\/wp-content\/uploads\/2023\/04\/Ensamhet.pdf\" target=\"_blank\" rel=\"noreferrer noopener\">Bekanta dig med sj\u00e4lvhj\u00e4lpsboken \u201dEnsamhet \u2013 en hj\u00e4lpbok\u201d<\/a><\/div>\n\n\n                            <\/main>\n                        <\/div>\n                    <\/div>\n                <\/div>\n            <\/div>\n        <\/div>\n<\/section>","protected":false},"excerpt":{"rendered":"","protected":false},"author":6,"featured_media":38851,"parent":11519,"menu_order":0,"comment_status":"closed","ping_status":"closed","template":"","meta":{"_acf_changed":false,"_relevanssi_hide_post":"","_relevanssi_hide_content":"","_relevanssi_pin_for_all":"","_relevanssi_pin_keywords":"","_relevanssi_unpin_keywords":"","_relevanssi_related_keywords":"","_relevanssi_related_include_ids":"","_relevanssi_related_exclude_ids":"","_relevanssi_related_no_append":"","_relevanssi_related_not_related":"","_relevanssi_related_posts":"8394","_relevanssi_noindex_reason":"","footnotes":""},"class_list":["post-11470","page","type-page","status-publish","has-post-thumbnail","hentry"],"acf":[],"yoast_head":"<!-- This site is optimized with the Yoast SEO plugin v27.4 - https:\/\/yoast.com\/product\/yoast-seo-wordpress\/ -->\n<title>Samtals- och krishj\u00e4lp &#8212; HelsinkiMissio<\/title>\n<meta name=\"description\" content=\"Ta kontakt med Krisjouren f\u00f6r unga om du har bekymmer och du vill ha konfidentiellt samtalsst\u00f6d f\u00f6r dig sj\u00e4lv eller tillsammans med din partner. Det r\u00e4cker att du tar kontakt med oss, vid behov hj\u00e4lper vi dig att komma vidare.\" \/>\n<meta name=\"robots\" content=\"index, follow, max-snippet:-1, max-image-preview:large, max-video-preview:-1\" \/>\n<link rel=\"canonical\" href=\"https:\/\/www.helsinkimissio.fi\/sv\/behover-du-hjalp\/unga\/samtals-och-krishjalp\/\" \/>\n<meta property=\"og:locale\" content=\"sv_SE\" \/>\n<meta property=\"og:type\" content=\"article\" \/>\n<meta property=\"og:title\" content=\"Samtals- och krishj\u00e4lp &#8212; HelsinkiMissio\" \/>\n<meta property=\"og:description\" content=\"Ta kontakt med Krisjouren f\u00f6r unga om du har bekymmer och du vill ha konfidentiellt samtalsst\u00f6d f\u00f6r dig sj\u00e4lv eller tillsammans med din partner. Det r\u00e4cker att du tar kontakt med oss, vid behov hj\u00e4lper vi dig att komma vidare.\" \/>\n<meta property=\"og:url\" content=\"https:\/\/www.helsinkimissio.fi\/sv\/behover-du-hjalp\/unga\/samtals-och-krishjalp\/\" \/>\n<meta property=\"og:site_name\" content=\"HelsinkiMissio\" \/>\n<meta property=\"article:publisher\" content=\"https:\/\/www.facebook.com\/HelsinkiMissio\/\" \/>\n<meta property=\"article:modified_time\" content=\"2026-02-03T11:16:58+00:00\" \/>\n<meta property=\"og:image\" content=\"https:\/\/www.helsinkimissio.fi\/wp-content\/uploads\/2025\/09\/Keskusteluapu-900x600-1-1.jpg\" \/>\n\t<meta property=\"og:image:width\" content=\"900\" \/>\n\t<meta property=\"og:image:height\" content=\"600\" \/>\n\t<meta property=\"og:image:type\" content=\"image\/jpeg\" \/>\n<meta name=\"twitter:card\" content=\"summary_large_image\" \/>\n<meta name=\"twitter:site\" content=\"@HelsinkiMissio\" \/>\n<meta name=\"twitter:label1\" content=\"Ber\u00e4knad l\u00e4stid\" \/>\n\t<meta name=\"twitter:data1\" content=\"8 minuter\" \/>\n<script type=\"application\/ld+json\" class=\"yoast-schema-graph\">{\"@context\":\"https:\\\/\\\/schema.org\",\"@graph\":[{\"@type\":\"WebPage\",\"@id\":\"https:\\\/\\\/www.helsinkimissio.fi\\\/sv\\\/behover-du-hjalp\\\/unga\\\/samtals-och-krishjalp\\\/\",\"url\":\"https:\\\/\\\/www.helsinkimissio.fi\\\/sv\\\/behover-du-hjalp\\\/unga\\\/samtals-och-krishjalp\\\/\",\"name\":\"Samtals- och krishj\u00e4lp &#8212; HelsinkiMissio\",\"isPartOf\":{\"@id\":\"https:\\\/\\\/www.helsinkimissio.fi\\\/sv\\\/#website\"},\"primaryImageOfPage\":{\"@id\":\"https:\\\/\\\/www.helsinkimissio.fi\\\/sv\\\/behover-du-hjalp\\\/unga\\\/samtals-och-krishjalp\\\/#primaryimage\"},\"image\":{\"@id\":\"https:\\\/\\\/www.helsinkimissio.fi\\\/sv\\\/behover-du-hjalp\\\/unga\\\/samtals-och-krishjalp\\\/#primaryimage\"},\"thumbnailUrl\":\"https:\\\/\\\/www.helsinkimissio.fi\\\/wp-content\\\/uploads\\\/2025\\\/09\\\/Keskusteluapu-900x600-1-1.jpg\",\"datePublished\":\"2022-05-20T07:58:54+00:00\",\"dateModified\":\"2026-02-03T11:16:58+00:00\",\"description\":\"Ta kontakt med Krisjouren f\u00f6r unga om du har bekymmer och du vill ha konfidentiellt samtalsst\u00f6d f\u00f6r dig sj\u00e4lv eller tillsammans med din partner. Det r\u00e4cker att du tar kontakt med oss, vid behov hj\u00e4lper vi dig att komma vidare.\",\"breadcrumb\":{\"@id\":\"https:\\\/\\\/www.helsinkimissio.fi\\\/sv\\\/behover-du-hjalp\\\/unga\\\/samtals-och-krishjalp\\\/#breadcrumb\"},\"inLanguage\":\"sv-SE\",\"potentialAction\":[{\"@type\":\"ReadAction\",\"target\":[\"https:\\\/\\\/www.helsinkimissio.fi\\\/sv\\\/behover-du-hjalp\\\/unga\\\/samtals-och-krishjalp\\\/\"]}]},{\"@type\":\"ImageObject\",\"inLanguage\":\"sv-SE\",\"@id\":\"https:\\\/\\\/www.helsinkimissio.fi\\\/sv\\\/behover-du-hjalp\\\/unga\\\/samtals-och-krishjalp\\\/#primaryimage\",\"url\":\"https:\\\/\\\/www.helsinkimissio.fi\\\/wp-content\\\/uploads\\\/2025\\\/09\\\/Keskusteluapu-900x600-1-1.jpg\",\"contentUrl\":\"https:\\\/\\\/www.helsinkimissio.fi\\\/wp-content\\\/uploads\\\/2025\\\/09\\\/Keskusteluapu-900x600-1-1.jpg\",\"width\":900,\"height\":600,\"caption\":\"Nuorten kriisipiste\"},{\"@type\":\"BreadcrumbList\",\"@id\":\"https:\\\/\\\/www.helsinkimissio.fi\\\/sv\\\/behover-du-hjalp\\\/unga\\\/samtals-och-krishjalp\\\/#breadcrumb\",\"itemListElement\":[{\"@type\":\"ListItem\",\"position\":1,\"name\":\"Etusivu\",\"item\":\"https:\\\/\\\/www.helsinkimissio.fi\\\/sv\\\/\"},{\"@type\":\"ListItem\",\"position\":2,\"name\":\"Beh\u00f6ver du hj\u00e4lp?\",\"item\":\"https:\\\/\\\/www.helsinkimissio.fi\\\/sv\\\/behover-du-hjalp\\\/\"},{\"@type\":\"ListItem\",\"position\":3,\"name\":\"F\u00f6r unga\",\"item\":\"https:\\\/\\\/www.helsinkimissio.fi\\\/sv\\\/behover-du-hjalp\\\/unga\\\/\"},{\"@type\":\"ListItem\",\"position\":4,\"name\":\"Samtals- och krishj\u00e4lp\"}]},{\"@type\":\"WebSite\",\"@id\":\"https:\\\/\\\/www.helsinkimissio.fi\\\/sv\\\/#website\",\"url\":\"https:\\\/\\\/www.helsinkimissio.fi\\\/sv\\\/\",\"name\":\"Yhdess\u00e4 yksin\u00e4isyys voitetaan \u2013 HelsinkiMissio\",\"description\":\"Yhdess\u00e4 yksin\u00e4isyys voitetaan.\",\"publisher\":{\"@id\":\"https:\\\/\\\/www.helsinkimissio.fi\\\/sv\\\/#organization\"},\"alternateName\":\"HelsinkiMissio\",\"potentialAction\":[{\"@type\":\"SearchAction\",\"target\":{\"@type\":\"EntryPoint\",\"urlTemplate\":\"https:\\\/\\\/www.helsinkimissio.fi\\\/sv\\\/?s={search_term_string}\"},\"query-input\":{\"@type\":\"PropertyValueSpecification\",\"valueRequired\":true,\"valueName\":\"search_term_string\"}}],\"inLanguage\":\"sv-SE\"},{\"@type\":\"Organization\",\"@id\":\"https:\\\/\\\/www.helsinkimissio.fi\\\/sv\\\/#organization\",\"name\":\"HelsinkiMissio\",\"url\":\"https:\\\/\\\/www.helsinkimissio.fi\\\/sv\\\/\",\"logo\":{\"@type\":\"ImageObject\",\"inLanguage\":\"sv-SE\",\"@id\":\"https:\\\/\\\/www.helsinkimissio.fi\\\/sv\\\/#\\\/schema\\\/logo\\\/image\\\/\",\"url\":\"https:\\\/\\\/www.helsinkimissio.fi\\\/wp-content\\\/uploads\\\/2022\\\/07\\\/cropped-Helsinkimissio_sin_logo.png\",\"contentUrl\":\"https:\\\/\\\/www.helsinkimissio.fi\\\/wp-content\\\/uploads\\\/2022\\\/07\\\/cropped-Helsinkimissio_sin_logo.png\",\"width\":512,\"height\":512,\"caption\":\"HelsinkiMissio\"},\"image\":{\"@id\":\"https:\\\/\\\/www.helsinkimissio.fi\\\/sv\\\/#\\\/schema\\\/logo\\\/image\\\/\"},\"sameAs\":[\"https:\\\/\\\/www.facebook.com\\\/HelsinkiMissio\\\/\",\"https:\\\/\\\/x.com\\\/HelsinkiMissio\",\"https:\\\/\\\/www.instagram.com\\\/helsinkimissio\\\/\",\"https:\\\/\\\/www.linkedin.com\\\/company\\\/10844786\\\/\",\"https:\\\/\\\/www.youtube.com\\\/channel\\\/UCzKk3pYABu9D-DzQAx1Yr2w\"]}]}<\/script>\n<!-- \/ Yoast SEO plugin. -->","yoast_head_json":{"title":"Samtals- och krishj\u00e4lp &#8212; HelsinkiMissio","description":"Ta kontakt med Krisjouren f\u00f6r unga om du har bekymmer och du vill ha konfidentiellt samtalsst\u00f6d f\u00f6r dig sj\u00e4lv eller tillsammans med din partner. Det r\u00e4cker att du tar kontakt med oss, vid behov hj\u00e4lper vi dig att komma vidare.","robots":{"index":"index","follow":"follow","max-snippet":"max-snippet:-1","max-image-preview":"max-image-preview:large","max-video-preview":"max-video-preview:-1"},"canonical":"https:\/\/www.helsinkimissio.fi\/sv\/behover-du-hjalp\/unga\/samtals-och-krishjalp\/","og_locale":"sv_SE","og_type":"article","og_title":"Samtals- och krishj\u00e4lp &#8212; HelsinkiMissio","og_description":"Ta kontakt med Krisjouren f\u00f6r unga om du har bekymmer och du vill ha konfidentiellt samtalsst\u00f6d f\u00f6r dig sj\u00e4lv eller tillsammans med din partner. Det r\u00e4cker att du tar kontakt med oss, vid behov hj\u00e4lper vi dig att komma vidare.","og_url":"https:\/\/www.helsinkimissio.fi\/sv\/behover-du-hjalp\/unga\/samtals-och-krishjalp\/","og_site_name":"HelsinkiMissio","article_publisher":"https:\/\/www.facebook.com\/HelsinkiMissio\/","article_modified_time":"2026-02-03T11:16:58+00:00","og_image":[{"width":900,"height":600,"url":"https:\/\/www.helsinkimissio.fi\/wp-content\/uploads\/2025\/09\/Keskusteluapu-900x600-1-1.jpg","type":"image\/jpeg"}],"twitter_card":"summary_large_image","twitter_site":"@HelsinkiMissio","twitter_misc":{"Ber\u00e4knad l\u00e4stid":"8 minuter"},"schema":{"@context":"https:\/\/schema.org","@graph":[{"@type":"WebPage","@id":"https:\/\/www.helsinkimissio.fi\/sv\/behover-du-hjalp\/unga\/samtals-och-krishjalp\/","url":"https:\/\/www.helsinkimissio.fi\/sv\/behover-du-hjalp\/unga\/samtals-och-krishjalp\/","name":"Samtals- och krishj\u00e4lp &#8212; HelsinkiMissio","isPartOf":{"@id":"https:\/\/www.helsinkimissio.fi\/sv\/#website"},"primaryImageOfPage":{"@id":"https:\/\/www.helsinkimissio.fi\/sv\/behover-du-hjalp\/unga\/samtals-och-krishjalp\/#primaryimage"},"image":{"@id":"https:\/\/www.helsinkimissio.fi\/sv\/behover-du-hjalp\/unga\/samtals-och-krishjalp\/#primaryimage"},"thumbnailUrl":"https:\/\/www.helsinkimissio.fi\/wp-content\/uploads\/2025\/09\/Keskusteluapu-900x600-1-1.jpg","datePublished":"2022-05-20T07:58:54+00:00","dateModified":"2026-02-03T11:16:58+00:00","description":"Ta kontakt med Krisjouren f\u00f6r unga om du har bekymmer och du vill ha konfidentiellt samtalsst\u00f6d f\u00f6r dig sj\u00e4lv eller tillsammans med din partner. Det r\u00e4cker att du tar kontakt med oss, vid behov hj\u00e4lper vi dig att komma vidare.","breadcrumb":{"@id":"https:\/\/www.helsinkimissio.fi\/sv\/behover-du-hjalp\/unga\/samtals-och-krishjalp\/#breadcrumb"},"inLanguage":"sv-SE","potentialAction":[{"@type":"ReadAction","target":["https:\/\/www.helsinkimissio.fi\/sv\/behover-du-hjalp\/unga\/samtals-och-krishjalp\/"]}]},{"@type":"ImageObject","inLanguage":"sv-SE","@id":"https:\/\/www.helsinkimissio.fi\/sv\/behover-du-hjalp\/unga\/samtals-och-krishjalp\/#primaryimage","url":"https:\/\/www.helsinkimissio.fi\/wp-content\/uploads\/2025\/09\/Keskusteluapu-900x600-1-1.jpg","contentUrl":"https:\/\/www.helsinkimissio.fi\/wp-content\/uploads\/2025\/09\/Keskusteluapu-900x600-1-1.jpg","width":900,"height":600,"caption":"Nuorten kriisipiste"},{"@type":"BreadcrumbList","@id":"https:\/\/www.helsinkimissio.fi\/sv\/behover-du-hjalp\/unga\/samtals-och-krishjalp\/#breadcrumb","itemListElement":[{"@type":"ListItem","position":1,"name":"Etusivu","item":"https:\/\/www.helsinkimissio.fi\/sv\/"},{"@type":"ListItem","position":2,"name":"Beh\u00f6ver du hj\u00e4lp?","item":"https:\/\/www.helsinkimissio.fi\/sv\/behover-du-hjalp\/"},{"@type":"ListItem","position":3,"name":"F\u00f6r unga","item":"https:\/\/www.helsinkimissio.fi\/sv\/behover-du-hjalp\/unga\/"},{"@type":"ListItem","position":4,"name":"Samtals- och krishj\u00e4lp"}]},{"@type":"WebSite","@id":"https:\/\/www.helsinkimissio.fi\/sv\/#website","url":"https:\/\/www.helsinkimissio.fi\/sv\/","name":"Yhdess\u00e4 yksin\u00e4isyys voitetaan \u2013 HelsinkiMissio","description":"Yhdess\u00e4 yksin\u00e4isyys voitetaan.","publisher":{"@id":"https:\/\/www.helsinkimissio.fi\/sv\/#organization"},"alternateName":"HelsinkiMissio","potentialAction":[{"@type":"SearchAction","target":{"@type":"EntryPoint","urlTemplate":"https:\/\/www.helsinkimissio.fi\/sv\/?s={search_term_string}"},"query-input":{"@type":"PropertyValueSpecification","valueRequired":true,"valueName":"search_term_string"}}],"inLanguage":"sv-SE"},{"@type":"Organization","@id":"https:\/\/www.helsinkimissio.fi\/sv\/#organization","name":"HelsinkiMissio","url":"https:\/\/www.helsinkimissio.fi\/sv\/","logo":{"@type":"ImageObject","inLanguage":"sv-SE","@id":"https:\/\/www.helsinkimissio.fi\/sv\/#\/schema\/logo\/image\/","url":"https:\/\/www.helsinkimissio.fi\/wp-content\/uploads\/2022\/07\/cropped-Helsinkimissio_sin_logo.png","contentUrl":"https:\/\/www.helsinkimissio.fi\/wp-content\/uploads\/2022\/07\/cropped-Helsinkimissio_sin_logo.png","width":512,"height":512,"caption":"HelsinkiMissio"},"image":{"@id":"https:\/\/www.helsinkimissio.fi\/sv\/#\/schema\/logo\/image\/"},"sameAs":["https:\/\/www.facebook.com\/HelsinkiMissio\/","https:\/\/x.com\/HelsinkiMissio","https:\/\/www.instagram.com\/helsinkimissio\/","https:\/\/www.linkedin.com\/company\/10844786\/","https:\/\/www.youtube.com\/channel\/UCzKk3pYABu9D-DzQAx1Yr2w"]}]}},"_links":{"self":[{"href":"https:\/\/www.helsinkimissio.fi\/sv\/wp-json\/wp\/v2\/pages\/11470","targetHints":{"allow":["GET"]}}],"collection":[{"href":"https:\/\/www.helsinkimissio.fi\/sv\/wp-json\/wp\/v2\/pages"}],"about":[{"href":"https:\/\/www.helsinkimissio.fi\/sv\/wp-json\/wp\/v2\/types\/page"}],"author":[{"embeddable":true,"href":"https:\/\/www.helsinkimissio.fi\/sv\/wp-json\/wp\/v2\/users\/6"}],"replies":[{"embeddable":true,"href":"https:\/\/www.helsinkimissio.fi\/sv\/wp-json\/wp\/v2\/comments?post=11470"}],"version-history":[{"count":15,"href":"https:\/\/www.helsinkimissio.fi\/sv\/wp-json\/wp\/v2\/pages\/11470\/revisions"}],"predecessor-version":[{"id":40659,"href":"https:\/\/www.helsinkimissio.fi\/sv\/wp-json\/wp\/v2\/pages\/11470\/revisions\/40659"}],"up":[{"embeddable":true,"href":"https:\/\/www.helsinkimissio.fi\/sv\/wp-json\/wp\/v2\/pages\/11519"}],"wp:featuredmedia":[{"embeddable":true,"href":"https:\/\/www.helsinkimissio.fi\/sv\/wp-json\/wp\/v2\/media\/38851"}],"wp:attachment":[{"href":"https:\/\/www.helsinkimissio.fi\/sv\/wp-json\/wp\/v2\/media?parent=11470"}],"curies":[{"name":"wp","href":"https:\/\/api.w.org\/{rel}","templated":true}]}}