{"id":11701,"date":"2022-05-20T10:59:25","date_gmt":"2022-05-20T07:59:25","guid":{"rendered":"https:\/\/www.helsinkimissio.fi\/nuorille\/tukihenkilo\/"},"modified":"2026-02-19T13:00:16","modified_gmt":"2026-02-19T11:00:16","slug":"kompis-for-unga","status":"publish","type":"page","link":"https:\/\/www.helsinkimissio.fi\/sv\/behover-du-hjalp\/unga\/kompis-for-unga\/","title":{"rendered":"Kompisverksamhet"},"content":{"rendered":"\n<section  class=\"block block-hero-element container-fluid has-dark-blue-background-color has-bg block block-hero-element-- block-hero-element__desktop-background\" style=\"background-image: url();\">\n    <div class=\"block-hero-element__mobile-background\">\n        <div class=\"container\">\n            <div class=\"row\">\n                <div class=\"col-sm-10 col-md-12 col-hd-12 mx-auto\">\n                    <div class=\"row  block-hero-element__wrapper block-hero-element--text-left   not_front_hero padding-zero\">\n                        <div class=\"offset-1 col-sm-10 col-md-10 col-lg-5 col-xl-5 block-hero-element__text-area block-hero-element--text-vertical-position-center\">\n                            \n\n    <h1 class=\"colored-heading no-background new\">\n                                <p class=\"has-background bg- has-teal-background-color has-white-text-color\"> P\u00e5litligt  <\/p> <br>\n                                <p class=\"has-background bg- has-teal-background-color has-white-text-color\"> s\u00e4llskap av <\/p> <br>\n                                <p class=\"has-background bg- has-teal-background-color has-white-text-color\"> en kompis <\/p> <br>\n            <\/h1>\n\n\n\n<p class=\"has-white-color has-text-color\">Beh\u00f6ver du st\u00f6d i ditt liv? Vill du prata om s\u00e5dant som \u00e4r viktigt f\u00f6r dig med en p\u00e5litlig vuxen?<\/p>\n\n\n\n<p><\/p>\n\n\n\n<p class=\"has-white-color has-text-color\">Med en volont\u00e4r kompis fr\u00e5n HelsingforsMission tr\u00e4ffas ni med ett par veckors mellanrum f\u00f6r att prata om hur det g\u00e5r eller f\u00f6r att g\u00f6ra n\u00e5got trevligt tillsammans. Kompisen trygg vuxen, som du kan spendera tid med antingen face-to-face eller p\u00e5 distans.<\/p>\n\n\n                        <\/div>\n                                                    <div class=\" offset-1 col-sm-10 col-md-10 col-lg-5 col-xl-4 block-hero-element__image-area block-hero-element__image-area--center\">\n                                <img decoding=\"async\" src=\"https:\/\/www.helsinkimissio.fi\/wp-content\/uploads\/2022\/07\/600x900_Hero_Nuoret_Murheellinen_Tytto\u0308.jpg\" width=\"600\" height=\"900\" alt=\"\" loading=\"lazy\">                            <\/div>\n                        \n                        \n                    <\/div>\n                <\/div>\n            <\/div>\n        <\/div>\n    <\/div>\n<\/section>\n\n\n<section  class=\"block  block-content-wrapper container-fluid has-background has-off-white-background-color has-background bg- has-off-white-background-color has--text-color\">\n    <div class=\"container\">\n        <div class=\"row  flex-start col-12\" style=\"justify-content: flex-start; \">\n                            <div class=\"\">\n                                    <main class=\"entry-content\">\n                        \n\n<h2 class=\"wp-block-heading\"><strong>Vad \u00e4r HelsingforsMissions kompis?<\/strong><\/h2>\n\n\n\n<p>Ni tr\u00e4ffas med kompisen p\u00e5 plats i huvudstadsregionen (Helsingfors, Vanda, Esbo, Grankulla). Du kan \u00e4ven ans\u00f6ka om en kompis oberoende var i Finland du bor och byta tankar kring det som \u00e4r viktigt f\u00f6r dig genom distansm\u00f6ten. Kompisverksamheten \u00e4r till f\u00f6r unga i \u00e5ldern 12\u201329 \u00e5r p\u00e5 svenska, <a href=\"https:\/\/www.helsinkimissio.fi\/sv\/behover-du-hjalp\/unga\/kompis-for-unga\/\">finska<\/a> eller <a href=\"https:\/\/www.helsinkimissio.fi\/sv\/behover-du-hjalp\/unga\/kompis-for-unga\/\">engelska<\/a>. Vi \u00f6nskar att din livssituation \u00e4r tillr\u00e4ckligt stabil n\u00e4r du s\u00f6ker dig till tj\u00e4nsten, och vi hoppas att du kan f\u00f6rbinda dig till regelbundna tr\u00e4ffar tillsammans med kompisen.<\/p>\n\n\n\n<p>F\u00f6r minder\u00e5riga kr\u00e4vs v\u00e5rdnadshavares samtycke f\u00f6r att inleda kompisrelationen. F\u00f6rutom detta \u00e4r st\u00f6drelationen fullst\u00e4ndigt mellan kompisen och den unga, och kompisen ber\u00e4ttar inte vidare om ungas \u00e4renden till v\u00e5rdnadshavare.<\/p>\n\n\n\n<p>Kompisarna \u00e4r \u00f6ver 20-\u00e5riga volont\u00e4rer, som \u00e4r utbildade av Helsingforsmission och har livet i balans. Kompisen finns d\u00e4r f\u00f6r dig, men ers\u00e4tter inte professionell hj\u00e4lp eller fungerar som terapeut. Kompisen har tystnadsplikt, men vid behov \u00e4r kompisen skyldig att rapportera om situationer som medf\u00f6r fara i liv eller h\u00e4lsa till myndigheterna.<\/p>\n\n\n\n<p>Vi v\u00e4ljer kompisen enligt dina \u00f6nskem\u00e5l. Du kan framf\u00f6ra \u00f6nskem\u00e5l till exempel ang\u00e5ende kompisens hobbyer, k\u00f6n eller \u00e5lder. Kompisen \u00e4r \u00e4nd\u00e5 alltid minst fem \u00e5r \u00e4ldre \u00e4n du och har f\u00e5tt utbildning f\u00f6r sin uppgift.<\/p>\n\n\n\n<h3 class=\"wp-block-heading has-dark-blue-color has-text-color\"><strong>Ut\u00f6ver s\u00e4llskap kan kompisen ocks\u00e5 st\u00f6da i <\/strong><\/h3>\n\n\n\n<ul class=\"wp-block-list\">\n<li>att hitta meningsfulla aktiviteter p\u00e5 fritiden<\/li>\n\n\n\n<li>att \u00f6va p\u00e5 att r\u00f6ra sig sj\u00e4lvst\u00e4ndigt<\/li>\n\n\n\n<li>fr\u00e5gor kring sj\u00e4lvst\u00e4ndighet och identitet<\/li>\n\n\n\n<li>fr\u00e5gor kring studier och arbete<\/li>\n\n\n\n<li>funderingar kring f\u00f6rh\u00e5llanden, v\u00e4nskap och familjerelationer<\/li>\n\n\n\n<li>funderingar kring sexualitet och k\u00f6nsidentitet (det \u00e4r ocks\u00e5 m\u00f6jligt att ans\u00f6ka om en finskspr\u00e5kig&nbsp;<em>regnb\u00e5gsvolont\u00e4r<\/em>&nbsp;med egen erfarenhet av regnb\u00e5gsfr\u00e5gor)<\/li>\n\n\n\n<li>integration och att \u00f6va sig p\u00e5 finska eller svenska<\/li>\n\n\n\n<li>livsf\u00f6r\u00e4ndringar och vardagsfr\u00e5gor<\/li>\n<\/ul>\n\n\n                    <\/main>\n                    <\/div>\n                <\/div>\n        <\/div>\n<\/section>\n\n\n<section  class=\"block  block-content-wrapper container-fluid has-background has-off-white-background-color has-background bg- has-off-white-background-color has-dark-blue-text-color\">\n    <div class=\"container\">\n        <div class=\"row  flex-start col-12\" style=\"justify-content: flex-start; \">\n                            <div class=\"\">\n                                    <main class=\"entry-content\">\n                        \n\n<h2 class=\"wp-block-heading\"><strong><strong>S\u00e5 h\u00e4r ans\u00f6ker du om en kompis<\/strong><\/strong><\/h2>\n\n\n\n<p>Boka en telefontid sj\u00e4lv eller tillsammans med en yrkesperson eller v\u00e5rdnadshavare. Om du nyligen har arbetat med en yrkesperson, som exempelvis ungdomsledare, skolkurator eller socialarbetare, ta upp \u00e4rendet med dem och boka en tid tillsammans. F\u00f6r minder\u00e5riga rekommenderas det att v\u00e5rdnadshavaren eller yrkespersonen \u00e4r med under det f\u00f6rsta kartl\u00e4ggningssamtalet.<\/p>\n\n\n\n<p>Om du \u00e4r v\u00e5rdnadshavare eller en yrkesperson och vill ans\u00f6ka om en kompis till en ungdom, v\u00e4nligen l\u00e4s mer om verksamheten <a href=\"https:\/\/www.helsinkimissio.fi\/sv\/hjalp-unga-att-hitta-en-kompis\/(avaa uuden v\u00e4lilehden)\"><\/a><a href=\"https:\/\/www.helsinkimissio.fi\/sv\/ansok-om-en-kompis-for-den-unga\/\">h\u00e4r<\/a>.<\/p>\n\n\n\n<p class=\"is-style-default has-red-color has-text-color has-link-color wp-elements-fd7ac177ad6d496de3428965667b4023\"><strong>Det \u00e4r tillf\u00e4lligt dr\u00f6jsm\u00e5l i behandlandet av nya ans\u00f6kningar till verksamheten.<\/strong><\/p>\n\n\n\n<ol class=\"wp-block-list\">\n<li>Boka en telefontid med oss i kalendern nedan. En medarbetare ringer upp dig f\u00f6r att diskutera om kompisverksamheten \u00e4r l\u00e4mplig f\u00f6r dig. Boka tiden endast med ditt f\u00f6rnamn. Du f\u00e5r en bekr\u00e4ftelse p\u00e5 lyckad bokning. Om det inte finns l\u00e4mpliga tider i kalendern, f\u00e5r du g\u00e4rna vara i kontakt med oss till kaveritoiminta@helsinkimissio.fi, eller via kontaktuppgifterna nedan.<\/li>\n\n\n\n<li>Ta det lugnt.  Det kan ta en tid att hitta en l\u00e4mplig kompis. Vi vill s\u00e4kerst\u00e4lla att st\u00f6dparet \u00e4r en bra match.<\/li>\n\n\n\n<li>N\u00e4r en l\u00e4mplig kompis har hittats ordnar vi en introduktionstr\u00e4ff d\u00e4r ni presenterar er och pratar om f\u00f6rv\u00e4ntningarna av st\u00f6drelationen.<\/li>\n<\/ol>\n\n\n<script type=\"text\/javascript\" language=\"javascript\">(function(d,s,i,c,j,a){a=d.getElementsByTagName(s)[0];if(d.getElementById(i))return;j=d.createElement(s);j.id=i;j.async=1;j.setAttribute(\"data-c\",c);j.setAttribute(\"data-l\",\"sv\");j.setAttribute(\"data-segment\",\"0f629c9a\");j.src=\"https:\/\/static.vello.fi\/js\/wizard\/vwiz.js\";a.parentNode.insertBefore(j,a);}(document,\"script\",\"vello-wizard-sdk\",\"helsinkimissio\")); <\/script><div id=\"vello-wizard\"><\/div>\n\n\n\n<p><\/p>\n\n\n\n<p><\/p>\n\n\n\n<p><\/p>\n\n\n                    <\/main>\n                    <\/div>\n                <\/div>\n        <\/div>\n<\/section>\n\n\n\n\n<section  class=\"block full-width block-kahdenpalstan-nosto-2 container-fluid has-background bg- has-red-background-color has-white-text-color\">\n    <div class=\"container\">\n        <div class=\"row\">\n            <div class=\"col-sm-10 col-xl-12 mx-auto\">\n                <div class=\"row\">\n                    <div class=\"image_text_lift left\">\n                        <div class=\"col-xs-4 col-sm-12 col-md-10 col-xl-4  image_text_lift__img_container  offset-1 \">\n\n                            <img decoding=\"async\" src=\"https:\/\/www.helsinkimissio.fi\/wp-content\/uploads\/2022\/07\/600x900_Hero_Nuoret_nuori_tytto_korvakuullokket.jpg\" width=\"600\" height=\"900\" class=\"image_text_lift__img\" alt=\"Tytt\u00f6 kuulokkeet olkap\u00e4ill\u00e4\" loading=\"lazy\">                            \n                        <\/div>\n                        <div class=\"col-xs-4 col-sm-12 col-md-10 col-xl-4 image_text_lift__position offset-2 middle\">\n                            <main class=\"entry-content \">\n                                \n\n<blockquote class=\"wp-block-quote is-style-default is-layout-flow wp-block-quote-is-layout-flow\">\n<p>\u201dMin kompis har blivit en \u00e4kta v\u00e4n som jag v\u00e5gar uppleva vad som helst med.\u201d<\/p>\n<\/blockquote>\n\n\n                            <\/main>\n                        <\/div>\n                    <\/div>\n                <\/div>\n            <\/div>\n        <\/div>\n<\/section>\n\n\n<section  class=\"block  block-content-wrapper container-fluid has-background has-white-background-color has-background bg- has-white-background-color has--text-color\">\n    <div class=\"container\">\n        <div class=\"row  flex-start col-12\" style=\"justify-content: flex-start; \">\n                            <div class=\"\">\n                                    <main class=\"entry-content\">\n                        \n\n<h2 class=\"wp-block-heading has-dark-blue-color has-text-color\">Ta kontakt<\/h2>\n\n\n\n\n<section class=\" block-henkilonosto container-fluid \">\n    <div class=\"container\">\n        <div class=\"row\">\n            <div class=\"col-12\">\n                <div class=\"personel__card col-6 col-sm-5 col-md-4 col-xl-2\">\n                    <div class=\"personel__item \">\n                                                    <img decoding=\"async\" src=\"https:\/\/www.helsinkimissio.fi\/wp-content\/uploads\/2022\/08\/800x800_henkilo\u0308sto\u0308_Sundholm-Corinna.png\" class=\"personel__img\">\n                                                                            <h4>Corinna Sundholm<\/h4>\n                                                                            <h5>Vapaaehtoistoiminnan koordinaattori<\/h5>\n                                                                            <span>\n                                <p>09 2312 0227, 043 201 3195<\/p>\n                            <\/span>\n                        \n                    <\/div>\n                <\/div>\n            <\/div>\n        <\/div>\n    <\/div>\n<\/section>\n\n\n<p class=\"is-style-lead\"><br><br><\/p>\n\n\n                    <\/main>\n                    <\/div>\n                <\/div>\n        <\/div>\n<\/section>","protected":false},"excerpt":{"rendered":"","protected":false},"author":2,"featured_media":3183,"parent":11519,"menu_order":0,"comment_status":"closed","ping_status":"closed","template":"","meta":{"_acf_changed":false,"_relevanssi_hide_post":"","_relevanssi_hide_content":"","_relevanssi_pin_for_all":"","_relevanssi_pin_keywords":"","_relevanssi_unpin_keywords":"","_relevanssi_related_keywords":"","_relevanssi_related_include_ids":"","_relevanssi_related_exclude_ids":"","_relevanssi_related_no_append":"","_relevanssi_related_not_related":"","_relevanssi_related_posts":"1089,899,952,909","_relevanssi_noindex_reason":"","footnotes":""},"class_list":["post-11701","page","type-page","status-publish","has-post-thumbnail","hentry"],"acf":[],"yoast_head":"<!-- This site is optimized with the Yoast SEO plugin v27.4 - https:\/\/yoast.com\/product\/yoast-seo-wordpress\/ -->\n<title>Kompisverksamhet &#8212; HelsinkiMissio<\/title>\n<meta name=\"description\" content=\"Med en kompis fr\u00e5n HelsingforsMission tr\u00e4ffas ni med ett par veckors mellanrum f\u00f6r att prata om hur det g\u00e5r eller f\u00f6r att g\u00f6ra n\u00e5got trevligt tillsammans. Kompisen \u00e4r en frivillig trygg vuxen, som du kan spendera tid med antingen face-to-face eller p\u00e5 distans.\" \/>\n<meta name=\"robots\" content=\"index, follow, max-snippet:-1, max-image-preview:large, max-video-preview:-1\" \/>\n<link rel=\"canonical\" href=\"https:\/\/www.helsinkimissio.fi\/sv\/behover-du-hjalp\/unga\/kompis-for-unga\/\" \/>\n<meta property=\"og:locale\" content=\"sv_SE\" \/>\n<meta property=\"og:type\" content=\"article\" \/>\n<meta property=\"og:title\" content=\"Kompisverksamhet &#8212; HelsinkiMissio\" \/>\n<meta property=\"og:description\" content=\"Med en kompis fr\u00e5n HelsingforsMission tr\u00e4ffas ni med ett par veckors mellanrum f\u00f6r att prata om hur det g\u00e5r eller f\u00f6r att g\u00f6ra n\u00e5got trevligt tillsammans. Kompisen \u00e4r en frivillig trygg vuxen, som du kan spendera tid med antingen face-to-face eller p\u00e5 distans.\" \/>\n<meta property=\"og:url\" content=\"https:\/\/www.helsinkimissio.fi\/sv\/behover-du-hjalp\/unga\/kompis-for-unga\/\" \/>\n<meta property=\"og:site_name\" content=\"HelsinkiMissio\" \/>\n<meta property=\"article:publisher\" content=\"https:\/\/www.facebook.com\/HelsinkiMissio\/\" \/>\n<meta property=\"article:modified_time\" content=\"2026-02-19T11:00:16+00:00\" \/>\n<meta property=\"og:image\" content=\"https:\/\/www.helsinkimissio.fi\/wp-content\/uploads\/2022\/06\/Nuori_lohduttaa_toista.jpg\" \/>\n\t<meta property=\"og:image:width\" content=\"1920\" \/>\n\t<meta property=\"og:image:height\" content=\"1080\" \/>\n\t<meta property=\"og:image:type\" content=\"image\/jpeg\" \/>\n<meta name=\"twitter:card\" content=\"summary_large_image\" \/>\n<meta name=\"twitter:site\" content=\"@HelsinkiMissio\" \/>\n<meta name=\"twitter:label1\" content=\"Ber\u00e4knad l\u00e4stid\" \/>\n\t<meta name=\"twitter:data1\" content=\"7 minuter\" \/>\n<script type=\"application\/ld+json\" class=\"yoast-schema-graph\">{\"@context\":\"https:\\\/\\\/schema.org\",\"@graph\":[{\"@type\":\"WebPage\",\"@id\":\"https:\\\/\\\/www.helsinkimissio.fi\\\/sv\\\/behover-du-hjalp\\\/unga\\\/kompis-for-unga\\\/\",\"url\":\"https:\\\/\\\/www.helsinkimissio.fi\\\/sv\\\/behover-du-hjalp\\\/unga\\\/kompis-for-unga\\\/\",\"name\":\"Kompisverksamhet &#8212; HelsinkiMissio\",\"isPartOf\":{\"@id\":\"https:\\\/\\\/www.helsinkimissio.fi\\\/sv\\\/#website\"},\"primaryImageOfPage\":{\"@id\":\"https:\\\/\\\/www.helsinkimissio.fi\\\/sv\\\/behover-du-hjalp\\\/unga\\\/kompis-for-unga\\\/#primaryimage\"},\"image\":{\"@id\":\"https:\\\/\\\/www.helsinkimissio.fi\\\/sv\\\/behover-du-hjalp\\\/unga\\\/kompis-for-unga\\\/#primaryimage\"},\"thumbnailUrl\":\"https:\\\/\\\/www.helsinkimissio.fi\\\/wp-content\\\/uploads\\\/2022\\\/06\\\/Nuori_lohduttaa_toista.jpg\",\"datePublished\":\"2022-05-20T07:59:25+00:00\",\"dateModified\":\"2026-02-19T11:00:16+00:00\",\"description\":\"Med en kompis fr\u00e5n HelsingforsMission tr\u00e4ffas ni med ett par veckors mellanrum f\u00f6r att prata om hur det g\u00e5r eller f\u00f6r att g\u00f6ra n\u00e5got trevligt tillsammans. Kompisen \u00e4r en frivillig trygg vuxen, som du kan spendera tid med antingen face-to-face eller p\u00e5 distans.\",\"breadcrumb\":{\"@id\":\"https:\\\/\\\/www.helsinkimissio.fi\\\/sv\\\/behover-du-hjalp\\\/unga\\\/kompis-for-unga\\\/#breadcrumb\"},\"inLanguage\":\"sv-SE\",\"potentialAction\":[{\"@type\":\"ReadAction\",\"target\":[\"https:\\\/\\\/www.helsinkimissio.fi\\\/sv\\\/behover-du-hjalp\\\/unga\\\/kompis-for-unga\\\/\"]}]},{\"@type\":\"ImageObject\",\"inLanguage\":\"sv-SE\",\"@id\":\"https:\\\/\\\/www.helsinkimissio.fi\\\/sv\\\/behover-du-hjalp\\\/unga\\\/kompis-for-unga\\\/#primaryimage\",\"url\":\"https:\\\/\\\/www.helsinkimissio.fi\\\/wp-content\\\/uploads\\\/2022\\\/06\\\/Nuori_lohduttaa_toista.jpg\",\"contentUrl\":\"https:\\\/\\\/www.helsinkimissio.fi\\\/wp-content\\\/uploads\\\/2022\\\/06\\\/Nuori_lohduttaa_toista.jpg\",\"width\":1920,\"height\":1080,\"caption\":\"Nuoret lohduttavat toisiaan\"},{\"@type\":\"BreadcrumbList\",\"@id\":\"https:\\\/\\\/www.helsinkimissio.fi\\\/sv\\\/behover-du-hjalp\\\/unga\\\/kompis-for-unga\\\/#breadcrumb\",\"itemListElement\":[{\"@type\":\"ListItem\",\"position\":1,\"name\":\"Etusivu\",\"item\":\"https:\\\/\\\/www.helsinkimissio.fi\\\/sv\\\/\"},{\"@type\":\"ListItem\",\"position\":2,\"name\":\"Beh\u00f6ver du hj\u00e4lp?\",\"item\":\"https:\\\/\\\/www.helsinkimissio.fi\\\/sv\\\/behover-du-hjalp\\\/\"},{\"@type\":\"ListItem\",\"position\":3,\"name\":\"F\u00f6r unga\",\"item\":\"https:\\\/\\\/www.helsinkimissio.fi\\\/sv\\\/behover-du-hjalp\\\/unga\\\/\"},{\"@type\":\"ListItem\",\"position\":4,\"name\":\"Kompisverksamhet\"}]},{\"@type\":\"WebSite\",\"@id\":\"https:\\\/\\\/www.helsinkimissio.fi\\\/sv\\\/#website\",\"url\":\"https:\\\/\\\/www.helsinkimissio.fi\\\/sv\\\/\",\"name\":\"Yhdess\u00e4 yksin\u00e4isyys voitetaan \u2013 HelsinkiMissio\",\"description\":\"Yhdess\u00e4 yksin\u00e4isyys voitetaan.\",\"publisher\":{\"@id\":\"https:\\\/\\\/www.helsinkimissio.fi\\\/sv\\\/#organization\"},\"alternateName\":\"HelsinkiMissio\",\"potentialAction\":[{\"@type\":\"SearchAction\",\"target\":{\"@type\":\"EntryPoint\",\"urlTemplate\":\"https:\\\/\\\/www.helsinkimissio.fi\\\/sv\\\/?s={search_term_string}\"},\"query-input\":{\"@type\":\"PropertyValueSpecification\",\"valueRequired\":true,\"valueName\":\"search_term_string\"}}],\"inLanguage\":\"sv-SE\"},{\"@type\":\"Organization\",\"@id\":\"https:\\\/\\\/www.helsinkimissio.fi\\\/sv\\\/#organization\",\"name\":\"HelsinkiMissio\",\"url\":\"https:\\\/\\\/www.helsinkimissio.fi\\\/sv\\\/\",\"logo\":{\"@type\":\"ImageObject\",\"inLanguage\":\"sv-SE\",\"@id\":\"https:\\\/\\\/www.helsinkimissio.fi\\\/sv\\\/#\\\/schema\\\/logo\\\/image\\\/\",\"url\":\"https:\\\/\\\/www.helsinkimissio.fi\\\/wp-content\\\/uploads\\\/2022\\\/07\\\/cropped-Helsinkimissio_sin_logo.png\",\"contentUrl\":\"https:\\\/\\\/www.helsinkimissio.fi\\\/wp-content\\\/uploads\\\/2022\\\/07\\\/cropped-Helsinkimissio_sin_logo.png\",\"width\":512,\"height\":512,\"caption\":\"HelsinkiMissio\"},\"image\":{\"@id\":\"https:\\\/\\\/www.helsinkimissio.fi\\\/sv\\\/#\\\/schema\\\/logo\\\/image\\\/\"},\"sameAs\":[\"https:\\\/\\\/www.facebook.com\\\/HelsinkiMissio\\\/\",\"https:\\\/\\\/x.com\\\/HelsinkiMissio\",\"https:\\\/\\\/www.instagram.com\\\/helsinkimissio\\\/\",\"https:\\\/\\\/www.linkedin.com\\\/company\\\/10844786\\\/\",\"https:\\\/\\\/www.youtube.com\\\/channel\\\/UCzKk3pYABu9D-DzQAx1Yr2w\"]}]}<\/script>\n<!-- \/ Yoast SEO plugin. -->","yoast_head_json":{"title":"Kompisverksamhet &#8212; HelsinkiMissio","description":"Med en kompis fr\u00e5n HelsingforsMission tr\u00e4ffas ni med ett par veckors mellanrum f\u00f6r att prata om hur det g\u00e5r eller f\u00f6r att g\u00f6ra n\u00e5got trevligt tillsammans. Kompisen \u00e4r en frivillig trygg vuxen, som du kan spendera tid med antingen face-to-face eller p\u00e5 distans.","robots":{"index":"index","follow":"follow","max-snippet":"max-snippet:-1","max-image-preview":"max-image-preview:large","max-video-preview":"max-video-preview:-1"},"canonical":"https:\/\/www.helsinkimissio.fi\/sv\/behover-du-hjalp\/unga\/kompis-for-unga\/","og_locale":"sv_SE","og_type":"article","og_title":"Kompisverksamhet &#8212; HelsinkiMissio","og_description":"Med en kompis fr\u00e5n HelsingforsMission tr\u00e4ffas ni med ett par veckors mellanrum f\u00f6r att prata om hur det g\u00e5r eller f\u00f6r att g\u00f6ra n\u00e5got trevligt tillsammans. Kompisen \u00e4r en frivillig trygg vuxen, som du kan spendera tid med antingen face-to-face eller p\u00e5 distans.","og_url":"https:\/\/www.helsinkimissio.fi\/sv\/behover-du-hjalp\/unga\/kompis-for-unga\/","og_site_name":"HelsinkiMissio","article_publisher":"https:\/\/www.facebook.com\/HelsinkiMissio\/","article_modified_time":"2026-02-19T11:00:16+00:00","og_image":[{"width":1920,"height":1080,"url":"https:\/\/www.helsinkimissio.fi\/wp-content\/uploads\/2022\/06\/Nuori_lohduttaa_toista.jpg","type":"image\/jpeg"}],"twitter_card":"summary_large_image","twitter_site":"@HelsinkiMissio","twitter_misc":{"Ber\u00e4knad l\u00e4stid":"7 minuter"},"schema":{"@context":"https:\/\/schema.org","@graph":[{"@type":"WebPage","@id":"https:\/\/www.helsinkimissio.fi\/sv\/behover-du-hjalp\/unga\/kompis-for-unga\/","url":"https:\/\/www.helsinkimissio.fi\/sv\/behover-du-hjalp\/unga\/kompis-for-unga\/","name":"Kompisverksamhet &#8212; HelsinkiMissio","isPartOf":{"@id":"https:\/\/www.helsinkimissio.fi\/sv\/#website"},"primaryImageOfPage":{"@id":"https:\/\/www.helsinkimissio.fi\/sv\/behover-du-hjalp\/unga\/kompis-for-unga\/#primaryimage"},"image":{"@id":"https:\/\/www.helsinkimissio.fi\/sv\/behover-du-hjalp\/unga\/kompis-for-unga\/#primaryimage"},"thumbnailUrl":"https:\/\/www.helsinkimissio.fi\/wp-content\/uploads\/2022\/06\/Nuori_lohduttaa_toista.jpg","datePublished":"2022-05-20T07:59:25+00:00","dateModified":"2026-02-19T11:00:16+00:00","description":"Med en kompis fr\u00e5n HelsingforsMission tr\u00e4ffas ni med ett par veckors mellanrum f\u00f6r att prata om hur det g\u00e5r eller f\u00f6r att g\u00f6ra n\u00e5got trevligt tillsammans. Kompisen \u00e4r en frivillig trygg vuxen, som du kan spendera tid med antingen face-to-face eller p\u00e5 distans.","breadcrumb":{"@id":"https:\/\/www.helsinkimissio.fi\/sv\/behover-du-hjalp\/unga\/kompis-for-unga\/#breadcrumb"},"inLanguage":"sv-SE","potentialAction":[{"@type":"ReadAction","target":["https:\/\/www.helsinkimissio.fi\/sv\/behover-du-hjalp\/unga\/kompis-for-unga\/"]}]},{"@type":"ImageObject","inLanguage":"sv-SE","@id":"https:\/\/www.helsinkimissio.fi\/sv\/behover-du-hjalp\/unga\/kompis-for-unga\/#primaryimage","url":"https:\/\/www.helsinkimissio.fi\/wp-content\/uploads\/2022\/06\/Nuori_lohduttaa_toista.jpg","contentUrl":"https:\/\/www.helsinkimissio.fi\/wp-content\/uploads\/2022\/06\/Nuori_lohduttaa_toista.jpg","width":1920,"height":1080,"caption":"Nuoret lohduttavat toisiaan"},{"@type":"BreadcrumbList","@id":"https:\/\/www.helsinkimissio.fi\/sv\/behover-du-hjalp\/unga\/kompis-for-unga\/#breadcrumb","itemListElement":[{"@type":"ListItem","position":1,"name":"Etusivu","item":"https:\/\/www.helsinkimissio.fi\/sv\/"},{"@type":"ListItem","position":2,"name":"Beh\u00f6ver du hj\u00e4lp?","item":"https:\/\/www.helsinkimissio.fi\/sv\/behover-du-hjalp\/"},{"@type":"ListItem","position":3,"name":"F\u00f6r unga","item":"https:\/\/www.helsinkimissio.fi\/sv\/behover-du-hjalp\/unga\/"},{"@type":"ListItem","position":4,"name":"Kompisverksamhet"}]},{"@type":"WebSite","@id":"https:\/\/www.helsinkimissio.fi\/sv\/#website","url":"https:\/\/www.helsinkimissio.fi\/sv\/","name":"Yhdess\u00e4 yksin\u00e4isyys voitetaan \u2013 HelsinkiMissio","description":"Yhdess\u00e4 yksin\u00e4isyys voitetaan.","publisher":{"@id":"https:\/\/www.helsinkimissio.fi\/sv\/#organization"},"alternateName":"HelsinkiMissio","potentialAction":[{"@type":"SearchAction","target":{"@type":"EntryPoint","urlTemplate":"https:\/\/www.helsinkimissio.fi\/sv\/?s={search_term_string}"},"query-input":{"@type":"PropertyValueSpecification","valueRequired":true,"valueName":"search_term_string"}}],"inLanguage":"sv-SE"},{"@type":"Organization","@id":"https:\/\/www.helsinkimissio.fi\/sv\/#organization","name":"HelsinkiMissio","url":"https:\/\/www.helsinkimissio.fi\/sv\/","logo":{"@type":"ImageObject","inLanguage":"sv-SE","@id":"https:\/\/www.helsinkimissio.fi\/sv\/#\/schema\/logo\/image\/","url":"https:\/\/www.helsinkimissio.fi\/wp-content\/uploads\/2022\/07\/cropped-Helsinkimissio_sin_logo.png","contentUrl":"https:\/\/www.helsinkimissio.fi\/wp-content\/uploads\/2022\/07\/cropped-Helsinkimissio_sin_logo.png","width":512,"height":512,"caption":"HelsinkiMissio"},"image":{"@id":"https:\/\/www.helsinkimissio.fi\/sv\/#\/schema\/logo\/image\/"},"sameAs":["https:\/\/www.facebook.com\/HelsinkiMissio\/","https:\/\/x.com\/HelsinkiMissio","https:\/\/www.instagram.com\/helsinkimissio\/","https:\/\/www.linkedin.com\/company\/10844786\/","https:\/\/www.youtube.com\/channel\/UCzKk3pYABu9D-DzQAx1Yr2w"]}]}},"_links":{"self":[{"href":"https:\/\/www.helsinkimissio.fi\/sv\/wp-json\/wp\/v2\/pages\/11701","targetHints":{"allow":["GET"]}}],"collection":[{"href":"https:\/\/www.helsinkimissio.fi\/sv\/wp-json\/wp\/v2\/pages"}],"about":[{"href":"https:\/\/www.helsinkimissio.fi\/sv\/wp-json\/wp\/v2\/types\/page"}],"author":[{"embeddable":true,"href":"https:\/\/www.helsinkimissio.fi\/sv\/wp-json\/wp\/v2\/users\/2"}],"replies":[{"embeddable":true,"href":"https:\/\/www.helsinkimissio.fi\/sv\/wp-json\/wp\/v2\/comments?post=11701"}],"version-history":[{"count":15,"href":"https:\/\/www.helsinkimissio.fi\/sv\/wp-json\/wp\/v2\/pages\/11701\/revisions"}],"predecessor-version":[{"id":40976,"href":"https:\/\/www.helsinkimissio.fi\/sv\/wp-json\/wp\/v2\/pages\/11701\/revisions\/40976"}],"up":[{"embeddable":true,"href":"https:\/\/www.helsinkimissio.fi\/sv\/wp-json\/wp\/v2\/pages\/11519"}],"wp:featuredmedia":[{"embeddable":true,"href":"https:\/\/www.helsinkimissio.fi\/sv\/wp-json\/wp\/v2\/media\/3183"}],"wp:attachment":[{"href":"https:\/\/www.helsinkimissio.fi\/sv\/wp-json\/wp\/v2\/media?parent=11701"}],"curies":[{"name":"wp","href":"https:\/\/api.w.org\/{rel}","templated":true}]}}