{"id":11724,"date":"2022-05-20T12:20:31","date_gmt":"2022-05-20T09:20:31","guid":{"rendered":"https:\/\/www.helsinkimissio.fi\/senioreille\/"},"modified":"2025-07-03T14:35:12","modified_gmt":"2025-07-03T11:35:12","slug":"for-seniorer","status":"publish","type":"page","link":"https:\/\/www.helsinkimissio.fi\/sv\/behover-du-hjalp\/for-seniorer\/","title":{"rendered":"F\u00f6r seniorer"},"content":{"rendered":"\n<section  class=\"block block-hero-element container-fluid has-off-white-background-color has-bg block block-hero-element-- block-hero-element__desktop-background\" style=\"background-image: url();\">\n    <div class=\"block-hero-element__mobile-background\">\n        <div class=\"container\">\n            <div class=\"row\">\n                <div class=\"col-sm-10 col-md-12 col-hd-12 mx-auto\">\n                    <div class=\"row  block-hero-element__wrapper block-hero-element--text-left  align-items-start not_front_hero padding-zero\">\n                        <div class=\"offset-1 col-sm-10 col-md-10 col-lg-5 col-xl-5 block-hero-element__text-area block-hero-element--text-vertical-position-center\">\n                            \n\n    <h1 class=\"colored-heading no-background new wp-elements-b04402a75b935da017d999086331c05c\">\n                                <p class=\"has-background bg- has-red-background-color has-white-text-color\"> St\u00f6d och hj\u00e4lp <\/p> <br>\n                                <p class=\"has-background bg- has-red-background-color has-white-text-color\"> f\u00f6r seniorer <\/p> <br>\n            <\/h1>\n\n\n\n<p class=\"has-dark-blue-color has-off-white-background-color has-text-color has-background\">K\u00e4nner du dig ensam? Har du ett behov av yrkeshj\u00e4lp eller st\u00f6d av en volont\u00e4r? V\u00e5ra professionella hj\u00e4lpare och volont\u00e4rer \u00e4r redo att hj\u00e4lpa och lyssna p\u00e5 dig antingen ansikte mot ansikte eller p\u00e5 distans. Bekanta dig med v\u00e5ra tj\u00e4nster och ta kontakt. Vi finns till f\u00f6r dig.<\/p>\n\n\n\n<p class=\"has-dark-blue-color has-off-white-background-color has-text-color has-background\"><\/p>\n\n\n                        <\/div>\n                                                    <div class=\" offset-1 col-sm-10 col-md-10 col-lg-5 col-xl-4 block-hero-element__image-area block-hero-element__image-area--top\">\n                                <img decoding=\"async\" src=\"https:\/\/www.helsinkimissio.fi\/wp-content\/uploads\/2022\/07\/1920x1080_Hero_Seniori_Yksinainen_Seniori_Nainen-e1664880399761.jpg\" width=\"1980\" height=\"1080\" alt=\"Yksin\u00e4inen vanhempi nainen katsoo ikkunasta\" loading=\"lazy\">                            <\/div>\n                        \n                        \n                    <\/div>\n                <\/div>\n            <\/div>\n        <\/div>\n    <\/div>\n<\/section>\n\n\n<section  class=\"block  block-content-wrapper container-fluid \">\n    <div class=\"container\">\n        <div class=\"row  flex-start col-12\" style=\"justify-content: flex-start; \">\n                            <div class=\"\">\n                                    <main class=\"entry-content\">\n                        \n\n<h1 class=\"wp-block-heading\">Seniorh\u00e5llplatsens tj\u00e4nster<\/h1>\n\n\n\n<p>Seniorh\u00e5llplatsens tj\u00e4nster \u00e4r avsedda f\u00f6r personer \u00f6ver 60 \u00e5r. Alla v\u00e5ra tj\u00e4nster \u00e4r avgiftsfria och konfidentiella.<\/p>\n\n\n                    <\/main>\n                    <\/div>\n                <\/div>\n        <\/div>\n<\/section>\n\n\n<section  class=\"block full-width block-sisaltokortit container-fluid has-background bg- has-off-white-background-color has-dark-blue-text-color\">\n    <div class=\"container\">\n        <div class=\"row\">\n            <div class=\"col-sm-10 col-xl-12 mx-auto\">\n                <div class=\"\">\n                    <main class=\"entry-content col-xl-5 offset-1\">\n                        \n\n<h1 class=\"wp-block-heading\">L\u00e4r k\u00e4nna v\u00e5r verksamhet \u2013 vi hj\u00e4lper g\u00e4rna till<\/h1>\n\n\n                    <\/main>\n                                            <div class=\"card-lift__container col-12 offset-1 three\">\n                                                                                            <div class=\"card-lift__item col-xl-3 card\">\n                                     <a href=\"https:\/\/www.helsinkimissio.fi\/sv\/for-seniorer\/seniorhallplats\/\" target=\"_self\">                                    <img decoding=\"async\" src=\"https:\/\/www.helsinkimissio.fi\/wp-content\/uploads\/2022\/07\/900x600_Nosto_Seniorit_Hauskaa-e1706104631253.jpg\" width=\"640\" height=\"478\" class=\"card-lift__img  \" alt=\"\" loading=\"lazy\">                                    <div class=\"card-lift__content\">\n                                        \n                                        <div class=\"card-lift__content__text\">\n                                                                                            <h3 class=\"has-dark-blue-text-color\">Samtalshj\u00e4lp<\/h3>\n                                                                                                                                <\/div>\n                                    <\/div>\n                                    <\/a>                                <\/div>\n                                                                                            <div class=\"card-lift__item col-xl-3 card\">\n                                     <a href=\"https:\/\/www.helsinkimissio.fi\/sv\/for-seniorer\/engangshjalp\/\" target=\"_self\">                                    <img decoding=\"async\" src=\"https:\/\/www.helsinkimissio.fi\/wp-content\/uploads\/2022\/07\/900x600_Nosto_Vapaaehtoinen_ja_pappa.jpg\" width=\"900\" height=\"600\" class=\"card-lift__img  \" alt=\"Tukihenkil\u00f6 ja seniori k\u00e4velyll\u00e4\" loading=\"lazy\">                                    <div class=\"card-lift__content\">\n                                        \n                                        <div class=\"card-lift__content__text\">\n                                                                                            <h3 class=\"has-dark-blue-text-color\">Eng\u00e5ngshj\u00e4lp<\/h3>\n                                                                                                                                <\/div>\n                                    <\/div>\n                                    <\/a>                                <\/div>\n                                                                                            <div class=\"card-lift__item col-xl-3 card\">\n                                     <a href=\"https:\/\/www.helsinkimissio.fi\/sv\/for-seniorer\/stodperson\/\" target=\"_self\">                                    <img decoding=\"async\" src=\"https:\/\/www.helsinkimissio.fi\/wp-content\/uploads\/2022\/07\/900x600_Nosto_Seniorit_Nainen_Kannykan_Kanssa.jpg\" width=\"900\" height=\"600\" class=\"card-lift__img  \" alt=\"Nuori ja i\u00e4k\u00e4s nainen istuvat vierekk\u00e4in puistossa.\" loading=\"lazy\">                                    <div class=\"card-lift__content\">\n                                        \n                                        <div class=\"card-lift__content__text\">\n                                                                                            <h3 class=\"has-dark-blue-text-color\">Seniorkompis<\/h3>\n                                                                                                                                <\/div>\n                                    <\/div>\n                                    <\/a>                                <\/div>\n                                                                                            <div class=\"card-lift__item col-xl-3 card\">\n                                     <a href=\"https:\/\/www.helsinkimissio.fi\/sv\/for-seniorer\/gruppverksamhet\/\" target=\"_self\">                                    <img decoding=\"async\" src=\"https:\/\/www.helsinkimissio.fi\/wp-content\/uploads\/2022\/07\/Neulojat-1140x640-1.jpg\" width=\"1140\" height=\"640\" class=\"card-lift__img  \" alt=\"\" loading=\"lazy\">                                    <div class=\"card-lift__content\">\n                                        \n                                        <div class=\"card-lift__content__text\">\n                                                                                            <h3 class=\"has-dark-blue-text-color\">Gruppverksamhet<\/h3>\n                                                                                                                                <\/div>\n                                    <\/div>\n                                    <\/a>                                <\/div>\n                                                                                            <div class=\"card-lift__item col-xl-3 card\">\n                                     <a href=\"https:\/\/www.helsinkimissio.fi\/sv\/for-seniorer\/evenemang\/\" target=\"_self\">                                    <img decoding=\"async\" src=\"https:\/\/www.helsinkimissio.fi\/wp-content\/uploads\/2022\/07\/900x600_Nosto_Seniorit_Yhteislaulua.jpg\" width=\"900\" height=\"600\" class=\"card-lift__img  \" alt=\"Senioreiden yhteislaulua.\" loading=\"lazy\">                                    <div class=\"card-lift__content\">\n                                        \n                                        <div class=\"card-lift__content__text\">\n                                                                                            <h3 class=\"has-dark-blue-text-color\">Evenemang<\/h3>\n                                                                                                                                <\/div>\n                                    <\/div>\n                                    <\/a>                                <\/div>\n                                                                                            <div class=\"card-lift__item col-xl-3 card\">\n                                     <a href=\"http:\/\/cecilia.fi\/cecilia\" target=\"_self\">                                    <img decoding=\"async\" src=\"https:\/\/www.helsinkimissio.fi\/wp-content\/uploads\/2022\/07\/900x600_Nosto_Seniorit_Cesilia.jpg\" width=\"900\" height=\"600\" class=\"card-lift__img  \" alt=\"Seniorit pelaa pihapelej\u00e4 pihalla\" loading=\"lazy\">                                    <div class=\"card-lift__content\">\n                                        \n                                        <div class=\"card-lift__content__text\">\n                                                                                            <h3 class=\"has-dark-blue-text-color\">Servicehuset Cecilia<\/h3>\n                                                                                                                                <\/div>\n                                    <\/div>\n                                    <\/a>                                <\/div>\n                                                    <\/div>\n                                    <\/div>\n            <\/div>\n        <\/div>\n    <\/div>\n<\/section>\n\n\n<section  class=\"block  block-content-wrapper container-fluid has-background has-teal-background-color has-background bg- has-teal-background-color has--text-color\">\n    <div class=\"container\">\n        <div class=\"row  flex-start col-12\" style=\"justify-content: flex-start; \">\n                            <div class=\"\">\n                                    <main class=\"entry-content\">\n                        \n\n<h1 class=\"wp-block-heading has-text-align-center\">\u201d Det h\u00e4r \u00e4r f\u00f6rsta g\u00e5ngen i mitt liv som jag har kunnat tala med n\u00e5gon om mitt sv\u00e5ra liv. Det k\u00e4nns att jag \u00e4r accepterad s\u00e5dan som jag \u00e4r i den h\u00e4r gruppen.\u201d<\/h1>\n\n\n\n<p class=\"has-text-align-center\">Medlem i en Seniorh\u00e5llplats-grupp, 68<\/p>\n\n\n                    <\/main>\n                    <\/div>\n                <\/div>\n        <\/div>\n<\/section>","protected":false},"excerpt":{"rendered":"","protected":false},"author":2,"featured_media":18046,"parent":25985,"menu_order":0,"comment_status":"closed","ping_status":"closed","template":"","meta":{"_acf_changed":false,"_relevanssi_hide_post":"","_relevanssi_hide_content":"","_relevanssi_pin_for_all":"","_relevanssi_pin_keywords":"","_relevanssi_unpin_keywords":"","_relevanssi_related_keywords":"","_relevanssi_related_include_ids":"","_relevanssi_related_exclude_ids":"","_relevanssi_related_no_append":"","_relevanssi_related_not_related":"","_relevanssi_related_posts":"909,899,1089,952","_relevanssi_noindex_reason":"","footnotes":""},"class_list":["post-11724","page","type-page","status-publish","has-post-thumbnail","hentry"],"acf":[],"yoast_head":"<!-- This site is optimized with the Yoast SEO plugin v27.1.1 - https:\/\/yoast.com\/product\/yoast-seo-wordpress\/ -->\n<title>F\u00f6r seniorer &#8212; HelsinkiMissio<\/title>\n<meta name=\"description\" content=\"V\u00e5ra seniortj\u00e4nster \u00e4r avsedda f\u00f6r personer \u00f6ver 65 \u00e5r. Till Seniorh\u00e5llplatsen kan man ocks\u00e5 s\u00f6ka om man \u00e4r \u00f6ver 60 \u00e5r och antingen pensionerad eller arbetsl\u00f6s. Alla v\u00e5ra tj\u00e4nster \u00e4r avgiftsfria och konfidentiella. L\u00e4s mer.\" \/>\n<meta name=\"robots\" content=\"index, follow, max-snippet:-1, max-image-preview:large, max-video-preview:-1\" \/>\n<link rel=\"canonical\" href=\"https:\/\/www.helsinkimissio.fi\/sv\/behover-du-hjalp\/for-seniorer\/\" \/>\n<meta property=\"og:locale\" content=\"sv_SE\" \/>\n<meta property=\"og:type\" content=\"article\" \/>\n<meta property=\"og:title\" content=\"F\u00f6r seniorer &#8212; HelsinkiMissio\" \/>\n<meta property=\"og:description\" content=\"V\u00e5ra seniortj\u00e4nster \u00e4r avsedda f\u00f6r personer \u00f6ver 65 \u00e5r. Till Seniorh\u00e5llplatsen kan man ocks\u00e5 s\u00f6ka om man \u00e4r \u00f6ver 60 \u00e5r och antingen pensionerad eller arbetsl\u00f6s. Alla v\u00e5ra tj\u00e4nster \u00e4r avgiftsfria och konfidentiella. L\u00e4s mer.\" \/>\n<meta property=\"og:url\" content=\"https:\/\/www.helsinkimissio.fi\/sv\/behover-du-hjalp\/for-seniorer\/\" \/>\n<meta property=\"og:site_name\" content=\"HelsinkiMissio\" \/>\n<meta property=\"article:publisher\" content=\"https:\/\/www.facebook.com\/HelsinkiMissio\/\" \/>\n<meta property=\"article:modified_time\" content=\"2025-07-03T11:35:12+00:00\" \/>\n<meta property=\"og:image\" content=\"https:\/\/www.helsinkimissio.fi\/wp-content\/uploads\/2023\/03\/Yoast-featured-image-1200x675-sininen.png\" \/>\n\t<meta property=\"og:image:width\" content=\"1200\" \/>\n\t<meta property=\"og:image:height\" content=\"675\" \/>\n\t<meta property=\"og:image:type\" content=\"image\/png\" \/>\n<meta name=\"twitter:card\" content=\"summary_large_image\" \/>\n<meta name=\"twitter:site\" content=\"@HelsinkiMissio\" \/>\n<meta name=\"twitter:label1\" content=\"Ber\u00e4knad l\u00e4stid\" \/>\n\t<meta name=\"twitter:data1\" content=\"3 minuter\" \/>\n<script type=\"application\/ld+json\" class=\"yoast-schema-graph\">{\"@context\":\"https:\/\/schema.org\",\"@graph\":[{\"@type\":\"WebPage\",\"@id\":\"https:\/\/www.helsinkimissio.fi\/sv\/behover-du-hjalp\/for-seniorer\/\",\"url\":\"https:\/\/www.helsinkimissio.fi\/sv\/behover-du-hjalp\/for-seniorer\/\",\"name\":\"F\u00f6r seniorer &#8212; HelsinkiMissio\",\"isPartOf\":{\"@id\":\"https:\/\/www.helsinkimissio.fi\/sv\/#website\"},\"primaryImageOfPage\":{\"@id\":\"https:\/\/www.helsinkimissio.fi\/sv\/behover-du-hjalp\/for-seniorer\/#primaryimage\"},\"image\":{\"@id\":\"https:\/\/www.helsinkimissio.fi\/sv\/behover-du-hjalp\/for-seniorer\/#primaryimage\"},\"thumbnailUrl\":\"https:\/\/www.helsinkimissio.fi\/wp-content\/uploads\/2023\/01\/1280x854_artikkelikuva_seniorit_tukihenkilo\u0308.png\",\"datePublished\":\"2022-05-20T09:20:31+00:00\",\"dateModified\":\"2025-07-03T11:35:12+00:00\",\"description\":\"V\u00e5ra seniortj\u00e4nster \u00e4r avsedda f\u00f6r personer \u00f6ver 65 \u00e5r. Till Seniorh\u00e5llplatsen kan man ocks\u00e5 s\u00f6ka om man \u00e4r \u00f6ver 60 \u00e5r och antingen pensionerad eller arbetsl\u00f6s. Alla v\u00e5ra tj\u00e4nster \u00e4r avgiftsfria och konfidentiella. L\u00e4s mer.\",\"breadcrumb\":{\"@id\":\"https:\/\/www.helsinkimissio.fi\/sv\/behover-du-hjalp\/for-seniorer\/#breadcrumb\"},\"inLanguage\":\"sv-SE\",\"potentialAction\":[{\"@type\":\"ReadAction\",\"target\":[\"https:\/\/www.helsinkimissio.fi\/sv\/behover-du-hjalp\/for-seniorer\/\"]}]},{\"@type\":\"ImageObject\",\"inLanguage\":\"sv-SE\",\"@id\":\"https:\/\/www.helsinkimissio.fi\/sv\/behover-du-hjalp\/for-seniorer\/#primaryimage\",\"url\":\"https:\/\/www.helsinkimissio.fi\/wp-content\/uploads\/2023\/01\/1280x854_artikkelikuva_seniorit_tukihenkilo\u0308.png\",\"contentUrl\":\"https:\/\/www.helsinkimissio.fi\/wp-content\/uploads\/2023\/01\/1280x854_artikkelikuva_seniorit_tukihenkilo\u0308.png\",\"width\":1280,\"height\":854,\"caption\":\"HelsinkiMission tukihenkil\u00f6 senioriasiakkaan kanssa\"},{\"@type\":\"BreadcrumbList\",\"@id\":\"https:\/\/www.helsinkimissio.fi\/sv\/behover-du-hjalp\/for-seniorer\/#breadcrumb\",\"itemListElement\":[{\"@type\":\"ListItem\",\"position\":1,\"name\":\"Etusivu\",\"item\":\"https:\/\/www.helsinkimissio.fi\/sv\/\"},{\"@type\":\"ListItem\",\"position\":2,\"name\":\"Beh\u00f6ver du hj\u00e4lp?\",\"item\":\"https:\/\/www.helsinkimissio.fi\/sv\/behover-du-hjalp\/\"},{\"@type\":\"ListItem\",\"position\":3,\"name\":\"F\u00f6r seniorer\"}]},{\"@type\":\"WebSite\",\"@id\":\"https:\/\/www.helsinkimissio.fi\/sv\/#website\",\"url\":\"https:\/\/www.helsinkimissio.fi\/sv\/\",\"name\":\"Yhdess\u00e4 yksin\u00e4isyys voitetaan \u2013 HelsinkiMissio\",\"description\":\"Yhdess\u00e4 yksin\u00e4isyys voitetaan.\",\"publisher\":{\"@id\":\"https:\/\/www.helsinkimissio.fi\/sv\/#organization\"},\"alternateName\":\"HelsinkiMissio\",\"potentialAction\":[{\"@type\":\"SearchAction\",\"target\":{\"@type\":\"EntryPoint\",\"urlTemplate\":\"https:\/\/www.helsinkimissio.fi\/sv\/?s={search_term_string}\"},\"query-input\":{\"@type\":\"PropertyValueSpecification\",\"valueRequired\":true,\"valueName\":\"search_term_string\"}}],\"inLanguage\":\"sv-SE\"},{\"@type\":\"Organization\",\"@id\":\"https:\/\/www.helsinkimissio.fi\/sv\/#organization\",\"name\":\"HelsinkiMissio\",\"url\":\"https:\/\/www.helsinkimissio.fi\/sv\/\",\"logo\":{\"@type\":\"ImageObject\",\"inLanguage\":\"sv-SE\",\"@id\":\"https:\/\/www.helsinkimissio.fi\/sv\/#\/schema\/logo\/image\/\",\"url\":\"https:\/\/www.helsinkimissio.fi\/wp-content\/uploads\/2022\/07\/cropped-Helsinkimissio_sin_logo.png\",\"contentUrl\":\"https:\/\/www.helsinkimissio.fi\/wp-content\/uploads\/2022\/07\/cropped-Helsinkimissio_sin_logo.png\",\"width\":512,\"height\":512,\"caption\":\"HelsinkiMissio\"},\"image\":{\"@id\":\"https:\/\/www.helsinkimissio.fi\/sv\/#\/schema\/logo\/image\/\"},\"sameAs\":[\"https:\/\/www.facebook.com\/HelsinkiMissio\/\",\"https:\/\/x.com\/HelsinkiMissio\",\"https:\/\/www.instagram.com\/helsinkimissio\/\",\"https:\/\/www.linkedin.com\/company\/10844786\/\",\"https:\/\/www.youtube.com\/channel\/UCzKk3pYABu9D-DzQAx1Yr2w\"]}]}<\/script>\n<!-- \/ Yoast SEO plugin. -->","yoast_head_json":{"title":"F\u00f6r seniorer &#8212; HelsinkiMissio","description":"V\u00e5ra seniortj\u00e4nster \u00e4r avsedda f\u00f6r personer \u00f6ver 65 \u00e5r. Till Seniorh\u00e5llplatsen kan man ocks\u00e5 s\u00f6ka om man \u00e4r \u00f6ver 60 \u00e5r och antingen pensionerad eller arbetsl\u00f6s. Alla v\u00e5ra tj\u00e4nster \u00e4r avgiftsfria och konfidentiella. L\u00e4s mer.","robots":{"index":"index","follow":"follow","max-snippet":"max-snippet:-1","max-image-preview":"max-image-preview:large","max-video-preview":"max-video-preview:-1"},"canonical":"https:\/\/www.helsinkimissio.fi\/sv\/behover-du-hjalp\/for-seniorer\/","og_locale":"sv_SE","og_type":"article","og_title":"F\u00f6r seniorer &#8212; HelsinkiMissio","og_description":"V\u00e5ra seniortj\u00e4nster \u00e4r avsedda f\u00f6r personer \u00f6ver 65 \u00e5r. Till Seniorh\u00e5llplatsen kan man ocks\u00e5 s\u00f6ka om man \u00e4r \u00f6ver 60 \u00e5r och antingen pensionerad eller arbetsl\u00f6s. Alla v\u00e5ra tj\u00e4nster \u00e4r avgiftsfria och konfidentiella. L\u00e4s mer.","og_url":"https:\/\/www.helsinkimissio.fi\/sv\/behover-du-hjalp\/for-seniorer\/","og_site_name":"HelsinkiMissio","article_publisher":"https:\/\/www.facebook.com\/HelsinkiMissio\/","article_modified_time":"2025-07-03T11:35:12+00:00","og_image":[{"width":1200,"height":675,"url":"https:\/\/www.helsinkimissio.fi\/wp-content\/uploads\/2023\/03\/Yoast-featured-image-1200x675-sininen.png","type":"image\/png"}],"twitter_card":"summary_large_image","twitter_site":"@HelsinkiMissio","twitter_misc":{"Ber\u00e4knad l\u00e4stid":"3 minuter"},"schema":{"@context":"https:\/\/schema.org","@graph":[{"@type":"WebPage","@id":"https:\/\/www.helsinkimissio.fi\/sv\/behover-du-hjalp\/for-seniorer\/","url":"https:\/\/www.helsinkimissio.fi\/sv\/behover-du-hjalp\/for-seniorer\/","name":"F\u00f6r seniorer &#8212; HelsinkiMissio","isPartOf":{"@id":"https:\/\/www.helsinkimissio.fi\/sv\/#website"},"primaryImageOfPage":{"@id":"https:\/\/www.helsinkimissio.fi\/sv\/behover-du-hjalp\/for-seniorer\/#primaryimage"},"image":{"@id":"https:\/\/www.helsinkimissio.fi\/sv\/behover-du-hjalp\/for-seniorer\/#primaryimage"},"thumbnailUrl":"https:\/\/www.helsinkimissio.fi\/wp-content\/uploads\/2023\/01\/1280x854_artikkelikuva_seniorit_tukihenkilo\u0308.png","datePublished":"2022-05-20T09:20:31+00:00","dateModified":"2025-07-03T11:35:12+00:00","description":"V\u00e5ra seniortj\u00e4nster \u00e4r avsedda f\u00f6r personer \u00f6ver 65 \u00e5r. Till Seniorh\u00e5llplatsen kan man ocks\u00e5 s\u00f6ka om man \u00e4r \u00f6ver 60 \u00e5r och antingen pensionerad eller arbetsl\u00f6s. Alla v\u00e5ra tj\u00e4nster \u00e4r avgiftsfria och konfidentiella. L\u00e4s mer.","breadcrumb":{"@id":"https:\/\/www.helsinkimissio.fi\/sv\/behover-du-hjalp\/for-seniorer\/#breadcrumb"},"inLanguage":"sv-SE","potentialAction":[{"@type":"ReadAction","target":["https:\/\/www.helsinkimissio.fi\/sv\/behover-du-hjalp\/for-seniorer\/"]}]},{"@type":"ImageObject","inLanguage":"sv-SE","@id":"https:\/\/www.helsinkimissio.fi\/sv\/behover-du-hjalp\/for-seniorer\/#primaryimage","url":"https:\/\/www.helsinkimissio.fi\/wp-content\/uploads\/2023\/01\/1280x854_artikkelikuva_seniorit_tukihenkilo\u0308.png","contentUrl":"https:\/\/www.helsinkimissio.fi\/wp-content\/uploads\/2023\/01\/1280x854_artikkelikuva_seniorit_tukihenkilo\u0308.png","width":1280,"height":854,"caption":"HelsinkiMission tukihenkil\u00f6 senioriasiakkaan kanssa"},{"@type":"BreadcrumbList","@id":"https:\/\/www.helsinkimissio.fi\/sv\/behover-du-hjalp\/for-seniorer\/#breadcrumb","itemListElement":[{"@type":"ListItem","position":1,"name":"Etusivu","item":"https:\/\/www.helsinkimissio.fi\/sv\/"},{"@type":"ListItem","position":2,"name":"Beh\u00f6ver du hj\u00e4lp?","item":"https:\/\/www.helsinkimissio.fi\/sv\/behover-du-hjalp\/"},{"@type":"ListItem","position":3,"name":"F\u00f6r seniorer"}]},{"@type":"WebSite","@id":"https:\/\/www.helsinkimissio.fi\/sv\/#website","url":"https:\/\/www.helsinkimissio.fi\/sv\/","name":"Yhdess\u00e4 yksin\u00e4isyys voitetaan \u2013 HelsinkiMissio","description":"Yhdess\u00e4 yksin\u00e4isyys voitetaan.","publisher":{"@id":"https:\/\/www.helsinkimissio.fi\/sv\/#organization"},"alternateName":"HelsinkiMissio","potentialAction":[{"@type":"SearchAction","target":{"@type":"EntryPoint","urlTemplate":"https:\/\/www.helsinkimissio.fi\/sv\/?s={search_term_string}"},"query-input":{"@type":"PropertyValueSpecification","valueRequired":true,"valueName":"search_term_string"}}],"inLanguage":"sv-SE"},{"@type":"Organization","@id":"https:\/\/www.helsinkimissio.fi\/sv\/#organization","name":"HelsinkiMissio","url":"https:\/\/www.helsinkimissio.fi\/sv\/","logo":{"@type":"ImageObject","inLanguage":"sv-SE","@id":"https:\/\/www.helsinkimissio.fi\/sv\/#\/schema\/logo\/image\/","url":"https:\/\/www.helsinkimissio.fi\/wp-content\/uploads\/2022\/07\/cropped-Helsinkimissio_sin_logo.png","contentUrl":"https:\/\/www.helsinkimissio.fi\/wp-content\/uploads\/2022\/07\/cropped-Helsinkimissio_sin_logo.png","width":512,"height":512,"caption":"HelsinkiMissio"},"image":{"@id":"https:\/\/www.helsinkimissio.fi\/sv\/#\/schema\/logo\/image\/"},"sameAs":["https:\/\/www.facebook.com\/HelsinkiMissio\/","https:\/\/x.com\/HelsinkiMissio","https:\/\/www.instagram.com\/helsinkimissio\/","https:\/\/www.linkedin.com\/company\/10844786\/","https:\/\/www.youtube.com\/channel\/UCzKk3pYABu9D-DzQAx1Yr2w"]}]}},"_links":{"self":[{"href":"https:\/\/www.helsinkimissio.fi\/sv\/wp-json\/wp\/v2\/pages\/11724","targetHints":{"allow":["GET"]}}],"collection":[{"href":"https:\/\/www.helsinkimissio.fi\/sv\/wp-json\/wp\/v2\/pages"}],"about":[{"href":"https:\/\/www.helsinkimissio.fi\/sv\/wp-json\/wp\/v2\/types\/page"}],"author":[{"embeddable":true,"href":"https:\/\/www.helsinkimissio.fi\/sv\/wp-json\/wp\/v2\/users\/2"}],"replies":[{"embeddable":true,"href":"https:\/\/www.helsinkimissio.fi\/sv\/wp-json\/wp\/v2\/comments?post=11724"}],"version-history":[{"count":15,"href":"https:\/\/www.helsinkimissio.fi\/sv\/wp-json\/wp\/v2\/pages\/11724\/revisions"}],"predecessor-version":[{"id":37475,"href":"https:\/\/www.helsinkimissio.fi\/sv\/wp-json\/wp\/v2\/pages\/11724\/revisions\/37475"}],"up":[{"embeddable":true,"href":"https:\/\/www.helsinkimissio.fi\/sv\/wp-json\/wp\/v2\/pages\/25985"}],"wp:featuredmedia":[{"embeddable":true,"href":"https:\/\/www.helsinkimissio.fi\/sv\/wp-json\/wp\/v2\/media\/18046"}],"wp:attachment":[{"href":"https:\/\/www.helsinkimissio.fi\/sv\/wp-json\/wp\/v2\/media?parent=11724"}],"curies":[{"name":"wp","href":"https:\/\/api.w.org\/{rel}","templated":true}]}}