{"id":11737,"date":"2022-05-20T12:20:50","date_gmt":"2022-05-20T09:20:50","guid":{"rendered":"https:\/\/www.helsinkimissio.fi\/senioreille\/senioripysakki\/"},"modified":"2026-02-05T14:57:46","modified_gmt":"2026-02-05T12:57:46","slug":"seniorhallplats","status":"publish","type":"page","link":"https:\/\/www.helsinkimissio.fi\/sv\/behover-du-hjalp\/for-seniorer\/seniorhallplats\/","title":{"rendered":"Samtalshj\u00e4lp"},"content":{"rendered":"\n<section  class=\"block block-hero-element container-fluid has-dark-blue-background-color has-bg block block-hero-element-- block-hero-element__desktop-background\" style=\"background-image: url();\">\n    <div class=\"block-hero-element__mobile-background\">\n        <div class=\"container\">\n            <div class=\"row\">\n                <div class=\"col-sm-10 col-md-12 col-hd-12 mx-auto\">\n                    <div class=\"row  block-hero-element__wrapper block-hero-element--text-right   not_front_hero padding-zero\">\n                        <div class=\"offset-1 col-sm-10 col-md-10 col-lg-5 col-xl-5 block-hero-element__text-area block-hero-element--text-vertical-position-center\">\n                            \n\n    <h1 class=\"colored-heading no-background new\">\n                                <p class=\"has-background bg- has-yellow-background-color has-dark-blue-text-color\"> St\u00e4rk ditt <\/p> <br>\n                                <p class=\"has-background bg- has-yellow-background-color has-dark-blue-text-color\"> v\u00e4lm\u00e5ende <\/p> <br>\n            <\/h1>\n\n\n\n<p class=\"has-white-color has-text-color\">Seniorh\u00e5llplatsen erbjuder individuell samtalshj\u00e4lp och samtalshj\u00e4lp i grupp f\u00f6r personer \u00f6ver 60 \u00e5r. M\u00e5let \u00e4r att st\u00f6da psykiskt v\u00e4lbefinnande och minska ensamhet.<\/p>\n\n\n\n<div class=\"wp-block-buttons is-layout-flex wp-block-buttons-is-layout-flex\">\n<div class=\"wp-block-button\"><a class=\"wp-block-button__link has-dark-blue-color has-yellow-background-color has-text-color has-background wp-element-button\" href=\"#boka-telefontid\">Boka telefontid<\/a><\/div>\n<\/div>\n\n\n                        <\/div>\n                                                    <div class=\" offset-1 col-sm-10 col-md-10 col-lg-5 col-xl-4 block-hero-element__image-area block-hero-element__image-area--center\">\n                                <img decoding=\"async\" src=\"https:\/\/www.helsinkimissio.fi\/wp-content\/uploads\/2023\/03\/Senioripysa\u0308kki-pystyovaali-600x900-1.png\" width=\"600\" height=\"900\" alt=\"\" fetchpriority=\"high\" data-no-lazy=\"1\">                            <\/div>\n                        \n                        \n                    <\/div>\n                <\/div>\n            <\/div>\n        <\/div>\n    <\/div>\n<\/section>\n\n\n<section  class=\"block  block-content-wrapper container-fluid has-background has-off-white-background-color has-background bg- has-off-white-background-color has--text-color\">\n    <div class=\"container\">\n        <div class=\"row  flex-start col-12\" style=\"justify-content: flex-start; \">\n                            <div class=\"\">\n                                    <main class=\"entry-content\">\n                        \n\n<h2 class=\"wp-block-heading\">Individuell samtalshj\u00e4lp<\/h2>\n\n\n\n<p>Att prata med en sakkunnig inom samtalshj\u00e4lp kan ge klarhet i din livssituation och l\u00e4tta ditt sinne. Vid det f\u00f6rsta m\u00f6tet kartl\u00e4gger vi tillsammans din situation och dina \u00f6nskem\u00e5l kring samtalshj\u00e4lpen. Efter det f\u00f6rsta kartl\u00e4ggningssamtalet \u00e4r det m\u00f6jligt att f\u00e5 samtalshj\u00e4lp 1\u20135 g\u00e5nger. M\u00e5let med samtalshj\u00e4lpen \u00e4r att \u00f6ka och uppr\u00e4tth\u00e5lla v\u00e4lbefinnande samt f\u00f6rebygga k\u00e4nslan av ensamhet i utmanande livssituationer. <strong>P\u00e5 Seniorh\u00e5llplatsen kan du \u00e4ven f\u00e5 hj\u00e4lp med k\u00e4nslor av ensamhet<\/strong> d\u00e4r du tillsammans med en professionell hj\u00e4lpare tar itu med och bearbetar dina ensamhetsupplevelser med hj\u00e4lp av en arbetsbok. Kontakta oss och <a href=\"#boka-telefontid\">boka en telefontid<\/a> \u2013 vi finns h\u00e4r f\u00f6r dig.<\/p>\n\n\n                    <\/main>\n                    <\/div>\n                <\/div>\n        <\/div>\n<\/section>\n\n\n<section  class=\"block  block-content-wrapper container-fluid has-background has-off-white-background-color has-background bg- has-off-white-background-color has--text-color\">\n    <div class=\"container\">\n        <div class=\"row  flex-start col-12\" style=\"justify-content: flex-start; \">\n                            <div class=\"\">\n                                    <main class=\"entry-content\">\n                        \n\n<h2 class=\"wp-block-heading has-text-align-left has-dark-blue-color has-text-color\">Samtalshj\u00e4lp i grupp v\u00e5ren 2026<\/h2>\n\n\n\n<p><strong>I Seniorh\u00e5llplats-gruppen<\/strong> kan du tala om sm\u00e4rtpunkter i ditt liv, om gl\u00e4dje\u00e4mnen och sorger och f\u00e5 h\u00f6ra andras ber\u00e4ttelser. Att tala och f\u00e5 kamratst\u00f6d hj\u00e4lper mot \u00e5ngest och upplevelser av ensamhet.<\/p>\n\n\n\n<ul class=\"wp-block-list\">\n<li><strong>Grupptr\u00e4ffar p\u00e5 onsdagar 26.8\u20139.12 kl.13.00 p\u00e5 Alberstagan 33, Helsingfors<\/strong><\/li>\n<\/ul>\n\n\n\n<p><strong>Till Seniorh\u00e5llplats-grupperna kommer man via en intervju<\/strong>. Grupperna samlas 15 g\u00e5nger 1,5 timme i veckan. I varje grupp deltar 5\u20138 personer samt den professionella ledaren. En del av grupperna genomf\u00f6rs p\u00e5 distans och d\u00e5 \u00e4r det m\u00f6jligt att delta oberoende av var i Finland man bor.<\/p>\n\n\n\n<p>Du kan delta i samtalsgrupperna, individuella samtalshj\u00e4lpen och ensamhetsarbetet b\u00e5de i HelsingforsMissions utrymmen eller p\u00e5 distans runt om i Finland.<\/p>\n\n\n                    <\/main>\n                    <\/div>\n                <\/div>\n        <\/div>\n<\/section>\n\n\n<section id=\"boka-telefontid\"  class=\"block  block-content-wrapper container-fluid \">\n    <div class=\"container\">\n        <div class=\"row  flex-start col-12\" style=\"justify-content: flex-start; \">\n                            <div class=\"\">\n                                    <main class=\"entry-content\">\n                        \n\n<h1 class=\"wp-block-heading\">Boka telefontid<\/h1>\n\n\n\n<p>Boka en telefontid f\u00f6r att anm\u00e4la ditt intresse till en seniorh\u00e5llplatsgrupp eller f\u00f6r att boka ett individuellt samtal via webbkalendern nedan. En sakkunnig inom samtalsst\u00f6d ringer upp dig vid den tid du valt. N\u00e4r bokningen \u00e4r genomf\u00f6rd f\u00e5r du en bekr\u00e4ftelse via e-post. Lediga telefontider visas i bokningskalendern nedan.<\/p>\n\n\n<script type=\"text\/javascript\" language=\"javascript\">(function(d,s,i,c,j,a){a=d.getElementsByTagName(s)[0];if(d.getElementById(i))return;j=d.createElement(s);j.id=i;j.async=1;j.setAttribute(\"data-c\",c);j.setAttribute(\"data-l\",\"sv\");j.setAttribute(\"data-segment\",\"ed42b481\");j.src=\"https:\/\/static.vello.fi\/js\/wizard\/vwiz.js\";a.parentNode.insertBefore(j,a);}(document,\"script\",\"vello-wizard-sdk\",\"senioripysakki\"));<\/script><div id=\"vello-wizard\"><\/div>\n\n\n\n<pre class=\"wp-block-code\"><code><\/code><\/pre>\n\n\n\n<p>Om du inte hittar en l\u00e4mplig tid via webbkalender v\u00e4nligen kontakta oss per telefon, tfn&nbsp;<strong>09 2312 0267.<\/strong>&nbsp;Vi tar kontakt med dig n\u00e4r du har ringt kontakttelefonen.<\/p>\n\n\n                    <\/main>\n                    <\/div>\n                <\/div>\n        <\/div>\n<\/section>\n\n\n<section  class=\"block  block-content-wrapper container-fluid has-background has-yellow-background-color has-background bg- has-yellow-background-color has--text-color\">\n    <div class=\"container\">\n        <div class=\"row  flex-start col-12\" style=\"justify-content: flex-start; \">\n                            <div class=\"\">\n                                    <main class=\"entry-content\">\n                        \n\n<h2 class=\"wp-block-heading\">Ladda ner Seniorih\u00e5llplatsens broschyr<\/h2>\n\n\n\n<p>Vill du dela information om Seniorh\u00e5llplats i form av en broschyr? Ladda ner PDF:n nedan.<\/p>\n\n\n\n<div class=\"wp-block-button\"><a class=\"wp-block-button__link wp-element-button\" href=\"https:\/\/www.helsinkimissio.fi\/wp-content\/uploads\/2025\/11\/Seniorha\u030allplats-samtalshja\u0308lp-2026-printbar-broschyr.pdf\" target=\"_blank\" rel=\"noreferrer noopener\">Ladda ner Seniorh\u00e5llplats broschyr (PDF)<\/a><\/div>\n\n\n                    <\/main>\n                    <\/div>\n                <\/div>\n        <\/div>\n<\/section>","protected":false},"excerpt":{"rendered":"","protected":false},"author":2,"featured_media":20383,"parent":11724,"menu_order":0,"comment_status":"closed","ping_status":"closed","template":"","meta":{"_acf_changed":false,"_relevanssi_hide_post":"","_relevanssi_hide_content":"","_relevanssi_pin_for_all":"","_relevanssi_pin_keywords":"","_relevanssi_unpin_keywords":"","_relevanssi_related_keywords":"","_relevanssi_related_include_ids":"","_relevanssi_related_exclude_ids":"","_relevanssi_related_no_append":"","_relevanssi_related_not_related":"","_relevanssi_related_posts":"952,899,1089,909","_relevanssi_noindex_reason":"","footnotes":""},"class_list":["post-11737","page","type-page","status-publish","has-post-thumbnail","hentry"],"acf":[],"yoast_head":"<!-- This site is optimized with the Yoast SEO plugin v27.4 - https:\/\/yoast.com\/product\/yoast-seo-wordpress\/ -->\n<title>Samtalshj\u00e4lp &#8212; HelsinkiMissio<\/title>\n<meta name=\"description\" content=\"Seniorh\u00e5llplatsen erbjuder terapeutiska samtalsgrupper med yrkeskunnig ledning f\u00f6r personer \u00f6ver 65. L\u00e4s mer!\" \/>\n<meta name=\"robots\" content=\"index, follow, max-snippet:-1, max-image-preview:large, max-video-preview:-1\" \/>\n<link rel=\"canonical\" href=\"https:\/\/www.helsinkimissio.fi\/sv\/behover-du-hjalp\/for-seniorer\/seniorhallplats\/\" \/>\n<meta property=\"og:locale\" content=\"sv_SE\" \/>\n<meta property=\"og:type\" content=\"article\" \/>\n<meta property=\"og:title\" content=\"Samtalshj\u00e4lp &#8212; HelsinkiMissio\" \/>\n<meta property=\"og:description\" content=\"Seniorh\u00e5llplatsen erbjuder terapeutiska samtalsgrupper med yrkeskunnig ledning f\u00f6r personer \u00f6ver 65. L\u00e4s mer!\" \/>\n<meta property=\"og:url\" content=\"https:\/\/www.helsinkimissio.fi\/sv\/behover-du-hjalp\/for-seniorer\/seniorhallplats\/\" \/>\n<meta property=\"og:site_name\" content=\"HelsinkiMissio\" \/>\n<meta property=\"article:publisher\" content=\"https:\/\/www.facebook.com\/HelsinkiMissio\/\" \/>\n<meta property=\"article:modified_time\" content=\"2026-02-05T12:57:46+00:00\" \/>\n<meta property=\"og:image\" content=\"https:\/\/www.helsinkimissio.fi\/wp-content\/uploads\/2023\/03\/Senioripysa\u0308kki-seniorit-featured-image-1200x675-1.png\" \/>\n\t<meta property=\"og:image:width\" content=\"1200\" \/>\n\t<meta property=\"og:image:height\" content=\"675\" \/>\n\t<meta property=\"og:image:type\" content=\"image\/png\" \/>\n<meta name=\"twitter:card\" content=\"summary_large_image\" \/>\n<meta name=\"twitter:site\" content=\"@HelsinkiMissio\" \/>\n<meta name=\"twitter:label1\" content=\"Ber\u00e4knad l\u00e4stid\" \/>\n\t<meta name=\"twitter:data1\" content=\"5 minuter\" \/>\n<script type=\"application\/ld+json\" class=\"yoast-schema-graph\">{\"@context\":\"https:\\\/\\\/schema.org\",\"@graph\":[{\"@type\":\"WebPage\",\"@id\":\"https:\\\/\\\/www.helsinkimissio.fi\\\/sv\\\/behover-du-hjalp\\\/for-seniorer\\\/seniorhallplats\\\/\",\"url\":\"https:\\\/\\\/www.helsinkimissio.fi\\\/sv\\\/behover-du-hjalp\\\/for-seniorer\\\/seniorhallplats\\\/\",\"name\":\"Samtalshj\u00e4lp &#8212; HelsinkiMissio\",\"isPartOf\":{\"@id\":\"https:\\\/\\\/www.helsinkimissio.fi\\\/sv\\\/#website\"},\"primaryImageOfPage\":{\"@id\":\"https:\\\/\\\/www.helsinkimissio.fi\\\/sv\\\/behover-du-hjalp\\\/for-seniorer\\\/seniorhallplats\\\/#primaryimage\"},\"image\":{\"@id\":\"https:\\\/\\\/www.helsinkimissio.fi\\\/sv\\\/behover-du-hjalp\\\/for-seniorer\\\/seniorhallplats\\\/#primaryimage\"},\"thumbnailUrl\":\"https:\\\/\\\/www.helsinkimissio.fi\\\/wp-content\\\/uploads\\\/2023\\\/03\\\/Senioripysa\u0308kki-seniorit-featured-image-1200x675-1.png\",\"datePublished\":\"2022-05-20T09:20:50+00:00\",\"dateModified\":\"2026-02-05T12:57:46+00:00\",\"description\":\"Seniorh\u00e5llplatsen erbjuder terapeutiska samtalsgrupper med yrkeskunnig ledning f\u00f6r personer \u00f6ver 65. L\u00e4s mer!\",\"breadcrumb\":{\"@id\":\"https:\\\/\\\/www.helsinkimissio.fi\\\/sv\\\/behover-du-hjalp\\\/for-seniorer\\\/seniorhallplats\\\/#breadcrumb\"},\"inLanguage\":\"sv-SE\",\"potentialAction\":[{\"@type\":\"ReadAction\",\"target\":[\"https:\\\/\\\/www.helsinkimissio.fi\\\/sv\\\/behover-du-hjalp\\\/for-seniorer\\\/seniorhallplats\\\/\"]}]},{\"@type\":\"ImageObject\",\"inLanguage\":\"sv-SE\",\"@id\":\"https:\\\/\\\/www.helsinkimissio.fi\\\/sv\\\/behover-du-hjalp\\\/for-seniorer\\\/seniorhallplats\\\/#primaryimage\",\"url\":\"https:\\\/\\\/www.helsinkimissio.fi\\\/wp-content\\\/uploads\\\/2023\\\/03\\\/Senioripysa\u0308kki-seniorit-featured-image-1200x675-1.png\",\"contentUrl\":\"https:\\\/\\\/www.helsinkimissio.fi\\\/wp-content\\\/uploads\\\/2023\\\/03\\\/Senioripysa\u0308kki-seniorit-featured-image-1200x675-1.png\",\"width\":1200,\"height\":675},{\"@type\":\"BreadcrumbList\",\"@id\":\"https:\\\/\\\/www.helsinkimissio.fi\\\/sv\\\/behover-du-hjalp\\\/for-seniorer\\\/seniorhallplats\\\/#breadcrumb\",\"itemListElement\":[{\"@type\":\"ListItem\",\"position\":1,\"name\":\"Etusivu\",\"item\":\"https:\\\/\\\/www.helsinkimissio.fi\\\/sv\\\/\"},{\"@type\":\"ListItem\",\"position\":2,\"name\":\"Beh\u00f6ver du hj\u00e4lp?\",\"item\":\"https:\\\/\\\/www.helsinkimissio.fi\\\/sv\\\/behover-du-hjalp\\\/\"},{\"@type\":\"ListItem\",\"position\":3,\"name\":\"F\u00f6r seniorer\",\"item\":\"https:\\\/\\\/www.helsinkimissio.fi\\\/sv\\\/behover-du-hjalp\\\/for-seniorer\\\/\"},{\"@type\":\"ListItem\",\"position\":4,\"name\":\"Samtalshj\u00e4lp\"}]},{\"@type\":\"WebSite\",\"@id\":\"https:\\\/\\\/www.helsinkimissio.fi\\\/sv\\\/#website\",\"url\":\"https:\\\/\\\/www.helsinkimissio.fi\\\/sv\\\/\",\"name\":\"Yhdess\u00e4 yksin\u00e4isyys voitetaan \u2013 HelsinkiMissio\",\"description\":\"Yhdess\u00e4 yksin\u00e4isyys voitetaan.\",\"publisher\":{\"@id\":\"https:\\\/\\\/www.helsinkimissio.fi\\\/sv\\\/#organization\"},\"alternateName\":\"HelsinkiMissio\",\"potentialAction\":[{\"@type\":\"SearchAction\",\"target\":{\"@type\":\"EntryPoint\",\"urlTemplate\":\"https:\\\/\\\/www.helsinkimissio.fi\\\/sv\\\/?s={search_term_string}\"},\"query-input\":{\"@type\":\"PropertyValueSpecification\",\"valueRequired\":true,\"valueName\":\"search_term_string\"}}],\"inLanguage\":\"sv-SE\"},{\"@type\":\"Organization\",\"@id\":\"https:\\\/\\\/www.helsinkimissio.fi\\\/sv\\\/#organization\",\"name\":\"HelsinkiMissio\",\"url\":\"https:\\\/\\\/www.helsinkimissio.fi\\\/sv\\\/\",\"logo\":{\"@type\":\"ImageObject\",\"inLanguage\":\"sv-SE\",\"@id\":\"https:\\\/\\\/www.helsinkimissio.fi\\\/sv\\\/#\\\/schema\\\/logo\\\/image\\\/\",\"url\":\"https:\\\/\\\/www.helsinkimissio.fi\\\/wp-content\\\/uploads\\\/2022\\\/07\\\/cropped-Helsinkimissio_sin_logo.png\",\"contentUrl\":\"https:\\\/\\\/www.helsinkimissio.fi\\\/wp-content\\\/uploads\\\/2022\\\/07\\\/cropped-Helsinkimissio_sin_logo.png\",\"width\":512,\"height\":512,\"caption\":\"HelsinkiMissio\"},\"image\":{\"@id\":\"https:\\\/\\\/www.helsinkimissio.fi\\\/sv\\\/#\\\/schema\\\/logo\\\/image\\\/\"},\"sameAs\":[\"https:\\\/\\\/www.facebook.com\\\/HelsinkiMissio\\\/\",\"https:\\\/\\\/x.com\\\/HelsinkiMissio\",\"https:\\\/\\\/www.instagram.com\\\/helsinkimissio\\\/\",\"https:\\\/\\\/www.linkedin.com\\\/company\\\/10844786\\\/\",\"https:\\\/\\\/www.youtube.com\\\/channel\\\/UCzKk3pYABu9D-DzQAx1Yr2w\"]}]}<\/script>\n<!-- \/ Yoast SEO plugin. -->","yoast_head_json":{"title":"Samtalshj\u00e4lp &#8212; HelsinkiMissio","description":"Seniorh\u00e5llplatsen erbjuder terapeutiska samtalsgrupper med yrkeskunnig ledning f\u00f6r personer \u00f6ver 65. L\u00e4s mer!","robots":{"index":"index","follow":"follow","max-snippet":"max-snippet:-1","max-image-preview":"max-image-preview:large","max-video-preview":"max-video-preview:-1"},"canonical":"https:\/\/www.helsinkimissio.fi\/sv\/behover-du-hjalp\/for-seniorer\/seniorhallplats\/","og_locale":"sv_SE","og_type":"article","og_title":"Samtalshj\u00e4lp &#8212; HelsinkiMissio","og_description":"Seniorh\u00e5llplatsen erbjuder terapeutiska samtalsgrupper med yrkeskunnig ledning f\u00f6r personer \u00f6ver 65. L\u00e4s mer!","og_url":"https:\/\/www.helsinkimissio.fi\/sv\/behover-du-hjalp\/for-seniorer\/seniorhallplats\/","og_site_name":"HelsinkiMissio","article_publisher":"https:\/\/www.facebook.com\/HelsinkiMissio\/","article_modified_time":"2026-02-05T12:57:46+00:00","og_image":[{"width":1200,"height":675,"url":"https:\/\/www.helsinkimissio.fi\/wp-content\/uploads\/2023\/03\/Senioripysa\u0308kki-seniorit-featured-image-1200x675-1.png","type":"image\/png"}],"twitter_card":"summary_large_image","twitter_site":"@HelsinkiMissio","twitter_misc":{"Ber\u00e4knad l\u00e4stid":"5 minuter"},"schema":{"@context":"https:\/\/schema.org","@graph":[{"@type":"WebPage","@id":"https:\/\/www.helsinkimissio.fi\/sv\/behover-du-hjalp\/for-seniorer\/seniorhallplats\/","url":"https:\/\/www.helsinkimissio.fi\/sv\/behover-du-hjalp\/for-seniorer\/seniorhallplats\/","name":"Samtalshj\u00e4lp &#8212; HelsinkiMissio","isPartOf":{"@id":"https:\/\/www.helsinkimissio.fi\/sv\/#website"},"primaryImageOfPage":{"@id":"https:\/\/www.helsinkimissio.fi\/sv\/behover-du-hjalp\/for-seniorer\/seniorhallplats\/#primaryimage"},"image":{"@id":"https:\/\/www.helsinkimissio.fi\/sv\/behover-du-hjalp\/for-seniorer\/seniorhallplats\/#primaryimage"},"thumbnailUrl":"https:\/\/www.helsinkimissio.fi\/wp-content\/uploads\/2023\/03\/Senioripysa\u0308kki-seniorit-featured-image-1200x675-1.png","datePublished":"2022-05-20T09:20:50+00:00","dateModified":"2026-02-05T12:57:46+00:00","description":"Seniorh\u00e5llplatsen erbjuder terapeutiska samtalsgrupper med yrkeskunnig ledning f\u00f6r personer \u00f6ver 65. L\u00e4s mer!","breadcrumb":{"@id":"https:\/\/www.helsinkimissio.fi\/sv\/behover-du-hjalp\/for-seniorer\/seniorhallplats\/#breadcrumb"},"inLanguage":"sv-SE","potentialAction":[{"@type":"ReadAction","target":["https:\/\/www.helsinkimissio.fi\/sv\/behover-du-hjalp\/for-seniorer\/seniorhallplats\/"]}]},{"@type":"ImageObject","inLanguage":"sv-SE","@id":"https:\/\/www.helsinkimissio.fi\/sv\/behover-du-hjalp\/for-seniorer\/seniorhallplats\/#primaryimage","url":"https:\/\/www.helsinkimissio.fi\/wp-content\/uploads\/2023\/03\/Senioripysa\u0308kki-seniorit-featured-image-1200x675-1.png","contentUrl":"https:\/\/www.helsinkimissio.fi\/wp-content\/uploads\/2023\/03\/Senioripysa\u0308kki-seniorit-featured-image-1200x675-1.png","width":1200,"height":675},{"@type":"BreadcrumbList","@id":"https:\/\/www.helsinkimissio.fi\/sv\/behover-du-hjalp\/for-seniorer\/seniorhallplats\/#breadcrumb","itemListElement":[{"@type":"ListItem","position":1,"name":"Etusivu","item":"https:\/\/www.helsinkimissio.fi\/sv\/"},{"@type":"ListItem","position":2,"name":"Beh\u00f6ver du hj\u00e4lp?","item":"https:\/\/www.helsinkimissio.fi\/sv\/behover-du-hjalp\/"},{"@type":"ListItem","position":3,"name":"F\u00f6r seniorer","item":"https:\/\/www.helsinkimissio.fi\/sv\/behover-du-hjalp\/for-seniorer\/"},{"@type":"ListItem","position":4,"name":"Samtalshj\u00e4lp"}]},{"@type":"WebSite","@id":"https:\/\/www.helsinkimissio.fi\/sv\/#website","url":"https:\/\/www.helsinkimissio.fi\/sv\/","name":"Yhdess\u00e4 yksin\u00e4isyys voitetaan \u2013 HelsinkiMissio","description":"Yhdess\u00e4 yksin\u00e4isyys voitetaan.","publisher":{"@id":"https:\/\/www.helsinkimissio.fi\/sv\/#organization"},"alternateName":"HelsinkiMissio","potentialAction":[{"@type":"SearchAction","target":{"@type":"EntryPoint","urlTemplate":"https:\/\/www.helsinkimissio.fi\/sv\/?s={search_term_string}"},"query-input":{"@type":"PropertyValueSpecification","valueRequired":true,"valueName":"search_term_string"}}],"inLanguage":"sv-SE"},{"@type":"Organization","@id":"https:\/\/www.helsinkimissio.fi\/sv\/#organization","name":"HelsinkiMissio","url":"https:\/\/www.helsinkimissio.fi\/sv\/","logo":{"@type":"ImageObject","inLanguage":"sv-SE","@id":"https:\/\/www.helsinkimissio.fi\/sv\/#\/schema\/logo\/image\/","url":"https:\/\/www.helsinkimissio.fi\/wp-content\/uploads\/2022\/07\/cropped-Helsinkimissio_sin_logo.png","contentUrl":"https:\/\/www.helsinkimissio.fi\/wp-content\/uploads\/2022\/07\/cropped-Helsinkimissio_sin_logo.png","width":512,"height":512,"caption":"HelsinkiMissio"},"image":{"@id":"https:\/\/www.helsinkimissio.fi\/sv\/#\/schema\/logo\/image\/"},"sameAs":["https:\/\/www.facebook.com\/HelsinkiMissio\/","https:\/\/x.com\/HelsinkiMissio","https:\/\/www.instagram.com\/helsinkimissio\/","https:\/\/www.linkedin.com\/company\/10844786\/","https:\/\/www.youtube.com\/channel\/UCzKk3pYABu9D-DzQAx1Yr2w"]}]}},"_links":{"self":[{"href":"https:\/\/www.helsinkimissio.fi\/sv\/wp-json\/wp\/v2\/pages\/11737","targetHints":{"allow":["GET"]}}],"collection":[{"href":"https:\/\/www.helsinkimissio.fi\/sv\/wp-json\/wp\/v2\/pages"}],"about":[{"href":"https:\/\/www.helsinkimissio.fi\/sv\/wp-json\/wp\/v2\/types\/page"}],"author":[{"embeddable":true,"href":"https:\/\/www.helsinkimissio.fi\/sv\/wp-json\/wp\/v2\/users\/2"}],"replies":[{"embeddable":true,"href":"https:\/\/www.helsinkimissio.fi\/sv\/wp-json\/wp\/v2\/comments?post=11737"}],"version-history":[{"count":14,"href":"https:\/\/www.helsinkimissio.fi\/sv\/wp-json\/wp\/v2\/pages\/11737\/revisions"}],"predecessor-version":[{"id":40728,"href":"https:\/\/www.helsinkimissio.fi\/sv\/wp-json\/wp\/v2\/pages\/11737\/revisions\/40728"}],"up":[{"embeddable":true,"href":"https:\/\/www.helsinkimissio.fi\/sv\/wp-json\/wp\/v2\/pages\/11724"}],"wp:featuredmedia":[{"embeddable":true,"href":"https:\/\/www.helsinkimissio.fi\/sv\/wp-json\/wp\/v2\/media\/20383"}],"wp:attachment":[{"href":"https:\/\/www.helsinkimissio.fi\/sv\/wp-json\/wp\/v2\/media?parent=11737"}],"curies":[{"name":"wp","href":"https:\/\/api.w.org\/{rel}","templated":true}]}}