{"id":11747,"date":"2022-05-20T12:21:26","date_gmt":"2022-05-20T09:21:26","guid":{"rendered":"https:\/\/www.helsinkimissio.fi\/senioreille\/keikka-apu\/"},"modified":"2024-08-15T14:10:07","modified_gmt":"2024-08-15T11:10:07","slug":"engangshjalp","status":"publish","type":"page","link":"https:\/\/www.helsinkimissio.fi\/sv\/behover-du-hjalp\/for-seniorer\/engangshjalp\/","title":{"rendered":"Eng\u00e5ngshj\u00e4lp"},"content":{"rendered":"\n<section  class=\"block block-hero-element container-fluid has-teal-background-color has-bg block block-hero-element-- block-hero-element__desktop-background\" style=\"background-image: url();\">\n    <div class=\"block-hero-element__mobile-background\">\n        <div class=\"container\">\n            <div class=\"row\">\n                <div class=\"col-sm-10 col-md-12 col-hd-12 mx-auto\">\n                    <div class=\"row  block-hero-element__wrapper block-hero-element--text-left   not_front_hero padding-zero\">\n                        <div class=\"offset-1 col-sm-10 col-md-10 col-lg-5 col-xl-5 block-hero-element__text-area block-hero-element--text-vertical-position-center\">\n                            \n\n    <h1 class=\"colored-heading no-background new\">\n                                <p class=\"has-background bg- has-dark-blue-background-color has-white-text-color\"> Hj\u00e4lp i <\/p> <br>\n                                <p class=\"has-background bg- has-dark-blue-background-color has-white-text-color\"> vardagen <\/p> <br>\n            <\/h1>\n\n\n\n<p class=\"has-dark-blue-color has-text-color\">V\u00e5ra volont\u00e4rer hj\u00e4lper seniorer i huvudstadsregionen som \u00e4r 65+ med vardagens utmaningar. Ta kontakt till exempel n\u00e4r du beh\u00f6ver en f\u00f6ljeslagare till butiken eller st\u00f6d i samband med ett l\u00e4karbes\u00f6k. <\/p>\n\n\n                        <\/div>\n                                                    <div class=\" offset-1 col-sm-10 col-md-10 col-lg-5 col-xl-4 block-hero-element__image-area block-hero-element__image-area--center\">\n                                <img decoding=\"async\" src=\"https:\/\/www.helsinkimissio.fi\/wp-content\/uploads\/2022\/07\/900x600_Nosto_Avustaja_Vanha_Mies_Kavelylla.jpg\" width=\"900\" height=\"600\" alt=\"\" loading=\"lazy\">                            <\/div>\n                        \n                        \n                    <\/div>\n                <\/div>\n            <\/div>\n        <\/div>\n    <\/div>\n<\/section>\n\n\n<section  class=\"block  block-content-wrapper container-fluid has-background has-off-white-background-color has-background bg- has-off-white-background-color has--text-color\">\n    <div class=\"container\">\n        <div class=\"row  flex-start col-12\" style=\"justify-content: flex-start; \">\n                            <div class=\"\">\n                                    <main class=\"entry-content\">\n                        \n\n<h2 class=\"wp-block-heading has-red-color has-text-color\">En volont\u00e4r hj\u00e4lper till i vardagen<\/h2>\n\n\n\n<p>Man kan be en volont\u00e4r om s\u00e4llskap n\u00e4r man g\u00e5r p\u00e5 en promenad, pratar \u00f6ver en kopp kaffe eller beh\u00f6ver st\u00f6d f\u00f6r en butiksf\u00e4rd eller f\u00f6r att sk\u00f6ta \u00e4renden.<\/p>\n\n\n\n<p>Kontakta oss om eng\u00e5ngshj\u00e4lp genom att fylla i v\u00e5r kontaktblankett. Kom ih\u00e5g att uppge ditt f\u00f6delse\u00e5r och hurdan hj\u00e4lp du \u00f6nskar. Vi kontaktar dig s\u00e5 fort som m\u00f6jligt.<\/p>\n\n\n\n<p>Du kan ocks\u00e5 kontakta oss om eng\u00e5ngshj\u00e4lp <strong>per telefon 09 2312 0230. <\/strong>V\u00e5r telefontj\u00e4nst \u00e4r baserad p\u00e5 \u00e5teruppringningsprincipen. Ditt samtal registreras och vi ringer upp dig s\u00e5 snart som m\u00f6jligt.&nbsp;Vi kontaktar alla som varit i kontakt med oss inom tre vardagar.<\/p>\n\n\n\n<p>Mer information: <a href=\"mailto:volontarverksamhet@helsinkimissio.fi\">volontarverksamhet@helsinkimissio.fi<\/a><\/p>\n\n\n\n<div class=\"wp-block-button alignleft\"><a class=\"wp-block-button__link wp-element-button\" href=\"https:\/\/helsinkimissio.clara.fi\/ext\/task_requests\/new?locale=sv&amp;service_ids=100117\">S\u00f6k eng\u00e5ngshj\u00e4lp<\/a><\/div>\n\n\n\n<p><\/p>\n\n\n                    <\/main>\n                    <\/div>\n                <\/div>\n        <\/div>\n<\/section>\n\n\n\n\n<section  class=\"block full-width block-kahdenpalstan-nosto-2 container-fluid has-background bg- has-white-background-color has--text-color\">\n    <div class=\"container\">\n        <div class=\"row\">\n            <div class=\"col-sm-10 col-xl-12 mx-auto\">\n                <div class=\"row\">\n                    <div class=\"image_text_lift right\">\n                        <div class=\"col-xs-4 col-sm-12 col-md-10 col-xl-4  image_text_lift__img_container  offset-1 height_controller\">\n\n                                                        \n                        <\/div>\n                        <div class=\"col-xs-4 col-sm-12 col-md-10 col-xl-4 image_text_lift__position offset-1 middle\">\n                            <main class=\"entry-content \">\n                                \n\n<blockquote class=\"wp-block-quote is-style-default has-dark-blue-color has-text-color is-layout-flow wp-block-quote-is-layout-flow\">\n<p>&#8221;Vi hade skoj, vi promenerade och skrattade. Jag k\u00e4nde faktiskt att jag har f\u00e5tt n\u00e5got och att jag har f\u00e5tt f\u00f6rst\u00e5else.\u201d<\/p>\n<cite>Tyyne, 81, som har f\u00e5tt eng\u00e5ngshj\u00e4lp<\/cite><\/blockquote>\n\n\n                            <\/main>\n                        <\/div>\n                    <\/div>\n                <\/div>\n            <\/div>\n        <\/div>\n<\/section>","protected":false},"excerpt":{"rendered":"","protected":false},"author":2,"featured_media":0,"parent":11724,"menu_order":0,"comment_status":"closed","ping_status":"closed","template":"","meta":{"_acf_changed":false,"_relevanssi_hide_post":"","_relevanssi_hide_content":"","_relevanssi_pin_for_all":"","_relevanssi_pin_keywords":"","_relevanssi_unpin_keywords":"","_relevanssi_related_keywords":"","_relevanssi_related_include_ids":"","_relevanssi_related_exclude_ids":"","_relevanssi_related_no_append":"","_relevanssi_related_not_related":"","_relevanssi_related_posts":"1089,952,909,899","_relevanssi_noindex_reason":"","footnotes":""},"class_list":["post-11747","page","type-page","status-publish","hentry"],"acf":[],"yoast_head":"<!-- This site is optimized with the Yoast SEO plugin v27.4 - https:\/\/yoast.com\/product\/yoast-seo-wordpress\/ -->\n<title>Eng\u00e5ngshj\u00e4lp &#8212; HelsinkiMissio<\/title>\n<meta name=\"description\" content=\"V\u00e5ra volont\u00e4rer hj\u00e4lper seniorer i huvudstadsregionen som \u00e4r 65+ med vardagens utmaningar. Ta kontakt till exempel n\u00e4r du beh\u00f6ver en f\u00f6ljeslagare till butiken eller st\u00f6d i samband med ett l\u00e4karbes\u00f6k.\" \/>\n<meta name=\"robots\" content=\"index, follow, max-snippet:-1, max-image-preview:large, max-video-preview:-1\" \/>\n<link rel=\"canonical\" href=\"https:\/\/www.helsinkimissio.fi\/sv\/behover-du-hjalp\/for-seniorer\/engangshjalp\/\" \/>\n<meta property=\"og:locale\" content=\"sv_SE\" \/>\n<meta property=\"og:type\" content=\"article\" \/>\n<meta property=\"og:title\" content=\"Eng\u00e5ngshj\u00e4lp &#8212; HelsinkiMissio\" \/>\n<meta property=\"og:description\" content=\"V\u00e5ra volont\u00e4rer hj\u00e4lper seniorer i huvudstadsregionen som \u00e4r 65+ med vardagens utmaningar. Ta kontakt till exempel n\u00e4r du beh\u00f6ver en f\u00f6ljeslagare till butiken eller st\u00f6d i samband med ett l\u00e4karbes\u00f6k.\" \/>\n<meta property=\"og:url\" content=\"https:\/\/www.helsinkimissio.fi\/sv\/behover-du-hjalp\/for-seniorer\/engangshjalp\/\" \/>\n<meta property=\"og:site_name\" content=\"HelsinkiMissio\" \/>\n<meta property=\"article:publisher\" content=\"https:\/\/www.facebook.com\/HelsinkiMissio\/\" \/>\n<meta property=\"article:modified_time\" content=\"2024-08-15T11:10:07+00:00\" \/>\n<meta property=\"og:image\" content=\"https:\/\/www.helsinkimissio.fi\/wp-content\/uploads\/2023\/03\/Yoast-featured-image-1200x675-sininen.png\" \/>\n\t<meta property=\"og:image:width\" content=\"1200\" \/>\n\t<meta property=\"og:image:height\" content=\"675\" \/>\n\t<meta property=\"og:image:type\" content=\"image\/png\" \/>\n<meta name=\"twitter:card\" content=\"summary_large_image\" \/>\n<meta name=\"twitter:site\" content=\"@HelsinkiMissio\" \/>\n<meta name=\"twitter:label1\" content=\"Ber\u00e4knad l\u00e4stid\" \/>\n\t<meta name=\"twitter:data1\" content=\"3 minuter\" \/>\n<script type=\"application\/ld+json\" class=\"yoast-schema-graph\">{\"@context\":\"https:\\\/\\\/schema.org\",\"@graph\":[{\"@type\":\"WebPage\",\"@id\":\"https:\\\/\\\/www.helsinkimissio.fi\\\/sv\\\/behover-du-hjalp\\\/for-seniorer\\\/engangshjalp\\\/\",\"url\":\"https:\\\/\\\/www.helsinkimissio.fi\\\/sv\\\/behover-du-hjalp\\\/for-seniorer\\\/engangshjalp\\\/\",\"name\":\"Eng\u00e5ngshj\u00e4lp &#8212; HelsinkiMissio\",\"isPartOf\":{\"@id\":\"https:\\\/\\\/www.helsinkimissio.fi\\\/sv\\\/#website\"},\"datePublished\":\"2022-05-20T09:21:26+00:00\",\"dateModified\":\"2024-08-15T11:10:07+00:00\",\"description\":\"V\u00e5ra volont\u00e4rer hj\u00e4lper seniorer i huvudstadsregionen som \u00e4r 65+ med vardagens utmaningar. Ta kontakt till exempel n\u00e4r du beh\u00f6ver en f\u00f6ljeslagare till butiken eller st\u00f6d i samband med ett l\u00e4karbes\u00f6k.\",\"breadcrumb\":{\"@id\":\"https:\\\/\\\/www.helsinkimissio.fi\\\/sv\\\/behover-du-hjalp\\\/for-seniorer\\\/engangshjalp\\\/#breadcrumb\"},\"inLanguage\":\"sv-SE\",\"potentialAction\":[{\"@type\":\"ReadAction\",\"target\":[\"https:\\\/\\\/www.helsinkimissio.fi\\\/sv\\\/behover-du-hjalp\\\/for-seniorer\\\/engangshjalp\\\/\"]}]},{\"@type\":\"BreadcrumbList\",\"@id\":\"https:\\\/\\\/www.helsinkimissio.fi\\\/sv\\\/behover-du-hjalp\\\/for-seniorer\\\/engangshjalp\\\/#breadcrumb\",\"itemListElement\":[{\"@type\":\"ListItem\",\"position\":1,\"name\":\"Etusivu\",\"item\":\"https:\\\/\\\/www.helsinkimissio.fi\\\/sv\\\/\"},{\"@type\":\"ListItem\",\"position\":2,\"name\":\"Beh\u00f6ver du hj\u00e4lp?\",\"item\":\"https:\\\/\\\/www.helsinkimissio.fi\\\/sv\\\/behover-du-hjalp\\\/\"},{\"@type\":\"ListItem\",\"position\":3,\"name\":\"F\u00f6r seniorer\",\"item\":\"https:\\\/\\\/www.helsinkimissio.fi\\\/sv\\\/behover-du-hjalp\\\/for-seniorer\\\/\"},{\"@type\":\"ListItem\",\"position\":4,\"name\":\"Eng\u00e5ngshj\u00e4lp\"}]},{\"@type\":\"WebSite\",\"@id\":\"https:\\\/\\\/www.helsinkimissio.fi\\\/sv\\\/#website\",\"url\":\"https:\\\/\\\/www.helsinkimissio.fi\\\/sv\\\/\",\"name\":\"Yhdess\u00e4 yksin\u00e4isyys voitetaan \u2013 HelsinkiMissio\",\"description\":\"Yhdess\u00e4 yksin\u00e4isyys voitetaan.\",\"publisher\":{\"@id\":\"https:\\\/\\\/www.helsinkimissio.fi\\\/sv\\\/#organization\"},\"alternateName\":\"HelsinkiMissio\",\"potentialAction\":[{\"@type\":\"SearchAction\",\"target\":{\"@type\":\"EntryPoint\",\"urlTemplate\":\"https:\\\/\\\/www.helsinkimissio.fi\\\/sv\\\/?s={search_term_string}\"},\"query-input\":{\"@type\":\"PropertyValueSpecification\",\"valueRequired\":true,\"valueName\":\"search_term_string\"}}],\"inLanguage\":\"sv-SE\"},{\"@type\":\"Organization\",\"@id\":\"https:\\\/\\\/www.helsinkimissio.fi\\\/sv\\\/#organization\",\"name\":\"HelsinkiMissio\",\"url\":\"https:\\\/\\\/www.helsinkimissio.fi\\\/sv\\\/\",\"logo\":{\"@type\":\"ImageObject\",\"inLanguage\":\"sv-SE\",\"@id\":\"https:\\\/\\\/www.helsinkimissio.fi\\\/sv\\\/#\\\/schema\\\/logo\\\/image\\\/\",\"url\":\"https:\\\/\\\/www.helsinkimissio.fi\\\/wp-content\\\/uploads\\\/2022\\\/07\\\/cropped-Helsinkimissio_sin_logo.png\",\"contentUrl\":\"https:\\\/\\\/www.helsinkimissio.fi\\\/wp-content\\\/uploads\\\/2022\\\/07\\\/cropped-Helsinkimissio_sin_logo.png\",\"width\":512,\"height\":512,\"caption\":\"HelsinkiMissio\"},\"image\":{\"@id\":\"https:\\\/\\\/www.helsinkimissio.fi\\\/sv\\\/#\\\/schema\\\/logo\\\/image\\\/\"},\"sameAs\":[\"https:\\\/\\\/www.facebook.com\\\/HelsinkiMissio\\\/\",\"https:\\\/\\\/x.com\\\/HelsinkiMissio\",\"https:\\\/\\\/www.instagram.com\\\/helsinkimissio\\\/\",\"https:\\\/\\\/www.linkedin.com\\\/company\\\/10844786\\\/\",\"https:\\\/\\\/www.youtube.com\\\/channel\\\/UCzKk3pYABu9D-DzQAx1Yr2w\"]}]}<\/script>\n<!-- \/ Yoast SEO plugin. -->","yoast_head_json":{"title":"Eng\u00e5ngshj\u00e4lp &#8212; HelsinkiMissio","description":"V\u00e5ra volont\u00e4rer hj\u00e4lper seniorer i huvudstadsregionen som \u00e4r 65+ med vardagens utmaningar. Ta kontakt till exempel n\u00e4r du beh\u00f6ver en f\u00f6ljeslagare till butiken eller st\u00f6d i samband med ett l\u00e4karbes\u00f6k.","robots":{"index":"index","follow":"follow","max-snippet":"max-snippet:-1","max-image-preview":"max-image-preview:large","max-video-preview":"max-video-preview:-1"},"canonical":"https:\/\/www.helsinkimissio.fi\/sv\/behover-du-hjalp\/for-seniorer\/engangshjalp\/","og_locale":"sv_SE","og_type":"article","og_title":"Eng\u00e5ngshj\u00e4lp &#8212; HelsinkiMissio","og_description":"V\u00e5ra volont\u00e4rer hj\u00e4lper seniorer i huvudstadsregionen som \u00e4r 65+ med vardagens utmaningar. Ta kontakt till exempel n\u00e4r du beh\u00f6ver en f\u00f6ljeslagare till butiken eller st\u00f6d i samband med ett l\u00e4karbes\u00f6k.","og_url":"https:\/\/www.helsinkimissio.fi\/sv\/behover-du-hjalp\/for-seniorer\/engangshjalp\/","og_site_name":"HelsinkiMissio","article_publisher":"https:\/\/www.facebook.com\/HelsinkiMissio\/","article_modified_time":"2024-08-15T11:10:07+00:00","og_image":[{"width":1200,"height":675,"url":"https:\/\/www.helsinkimissio.fi\/wp-content\/uploads\/2023\/03\/Yoast-featured-image-1200x675-sininen.png","type":"image\/png"}],"twitter_card":"summary_large_image","twitter_site":"@HelsinkiMissio","twitter_misc":{"Ber\u00e4knad l\u00e4stid":"3 minuter"},"schema":{"@context":"https:\/\/schema.org","@graph":[{"@type":"WebPage","@id":"https:\/\/www.helsinkimissio.fi\/sv\/behover-du-hjalp\/for-seniorer\/engangshjalp\/","url":"https:\/\/www.helsinkimissio.fi\/sv\/behover-du-hjalp\/for-seniorer\/engangshjalp\/","name":"Eng\u00e5ngshj\u00e4lp &#8212; HelsinkiMissio","isPartOf":{"@id":"https:\/\/www.helsinkimissio.fi\/sv\/#website"},"datePublished":"2022-05-20T09:21:26+00:00","dateModified":"2024-08-15T11:10:07+00:00","description":"V\u00e5ra volont\u00e4rer hj\u00e4lper seniorer i huvudstadsregionen som \u00e4r 65+ med vardagens utmaningar. Ta kontakt till exempel n\u00e4r du beh\u00f6ver en f\u00f6ljeslagare till butiken eller st\u00f6d i samband med ett l\u00e4karbes\u00f6k.","breadcrumb":{"@id":"https:\/\/www.helsinkimissio.fi\/sv\/behover-du-hjalp\/for-seniorer\/engangshjalp\/#breadcrumb"},"inLanguage":"sv-SE","potentialAction":[{"@type":"ReadAction","target":["https:\/\/www.helsinkimissio.fi\/sv\/behover-du-hjalp\/for-seniorer\/engangshjalp\/"]}]},{"@type":"BreadcrumbList","@id":"https:\/\/www.helsinkimissio.fi\/sv\/behover-du-hjalp\/for-seniorer\/engangshjalp\/#breadcrumb","itemListElement":[{"@type":"ListItem","position":1,"name":"Etusivu","item":"https:\/\/www.helsinkimissio.fi\/sv\/"},{"@type":"ListItem","position":2,"name":"Beh\u00f6ver du hj\u00e4lp?","item":"https:\/\/www.helsinkimissio.fi\/sv\/behover-du-hjalp\/"},{"@type":"ListItem","position":3,"name":"F\u00f6r seniorer","item":"https:\/\/www.helsinkimissio.fi\/sv\/behover-du-hjalp\/for-seniorer\/"},{"@type":"ListItem","position":4,"name":"Eng\u00e5ngshj\u00e4lp"}]},{"@type":"WebSite","@id":"https:\/\/www.helsinkimissio.fi\/sv\/#website","url":"https:\/\/www.helsinkimissio.fi\/sv\/","name":"Yhdess\u00e4 yksin\u00e4isyys voitetaan \u2013 HelsinkiMissio","description":"Yhdess\u00e4 yksin\u00e4isyys voitetaan.","publisher":{"@id":"https:\/\/www.helsinkimissio.fi\/sv\/#organization"},"alternateName":"HelsinkiMissio","potentialAction":[{"@type":"SearchAction","target":{"@type":"EntryPoint","urlTemplate":"https:\/\/www.helsinkimissio.fi\/sv\/?s={search_term_string}"},"query-input":{"@type":"PropertyValueSpecification","valueRequired":true,"valueName":"search_term_string"}}],"inLanguage":"sv-SE"},{"@type":"Organization","@id":"https:\/\/www.helsinkimissio.fi\/sv\/#organization","name":"HelsinkiMissio","url":"https:\/\/www.helsinkimissio.fi\/sv\/","logo":{"@type":"ImageObject","inLanguage":"sv-SE","@id":"https:\/\/www.helsinkimissio.fi\/sv\/#\/schema\/logo\/image\/","url":"https:\/\/www.helsinkimissio.fi\/wp-content\/uploads\/2022\/07\/cropped-Helsinkimissio_sin_logo.png","contentUrl":"https:\/\/www.helsinkimissio.fi\/wp-content\/uploads\/2022\/07\/cropped-Helsinkimissio_sin_logo.png","width":512,"height":512,"caption":"HelsinkiMissio"},"image":{"@id":"https:\/\/www.helsinkimissio.fi\/sv\/#\/schema\/logo\/image\/"},"sameAs":["https:\/\/www.facebook.com\/HelsinkiMissio\/","https:\/\/x.com\/HelsinkiMissio","https:\/\/www.instagram.com\/helsinkimissio\/","https:\/\/www.linkedin.com\/company\/10844786\/","https:\/\/www.youtube.com\/channel\/UCzKk3pYABu9D-DzQAx1Yr2w"]}]}},"_links":{"self":[{"href":"https:\/\/www.helsinkimissio.fi\/sv\/wp-json\/wp\/v2\/pages\/11747","targetHints":{"allow":["GET"]}}],"collection":[{"href":"https:\/\/www.helsinkimissio.fi\/sv\/wp-json\/wp\/v2\/pages"}],"about":[{"href":"https:\/\/www.helsinkimissio.fi\/sv\/wp-json\/wp\/v2\/types\/page"}],"author":[{"embeddable":true,"href":"https:\/\/www.helsinkimissio.fi\/sv\/wp-json\/wp\/v2\/users\/2"}],"replies":[{"embeddable":true,"href":"https:\/\/www.helsinkimissio.fi\/sv\/wp-json\/wp\/v2\/comments?post=11747"}],"version-history":[{"count":15,"href":"https:\/\/www.helsinkimissio.fi\/sv\/wp-json\/wp\/v2\/pages\/11747\/revisions"}],"predecessor-version":[{"id":31775,"href":"https:\/\/www.helsinkimissio.fi\/sv\/wp-json\/wp\/v2\/pages\/11747\/revisions\/31775"}],"up":[{"embeddable":true,"href":"https:\/\/www.helsinkimissio.fi\/sv\/wp-json\/wp\/v2\/pages\/11724"}],"wp:attachment":[{"href":"https:\/\/www.helsinkimissio.fi\/sv\/wp-json\/wp\/v2\/media?parent=11747"}],"curies":[{"name":"wp","href":"https:\/\/api.w.org\/{rel}","templated":true}]}}