{"id":11755,"date":"2022-05-20T12:22:02","date_gmt":"2022-05-20T09:22:02","guid":{"rendered":"https:\/\/www.helsinkimissio.fi\/senioreille\/tukihenkilo\/"},"modified":"2024-01-08T10:53:37","modified_gmt":"2024-01-08T08:53:37","slug":"seniorkompis","status":"publish","type":"page","link":"https:\/\/www.helsinkimissio.fi\/sv\/behover-du-hjalp\/for-seniorer\/seniorkompis\/","title":{"rendered":"Seniorkompis"},"content":{"rendered":"\n<section  class=\"block block-hero-element container-fluid has-pink-background-color has-bg block block-hero-element-- block-hero-element__desktop-background\" style=\"background-image: url();\">\n    <div class=\"block-hero-element__mobile-background\">\n        <div class=\"container\">\n            <div class=\"row\">\n                <div class=\"col-sm-10 col-md-12 col-hd-12 mx-auto\">\n                    <div class=\"row  block-hero-element__wrapper block-hero-element--text-left  align-items-start not_front_hero padding-zero\">\n                        <div class=\"offset-1 col-sm-10 col-md-10 col-lg-5 col-xl-5 block-hero-element__text-area block-hero-element--text-vertical-position-center\">\n                            \n\n    <h1 class=\"colored-heading no-background new\">\n                                <p class=\"has-background bg- has-dark-blue-background-color has-white-text-color\"> Seniorkompis <\/p> <br>\n                                <p class=\"has-background bg- has-dark-blue-background-color has-white-text-color\"> till hj\u00e4lp mot <\/p> <br>\n                                <p class=\"has-background bg- has-dark-blue-background-color has-white-text-color\"> ensamhet <\/p> <br>\n            <\/h1>\n\n\n\n<p>\u00d6nskar du att du hade en v\u00e4n som du kunde dela livets sorg och gl\u00e4dje med? HelsingforsMissions seniorkompis erbjuder s\u00e4llskap och n\u00e4rvaro genom gemensam syssels\u00e4ttning.<\/p>\n\n\n                        <\/div>\n                                                    <div class=\" offset-1 col-sm-10 col-md-10 col-lg-5 col-xl-4 block-hero-element__image-area block-hero-element__image-area--top\">\n                                <img decoding=\"async\" src=\"https:\/\/www.helsinkimissio.fi\/wp-content\/uploads\/2022\/07\/600x900_Hero_Seniorit_Naiset_Juttelee_Apu_Yksinaisyyteen.jpg\" width=\"600\" height=\"900\" alt=\"Seniori nainen juttelee vapaaehtoiselle\" loading=\"lazy\">                            <\/div>\n                        \n                        \n                    <\/div>\n                <\/div>\n            <\/div>\n        <\/div>\n    <\/div>\n<\/section>\n\n\n<section  class=\"block  block-content-wrapper container-fluid has-background has-white-background-color has-background bg- has-white-background-color has--text-color\">\n    <div class=\"container\">\n        <div class=\"row  flex-start col-12\" style=\"justify-content: flex-start; \">\n                            <div class=\"\">\n                                    <main class=\"entry-content\">\n                        \n\n<p>Seniorkompisen \u00e4r en utbildad volont\u00e4r som tr\u00e4ffar senioren ungef\u00e4r tv\u00e5 g\u00e5nger per m\u00e5nad.&nbsp; Tillsammans kan st\u00f6dparet till exempel ta en promenad, g\u00e5 p\u00e5 konstutst\u00e4llning, bes\u00f6ka bibliotek eller g\u00e5 p\u00e5 kaf\u00e9. Seniorkompisverksamheten ger b\u00e5da parterna gl\u00e4dje och rekreation!<\/p>\n\n\n\n<p>Man kan ans\u00f6ka om en seniorkompis om man \u00e4r \u00f6ver 65 \u00e5r.<\/p>\n\n\n\n<p><strong>Ta kontakt och be om mer information<\/strong> tfn. 09 2312 0230 eller volontarverksamhet@helsinkimissio.fi <\/p>\n\n\n                    <\/main>\n                    <\/div>\n                <\/div>\n        <\/div>\n<\/section>\n\n\n<section  class=\"block  block-content-wrapper container-fluid has-background has-teal-background-color has-background bg- has-teal-background-color has--text-color\">\n    <div class=\"container\">\n        <div class=\"row  flex-start col-12\" style=\"justify-content: flex-start; \">\n                            <div class=\"\">\n                                    <main class=\"entry-content\">\n                        \n\n<blockquote class=\"wp-block-quote is-style-default has-dark-blue-color has-text-color is-layout-flow wp-block-quote-is-layout-flow\">\n<p>Alla v\u00e5ra tankar bara fungerar s\u00e5 bra ihop. Man beh\u00f6ver inte vara sp\u00e4nd.<\/p>\n<cite>Mirja, 80, om sin seniorkompis<\/cite><\/blockquote>\n\n\n                    <\/main>\n                    <\/div>\n                <\/div>\n        <\/div>\n<\/section>","protected":false},"excerpt":{"rendered":"","protected":false},"author":2,"featured_media":0,"parent":11724,"menu_order":0,"comment_status":"closed","ping_status":"closed","template":"","meta":{"_acf_changed":false,"_relevanssi_hide_post":"","_relevanssi_hide_content":"","_relevanssi_pin_for_all":"","_relevanssi_pin_keywords":"","_relevanssi_unpin_keywords":"","_relevanssi_related_keywords":"","_relevanssi_related_include_ids":"","_relevanssi_related_exclude_ids":"","_relevanssi_related_no_append":"","_relevanssi_related_not_related":"","_relevanssi_related_posts":"1089,909,952,899","_relevanssi_noindex_reason":"","footnotes":""},"class_list":["post-11755","page","type-page","status-publish","hentry"],"acf":[],"yoast_head":"<!-- This site is optimized with the Yoast SEO plugin v27.1.1 - https:\/\/yoast.com\/product\/yoast-seo-wordpress\/ -->\n<title>Seniorkompis &#8212; HelsinkiMissio<\/title>\n<meta name=\"description\" content=\"\u00d6nskar du att du hade en v\u00e4n som du kunde dela livets sorg och gl\u00e4dje med? HelsingforsMissions seniorkompis erbjuder s\u00e4llskap och n\u00e4rvaro genom gemensam syssels\u00e4ttning.\" \/>\n<meta name=\"robots\" content=\"index, follow, max-snippet:-1, max-image-preview:large, max-video-preview:-1\" \/>\n<link rel=\"canonical\" href=\"https:\/\/www.helsinkimissio.fi\/sv\/behover-du-hjalp\/for-seniorer\/seniorkompis\/\" \/>\n<meta property=\"og:locale\" content=\"sv_SE\" \/>\n<meta property=\"og:type\" content=\"article\" \/>\n<meta property=\"og:title\" content=\"Seniorkompis &#8212; HelsinkiMissio\" \/>\n<meta property=\"og:description\" content=\"\u00d6nskar du att du hade en v\u00e4n som du kunde dela livets sorg och gl\u00e4dje med? HelsingforsMissions seniorkompis erbjuder s\u00e4llskap och n\u00e4rvaro genom gemensam syssels\u00e4ttning.\" \/>\n<meta property=\"og:url\" content=\"https:\/\/www.helsinkimissio.fi\/sv\/behover-du-hjalp\/for-seniorer\/seniorkompis\/\" \/>\n<meta property=\"og:site_name\" content=\"HelsinkiMissio\" \/>\n<meta property=\"article:publisher\" content=\"https:\/\/www.facebook.com\/HelsinkiMissio\/\" \/>\n<meta property=\"article:modified_time\" content=\"2024-01-08T08:53:37+00:00\" \/>\n<meta property=\"og:image\" content=\"https:\/\/www.helsinkimissio.fi\/wp-content\/uploads\/2023\/03\/Yoast-featured-image-1200x675-sininen.png\" \/>\n\t<meta property=\"og:image:width\" content=\"1200\" \/>\n\t<meta property=\"og:image:height\" content=\"675\" \/>\n\t<meta property=\"og:image:type\" content=\"image\/png\" \/>\n<meta name=\"twitter:card\" content=\"summary_large_image\" \/>\n<meta name=\"twitter:site\" content=\"@HelsinkiMissio\" \/>\n<meta name=\"twitter:label1\" content=\"Ber\u00e4knad l\u00e4stid\" \/>\n\t<meta name=\"twitter:data1\" content=\"1 minut\" \/>\n<script type=\"application\/ld+json\" class=\"yoast-schema-graph\">{\"@context\":\"https:\/\/schema.org\",\"@graph\":[{\"@type\":\"WebPage\",\"@id\":\"https:\/\/www.helsinkimissio.fi\/sv\/behover-du-hjalp\/for-seniorer\/seniorkompis\/\",\"url\":\"https:\/\/www.helsinkimissio.fi\/sv\/behover-du-hjalp\/for-seniorer\/seniorkompis\/\",\"name\":\"Seniorkompis &#8212; HelsinkiMissio\",\"isPartOf\":{\"@id\":\"https:\/\/www.helsinkimissio.fi\/sv\/#website\"},\"datePublished\":\"2022-05-20T09:22:02+00:00\",\"dateModified\":\"2024-01-08T08:53:37+00:00\",\"description\":\"\u00d6nskar du att du hade en v\u00e4n som du kunde dela livets sorg och gl\u00e4dje med? HelsingforsMissions seniorkompis erbjuder s\u00e4llskap och n\u00e4rvaro genom gemensam syssels\u00e4ttning.\",\"breadcrumb\":{\"@id\":\"https:\/\/www.helsinkimissio.fi\/sv\/behover-du-hjalp\/for-seniorer\/seniorkompis\/#breadcrumb\"},\"inLanguage\":\"sv-SE\",\"potentialAction\":[{\"@type\":\"ReadAction\",\"target\":[\"https:\/\/www.helsinkimissio.fi\/sv\/behover-du-hjalp\/for-seniorer\/seniorkompis\/\"]}]},{\"@type\":\"BreadcrumbList\",\"@id\":\"https:\/\/www.helsinkimissio.fi\/sv\/behover-du-hjalp\/for-seniorer\/seniorkompis\/#breadcrumb\",\"itemListElement\":[{\"@type\":\"ListItem\",\"position\":1,\"name\":\"Etusivu\",\"item\":\"https:\/\/www.helsinkimissio.fi\/sv\/\"},{\"@type\":\"ListItem\",\"position\":2,\"name\":\"Beh\u00f6ver du hj\u00e4lp?\",\"item\":\"https:\/\/www.helsinkimissio.fi\/sv\/behover-du-hjalp\/\"},{\"@type\":\"ListItem\",\"position\":3,\"name\":\"F\u00f6r seniorer\",\"item\":\"https:\/\/www.helsinkimissio.fi\/sv\/behover-du-hjalp\/for-seniorer\/\"},{\"@type\":\"ListItem\",\"position\":4,\"name\":\"Seniorkompis\"}]},{\"@type\":\"WebSite\",\"@id\":\"https:\/\/www.helsinkimissio.fi\/sv\/#website\",\"url\":\"https:\/\/www.helsinkimissio.fi\/sv\/\",\"name\":\"Yhdess\u00e4 yksin\u00e4isyys voitetaan \u2013 HelsinkiMissio\",\"description\":\"Yhdess\u00e4 yksin\u00e4isyys voitetaan.\",\"publisher\":{\"@id\":\"https:\/\/www.helsinkimissio.fi\/sv\/#organization\"},\"alternateName\":\"HelsinkiMissio\",\"potentialAction\":[{\"@type\":\"SearchAction\",\"target\":{\"@type\":\"EntryPoint\",\"urlTemplate\":\"https:\/\/www.helsinkimissio.fi\/sv\/?s={search_term_string}\"},\"query-input\":{\"@type\":\"PropertyValueSpecification\",\"valueRequired\":true,\"valueName\":\"search_term_string\"}}],\"inLanguage\":\"sv-SE\"},{\"@type\":\"Organization\",\"@id\":\"https:\/\/www.helsinkimissio.fi\/sv\/#organization\",\"name\":\"HelsinkiMissio\",\"url\":\"https:\/\/www.helsinkimissio.fi\/sv\/\",\"logo\":{\"@type\":\"ImageObject\",\"inLanguage\":\"sv-SE\",\"@id\":\"https:\/\/www.helsinkimissio.fi\/sv\/#\/schema\/logo\/image\/\",\"url\":\"https:\/\/www.helsinkimissio.fi\/wp-content\/uploads\/2022\/07\/cropped-Helsinkimissio_sin_logo.png\",\"contentUrl\":\"https:\/\/www.helsinkimissio.fi\/wp-content\/uploads\/2022\/07\/cropped-Helsinkimissio_sin_logo.png\",\"width\":512,\"height\":512,\"caption\":\"HelsinkiMissio\"},\"image\":{\"@id\":\"https:\/\/www.helsinkimissio.fi\/sv\/#\/schema\/logo\/image\/\"},\"sameAs\":[\"https:\/\/www.facebook.com\/HelsinkiMissio\/\",\"https:\/\/x.com\/HelsinkiMissio\",\"https:\/\/www.instagram.com\/helsinkimissio\/\",\"https:\/\/www.linkedin.com\/company\/10844786\/\",\"https:\/\/www.youtube.com\/channel\/UCzKk3pYABu9D-DzQAx1Yr2w\"]}]}<\/script>\n<!-- \/ Yoast SEO plugin. -->","yoast_head_json":{"title":"Seniorkompis &#8212; HelsinkiMissio","description":"\u00d6nskar du att du hade en v\u00e4n som du kunde dela livets sorg och gl\u00e4dje med? HelsingforsMissions seniorkompis erbjuder s\u00e4llskap och n\u00e4rvaro genom gemensam syssels\u00e4ttning.","robots":{"index":"index","follow":"follow","max-snippet":"max-snippet:-1","max-image-preview":"max-image-preview:large","max-video-preview":"max-video-preview:-1"},"canonical":"https:\/\/www.helsinkimissio.fi\/sv\/behover-du-hjalp\/for-seniorer\/seniorkompis\/","og_locale":"sv_SE","og_type":"article","og_title":"Seniorkompis &#8212; HelsinkiMissio","og_description":"\u00d6nskar du att du hade en v\u00e4n som du kunde dela livets sorg och gl\u00e4dje med? HelsingforsMissions seniorkompis erbjuder s\u00e4llskap och n\u00e4rvaro genom gemensam syssels\u00e4ttning.","og_url":"https:\/\/www.helsinkimissio.fi\/sv\/behover-du-hjalp\/for-seniorer\/seniorkompis\/","og_site_name":"HelsinkiMissio","article_publisher":"https:\/\/www.facebook.com\/HelsinkiMissio\/","article_modified_time":"2024-01-08T08:53:37+00:00","og_image":[{"width":1200,"height":675,"url":"https:\/\/www.helsinkimissio.fi\/wp-content\/uploads\/2023\/03\/Yoast-featured-image-1200x675-sininen.png","type":"image\/png"}],"twitter_card":"summary_large_image","twitter_site":"@HelsinkiMissio","twitter_misc":{"Ber\u00e4knad l\u00e4stid":"1 minut"},"schema":{"@context":"https:\/\/schema.org","@graph":[{"@type":"WebPage","@id":"https:\/\/www.helsinkimissio.fi\/sv\/behover-du-hjalp\/for-seniorer\/seniorkompis\/","url":"https:\/\/www.helsinkimissio.fi\/sv\/behover-du-hjalp\/for-seniorer\/seniorkompis\/","name":"Seniorkompis &#8212; HelsinkiMissio","isPartOf":{"@id":"https:\/\/www.helsinkimissio.fi\/sv\/#website"},"datePublished":"2022-05-20T09:22:02+00:00","dateModified":"2024-01-08T08:53:37+00:00","description":"\u00d6nskar du att du hade en v\u00e4n som du kunde dela livets sorg och gl\u00e4dje med? HelsingforsMissions seniorkompis erbjuder s\u00e4llskap och n\u00e4rvaro genom gemensam syssels\u00e4ttning.","breadcrumb":{"@id":"https:\/\/www.helsinkimissio.fi\/sv\/behover-du-hjalp\/for-seniorer\/seniorkompis\/#breadcrumb"},"inLanguage":"sv-SE","potentialAction":[{"@type":"ReadAction","target":["https:\/\/www.helsinkimissio.fi\/sv\/behover-du-hjalp\/for-seniorer\/seniorkompis\/"]}]},{"@type":"BreadcrumbList","@id":"https:\/\/www.helsinkimissio.fi\/sv\/behover-du-hjalp\/for-seniorer\/seniorkompis\/#breadcrumb","itemListElement":[{"@type":"ListItem","position":1,"name":"Etusivu","item":"https:\/\/www.helsinkimissio.fi\/sv\/"},{"@type":"ListItem","position":2,"name":"Beh\u00f6ver du hj\u00e4lp?","item":"https:\/\/www.helsinkimissio.fi\/sv\/behover-du-hjalp\/"},{"@type":"ListItem","position":3,"name":"F\u00f6r seniorer","item":"https:\/\/www.helsinkimissio.fi\/sv\/behover-du-hjalp\/for-seniorer\/"},{"@type":"ListItem","position":4,"name":"Seniorkompis"}]},{"@type":"WebSite","@id":"https:\/\/www.helsinkimissio.fi\/sv\/#website","url":"https:\/\/www.helsinkimissio.fi\/sv\/","name":"Yhdess\u00e4 yksin\u00e4isyys voitetaan \u2013 HelsinkiMissio","description":"Yhdess\u00e4 yksin\u00e4isyys voitetaan.","publisher":{"@id":"https:\/\/www.helsinkimissio.fi\/sv\/#organization"},"alternateName":"HelsinkiMissio","potentialAction":[{"@type":"SearchAction","target":{"@type":"EntryPoint","urlTemplate":"https:\/\/www.helsinkimissio.fi\/sv\/?s={search_term_string}"},"query-input":{"@type":"PropertyValueSpecification","valueRequired":true,"valueName":"search_term_string"}}],"inLanguage":"sv-SE"},{"@type":"Organization","@id":"https:\/\/www.helsinkimissio.fi\/sv\/#organization","name":"HelsinkiMissio","url":"https:\/\/www.helsinkimissio.fi\/sv\/","logo":{"@type":"ImageObject","inLanguage":"sv-SE","@id":"https:\/\/www.helsinkimissio.fi\/sv\/#\/schema\/logo\/image\/","url":"https:\/\/www.helsinkimissio.fi\/wp-content\/uploads\/2022\/07\/cropped-Helsinkimissio_sin_logo.png","contentUrl":"https:\/\/www.helsinkimissio.fi\/wp-content\/uploads\/2022\/07\/cropped-Helsinkimissio_sin_logo.png","width":512,"height":512,"caption":"HelsinkiMissio"},"image":{"@id":"https:\/\/www.helsinkimissio.fi\/sv\/#\/schema\/logo\/image\/"},"sameAs":["https:\/\/www.facebook.com\/HelsinkiMissio\/","https:\/\/x.com\/HelsinkiMissio","https:\/\/www.instagram.com\/helsinkimissio\/","https:\/\/www.linkedin.com\/company\/10844786\/","https:\/\/www.youtube.com\/channel\/UCzKk3pYABu9D-DzQAx1Yr2w"]}]}},"_links":{"self":[{"href":"https:\/\/www.helsinkimissio.fi\/sv\/wp-json\/wp\/v2\/pages\/11755","targetHints":{"allow":["GET"]}}],"collection":[{"href":"https:\/\/www.helsinkimissio.fi\/sv\/wp-json\/wp\/v2\/pages"}],"about":[{"href":"https:\/\/www.helsinkimissio.fi\/sv\/wp-json\/wp\/v2\/types\/page"}],"author":[{"embeddable":true,"href":"https:\/\/www.helsinkimissio.fi\/sv\/wp-json\/wp\/v2\/users\/2"}],"replies":[{"embeddable":true,"href":"https:\/\/www.helsinkimissio.fi\/sv\/wp-json\/wp\/v2\/comments?post=11755"}],"version-history":[{"count":15,"href":"https:\/\/www.helsinkimissio.fi\/sv\/wp-json\/wp\/v2\/pages\/11755\/revisions"}],"predecessor-version":[{"id":27970,"href":"https:\/\/www.helsinkimissio.fi\/sv\/wp-json\/wp\/v2\/pages\/11755\/revisions\/27970"}],"up":[{"embeddable":true,"href":"https:\/\/www.helsinkimissio.fi\/sv\/wp-json\/wp\/v2\/pages\/11724"}],"wp:attachment":[{"href":"https:\/\/www.helsinkimissio.fi\/sv\/wp-json\/wp\/v2\/media?parent=11755"}],"curies":[{"name":"wp","href":"https:\/\/api.w.org\/{rel}","templated":true}]}}