{"id":11779,"date":"2022-05-20T12:22:41","date_gmt":"2022-05-20T09:22:41","guid":{"rendered":"https:\/\/www.helsinkimissio.fi\/senioreille\/virkistysryhmat\/"},"modified":"2026-02-23T10:51:42","modified_gmt":"2026-02-23T08:51:42","slug":"gruppverksamhet","status":"publish","type":"page","link":"https:\/\/www.helsinkimissio.fi\/sv\/behover-du-hjalp\/for-seniorer\/gruppverksamhet\/","title":{"rendered":"Gruppverksamhet"},"content":{"rendered":"\n<section  class=\"block block-hero-element container-fluid has-off-white-background-color has-bg block block-hero-element-- block-hero-element__desktop-background\" style=\"background-image: url();\">\n    <div class=\"block-hero-element__mobile-background\">\n        <div class=\"container\">\n            <div class=\"row\">\n                <div class=\"col-sm-10 col-md-12 col-hd-12 mx-auto\">\n                    <div class=\"row  block-hero-element__wrapper block-hero-element--text-left   not_front_hero padding-zero\">\n                        <div class=\"offset-1 col-sm-10 col-md-10 col-lg-5 col-xl-5 block-hero-element__text-area block-hero-element--text-vertical-position-center\">\n                            \n\n    <h1 class=\"colored-heading no-background new\">\n                                <p class=\"has-background bg- has-off-white-background-color has--text-color\"> Gruppverksamhet <\/p> <br>\n            <\/h1>\n\n\n\n<p class=\"has-dark-blue-color has-text-color\">HelsingforsMission ordnar olika slags gruppverksamhet f\u00f6r seniorer. Kom med i en grupp som v\u00e4cker ditt intresse! <\/p>\n\n\n                        <\/div>\n                                                    <div class=\" offset-1 col-sm-10 col-md-10 col-lg-5 col-xl-4 block-hero-element__image-area block-hero-element__image-area--center\">\n                                <img decoding=\"async\" src=\"https:\/\/www.helsinkimissio.fi\/wp-content\/uploads\/2022\/07\/600x900_Hero_Seniorit_Naiset_Juttelee_Apu_Yksinaisyyteen.jpg\" width=\"600\" height=\"900\" alt=\"Seniori nainen juttelee vapaaehtoiselle\" loading=\"lazy\">                            <\/div>\n                        \n                        \n                    <\/div>\n                <\/div>\n            <\/div>\n        <\/div>\n    <\/div>\n<\/section>\n\n\n<section  class=\"block  block-content-wrapper container-fluid has-background has-white-background-color has-background bg- has-white-background-color has--text-color\">\n    <div class=\"container\">\n        <div class=\"row  flex-start col-12\" style=\"justify-content: flex-start; \">\n                            <div class=\"\">\n                                    <main class=\"entry-content\">\n                        \n\n<p>I HelsingforsMissions grupper som volont\u00e4rer leder bjuds det till exempel p\u00e5 akvarellm\u00e5lning och museibes\u00f6k men vi pratar ocks\u00e5 om vad som h\u00e4nder i v\u00e4rlden och mycket annat. Det finns grupper p\u00e5 olika h\u00e5ll i huvudstadsregionen.<br><strong>V\u00e4lkommen att njuta av samvaro och uppiggande rekreationsverksamhet!<\/strong><\/p>\n\n\n\n<h2 class=\"wp-block-heading\"><strong>F\u00f6r tillf\u00e4llet kan man anm\u00e4la sig till f\u00f6ljande grupper:<\/strong><\/h2>\n\n\n\n<p><\/p>\n\n\n\n<p><strong>Konst &amp; Kaffe -gruppen <\/strong><br>\u00c4r du sugen p\u00e5 att bes\u00f6ka mus\u00e9er och konstutst\u00e4llningar i trevligt s\u00e4llskap? Konst &amp; Kaka -gruppen bes\u00f6ker olika konstutst\u00e4llningar i Helsingfors tillsammans. Efter\u00e5t har ni som grupp m\u00f6jlighet att s\u00e4tta er ner p\u00e5 ett valfritt kaf\u00e9 f\u00f6r att ta en kopp kaffe och kakbit. HelsingforsMission st\u00e5r f\u00f6r b\u00e5de intr\u00e4desbiljetten och fikan. Gruppen leds av en volont\u00e4r. Gruppen har ett begr\u00e4nsat antal platser s\u00e5 v\u00e4nta inte p\u00e5 att anm\u00e4la dig ifall du \u00e4r intresserad!<\/p>\n\n\n\n<p><strong>Kom och m\u00e5la akvareller i S\u00f6rn\u00e4s<\/strong><br>Gruppen tr\u00e4ffas varannan l\u00f6rdag kl. 12.30 \u201315.30 i HelsingforsMissions lokal i S\u00f6rn\u00e4s. Tr\u00e4ffarna avslutas med genomg\u00e5ng av arbeten vid en kopp kaffe eller te. Volont\u00e4ren Stina drar denna grupp. Erfaren eller nyb\u00f6rjare, alla \u00e4r v\u00e4lkomna!<\/p>\n\n\n\n<p><\/p>\n\n\n\n<p><strong>Anm\u00e4lan och till\u00e4ggsinformation:<\/strong><br><strong>Janina Mellin<\/strong>, volont\u00e4rkoordinator <br>043 201 32 17<br>janina.mellin@helsinkimissio.fi<\/p>\n\n\n                    <\/main>\n                    <\/div>\n                <\/div>\n        <\/div>\n<\/section>\n\n<section  class=\"block full-width block-kahdenpalstan-nosto  container-fluid has-background bg- margin-negative-off has-teal-background-color has--text-color \">\n    <div class=\"container\">\n        <div class=\"row\">\n            <div class=\"\">\n                <div class=\"row\">\n                    <div class=\"col-sm-10 col-xl-12 mx-auto image_lift top right\">\n                        <div class=\"  col-xs-4 col-sm-12 col-md-10 col-lg-10 col-xl-4 image_lift__img_container top offset-1\">\n                            <img decoding=\"async\" src=\"https:\/\/www.helsinkimissio.fi\/wp-content\/uploads\/2022\/07\/Neulojat-1140x640-1.jpg\" width=\"1140\" height=\"640\" class=\"image_lift__img  top\" alt=\"\" loading=\"lazy\">                            <img decoding=\"async\" src=\"https:\/\/www.helsinkimissio.fi\/wp-content\/uploads\/2022\/07\/Neulojat-1140x640-1.jpg\" width=\"1140\" height=\"640\" class=\"image_lift__img mobile  top\" alt=\"\" loading=\"lazy\">\n                        <\/div>\n                        <div class=\"col-xs-4 col-sm-12 col-md-10 col-lg-10 col-xl-5 image_lift__position  offset-1 center\">\n                            <main class=\"entry-content \">\n                                \n\n<blockquote class=\"wp-block-quote is-style-default is-layout-flow wp-block-quote-is-layout-flow\">\n<p>Jag lever ensam s\u00e5 f\u00f6r mig \u00e4r det viktigt att f\u00e5 komma ut bland folk ibland. I den h\u00e4r gruppen f\u00e5r man prata om allt m\u00f6jligt i lite st\u00f6rre sammanhang.<\/p>\n<cite>Assi, 71<\/cite><\/blockquote>\n\n\n                            <\/main>\n                        <\/div>\n                    <\/div>\n                <\/div>\n            <\/div>\n        <\/div>\n<\/section>","protected":false},"excerpt":{"rendered":"","protected":false},"author":2,"featured_media":16467,"parent":11724,"menu_order":0,"comment_status":"closed","ping_status":"closed","template":"","meta":{"_acf_changed":false,"_relevanssi_hide_post":"","_relevanssi_hide_content":"","_relevanssi_pin_for_all":"","_relevanssi_pin_keywords":"","_relevanssi_unpin_keywords":"","_relevanssi_related_keywords":"","_relevanssi_related_include_ids":"","_relevanssi_related_exclude_ids":"","_relevanssi_related_no_append":"","_relevanssi_related_not_related":"","_relevanssi_related_posts":"899,1089,909,952","_relevanssi_noindex_reason":"","footnotes":""},"class_list":["post-11779","page","type-page","status-publish","has-post-thumbnail","hentry"],"acf":[],"yoast_head":"<!-- This site is optimized with the Yoast SEO plugin v27.1.1 - https:\/\/yoast.com\/product\/yoast-seo-wordpress\/ -->\n<title>Gruppverksamhet &#8212; HelsinkiMissio<\/title>\n<meta name=\"description\" content=\"HelsingforsMission ordnar olika slags gruppverksamhet f\u00f6r seniorer. Kom med i en grupp som v\u00e4cker ditt intresse!\" \/>\n<meta name=\"robots\" content=\"index, follow, max-snippet:-1, max-image-preview:large, max-video-preview:-1\" \/>\n<link rel=\"canonical\" href=\"https:\/\/www.helsinkimissio.fi\/sv\/behover-du-hjalp\/for-seniorer\/gruppverksamhet\/\" \/>\n<meta property=\"og:locale\" content=\"sv_SE\" \/>\n<meta property=\"og:type\" content=\"article\" \/>\n<meta property=\"og:title\" content=\"Gruppverksamhet &#8212; HelsinkiMissio\" \/>\n<meta property=\"og:description\" content=\"HelsingforsMission ordnar olika slags gruppverksamhet f\u00f6r seniorer. Kom med i en grupp som v\u00e4cker ditt intresse!\" \/>\n<meta property=\"og:url\" content=\"https:\/\/www.helsinkimissio.fi\/sv\/behover-du-hjalp\/for-seniorer\/gruppverksamhet\/\" \/>\n<meta property=\"og:site_name\" content=\"HelsinkiMissio\" \/>\n<meta property=\"article:publisher\" content=\"https:\/\/www.facebook.com\/HelsinkiMissio\/\" \/>\n<meta property=\"article:modified_time\" content=\"2026-02-23T08:51:42+00:00\" \/>\n<meta property=\"og:image\" content=\"https:\/\/www.helsinkimissio.fi\/wp-content\/uploads\/2022\/12\/Senioriryhma-kahvilla-1500x900-2.jpg\" \/>\n\t<meta property=\"og:image:width\" content=\"1500\" \/>\n\t<meta property=\"og:image:height\" content=\"900\" \/>\n\t<meta property=\"og:image:type\" content=\"image\/jpeg\" \/>\n<meta name=\"twitter:card\" content=\"summary_large_image\" \/>\n<meta name=\"twitter:site\" content=\"@HelsinkiMissio\" \/>\n<meta name=\"twitter:label1\" content=\"Ber\u00e4knad l\u00e4stid\" \/>\n\t<meta name=\"twitter:data1\" content=\"3 minuter\" \/>\n<script type=\"application\/ld+json\" class=\"yoast-schema-graph\">{\"@context\":\"https:\/\/schema.org\",\"@graph\":[{\"@type\":\"WebPage\",\"@id\":\"https:\/\/www.helsinkimissio.fi\/sv\/behover-du-hjalp\/for-seniorer\/gruppverksamhet\/\",\"url\":\"https:\/\/www.helsinkimissio.fi\/sv\/behover-du-hjalp\/for-seniorer\/gruppverksamhet\/\",\"name\":\"Gruppverksamhet &#8212; HelsinkiMissio\",\"isPartOf\":{\"@id\":\"https:\/\/www.helsinkimissio.fi\/sv\/#website\"},\"primaryImageOfPage\":{\"@id\":\"https:\/\/www.helsinkimissio.fi\/sv\/behover-du-hjalp\/for-seniorer\/gruppverksamhet\/#primaryimage\"},\"image\":{\"@id\":\"https:\/\/www.helsinkimissio.fi\/sv\/behover-du-hjalp\/for-seniorer\/gruppverksamhet\/#primaryimage\"},\"thumbnailUrl\":\"https:\/\/www.helsinkimissio.fi\/wp-content\/uploads\/2022\/12\/Senioriryhma-kahvilla-1500x900-2.jpg\",\"datePublished\":\"2022-05-20T09:22:41+00:00\",\"dateModified\":\"2026-02-23T08:51:42+00:00\",\"description\":\"HelsingforsMission ordnar olika slags gruppverksamhet f\u00f6r seniorer. Kom med i en grupp som v\u00e4cker ditt intresse!\",\"breadcrumb\":{\"@id\":\"https:\/\/www.helsinkimissio.fi\/sv\/behover-du-hjalp\/for-seniorer\/gruppverksamhet\/#breadcrumb\"},\"inLanguage\":\"sv-SE\",\"potentialAction\":[{\"@type\":\"ReadAction\",\"target\":[\"https:\/\/www.helsinkimissio.fi\/sv\/behover-du-hjalp\/for-seniorer\/gruppverksamhet\/\"]}]},{\"@type\":\"ImageObject\",\"inLanguage\":\"sv-SE\",\"@id\":\"https:\/\/www.helsinkimissio.fi\/sv\/behover-du-hjalp\/for-seniorer\/gruppverksamhet\/#primaryimage\",\"url\":\"https:\/\/www.helsinkimissio.fi\/wp-content\/uploads\/2022\/12\/Senioriryhma-kahvilla-1500x900-2.jpg\",\"contentUrl\":\"https:\/\/www.helsinkimissio.fi\/wp-content\/uploads\/2022\/12\/Senioriryhma-kahvilla-1500x900-2.jpg\",\"width\":1500,\"height\":900},{\"@type\":\"BreadcrumbList\",\"@id\":\"https:\/\/www.helsinkimissio.fi\/sv\/behover-du-hjalp\/for-seniorer\/gruppverksamhet\/#breadcrumb\",\"itemListElement\":[{\"@type\":\"ListItem\",\"position\":1,\"name\":\"Etusivu\",\"item\":\"https:\/\/www.helsinkimissio.fi\/sv\/\"},{\"@type\":\"ListItem\",\"position\":2,\"name\":\"Beh\u00f6ver du hj\u00e4lp?\",\"item\":\"https:\/\/www.helsinkimissio.fi\/sv\/behover-du-hjalp\/\"},{\"@type\":\"ListItem\",\"position\":3,\"name\":\"F\u00f6r seniorer\",\"item\":\"https:\/\/www.helsinkimissio.fi\/sv\/behover-du-hjalp\/for-seniorer\/\"},{\"@type\":\"ListItem\",\"position\":4,\"name\":\"Gruppverksamhet\"}]},{\"@type\":\"WebSite\",\"@id\":\"https:\/\/www.helsinkimissio.fi\/sv\/#website\",\"url\":\"https:\/\/www.helsinkimissio.fi\/sv\/\",\"name\":\"Yhdess\u00e4 yksin\u00e4isyys voitetaan \u2013 HelsinkiMissio\",\"description\":\"Yhdess\u00e4 yksin\u00e4isyys voitetaan.\",\"publisher\":{\"@id\":\"https:\/\/www.helsinkimissio.fi\/sv\/#organization\"},\"alternateName\":\"HelsinkiMissio\",\"potentialAction\":[{\"@type\":\"SearchAction\",\"target\":{\"@type\":\"EntryPoint\",\"urlTemplate\":\"https:\/\/www.helsinkimissio.fi\/sv\/?s={search_term_string}\"},\"query-input\":{\"@type\":\"PropertyValueSpecification\",\"valueRequired\":true,\"valueName\":\"search_term_string\"}}],\"inLanguage\":\"sv-SE\"},{\"@type\":\"Organization\",\"@id\":\"https:\/\/www.helsinkimissio.fi\/sv\/#organization\",\"name\":\"HelsinkiMissio\",\"url\":\"https:\/\/www.helsinkimissio.fi\/sv\/\",\"logo\":{\"@type\":\"ImageObject\",\"inLanguage\":\"sv-SE\",\"@id\":\"https:\/\/www.helsinkimissio.fi\/sv\/#\/schema\/logo\/image\/\",\"url\":\"https:\/\/www.helsinkimissio.fi\/wp-content\/uploads\/2022\/07\/cropped-Helsinkimissio_sin_logo.png\",\"contentUrl\":\"https:\/\/www.helsinkimissio.fi\/wp-content\/uploads\/2022\/07\/cropped-Helsinkimissio_sin_logo.png\",\"width\":512,\"height\":512,\"caption\":\"HelsinkiMissio\"},\"image\":{\"@id\":\"https:\/\/www.helsinkimissio.fi\/sv\/#\/schema\/logo\/image\/\"},\"sameAs\":[\"https:\/\/www.facebook.com\/HelsinkiMissio\/\",\"https:\/\/x.com\/HelsinkiMissio\",\"https:\/\/www.instagram.com\/helsinkimissio\/\",\"https:\/\/www.linkedin.com\/company\/10844786\/\",\"https:\/\/www.youtube.com\/channel\/UCzKk3pYABu9D-DzQAx1Yr2w\"]}]}<\/script>\n<!-- \/ Yoast SEO plugin. -->","yoast_head_json":{"title":"Gruppverksamhet &#8212; HelsinkiMissio","description":"HelsingforsMission ordnar olika slags gruppverksamhet f\u00f6r seniorer. Kom med i en grupp som v\u00e4cker ditt intresse!","robots":{"index":"index","follow":"follow","max-snippet":"max-snippet:-1","max-image-preview":"max-image-preview:large","max-video-preview":"max-video-preview:-1"},"canonical":"https:\/\/www.helsinkimissio.fi\/sv\/behover-du-hjalp\/for-seniorer\/gruppverksamhet\/","og_locale":"sv_SE","og_type":"article","og_title":"Gruppverksamhet &#8212; HelsinkiMissio","og_description":"HelsingforsMission ordnar olika slags gruppverksamhet f\u00f6r seniorer. Kom med i en grupp som v\u00e4cker ditt intresse!","og_url":"https:\/\/www.helsinkimissio.fi\/sv\/behover-du-hjalp\/for-seniorer\/gruppverksamhet\/","og_site_name":"HelsinkiMissio","article_publisher":"https:\/\/www.facebook.com\/HelsinkiMissio\/","article_modified_time":"2026-02-23T08:51:42+00:00","og_image":[{"width":1500,"height":900,"url":"https:\/\/www.helsinkimissio.fi\/wp-content\/uploads\/2022\/12\/Senioriryhma-kahvilla-1500x900-2.jpg","type":"image\/jpeg"}],"twitter_card":"summary_large_image","twitter_site":"@HelsinkiMissio","twitter_misc":{"Ber\u00e4knad l\u00e4stid":"3 minuter"},"schema":{"@context":"https:\/\/schema.org","@graph":[{"@type":"WebPage","@id":"https:\/\/www.helsinkimissio.fi\/sv\/behover-du-hjalp\/for-seniorer\/gruppverksamhet\/","url":"https:\/\/www.helsinkimissio.fi\/sv\/behover-du-hjalp\/for-seniorer\/gruppverksamhet\/","name":"Gruppverksamhet &#8212; HelsinkiMissio","isPartOf":{"@id":"https:\/\/www.helsinkimissio.fi\/sv\/#website"},"primaryImageOfPage":{"@id":"https:\/\/www.helsinkimissio.fi\/sv\/behover-du-hjalp\/for-seniorer\/gruppverksamhet\/#primaryimage"},"image":{"@id":"https:\/\/www.helsinkimissio.fi\/sv\/behover-du-hjalp\/for-seniorer\/gruppverksamhet\/#primaryimage"},"thumbnailUrl":"https:\/\/www.helsinkimissio.fi\/wp-content\/uploads\/2022\/12\/Senioriryhma-kahvilla-1500x900-2.jpg","datePublished":"2022-05-20T09:22:41+00:00","dateModified":"2026-02-23T08:51:42+00:00","description":"HelsingforsMission ordnar olika slags gruppverksamhet f\u00f6r seniorer. Kom med i en grupp som v\u00e4cker ditt intresse!","breadcrumb":{"@id":"https:\/\/www.helsinkimissio.fi\/sv\/behover-du-hjalp\/for-seniorer\/gruppverksamhet\/#breadcrumb"},"inLanguage":"sv-SE","potentialAction":[{"@type":"ReadAction","target":["https:\/\/www.helsinkimissio.fi\/sv\/behover-du-hjalp\/for-seniorer\/gruppverksamhet\/"]}]},{"@type":"ImageObject","inLanguage":"sv-SE","@id":"https:\/\/www.helsinkimissio.fi\/sv\/behover-du-hjalp\/for-seniorer\/gruppverksamhet\/#primaryimage","url":"https:\/\/www.helsinkimissio.fi\/wp-content\/uploads\/2022\/12\/Senioriryhma-kahvilla-1500x900-2.jpg","contentUrl":"https:\/\/www.helsinkimissio.fi\/wp-content\/uploads\/2022\/12\/Senioriryhma-kahvilla-1500x900-2.jpg","width":1500,"height":900},{"@type":"BreadcrumbList","@id":"https:\/\/www.helsinkimissio.fi\/sv\/behover-du-hjalp\/for-seniorer\/gruppverksamhet\/#breadcrumb","itemListElement":[{"@type":"ListItem","position":1,"name":"Etusivu","item":"https:\/\/www.helsinkimissio.fi\/sv\/"},{"@type":"ListItem","position":2,"name":"Beh\u00f6ver du hj\u00e4lp?","item":"https:\/\/www.helsinkimissio.fi\/sv\/behover-du-hjalp\/"},{"@type":"ListItem","position":3,"name":"F\u00f6r seniorer","item":"https:\/\/www.helsinkimissio.fi\/sv\/behover-du-hjalp\/for-seniorer\/"},{"@type":"ListItem","position":4,"name":"Gruppverksamhet"}]},{"@type":"WebSite","@id":"https:\/\/www.helsinkimissio.fi\/sv\/#website","url":"https:\/\/www.helsinkimissio.fi\/sv\/","name":"Yhdess\u00e4 yksin\u00e4isyys voitetaan \u2013 HelsinkiMissio","description":"Yhdess\u00e4 yksin\u00e4isyys voitetaan.","publisher":{"@id":"https:\/\/www.helsinkimissio.fi\/sv\/#organization"},"alternateName":"HelsinkiMissio","potentialAction":[{"@type":"SearchAction","target":{"@type":"EntryPoint","urlTemplate":"https:\/\/www.helsinkimissio.fi\/sv\/?s={search_term_string}"},"query-input":{"@type":"PropertyValueSpecification","valueRequired":true,"valueName":"search_term_string"}}],"inLanguage":"sv-SE"},{"@type":"Organization","@id":"https:\/\/www.helsinkimissio.fi\/sv\/#organization","name":"HelsinkiMissio","url":"https:\/\/www.helsinkimissio.fi\/sv\/","logo":{"@type":"ImageObject","inLanguage":"sv-SE","@id":"https:\/\/www.helsinkimissio.fi\/sv\/#\/schema\/logo\/image\/","url":"https:\/\/www.helsinkimissio.fi\/wp-content\/uploads\/2022\/07\/cropped-Helsinkimissio_sin_logo.png","contentUrl":"https:\/\/www.helsinkimissio.fi\/wp-content\/uploads\/2022\/07\/cropped-Helsinkimissio_sin_logo.png","width":512,"height":512,"caption":"HelsinkiMissio"},"image":{"@id":"https:\/\/www.helsinkimissio.fi\/sv\/#\/schema\/logo\/image\/"},"sameAs":["https:\/\/www.facebook.com\/HelsinkiMissio\/","https:\/\/x.com\/HelsinkiMissio","https:\/\/www.instagram.com\/helsinkimissio\/","https:\/\/www.linkedin.com\/company\/10844786\/","https:\/\/www.youtube.com\/channel\/UCzKk3pYABu9D-DzQAx1Yr2w"]}]}},"_links":{"self":[{"href":"https:\/\/www.helsinkimissio.fi\/sv\/wp-json\/wp\/v2\/pages\/11779","targetHints":{"allow":["GET"]}}],"collection":[{"href":"https:\/\/www.helsinkimissio.fi\/sv\/wp-json\/wp\/v2\/pages"}],"about":[{"href":"https:\/\/www.helsinkimissio.fi\/sv\/wp-json\/wp\/v2\/types\/page"}],"author":[{"embeddable":true,"href":"https:\/\/www.helsinkimissio.fi\/sv\/wp-json\/wp\/v2\/users\/2"}],"replies":[{"embeddable":true,"href":"https:\/\/www.helsinkimissio.fi\/sv\/wp-json\/wp\/v2\/comments?post=11779"}],"version-history":[{"count":13,"href":"https:\/\/www.helsinkimissio.fi\/sv\/wp-json\/wp\/v2\/pages\/11779\/revisions"}],"predecessor-version":[{"id":41021,"href":"https:\/\/www.helsinkimissio.fi\/sv\/wp-json\/wp\/v2\/pages\/11779\/revisions\/41021"}],"up":[{"embeddable":true,"href":"https:\/\/www.helsinkimissio.fi\/sv\/wp-json\/wp\/v2\/pages\/11724"}],"wp:featuredmedia":[{"embeddable":true,"href":"https:\/\/www.helsinkimissio.fi\/sv\/wp-json\/wp\/v2\/media\/16467"}],"wp:attachment":[{"href":"https:\/\/www.helsinkimissio.fi\/sv\/wp-json\/wp\/v2\/media?parent=11779"}],"curies":[{"name":"wp","href":"https:\/\/api.w.org\/{rel}","templated":true}]}}