{"id":11864,"date":"2022-05-20T13:02:59","date_gmt":"2022-05-20T10:02:59","guid":{"rendered":"https:\/\/www.helsinkimissio.fi\/senioreiden-tueksi\/"},"modified":"2025-11-03T13:52:35","modified_gmt":"2025-11-03T11:52:35","slug":"stod-for-seniorer","status":"publish","type":"page","link":"https:\/\/www.helsinkimissio.fi\/sv\/bli-volontar\/stod-for-seniorer\/","title":{"rendered":"St\u00f6d f\u00f6r seniorer"},"content":{"rendered":"\n<section  class=\"block block-hero-element container-fluid has-pink-background-color has-bg block block-hero-element-- block-hero-element__desktop-background\" style=\"background-image: url();\">\n    <div class=\"block-hero-element__mobile-background\">\n        <div class=\"container\">\n            <div class=\"row\">\n                <div class=\"col-sm-10 col-md-12 col-hd-12 mx-auto\">\n                    <div class=\"row  block-hero-element__wrapper block-hero-element--text-right   not_front_hero padding-zero\">\n                        <div class=\"offset-1 col-sm-10 col-md-10 col-lg-5 col-xl-5 block-hero-element__text-area block-hero-element--text-vertical-position-center\">\n                            \n\n    <h1 class=\"colored-heading no-background new\">\n                                <p class=\"has-background bg- has-dark-blue-background-color has-white-text-color\"> Bli volont\u00e4r <\/p> <br>\n                                <p class=\"has-background bg- has-dark-blue-background-color has-white-text-color\"> f\u00f6r en senior <\/p> <br>\n            <\/h1>\n\n\n\n<p class=\"is-style-lead has-dark-blue-color has-text-color\">Den tid du ger \u00e4r viktig f\u00f6r seniorer som \u00e4r i behov av st\u00f6d och n\u00e5gon att prata med. Du kan st\u00e4lla upp flexibelt som eng\u00e5ngshj\u00e4lpare eller f\u00f6rbinda dig f\u00f6r en l\u00e5ngvarig st\u00f6drelation. Det finns m\u00e5nga s\u00e4tt att vara volont\u00e4r.<br>Bli en volont\u00e4r redan i dag!<\/p>\n\n\n                        <\/div>\n                                                    <div class=\" offset-1 col-sm-10 col-md-10 col-lg-5 col-xl-4 block-hero-element__image-area block-hero-element__image-area--center\">\n                                <img decoding=\"async\" src=\"https:\/\/www.helsinkimissio.fi\/wp-content\/uploads\/2023\/08\/Seniorit_600x900.png\" width=\"600\" height=\"900\" alt=\"Kaksi senioria k\u00e4velem\u00e4ss\u00e4\" loading=\"lazy\">                            <\/div>\n                        \n                        \n                    <\/div>\n                <\/div>\n            <\/div>\n        <\/div>\n    <\/div>\n<\/section>\n\n\n<section  class=\"block full-width block-sisaltokortit container-fluid has-background bg- has-off-white-background-color has--text-color\">\n    <div class=\"container\">\n        <div class=\"row\">\n            <div class=\"col-sm-10 col-xl-12 mx-auto\">\n                <div class=\"\">\n                    <main class=\"entry-content col-xl-5 offset-1\">\n                        \n\n<h2 class=\"wp-block-heading has-dark-blue-color has-text-color\"><strong>Bekanta dig med olika former av volont\u00e4rverksamhet<\/strong><\/h2>\n\n\n                    <\/main>\n                                            <div class=\"card-lift__container col-12 offset-1 three\">\n                                                                                            <div class=\"card-lift__item col-xl-3 card\">\n                                     <a href=\"https:\/\/www.helsinkimissio.fi\/sv\/bli-volontar\/stod-for-seniorer\/engangshjalpare\/\" target=\"_self\">                                    <img decoding=\"async\" src=\"https:\/\/www.helsinkimissio.fi\/wp-content\/uploads\/2022\/07\/900x600_Nosto_Vapaaehtoinen_ja_pappa.jpg\" width=\"900\" height=\"600\" class=\"card-lift__img  \" alt=\"Tukihenkil\u00f6 ja seniori k\u00e4velyll\u00e4\" loading=\"lazy\">                                    <div class=\"card-lift__content\">\n                                        \n                                        <div class=\"card-lift__content__text\">\n                                                                                            <h3 >Bli eng\u00e5ngshj\u00e4lpare f\u00f6r seniorer<\/h3>\n                                                                                                                                <\/div>\n                                    <\/div>\n                                    <\/a>                                <\/div>\n                                                                                            <div class=\"card-lift__item col-xl-3 card\">\n                                     <a href=\"https:\/\/www.helsinkimissio.fi\/sv\/bli-volontar\/stod-for-seniorer\/stodperson-for-seniorer\/\" target=\"_self\">                                    <img decoding=\"async\" src=\"https:\/\/www.helsinkimissio.fi\/wp-content\/uploads\/2022\/07\/900x600_Nosto_Seniorit_Nainen_Kannykan_Kanssa.jpg\" width=\"900\" height=\"600\" class=\"card-lift__img  \" alt=\"Nuori ja i\u00e4k\u00e4s nainen istuvat vierekk\u00e4in puistossa.\" loading=\"lazy\">                                    <div class=\"card-lift__content\">\n                                        \n                                        <div class=\"card-lift__content__text\">\n                                                                                            <h3 >Bli kompis f\u00f6r en senior<\/h3>\n                                                                                                                                <\/div>\n                                    <\/div>\n                                    <\/a>                                <\/div>\n                                                                                            <div class=\"card-lift__item col-xl-3 card\">\n                                     <a href=\"https:\/\/www.helsinkimissio.fi\/sv\/bli-volontar\/stod-for-seniorer\/gruppledare-for-seniorer\/\" target=\"_self\">                                    <img decoding=\"async\" src=\"https:\/\/www.helsinkimissio.fi\/wp-content\/uploads\/2022\/07\/900x600_Nosto_Seniori_Ohjaaja_Nainen.jpg\" width=\"900\" height=\"600\" class=\"card-lift__img  \" alt=\"\" loading=\"lazy\">                                    <div class=\"card-lift__content\">\n                                        \n                                        <div class=\"card-lift__content__text\">\n                                                                                            <h3 >Bli gruppledare f\u00f6r seniorer<\/h3>\n                                                                                                                                <\/div>\n                                    <\/div>\n                                    <\/a>                                <\/div>\n                                                    <\/div>\n                                    <\/div>\n            <\/div>\n        <\/div>\n    <\/div>\n<\/section>\n\n\n<section  class=\"block  block-content-wrapper container-fluid has-background has-dark-blue-background-color has-background bg- has-dark-blue-background-color has--text-color\">\n    <div class=\"container\">\n        <div class=\"row  flex-start col-12\" style=\"justify-content: flex-start; \">\n                            <div class=\"\">\n                                    <main class=\"entry-content\">\n                        \n\n<h2 class=\"wp-block-heading has-text-align-left has-white-color has-text-color\">Som volont\u00e4r p\u00e5 HelsingforsMissi<strong>on<\/strong><\/h2>\n\n\n\n<p class=\"has-white-color has-text-color\">Som volont\u00e4r f\u00f6r seniorer blir du en del av HelsingforsMissions volont\u00e4rgemenskap. Vi erbjuder fortbildning och v\u00e5ra koordinatorer st\u00f6der volont\u00e4rerna i volont\u00e4rverksamheten. Dessutom ordnar vi trevliga rekreations-tillf\u00e4llen f\u00f6r v\u00e5ra volont\u00e4rer!<\/p>\n\n\n\n<p class=\"has-white-color has-text-color\">Alla som st\u00e4ller upp som volont\u00e4rer och deltar i verksamheten har tystnadsplikt.<\/p>\n\n\n                    <\/main>\n                    <\/div>\n                <\/div>\n        <\/div>\n<\/section>","protected":false},"excerpt":{"rendered":"","protected":false},"author":2,"featured_media":0,"parent":12277,"menu_order":0,"comment_status":"closed","ping_status":"closed","template":"","meta":{"_acf_changed":false,"_relevanssi_hide_post":"","_relevanssi_hide_content":"","_relevanssi_pin_for_all":"","_relevanssi_pin_keywords":"","_relevanssi_unpin_keywords":"","_relevanssi_related_keywords":"","_relevanssi_related_include_ids":"","_relevanssi_related_exclude_ids":"","_relevanssi_related_no_append":"","_relevanssi_related_not_related":"","_relevanssi_related_posts":"899,1089,909,952","_relevanssi_noindex_reason":"","footnotes":""},"class_list":["post-11864","page","type-page","status-publish","hentry"],"acf":[],"yoast_head":"<!-- This site is optimized with the Yoast SEO plugin v27.1.1 - https:\/\/yoast.com\/product\/yoast-seo-wordpress\/ -->\n<title>St\u00f6d f\u00f6r seniorer &#8212; HelsinkiMissio<\/title>\n<meta name=\"description\" content=\"Den tid du ger \u00e4r viktig f\u00f6r seniorer som \u00e4r i behov av st\u00f6d och n\u00e5gon att prata med. Det finns m\u00e5nga s\u00e4tt att vara volont\u00e4r!\" \/>\n<meta name=\"robots\" content=\"index, follow, max-snippet:-1, max-image-preview:large, max-video-preview:-1\" \/>\n<link rel=\"canonical\" href=\"https:\/\/www.helsinkimissio.fi\/sv\/bli-volontar\/stod-for-seniorer\/\" \/>\n<meta property=\"og:locale\" content=\"sv_SE\" \/>\n<meta property=\"og:type\" content=\"article\" \/>\n<meta property=\"og:title\" content=\"St\u00f6d f\u00f6r seniorer &#8212; HelsinkiMissio\" \/>\n<meta property=\"og:description\" content=\"Den tid du ger \u00e4r viktig f\u00f6r seniorer som \u00e4r i behov av st\u00f6d och n\u00e5gon att prata med. Det finns m\u00e5nga s\u00e4tt att vara volont\u00e4r!\" \/>\n<meta property=\"og:url\" content=\"https:\/\/www.helsinkimissio.fi\/sv\/bli-volontar\/stod-for-seniorer\/\" \/>\n<meta property=\"og:site_name\" content=\"HelsinkiMissio\" \/>\n<meta property=\"article:publisher\" content=\"https:\/\/www.facebook.com\/HelsinkiMissio\/\" \/>\n<meta property=\"article:modified_time\" content=\"2025-11-03T11:52:35+00:00\" \/>\n<meta property=\"og:image\" content=\"https:\/\/www.helsinkimissio.fi\/wp-content\/uploads\/2023\/03\/Yoast-featured-image-1200x675-sininen.png\" \/>\n\t<meta property=\"og:image:width\" content=\"1200\" \/>\n\t<meta property=\"og:image:height\" content=\"675\" \/>\n\t<meta property=\"og:image:type\" content=\"image\/png\" \/>\n<meta name=\"twitter:card\" content=\"summary_large_image\" \/>\n<meta name=\"twitter:site\" content=\"@HelsinkiMissio\" \/>\n<meta name=\"twitter:label1\" content=\"Ber\u00e4knad l\u00e4stid\" \/>\n\t<meta name=\"twitter:data1\" content=\"2 minuter\" \/>\n<script type=\"application\/ld+json\" class=\"yoast-schema-graph\">{\"@context\":\"https:\/\/schema.org\",\"@graph\":[{\"@type\":\"WebPage\",\"@id\":\"https:\/\/www.helsinkimissio.fi\/sv\/bli-volontar\/stod-for-seniorer\/\",\"url\":\"https:\/\/www.helsinkimissio.fi\/sv\/bli-volontar\/stod-for-seniorer\/\",\"name\":\"St\u00f6d f\u00f6r seniorer &#8212; HelsinkiMissio\",\"isPartOf\":{\"@id\":\"https:\/\/www.helsinkimissio.fi\/sv\/#website\"},\"datePublished\":\"2022-05-20T10:02:59+00:00\",\"dateModified\":\"2025-11-03T11:52:35+00:00\",\"description\":\"Den tid du ger \u00e4r viktig f\u00f6r seniorer som \u00e4r i behov av st\u00f6d och n\u00e5gon att prata med. Det finns m\u00e5nga s\u00e4tt att vara volont\u00e4r!\",\"breadcrumb\":{\"@id\":\"https:\/\/www.helsinkimissio.fi\/sv\/bli-volontar\/stod-for-seniorer\/#breadcrumb\"},\"inLanguage\":\"sv-SE\",\"potentialAction\":[{\"@type\":\"ReadAction\",\"target\":[\"https:\/\/www.helsinkimissio.fi\/sv\/bli-volontar\/stod-for-seniorer\/\"]}]},{\"@type\":\"BreadcrumbList\",\"@id\":\"https:\/\/www.helsinkimissio.fi\/sv\/bli-volontar\/stod-for-seniorer\/#breadcrumb\",\"itemListElement\":[{\"@type\":\"ListItem\",\"position\":1,\"name\":\"Etusivu\",\"item\":\"https:\/\/www.helsinkimissio.fi\/sv\/\"},{\"@type\":\"ListItem\",\"position\":2,\"name\":\"Bli volont\u00e4r\",\"item\":\"https:\/\/www.helsinkimissio.fi\/sv\/bli-volontar\/\"},{\"@type\":\"ListItem\",\"position\":3,\"name\":\"St\u00f6d f\u00f6r seniorer\"}]},{\"@type\":\"WebSite\",\"@id\":\"https:\/\/www.helsinkimissio.fi\/sv\/#website\",\"url\":\"https:\/\/www.helsinkimissio.fi\/sv\/\",\"name\":\"Yhdess\u00e4 yksin\u00e4isyys voitetaan \u2013 HelsinkiMissio\",\"description\":\"Yhdess\u00e4 yksin\u00e4isyys voitetaan.\",\"publisher\":{\"@id\":\"https:\/\/www.helsinkimissio.fi\/sv\/#organization\"},\"alternateName\":\"HelsinkiMissio\",\"potentialAction\":[{\"@type\":\"SearchAction\",\"target\":{\"@type\":\"EntryPoint\",\"urlTemplate\":\"https:\/\/www.helsinkimissio.fi\/sv\/?s={search_term_string}\"},\"query-input\":{\"@type\":\"PropertyValueSpecification\",\"valueRequired\":true,\"valueName\":\"search_term_string\"}}],\"inLanguage\":\"sv-SE\"},{\"@type\":\"Organization\",\"@id\":\"https:\/\/www.helsinkimissio.fi\/sv\/#organization\",\"name\":\"HelsinkiMissio\",\"url\":\"https:\/\/www.helsinkimissio.fi\/sv\/\",\"logo\":{\"@type\":\"ImageObject\",\"inLanguage\":\"sv-SE\",\"@id\":\"https:\/\/www.helsinkimissio.fi\/sv\/#\/schema\/logo\/image\/\",\"url\":\"https:\/\/www.helsinkimissio.fi\/wp-content\/uploads\/2022\/07\/cropped-Helsinkimissio_sin_logo.png\",\"contentUrl\":\"https:\/\/www.helsinkimissio.fi\/wp-content\/uploads\/2022\/07\/cropped-Helsinkimissio_sin_logo.png\",\"width\":512,\"height\":512,\"caption\":\"HelsinkiMissio\"},\"image\":{\"@id\":\"https:\/\/www.helsinkimissio.fi\/sv\/#\/schema\/logo\/image\/\"},\"sameAs\":[\"https:\/\/www.facebook.com\/HelsinkiMissio\/\",\"https:\/\/x.com\/HelsinkiMissio\",\"https:\/\/www.instagram.com\/helsinkimissio\/\",\"https:\/\/www.linkedin.com\/company\/10844786\/\",\"https:\/\/www.youtube.com\/channel\/UCzKk3pYABu9D-DzQAx1Yr2w\"]}]}<\/script>\n<!-- \/ Yoast SEO plugin. -->","yoast_head_json":{"title":"St\u00f6d f\u00f6r seniorer &#8212; HelsinkiMissio","description":"Den tid du ger \u00e4r viktig f\u00f6r seniorer som \u00e4r i behov av st\u00f6d och n\u00e5gon att prata med. Det finns m\u00e5nga s\u00e4tt att vara volont\u00e4r!","robots":{"index":"index","follow":"follow","max-snippet":"max-snippet:-1","max-image-preview":"max-image-preview:large","max-video-preview":"max-video-preview:-1"},"canonical":"https:\/\/www.helsinkimissio.fi\/sv\/bli-volontar\/stod-for-seniorer\/","og_locale":"sv_SE","og_type":"article","og_title":"St\u00f6d f\u00f6r seniorer &#8212; HelsinkiMissio","og_description":"Den tid du ger \u00e4r viktig f\u00f6r seniorer som \u00e4r i behov av st\u00f6d och n\u00e5gon att prata med. Det finns m\u00e5nga s\u00e4tt att vara volont\u00e4r!","og_url":"https:\/\/www.helsinkimissio.fi\/sv\/bli-volontar\/stod-for-seniorer\/","og_site_name":"HelsinkiMissio","article_publisher":"https:\/\/www.facebook.com\/HelsinkiMissio\/","article_modified_time":"2025-11-03T11:52:35+00:00","og_image":[{"width":1200,"height":675,"url":"https:\/\/www.helsinkimissio.fi\/wp-content\/uploads\/2023\/03\/Yoast-featured-image-1200x675-sininen.png","type":"image\/png"}],"twitter_card":"summary_large_image","twitter_site":"@HelsinkiMissio","twitter_misc":{"Ber\u00e4knad l\u00e4stid":"2 minuter"},"schema":{"@context":"https:\/\/schema.org","@graph":[{"@type":"WebPage","@id":"https:\/\/www.helsinkimissio.fi\/sv\/bli-volontar\/stod-for-seniorer\/","url":"https:\/\/www.helsinkimissio.fi\/sv\/bli-volontar\/stod-for-seniorer\/","name":"St\u00f6d f\u00f6r seniorer &#8212; HelsinkiMissio","isPartOf":{"@id":"https:\/\/www.helsinkimissio.fi\/sv\/#website"},"datePublished":"2022-05-20T10:02:59+00:00","dateModified":"2025-11-03T11:52:35+00:00","description":"Den tid du ger \u00e4r viktig f\u00f6r seniorer som \u00e4r i behov av st\u00f6d och n\u00e5gon att prata med. Det finns m\u00e5nga s\u00e4tt att vara volont\u00e4r!","breadcrumb":{"@id":"https:\/\/www.helsinkimissio.fi\/sv\/bli-volontar\/stod-for-seniorer\/#breadcrumb"},"inLanguage":"sv-SE","potentialAction":[{"@type":"ReadAction","target":["https:\/\/www.helsinkimissio.fi\/sv\/bli-volontar\/stod-for-seniorer\/"]}]},{"@type":"BreadcrumbList","@id":"https:\/\/www.helsinkimissio.fi\/sv\/bli-volontar\/stod-for-seniorer\/#breadcrumb","itemListElement":[{"@type":"ListItem","position":1,"name":"Etusivu","item":"https:\/\/www.helsinkimissio.fi\/sv\/"},{"@type":"ListItem","position":2,"name":"Bli volont\u00e4r","item":"https:\/\/www.helsinkimissio.fi\/sv\/bli-volontar\/"},{"@type":"ListItem","position":3,"name":"St\u00f6d f\u00f6r seniorer"}]},{"@type":"WebSite","@id":"https:\/\/www.helsinkimissio.fi\/sv\/#website","url":"https:\/\/www.helsinkimissio.fi\/sv\/","name":"Yhdess\u00e4 yksin\u00e4isyys voitetaan \u2013 HelsinkiMissio","description":"Yhdess\u00e4 yksin\u00e4isyys voitetaan.","publisher":{"@id":"https:\/\/www.helsinkimissio.fi\/sv\/#organization"},"alternateName":"HelsinkiMissio","potentialAction":[{"@type":"SearchAction","target":{"@type":"EntryPoint","urlTemplate":"https:\/\/www.helsinkimissio.fi\/sv\/?s={search_term_string}"},"query-input":{"@type":"PropertyValueSpecification","valueRequired":true,"valueName":"search_term_string"}}],"inLanguage":"sv-SE"},{"@type":"Organization","@id":"https:\/\/www.helsinkimissio.fi\/sv\/#organization","name":"HelsinkiMissio","url":"https:\/\/www.helsinkimissio.fi\/sv\/","logo":{"@type":"ImageObject","inLanguage":"sv-SE","@id":"https:\/\/www.helsinkimissio.fi\/sv\/#\/schema\/logo\/image\/","url":"https:\/\/www.helsinkimissio.fi\/wp-content\/uploads\/2022\/07\/cropped-Helsinkimissio_sin_logo.png","contentUrl":"https:\/\/www.helsinkimissio.fi\/wp-content\/uploads\/2022\/07\/cropped-Helsinkimissio_sin_logo.png","width":512,"height":512,"caption":"HelsinkiMissio"},"image":{"@id":"https:\/\/www.helsinkimissio.fi\/sv\/#\/schema\/logo\/image\/"},"sameAs":["https:\/\/www.facebook.com\/HelsinkiMissio\/","https:\/\/x.com\/HelsinkiMissio","https:\/\/www.instagram.com\/helsinkimissio\/","https:\/\/www.linkedin.com\/company\/10844786\/","https:\/\/www.youtube.com\/channel\/UCzKk3pYABu9D-DzQAx1Yr2w"]}]}},"_links":{"self":[{"href":"https:\/\/www.helsinkimissio.fi\/sv\/wp-json\/wp\/v2\/pages\/11864","targetHints":{"allow":["GET"]}}],"collection":[{"href":"https:\/\/www.helsinkimissio.fi\/sv\/wp-json\/wp\/v2\/pages"}],"about":[{"href":"https:\/\/www.helsinkimissio.fi\/sv\/wp-json\/wp\/v2\/types\/page"}],"author":[{"embeddable":true,"href":"https:\/\/www.helsinkimissio.fi\/sv\/wp-json\/wp\/v2\/users\/2"}],"replies":[{"embeddable":true,"href":"https:\/\/www.helsinkimissio.fi\/sv\/wp-json\/wp\/v2\/comments?post=11864"}],"version-history":[{"count":14,"href":"https:\/\/www.helsinkimissio.fi\/sv\/wp-json\/wp\/v2\/pages\/11864\/revisions"}],"predecessor-version":[{"id":39509,"href":"https:\/\/www.helsinkimissio.fi\/sv\/wp-json\/wp\/v2\/pages\/11864\/revisions\/39509"}],"up":[{"embeddable":true,"href":"https:\/\/www.helsinkimissio.fi\/sv\/wp-json\/wp\/v2\/pages\/12277"}],"wp:attachment":[{"href":"https:\/\/www.helsinkimissio.fi\/sv\/wp-json\/wp\/v2\/media?parent=11864"}],"curies":[{"name":"wp","href":"https:\/\/api.w.org\/{rel}","templated":true}]}}