{"id":11882,"date":"2022-05-20T13:04:02","date_gmt":"2022-05-20T10:04:02","guid":{"rendered":"https:\/\/www.helsinkimissio.fi\/senioreiden-tueksi\/keikka-auttajaksi\/"},"modified":"2025-11-03T14:02:24","modified_gmt":"2025-11-03T12:02:24","slug":"engangshjalpare","status":"publish","type":"page","link":"https:\/\/www.helsinkimissio.fi\/sv\/bli-volontar\/stod-for-seniorer\/engangshjalpare\/","title":{"rendered":"Bli eng\u00e5ngshj\u00e4lpare f\u00f6r seniorer"},"content":{"rendered":"\n<section  class=\"block block-hero-element container-fluid has-teal-background-color has-bg block block-hero-element-- block-hero-element__desktop-background\" style=\"background-image: url();\">\n    <div class=\"block-hero-element__mobile-background\">\n        <div class=\"container\">\n            <div class=\"row\">\n                <div class=\"col-sm-10 col-md-12 col-hd-12 mx-auto\">\n                    <div class=\"row  block-hero-element__wrapper block-hero-element--text-left  align-items-start not_front_hero padding-zero\">\n                        <div class=\"offset-1 col-sm-10 col-md-10 col-lg-5 col-xl-5 block-hero-element__text-area block-hero-element--text-vertical-position-top\">\n                            \n\n    <h1 class=\"colored-heading no-background new wp-elements-699140120ae7eaeb16e9e0e3d376dc41\">\n                                <p class=\"has-background bg- has-dark-blue-background-color has-white-text-color\"> Eng\u00e5ngshj\u00e4lpa <\/p> <br>\n                                <p class=\"has-background bg- has-dark-blue-background-color has-white-text-color\"> f\u00f6r seniorer <\/p> <br>\n            <\/h1>\n\n\n\n<p>Sm\u00e5 saker i vardagen som \u00e4r sm\u00e5 f\u00f6r dig kan vara stora utmaningar f\u00f6r \u00e4ldre. Du kan till exempel f\u00f6lja med senioren p\u00e5 en promenad eller hj\u00e4lpa till med matink\u00f6p. Genom dessa sm\u00e5 handlingar f\u00e5r ni b\u00e5da gl\u00e4dje. Att ge din tid som tillf\u00e4llig hj\u00e4lpare passar dig som kan ta emot enstaka uppdrag, fr\u00e4mst under dagtid. Ans\u00f6k om att bli volont\u00e4r redan idag!<\/p>\n\n\n                        <\/div>\n                                                    <div class=\" offset-1 col-sm-10 col-md-10 col-lg-5 col-xl-4 block-hero-element__image-area block-hero-element__image-area--top\">\n                                <img decoding=\"async\" src=\"https:\/\/www.helsinkimissio.fi\/wp-content\/uploads\/2022\/07\/600x900_Hero_Senoir_Kotiovella.jpg\" width=\"600\" height=\"900\" alt=\"\" fetchpriority=\"high\" data-no-lazy=\"1\">                            <\/div>\n                        \n                        \n                    <\/div>\n                <\/div>\n            <\/div>\n        <\/div>\n    <\/div>\n<\/section>\n\n\n<section  class=\"block  block-content-wrapper container-fluid has-background has-off-white-background-color has-background bg- has-off-white-background-color has--text-color\">\n    <div class=\"container\">\n        <div class=\"row  flex-start col-12\" style=\"justify-content: flex-start; \">\n                            <div class=\"\">\n                                    <main class=\"entry-content\">\n                        \n\n<h2 class=\"wp-block-heading\"><strong>Som eng\u00e5ngshj\u00e4lpare sprider du gl\u00e4dje <\/strong><\/h2>\n\n\n\n<p>Eng\u00e5ngshj\u00e4lp \u00e4r ett enkelt s\u00e4tt att inleda volont\u00e4rverksamhet. Syftet med eng\u00e5ngshj\u00e4lpen \u00e4r att f\u00f6rebygga och minska ensamhet. Som eng\u00e5ngshj\u00e4lpare hj\u00e4lper du konkret senuorer i vardagens utmaningar. Som eng\u00e5ngshj\u00e4lpare kan du till exempel f\u00f6lja med p\u00e5 l\u00e4karbes\u00f6k eller hj\u00e4lpa till med sm\u00e5 sysslor i hemmet.<\/p>\n\n\n\n<p>Syftet \u00e4r inte att du g\u00f6r allt \u00e5t den du hj\u00e4lper p\u00e5 egen hand, utan att ni g\u00f6r saker tillsammans. Ofta kan volont\u00e4ren sj\u00e4lv best\u00e4mma n\u00e4r hj\u00e4lpen ges, d\u00e5 alla hj\u00e4lpf\u00f6rfr\u00e5gningar inte \u00e4r bundna till en specifik dag eller tidpunkt.<\/p>\n\n\n\n<p>Eng\u00e5ngshj\u00e4lpare tar inte hand om s\u00e5dant som omfattas av hemv\u00e5rden i den privata eller offentliga sektorn, som exempelvis st\u00e4dning eller matlagning.<\/p>\n\n\n\n<h2 class=\"wp-block-heading\"><strong>Vem kan ans\u00f6ka om att bli volont\u00e4r?<\/strong><\/h2>\n\n\n\n<p>Tidigare erfarenhet av volont\u00e4rarbete beh\u00f6vs inte. F\u00f6r att vara volont\u00e4r r\u00e4cker det att man \u00e4r en medm\u00e4nniska, intresserad av att m\u00f6ta olika slags m\u00e4nniskor och har f\u00f6rm\u00e5gan att lyssna.<\/p>\n\n\n                    <\/main>\n                    <\/div>\n                <\/div>\n        <\/div>\n<\/section>\n\n\n\n\n<section  class=\"block full-width block-kahdenpalstan-nosto-2 container-fluid has-background bg- has-white-background-color has--text-color\">\n    <div class=\"container\">\n        <div class=\"row\">\n            <div class=\"col-sm-10 col-xl-12 mx-auto\">\n                <div class=\"row\">\n                    <div class=\"image_text_lift left\">\n                        <div class=\"col-xs-4 col-sm-12 col-md-10 col-xl-4  image_text_lift__img_container  offset-1 \">\n\n                            <img decoding=\"async\" src=\"https:\/\/www.helsinkimissio.fi\/wp-content\/uploads\/2022\/07\/600x900_Hero_Vapaaehtoinen_Nainen.jpg\" width=\"600\" height=\"900\" class=\"image_text_lift__img\" alt=\"Iloinen nainen katsoo suoraan silmiin\" loading=\"lazy\">                            \n                        <\/div>\n                        <div class=\"col-xs-4 col-sm-12 col-md-10 col-xl-4 image_text_lift__position offset-2 top\">\n                            <main class=\"entry-content \">\n                                \n\n<h2 class=\"wp-block-heading\"><strong>S\u00e5 h\u00e4r enkelt kan du s\u00f6ka<\/strong><\/h2>\n\n\n\n<ol style=\"list-style-type:1\" class=\"wp-block-list\">\n<li>Fyll i kontaktblanketten nedan s\u00e5 f\u00e5r du en l\u00e4nk med ans\u00f6kningsblanketten per e-post. (Kolla ocks\u00e5 skr\u00e4pposten, f\u00f6r ibland g\u00e5r det tyv\u00e4rr s\u00e5 att l\u00e4nken hamnar d\u00e4r.)<\/li>\n\n\n\n<li>Vi kontaktar alla s\u00f6kande.<\/li>\n\n\n\n<li>Vi erbjuder utbildning online. Koordinatorerna f\u00f6r v\u00e5ra seniortj\u00e4nster finns som st\u00f6d f\u00f6r dig hela den tid du \u00e4r volont\u00e4r. <\/li>\n\n\n\n<li>Du blir en del av v\u00e5r gemenskap av volont\u00e4rer.<\/li>\n<\/ol>\n\n\n\n<p>Inneh\u00e5llet i utbildningen f\u00f6r eng\u00e5ngshj\u00e4lpare och st\u00f6dpersoner f\u00f6r seniorer \u00e4r det samma. I utbildningen f\u00f6r eng\u00e5ngshj\u00e4lpare f\u00e5r du samtidigt f\u00f6ruts\u00e4ttningar att verka som st\u00f6dperson f\u00f6r en \u00e4ldre person. Om du vill kan du sedan <a href=\"https:\/\/www.helsinkimissio.fi\/sv\/bli-volontar\/stod-for-seniorer\/stodperson-for-seniorer\/\">bli st\u00f6dperson<\/a> f\u00f6r en senior som du har hj\u00e4lpt som eng\u00e5ngshj\u00e4lpare.<\/p>\n\n\n\n<p><strong>Vi utbildar kontinuerligt nya volont\u00e4rer.<\/strong><\/p>\n\n\n\n<p><br><strong>Till\u00e4ggsuppgifter:<\/strong><br><a href=\"mailto:name@email.com\">volontarverksamhet@helsinkimissio.fi<\/a><br>tfn 09 2312 0230<\/p>\n\n\n                            <\/main>\n                        <\/div>\n                    <\/div>\n                <\/div>\n            <\/div>\n        <\/div>\n<\/section>\n\n\n<section  class=\"block block-clara-form container-fluid has-background bg- has-white-background-color\">\n    <div class=\"container\">\n        <div class=\"row justify-content-center\">\n            <div class=\"col-12 col-sm-12 col-lg-7\">\n                <main class=\"entry-content\">\n                    \n\n<h3 class=\"wp-block-heading has-text-align-center\">Bli volont\u00e4r!<\/h3>\n\n\n<div class=\"clara_forms_global bootstrap\">\n    <div id=\"clara_forms_volunteer_applicant\">\n\t\t<div class=\"row\">\n            <div class=\"col-md-12\">\n                <form class=\"form-signin clara-form\" action=\"\" method=\"POST\">\n\n                    <div class=\"form-label-group mandatory\" id=\"group_first_name\"><label for='first_name'>F\u00f6rnamn<\/label><input type=\"text\" name=\"first_name\" value=\"\"  placeholder=\"F\u00f6rnamn\" required=\"required\" maxlength=\"50\" id=\"first_name\" class=\"form-control  \" data-required-message=\"Detta f\u00e4lt \u00e4r obligatoriskt.\" \/><\/div><div class=\"form-label-group mandatory\" id=\"group_last_name\"><label for='last_name'>Efternamn<\/label><input type=\"text\" name=\"last_name\" value=\"\"  placeholder=\"Efternamn\" required=\"required\" maxlength=\"50\" id=\"last_name\" class=\"form-control  \" data-required-message=\"Detta f\u00e4lt \u00e4r obligatoriskt.\" \/><\/div><div class=\"form-label-group mandatory\" id=\"group_email\"><label for='email'>Email<\/label><input type=\"email\" name=\"email\" value=\"\"  placeholder=\"Email\" required=\"required\" maxlength=\"100\" id=\"email\" class=\"form-control  \" data-required-message=\"Detta f\u00e4lt \u00e4r obligatoriskt.\" \/><\/div><div class=\"form-label-group mandatory\" id=\"group_phone\"><label for='phone'>Telefon<\/label><input type=\"text\" name=\"phone\" value=\"\"  placeholder=\"Telefon\" required=\"required\" maxlength=\"20\" id=\"phone\" class=\"form-control  \" data-required-message=\"Detta f\u00e4lt \u00e4r obligatoriskt.\" \/><\/div><div class=\"form-label-group mandatory\" id=\"group_service_id\"><input type=\"hidden\" name=\"service_id\" value=\"100117\"  required=\"required\" id=\"service_id\" \/><\/div><div class=\"form-group\"><div class=\"checkbox mb-3\"><label class=\"consent-texts\"><input type=\"checkbox\" name=\"consents[]\" value=\"2428\"  required=\"required\" id=\"consents\"  data-required-message=\"Detta val \u00e4r obligatoriskt.\" \/>Jag ger mitt samtycke till att mina uppgifter inf\u00f6rs i HelsingforsMissions kundregister. Bekanta dig med <a href=\"https:\/\/www.helsinkimissio.fi\/rekisteriseloste\" target=\"_blank\">registerbeskrivningen<\/a>.<\/label><\/div><\/div><div class=\"form-label-group\" id=\"group_person_type_id\"><input type=\"hidden\" name=\"person_type_id\" value=\"8\"  id=\"person_type_id\" \/><\/div><div class=\"form-label-group\" id=\"group_locale\"><input type=\"hidden\" name=\"locale\" value=\"sv\"  id=\"locale\" \/><\/div><div><button type=\"submit\"  id=\"submit\" class=\"btn btn-lg btn-primary btn-block \"><i class=\"loader fa fa-circle-o-notch fa-spin\"><\/i> S\u00e4nd<\/button><\/div><div class=\"form-label-group\" id=\"group_encrypted\"><input type=\"hidden\" name=\"encrypted\" value=\"eyJmaXJzdF9uYW1lIjp7ImNvZGUiOiJmaXJzdF9uYW1lIiwidHlwZSI6InRleHQiLCJsYWJlbCI6IkZcdTAwZjZybmFtbiIsIm1hbmRhdG9yeSI6InRydWUiLCJtYXhfY2hhcmFjdGVyIjoiNTAifSwibGFzdF9uYW1lIjp7ImNvZGUiOiJsYXN0X25hbWUiLCJ0eXBlIjoidGV4dCIsImxhYmVsIjoiRWZ0ZXJuYW1uIiwibWFuZGF0b3J5IjoidHJ1ZSIsIm1heF9jaGFyYWN0ZXIiOiI1MCJ9LCJlbWFpbCI6eyJjb2RlIjoiZW1haWwiLCJ0eXBlIjoiZW1haWwiLCJsYWJlbCI6IkVtYWlsIiwibWFuZGF0b3J5IjoidHJ1ZSIsIm1heF9jaGFyYWN0ZXIiOiIxMDAifSwicGhvbmUiOnsiY29kZSI6InBob25lIiwidHlwZSI6InRleHQiLCJsYWJlbCI6IlRlbGVmb24iLCJtYXhfY2hhcmFjdGVyIjoiMjAiLCJtYW5kYXRvcnkiOiJ0cnVlIn0sInNlcnZpY2VfaWQiOnsiY29kZSI6InNlcnZpY2VfaWQiLCJ0eXBlIjoiaGlkZGVuIiwibGFiZWwiOiJWXHUwMGU0bGogdGpcdTAwZTRuc3QiLCJtYW5kYXRvcnkiOiJ0cnVlIiwiY2hvaWNlcyI6eyIxMDAxMDYiOiJBYW11a29ydmEiLCIxMDAxMDciOiJBbGJlcnRpbiBvbG9odW9uZSIsIjEwMDExNyI6IkVuZ1x1MDBlNW5nc2hqXHUwMGU0bHAgZlx1MDBmNnIgc2VuaW9yZXIiLCIxMTAyMzMiOiJFdFx1MDBlNGRpZ2l0dWtpIiwiMTAwMTA5IjoiS29tcGlzdmVya3NhbWhldCBmXHUwMGY2ciBzZW5pb3JlciIsIjExMDA1NiI6IktvbXBpc3ZlcmtzYW1oZXQgZlx1MDBmNnIgdW5nYSIsIjExMDIzNCI6IktvdGlkaWdpdHVraSIsIjExMDI1NiI6Ikt1bHR0dXVyaWthdmVyaXRvaW1pbnRhIiwiMTAwMTA4IjoiTnVvcnRlbiBrYXZlcml0b2ltaW50YSIsIjEwMDExMCI6IlBlcmhlaWRlbiBrYXZlcml0b2ltaW50YSIsIjEwMDEwNCI6IlNlbmlvcmVpZGVuIGthdmVyaXRvaW1pbnRhIiwiMTAwMTA1IjoiU2VuaW9yaXR5XHUwMGY2biBrZWlra2EtYXB1In0sImRlZmF1bHRfdmFsdWUiOjEwMDExN30sImNvbnNlbnRzIjp7ImNvZGUiOiJjb25zZW50cyIsInR5cGUiOiJjaGVja2JveCIsIm1hbmRhdG9yeSI6InRydWUiLCJsYWJlbF9yZWZlcmVuY2Vfc3R5bGUiOiJjb25zZW50LXRleHRzIiwiY2hvaWNlcyI6eyIyNDI4IjoiSmFnIGdlciBtaXR0IHNhbXR5Y2tlIHRpbGwgYXR0IG1pbmEgdXBwZ2lmdGVyIGluZlx1MDBmNnJzIGkgSGVsc2luZ2ZvcnNNaXNzaW9ucyBrdW5kcmVnaXN0ZXIuIEJla2FudGEgZGlnIG1lZCA8YSBocmVmPVwiaHR0cHM6XC9cL3d3dy5oZWxzaW5raW1pc3Npby5maVwvcmVraXN0ZXJpc2Vsb3N0ZVwiIHRhcmdldD1cIl9ibGFua1wiPnJlZ2lzdGVyYmVza3Jpdm5pbmdlbjxcL2E+LiJ9fSwicGVyc29uX3R5cGVfaWQiOnsiY29kZSI6InBlcnNvbl90eXBlX2lkIiwidHlwZSI6ImhpZGRlbiIsImRlZmF1bHRfdmFsdWUiOjh9LCJsb2NhbGUiOnsiY29kZSI6ImxvY2FsZSIsInR5cGUiOiJoaWRkZW4iLCJkZWZhdWx0X3ZhbHVlIjoic3YifSwic3VibWl0Ijp7ImNvZGUiOiJzdWJtaXQiLCJ0eXBlIjoic3VibWl0IiwibGFiZWwiOiJTXHUwMGU0bmQifX0=\"  id=\"encrypted\" \/><\/div>\n                    <div class=\"clara-response alert\" role=\"alert\"><\/div>\n                <\/form>\n            <\/div>\n\t\t<\/div>\n        <div class=\"form-data\"\n            data-form-name = \"volunteer_applicant\"\n            data-success-message = \"&lt;h2&gt;Bra att du vill vara volont\u00e4r f\u00f6r oss!&lt;\/h2&gt;Du kommer att f\u00e5 en l\u00e4nk till ans\u00f6kan via e-post.\"\n            data-submit-url = \"https:\/\/www.helsinkimissio.fi\/wp-content\/plugins\/clara-wp-forms\/forms\/controllers\/post.php?form=applicant&api_slug=applicants&locale=sv\"\n            data-error-invalid-ip = \"\u00c5tkomst \u00e4r inte till\u00e5ten fr\u00e5n din IP-adress.\"\n        >\n\t<\/div>\n<\/div>\n<script src=\"\/wp-content\/plugins\/clara-wp-forms\/assets\/js\/forms\/generic-form-submit.js\"><\/script>\n<script src=\"\/wp-content\/plugins\/clara-wp-forms\/assets\/js\/forms\/volunteer-applicant.js\"><\/script>\n\n\n                <\/main>\n            <\/div>\n        <\/div>\n    <\/div>\n<\/section>","protected":false},"excerpt":{"rendered":"","protected":false},"author":2,"featured_media":0,"parent":11864,"menu_order":0,"comment_status":"closed","ping_status":"closed","template":"","meta":{"_acf_changed":false,"_relevanssi_hide_post":"","_relevanssi_hide_content":"","_relevanssi_pin_for_all":"","_relevanssi_pin_keywords":"","_relevanssi_unpin_keywords":"","_relevanssi_related_keywords":"","_relevanssi_related_include_ids":"","_relevanssi_related_exclude_ids":"","_relevanssi_related_no_append":"","_relevanssi_related_not_related":"","_relevanssi_related_posts":"1089,899,952,909","_relevanssi_noindex_reason":"","footnotes":""},"class_list":["post-11882","page","type-page","status-publish","hentry"],"acf":[],"yoast_head":"<!-- This site is optimized with the Yoast SEO plugin v27.4 - https:\/\/yoast.com\/product\/yoast-seo-wordpress\/ -->\n<title>Bli eng\u00e5ngshj\u00e4lpare f\u00f6r seniorer &#8212; HelsinkiMissio<\/title>\n<meta name=\"description\" content=\"Sm\u00e5 sysslor i vardagen kan vara betydande utmaningar f\u00f6r seniorer. Som volont\u00e4r kan du till exempel g\u00e5 p\u00e5 promenader eller hj\u00e4lpa till med matink\u00f6p - sm\u00e5 g\u00e4rningar som ger er b\u00e5da gl\u00e4dje.\" \/>\n<meta name=\"robots\" content=\"index, follow, max-snippet:-1, max-image-preview:large, max-video-preview:-1\" \/>\n<link rel=\"canonical\" href=\"https:\/\/www.helsinkimissio.fi\/sv\/bli-volontar\/stod-for-seniorer\/engangshjalpare\/\" \/>\n<meta property=\"og:locale\" content=\"sv_SE\" \/>\n<meta property=\"og:type\" content=\"article\" \/>\n<meta property=\"og:title\" content=\"Bli eng\u00e5ngshj\u00e4lpare f\u00f6r seniorer &#8212; HelsinkiMissio\" \/>\n<meta property=\"og:description\" content=\"Sm\u00e5 sysslor i vardagen kan vara betydande utmaningar f\u00f6r seniorer. Som volont\u00e4r kan du till exempel g\u00e5 p\u00e5 promenader eller hj\u00e4lpa till med matink\u00f6p - sm\u00e5 g\u00e4rningar som ger er b\u00e5da gl\u00e4dje.\" \/>\n<meta property=\"og:url\" content=\"https:\/\/www.helsinkimissio.fi\/sv\/bli-volontar\/stod-for-seniorer\/engangshjalpare\/\" \/>\n<meta property=\"og:site_name\" content=\"HelsinkiMissio\" \/>\n<meta property=\"article:publisher\" content=\"https:\/\/www.facebook.com\/HelsinkiMissio\/\" \/>\n<meta property=\"article:modified_time\" content=\"2025-11-03T12:02:24+00:00\" \/>\n<meta property=\"og:image\" content=\"https:\/\/www.helsinkimissio.fi\/wp-content\/uploads\/2023\/03\/Yoast-featured-image-1200x675-sininen.png\" \/>\n\t<meta property=\"og:image:width\" content=\"1200\" \/>\n\t<meta property=\"og:image:height\" content=\"675\" \/>\n\t<meta property=\"og:image:type\" content=\"image\/png\" \/>\n<meta name=\"twitter:card\" content=\"summary_large_image\" \/>\n<meta name=\"twitter:site\" content=\"@HelsinkiMissio\" \/>\n<meta name=\"twitter:label1\" content=\"Ber\u00e4knad l\u00e4stid\" \/>\n\t<meta name=\"twitter:data1\" content=\"4 minuter\" \/>\n<script type=\"application\/ld+json\" class=\"yoast-schema-graph\">{\"@context\":\"https:\\\/\\\/schema.org\",\"@graph\":[{\"@type\":\"WebPage\",\"@id\":\"https:\\\/\\\/www.helsinkimissio.fi\\\/sv\\\/bli-volontar\\\/stod-for-seniorer\\\/engangshjalpare\\\/\",\"url\":\"https:\\\/\\\/www.helsinkimissio.fi\\\/sv\\\/bli-volontar\\\/stod-for-seniorer\\\/engangshjalpare\\\/\",\"name\":\"Bli eng\u00e5ngshj\u00e4lpare f\u00f6r seniorer &#8212; HelsinkiMissio\",\"isPartOf\":{\"@id\":\"https:\\\/\\\/www.helsinkimissio.fi\\\/sv\\\/#website\"},\"datePublished\":\"2022-05-20T10:04:02+00:00\",\"dateModified\":\"2025-11-03T12:02:24+00:00\",\"description\":\"Sm\u00e5 sysslor i vardagen kan vara betydande utmaningar f\u00f6r seniorer. Som volont\u00e4r kan du till exempel g\u00e5 p\u00e5 promenader eller hj\u00e4lpa till med matink\u00f6p - sm\u00e5 g\u00e4rningar som ger er b\u00e5da gl\u00e4dje.\",\"breadcrumb\":{\"@id\":\"https:\\\/\\\/www.helsinkimissio.fi\\\/sv\\\/bli-volontar\\\/stod-for-seniorer\\\/engangshjalpare\\\/#breadcrumb\"},\"inLanguage\":\"sv-SE\",\"potentialAction\":[{\"@type\":\"ReadAction\",\"target\":[\"https:\\\/\\\/www.helsinkimissio.fi\\\/sv\\\/bli-volontar\\\/stod-for-seniorer\\\/engangshjalpare\\\/\"]}]},{\"@type\":\"BreadcrumbList\",\"@id\":\"https:\\\/\\\/www.helsinkimissio.fi\\\/sv\\\/bli-volontar\\\/stod-for-seniorer\\\/engangshjalpare\\\/#breadcrumb\",\"itemListElement\":[{\"@type\":\"ListItem\",\"position\":1,\"name\":\"Etusivu\",\"item\":\"https:\\\/\\\/www.helsinkimissio.fi\\\/sv\\\/\"},{\"@type\":\"ListItem\",\"position\":2,\"name\":\"Bli volont\u00e4r\",\"item\":\"https:\\\/\\\/www.helsinkimissio.fi\\\/sv\\\/bli-volontar\\\/\"},{\"@type\":\"ListItem\",\"position\":3,\"name\":\"St\u00f6d f\u00f6r seniorer\",\"item\":\"https:\\\/\\\/www.helsinkimissio.fi\\\/sv\\\/bli-volontar\\\/stod-for-seniorer\\\/\"},{\"@type\":\"ListItem\",\"position\":4,\"name\":\"Bli eng\u00e5ngshj\u00e4lpare f\u00f6r seniorer\"}]},{\"@type\":\"WebSite\",\"@id\":\"https:\\\/\\\/www.helsinkimissio.fi\\\/sv\\\/#website\",\"url\":\"https:\\\/\\\/www.helsinkimissio.fi\\\/sv\\\/\",\"name\":\"Yhdess\u00e4 yksin\u00e4isyys voitetaan \u2013 HelsinkiMissio\",\"description\":\"Yhdess\u00e4 yksin\u00e4isyys voitetaan.\",\"publisher\":{\"@id\":\"https:\\\/\\\/www.helsinkimissio.fi\\\/sv\\\/#organization\"},\"alternateName\":\"HelsinkiMissio\",\"potentialAction\":[{\"@type\":\"SearchAction\",\"target\":{\"@type\":\"EntryPoint\",\"urlTemplate\":\"https:\\\/\\\/www.helsinkimissio.fi\\\/sv\\\/?s={search_term_string}\"},\"query-input\":{\"@type\":\"PropertyValueSpecification\",\"valueRequired\":true,\"valueName\":\"search_term_string\"}}],\"inLanguage\":\"sv-SE\"},{\"@type\":\"Organization\",\"@id\":\"https:\\\/\\\/www.helsinkimissio.fi\\\/sv\\\/#organization\",\"name\":\"HelsinkiMissio\",\"url\":\"https:\\\/\\\/www.helsinkimissio.fi\\\/sv\\\/\",\"logo\":{\"@type\":\"ImageObject\",\"inLanguage\":\"sv-SE\",\"@id\":\"https:\\\/\\\/www.helsinkimissio.fi\\\/sv\\\/#\\\/schema\\\/logo\\\/image\\\/\",\"url\":\"https:\\\/\\\/www.helsinkimissio.fi\\\/wp-content\\\/uploads\\\/2022\\\/07\\\/cropped-Helsinkimissio_sin_logo.png\",\"contentUrl\":\"https:\\\/\\\/www.helsinkimissio.fi\\\/wp-content\\\/uploads\\\/2022\\\/07\\\/cropped-Helsinkimissio_sin_logo.png\",\"width\":512,\"height\":512,\"caption\":\"HelsinkiMissio\"},\"image\":{\"@id\":\"https:\\\/\\\/www.helsinkimissio.fi\\\/sv\\\/#\\\/schema\\\/logo\\\/image\\\/\"},\"sameAs\":[\"https:\\\/\\\/www.facebook.com\\\/HelsinkiMissio\\\/\",\"https:\\\/\\\/x.com\\\/HelsinkiMissio\",\"https:\\\/\\\/www.instagram.com\\\/helsinkimissio\\\/\",\"https:\\\/\\\/www.linkedin.com\\\/company\\\/10844786\\\/\",\"https:\\\/\\\/www.youtube.com\\\/channel\\\/UCzKk3pYABu9D-DzQAx1Yr2w\"]}]}<\/script>\n<!-- \/ Yoast SEO plugin. -->","yoast_head_json":{"title":"Bli eng\u00e5ngshj\u00e4lpare f\u00f6r seniorer &#8212; HelsinkiMissio","description":"Sm\u00e5 sysslor i vardagen kan vara betydande utmaningar f\u00f6r seniorer. Som volont\u00e4r kan du till exempel g\u00e5 p\u00e5 promenader eller hj\u00e4lpa till med matink\u00f6p - sm\u00e5 g\u00e4rningar som ger er b\u00e5da gl\u00e4dje.","robots":{"index":"index","follow":"follow","max-snippet":"max-snippet:-1","max-image-preview":"max-image-preview:large","max-video-preview":"max-video-preview:-1"},"canonical":"https:\/\/www.helsinkimissio.fi\/sv\/bli-volontar\/stod-for-seniorer\/engangshjalpare\/","og_locale":"sv_SE","og_type":"article","og_title":"Bli eng\u00e5ngshj\u00e4lpare f\u00f6r seniorer &#8212; HelsinkiMissio","og_description":"Sm\u00e5 sysslor i vardagen kan vara betydande utmaningar f\u00f6r seniorer. Som volont\u00e4r kan du till exempel g\u00e5 p\u00e5 promenader eller hj\u00e4lpa till med matink\u00f6p - sm\u00e5 g\u00e4rningar som ger er b\u00e5da gl\u00e4dje.","og_url":"https:\/\/www.helsinkimissio.fi\/sv\/bli-volontar\/stod-for-seniorer\/engangshjalpare\/","og_site_name":"HelsinkiMissio","article_publisher":"https:\/\/www.facebook.com\/HelsinkiMissio\/","article_modified_time":"2025-11-03T12:02:24+00:00","og_image":[{"width":1200,"height":675,"url":"https:\/\/www.helsinkimissio.fi\/wp-content\/uploads\/2023\/03\/Yoast-featured-image-1200x675-sininen.png","type":"image\/png"}],"twitter_card":"summary_large_image","twitter_site":"@HelsinkiMissio","twitter_misc":{"Ber\u00e4knad l\u00e4stid":"4 minuter"},"schema":{"@context":"https:\/\/schema.org","@graph":[{"@type":"WebPage","@id":"https:\/\/www.helsinkimissio.fi\/sv\/bli-volontar\/stod-for-seniorer\/engangshjalpare\/","url":"https:\/\/www.helsinkimissio.fi\/sv\/bli-volontar\/stod-for-seniorer\/engangshjalpare\/","name":"Bli eng\u00e5ngshj\u00e4lpare f\u00f6r seniorer &#8212; HelsinkiMissio","isPartOf":{"@id":"https:\/\/www.helsinkimissio.fi\/sv\/#website"},"datePublished":"2022-05-20T10:04:02+00:00","dateModified":"2025-11-03T12:02:24+00:00","description":"Sm\u00e5 sysslor i vardagen kan vara betydande utmaningar f\u00f6r seniorer. Som volont\u00e4r kan du till exempel g\u00e5 p\u00e5 promenader eller hj\u00e4lpa till med matink\u00f6p - sm\u00e5 g\u00e4rningar som ger er b\u00e5da gl\u00e4dje.","breadcrumb":{"@id":"https:\/\/www.helsinkimissio.fi\/sv\/bli-volontar\/stod-for-seniorer\/engangshjalpare\/#breadcrumb"},"inLanguage":"sv-SE","potentialAction":[{"@type":"ReadAction","target":["https:\/\/www.helsinkimissio.fi\/sv\/bli-volontar\/stod-for-seniorer\/engangshjalpare\/"]}]},{"@type":"BreadcrumbList","@id":"https:\/\/www.helsinkimissio.fi\/sv\/bli-volontar\/stod-for-seniorer\/engangshjalpare\/#breadcrumb","itemListElement":[{"@type":"ListItem","position":1,"name":"Etusivu","item":"https:\/\/www.helsinkimissio.fi\/sv\/"},{"@type":"ListItem","position":2,"name":"Bli volont\u00e4r","item":"https:\/\/www.helsinkimissio.fi\/sv\/bli-volontar\/"},{"@type":"ListItem","position":3,"name":"St\u00f6d f\u00f6r seniorer","item":"https:\/\/www.helsinkimissio.fi\/sv\/bli-volontar\/stod-for-seniorer\/"},{"@type":"ListItem","position":4,"name":"Bli eng\u00e5ngshj\u00e4lpare f\u00f6r seniorer"}]},{"@type":"WebSite","@id":"https:\/\/www.helsinkimissio.fi\/sv\/#website","url":"https:\/\/www.helsinkimissio.fi\/sv\/","name":"Yhdess\u00e4 yksin\u00e4isyys voitetaan \u2013 HelsinkiMissio","description":"Yhdess\u00e4 yksin\u00e4isyys voitetaan.","publisher":{"@id":"https:\/\/www.helsinkimissio.fi\/sv\/#organization"},"alternateName":"HelsinkiMissio","potentialAction":[{"@type":"SearchAction","target":{"@type":"EntryPoint","urlTemplate":"https:\/\/www.helsinkimissio.fi\/sv\/?s={search_term_string}"},"query-input":{"@type":"PropertyValueSpecification","valueRequired":true,"valueName":"search_term_string"}}],"inLanguage":"sv-SE"},{"@type":"Organization","@id":"https:\/\/www.helsinkimissio.fi\/sv\/#organization","name":"HelsinkiMissio","url":"https:\/\/www.helsinkimissio.fi\/sv\/","logo":{"@type":"ImageObject","inLanguage":"sv-SE","@id":"https:\/\/www.helsinkimissio.fi\/sv\/#\/schema\/logo\/image\/","url":"https:\/\/www.helsinkimissio.fi\/wp-content\/uploads\/2022\/07\/cropped-Helsinkimissio_sin_logo.png","contentUrl":"https:\/\/www.helsinkimissio.fi\/wp-content\/uploads\/2022\/07\/cropped-Helsinkimissio_sin_logo.png","width":512,"height":512,"caption":"HelsinkiMissio"},"image":{"@id":"https:\/\/www.helsinkimissio.fi\/sv\/#\/schema\/logo\/image\/"},"sameAs":["https:\/\/www.facebook.com\/HelsinkiMissio\/","https:\/\/x.com\/HelsinkiMissio","https:\/\/www.instagram.com\/helsinkimissio\/","https:\/\/www.linkedin.com\/company\/10844786\/","https:\/\/www.youtube.com\/channel\/UCzKk3pYABu9D-DzQAx1Yr2w"]}]}},"_links":{"self":[{"href":"https:\/\/www.helsinkimissio.fi\/sv\/wp-json\/wp\/v2\/pages\/11882","targetHints":{"allow":["GET"]}}],"collection":[{"href":"https:\/\/www.helsinkimissio.fi\/sv\/wp-json\/wp\/v2\/pages"}],"about":[{"href":"https:\/\/www.helsinkimissio.fi\/sv\/wp-json\/wp\/v2\/types\/page"}],"author":[{"embeddable":true,"href":"https:\/\/www.helsinkimissio.fi\/sv\/wp-json\/wp\/v2\/users\/2"}],"replies":[{"embeddable":true,"href":"https:\/\/www.helsinkimissio.fi\/sv\/wp-json\/wp\/v2\/comments?post=11882"}],"version-history":[{"count":14,"href":"https:\/\/www.helsinkimissio.fi\/sv\/wp-json\/wp\/v2\/pages\/11882\/revisions"}],"predecessor-version":[{"id":39513,"href":"https:\/\/www.helsinkimissio.fi\/sv\/wp-json\/wp\/v2\/pages\/11882\/revisions\/39513"}],"up":[{"embeddable":true,"href":"https:\/\/www.helsinkimissio.fi\/sv\/wp-json\/wp\/v2\/pages\/11864"}],"wp:attachment":[{"href":"https:\/\/www.helsinkimissio.fi\/sv\/wp-json\/wp\/v2\/media?parent=11882"}],"curies":[{"name":"wp","href":"https:\/\/api.w.org\/{rel}","templated":true}]}}