{"id":11910,"date":"2022-05-20T13:05:00","date_gmt":"2022-05-20T10:05:00","guid":{"rendered":"https:\/\/www.helsinkimissio.fi\/senioreiden-tueksi\/ryhmanohjaajaksi\/"},"modified":"2025-08-12T15:33:14","modified_gmt":"2025-08-12T12:33:14","slug":"gruppledare-for-seniorer","status":"publish","type":"page","link":"https:\/\/www.helsinkimissio.fi\/sv\/bli-volontar\/stod-for-seniorer\/gruppledare-for-seniorer\/","title":{"rendered":"Bli gruppledare f\u00f6r seniorer"},"content":{"rendered":"\n<section  class=\"block block-hero-element container-fluid has-pink-background-color has-bg block block-hero-element-- block-hero-element__desktop-background\" style=\"background-image: url();\">\n    <div class=\"block-hero-element__mobile-background\">\n        <div class=\"container\">\n            <div class=\"row\">\n                <div class=\"col-sm-10 col-md-12 col-hd-12 mx-auto\">\n                    <div class=\"row  block-hero-element__wrapper block-hero-element--text-left  align-items-start not_front_hero padding-zero\">\n                        <div class=\"offset-1 col-sm-10 col-md-10 col-lg-5 col-xl-5 block-hero-element__text-area block-hero-element--text-vertical-position-top\">\n                            \n\n    <h1 class=\"colored-heading no-background new\">\n                                <p class=\"has-background bg- has-yellow-background-color has--text-color\"> Bli gruppledare <\/p> <br>\n                                <p class=\"has-background bg- has-yellow-background-color has--text-color\"> f\u00f6r seniorer! <\/p> <br>\n            <\/h1>\n\n\n\n<p>Vill du vara med och dela gl\u00e4djen i gemensam syssels\u00e4ttning f\u00f6r seniorer?<\/p>\n\n\n\n<p>I gruppverksamheten som HelsingforsMissions volont\u00e4rer ordnar sjunger vi, tr\u00e4nar, diskuterar, bakar och delar med oss av trevliga minnen.<\/p>\n\n\n\n<p>Kom med och led gruppverksamheten!<\/p>\n\n\n                        <\/div>\n                                                    <div class=\" offset-1 col-sm-10 col-md-10 col-lg-5 col-xl-4 block-hero-element__image-area block-hero-element__image-area--top\">\n                                <img decoding=\"async\" src=\"https:\/\/www.helsinkimissio.fi\/wp-content\/uploads\/2022\/07\/600x900_Hero_Vapaaehtoinen_Nainen.jpg\" width=\"600\" height=\"900\" alt=\"Iloinen nainen katsoo suoraan silmiin\" fetchpriority=\"high\" data-no-lazy=\"1\">                            <\/div>\n                        \n                        \n                    <\/div>\n                <\/div>\n            <\/div>\n        <\/div>\n    <\/div>\n<\/section>\n\n\n<section  class=\"block  block-content-wrapper container-fluid has-background has-off-white-background-color has-background bg- has-off-white-background-color has--text-color\">\n    <div class=\"container\">\n        <div class=\"row  flex-start col-12\" style=\"justify-content: flex-start; \">\n                            <div class=\"\">\n                                    <main class=\"entry-content\">\n                        \n\n<h2 class=\"wp-block-heading\"><strong><strong>Gruppledare f\u00f6r seniorer<\/strong><\/strong><\/h2>\n\n\n\n<p>Gruppverksamheten handlar om interaktion och att g\u00f6ra n\u00e5got tillsammans. HelsingforsMissions volont\u00e4rer handleder olika seniorgrupper.<\/p>\n\n\n\n<p>Volont\u00e4rernas egna intressen kan v\u00e4l utnyttjas i grupperna, till exempel kan den som sysslar med stavg\u00e5ng grunda en stavg\u00e5ngsgrupp.<\/p>\n\n\n                    <\/main>\n                    <\/div>\n                <\/div>\n        <\/div>\n<\/section>\n\n\n\n\n<section  class=\"block full-width block-kahdenpalstan-nosto-2 container-fluid has-background bg- has-white-background-color has--text-color\">\n    <div class=\"container\">\n        <div class=\"row\">\n            <div class=\"col-sm-10 col-xl-12 mx-auto\">\n                <div class=\"row\">\n                    <div class=\"image_text_lift left\">\n                        <div class=\"col-xs-4 col-sm-12 col-md-10 col-xl-4  image_text_lift__img_container  offset-1 \">\n\n                            <img decoding=\"async\" src=\"https:\/\/www.helsinkimissio.fi\/wp-content\/uploads\/2022\/07\/600x900_Hero_Seniori_Vapaaehtoinen_Mies.jpg\" width=\"600\" height=\"900\" class=\"image_text_lift__img\" alt=\"\" loading=\"lazy\">                            \n                        <\/div>\n                        <div class=\"col-xs-4 col-sm-12 col-md-10 col-xl-4 image_text_lift__position offset-2 middle\">\n                            <main class=\"entry-content \">\n                                \n\n<h2 class=\"wp-block-heading\"><strong><strong><strong>Vem kan ans\u00f6ka om att bli volont\u00e4r?<\/strong><\/strong><\/strong><\/h2>\n\n\n\n<p>Volont\u00e4rer som \u00e4r intresserade av att bli gruppledare beh\u00f6ver inte ha erfarenhet av att leda grupper eller seniorarbete. V\u00e4sentliga egenskaper f\u00f6r gruppledare \u00e4r bland annat engagemang, p\u00e5litlighet, f\u00f6rm\u00e5ga att samarbeta med m\u00e4nniskor av olika slag och att kunna lyssna.<\/p>\n\n\n\n<h3 class=\"wp-block-heading\"><strong><strong>S\u00e5 h\u00e4r enkelt kan du s\u00f6ka!<\/strong><\/strong><\/h3>\n\n\n\n<ol style=\"list-style-type:1\" class=\"wp-block-list\">\n<li>Fyll i kontaktblanketten nedan s\u00e5 f\u00e5r du en l\u00e4nk med ans\u00f6kningsblanketten per e-post. (Kolla ocks\u00e5 skr\u00e4pposten, f\u00f6r ibland g\u00e5r det tyv\u00e4rr s\u00e5 att l\u00e4nken hamnar d\u00e4r.)<\/li>\n\n\n\n<li>Vi kontaktar alla s\u00f6kande.<\/li>\n\n\n\n<li>Vi erbjuder webbaserad utbildning f\u00f6r v\u00e5ra volont\u00e4rer. Koordinatorerna f\u00f6r v\u00e5ra seniortj\u00e4nster finns som st\u00f6d f\u00f6r dig under hela den tid du \u00e4r volont\u00e4r. <\/li>\n\n\n\n<li>Du blir en del av v\u00e5r gemenskap av volont\u00e4rer.<\/li>\n<\/ol>\n\n\n\n<p>Koordinatorn erbjuder hj\u00e4lp med fr\u00e5gor som r\u00f6r grundandet av gruppen, s\u00e5som att hitta l\u00e4mpliga lokaler och sammanst\u00e4llningen av gruppen.<\/p>\n\n\n\n<p><strong>Mer information:<\/strong><br>09 2312 0230 eller <a href=\"mailto:volontarverksamhet@helsinkimissio.fi\">volontarverksamhet@helsinkimissio.fi<\/a><\/p>\n\n\n                            <\/main>\n                        <\/div>\n                    <\/div>\n                <\/div>\n            <\/div>\n        <\/div>\n<\/section>\n\n\n<section  class=\"block  block-content-wrapper container-fluid has-background has-yellow-background-color has-background bg- has-yellow-background-color has--text-color\">\n    <div class=\"container\">\n        <div class=\"row  center col-12\" style=\"justify-content: center; \">\n                            <div class=\"\">\n                                    <main class=\"entry-content\">\n                        \n\n<section  class=\"block block-clara-form container-fluid \">\n    <div class=\"container\">\n        <div class=\"row justify-content-center\">\n            <div class=\"col-12 col-sm-12 col-lg-7\">\n                <main class=\"entry-content\">\n                    \n\n<h3 class=\"wp-block-heading has-text-align-center\">Bli volont\u00e4r<\/h3>\n\n\n<div class=\"clara_forms_global bootstrap\">\n    <div id=\"clara_forms_volunteer_applicant\">\n\t\t<div class=\"row\">\n            <div class=\"col-md-12\">\n                <form class=\"form-signin clara-form\" action=\"\" method=\"POST\">\n\n                    <div class=\"form-label-group mandatory\" id=\"group_first_name\"><label for='first_name'>F\u00f6rnamn<\/label><input type=\"text\" name=\"first_name\" value=\"\"  placeholder=\"F\u00f6rnamn\" required=\"required\" maxlength=\"50\" id=\"first_name\" class=\"form-control  \" data-required-message=\"Detta f\u00e4lt \u00e4r obligatoriskt.\" \/><\/div><div class=\"form-label-group mandatory\" id=\"group_last_name\"><label for='last_name'>Efternamn<\/label><input type=\"text\" name=\"last_name\" value=\"\"  placeholder=\"Efternamn\" required=\"required\" maxlength=\"50\" id=\"last_name\" class=\"form-control  \" data-required-message=\"Detta f\u00e4lt \u00e4r obligatoriskt.\" \/><\/div><div class=\"form-label-group mandatory\" id=\"group_email\"><label for='email'>Email<\/label><input type=\"email\" name=\"email\" value=\"\"  placeholder=\"Email\" required=\"required\" maxlength=\"100\" id=\"email\" class=\"form-control  \" data-required-message=\"Detta f\u00e4lt \u00e4r obligatoriskt.\" \/><\/div><div class=\"form-label-group mandatory\" id=\"group_phone\"><label for='phone'>Telefon<\/label><input type=\"text\" name=\"phone\" value=\"\"  placeholder=\"Telefon\" required=\"required\" maxlength=\"20\" id=\"phone\" class=\"form-control  \" data-required-message=\"Detta f\u00e4lt \u00e4r obligatoriskt.\" \/><\/div><div class=\"form-label-group mandatory\" id=\"group_service_id\"><input type=\"hidden\" name=\"service_id\" value=\"110021\"  required=\"required\" id=\"service_id\" \/><\/div><div class=\"form-group\"><div class=\"checkbox mb-3\"><label class=\"consent-texts\"><input type=\"checkbox\" name=\"consents[]\" value=\"2428\"  required=\"required\" id=\"consents\"  data-required-message=\"Detta val \u00e4r obligatoriskt.\" \/>Jag ger mitt samtycke till att mina uppgifter inf\u00f6rs i HelsingforsMissions kundregister. Bekanta dig med <a href=\"https:\/\/www.helsinkimissio.fi\/rekisteriseloste\" target=\"_blank\">registerbeskrivningen<\/a>.<\/label><\/div><\/div><div class=\"form-label-group\" id=\"group_person_type_id\"><input type=\"hidden\" name=\"person_type_id\" value=\"8\"  id=\"person_type_id\" \/><\/div><div class=\"form-label-group\" id=\"group_locale\"><input type=\"hidden\" name=\"locale\" value=\"sv\"  id=\"locale\" \/><\/div><div><button type=\"submit\"  id=\"submit\" class=\"btn btn-lg btn-primary btn-block \"><i class=\"loader fa fa-circle-o-notch fa-spin\"><\/i> S\u00e4nd<\/button><\/div><div class=\"form-label-group\" id=\"group_encrypted\"><input type=\"hidden\" name=\"encrypted\" value=\"eyJmaXJzdF9uYW1lIjp7ImNvZGUiOiJmaXJzdF9uYW1lIiwidHlwZSI6InRleHQiLCJsYWJlbCI6IkZcdTAwZjZybmFtbiIsIm1hbmRhdG9yeSI6InRydWUiLCJtYXhfY2hhcmFjdGVyIjoiNTAifSwibGFzdF9uYW1lIjp7ImNvZGUiOiJsYXN0X25hbWUiLCJ0eXBlIjoidGV4dCIsImxhYmVsIjoiRWZ0ZXJuYW1uIiwibWFuZGF0b3J5IjoidHJ1ZSIsIm1heF9jaGFyYWN0ZXIiOiI1MCJ9LCJlbWFpbCI6eyJjb2RlIjoiZW1haWwiLCJ0eXBlIjoiZW1haWwiLCJsYWJlbCI6IkVtYWlsIiwibWFuZGF0b3J5IjoidHJ1ZSIsIm1heF9jaGFyYWN0ZXIiOiIxMDAifSwicGhvbmUiOnsiY29kZSI6InBob25lIiwidHlwZSI6InRleHQiLCJsYWJlbCI6IlRlbGVmb24iLCJtYXhfY2hhcmFjdGVyIjoiMjAiLCJtYW5kYXRvcnkiOiJ0cnVlIn0sInNlcnZpY2VfaWQiOnsiY29kZSI6InNlcnZpY2VfaWQiLCJ0eXBlIjoiaGlkZGVuIiwibGFiZWwiOiJWXHUwMGU0bGogdGpcdTAwZTRuc3QiLCJtYW5kYXRvcnkiOiJ0cnVlIiwiY2hvaWNlcyI6eyIxMDAxMDYiOiJBYW11a29ydmEiLCIxMDAxMDciOiJBbGJlcnRpbiBvbG9odW9uZSIsIjEwMDExNyI6IkVuZ1x1MDBlNW5nc2hqXHUwMGU0bHAgZlx1MDBmNnIgc2VuaW9yZXIiLCIxMTAyMzMiOiJFdFx1MDBlNGRpZ2l0dWtpIiwiMTAwMTA5IjoiS29tcGlzdmVya3NhbWhldCBmXHUwMGY2ciBzZW5pb3JlciIsIjExMDA1NiI6IktvbXBpc3ZlcmtzYW1oZXQgZlx1MDBmNnIgdW5nYSIsIjExMDIzNCI6IktvdGlkaWdpdHVraSIsIjExMDI1NiI6Ikt1bHR0dXVyaWthdmVyaXRvaW1pbnRhIiwiMTAwMTA4IjoiTnVvcnRlbiBrYXZlcml0b2ltaW50YSIsIjEwMDExMCI6IlBlcmhlaWRlbiBrYXZlcml0b2ltaW50YSIsIjEwMDEwNCI6IlNlbmlvcmVpZGVuIGthdmVyaXRvaW1pbnRhIiwiMTAwMTA1IjoiU2VuaW9yaXR5XHUwMGY2biBrZWlra2EtYXB1In0sImRlZmF1bHRfdmFsdWUiOjExMDAyMX0sImNvbnNlbnRzIjp7ImNvZGUiOiJjb25zZW50cyIsInR5cGUiOiJjaGVja2JveCIsIm1hbmRhdG9yeSI6InRydWUiLCJsYWJlbF9yZWZlcmVuY2Vfc3R5bGUiOiJjb25zZW50LXRleHRzIiwiY2hvaWNlcyI6eyIyNDI4IjoiSmFnIGdlciBtaXR0IHNhbXR5Y2tlIHRpbGwgYXR0IG1pbmEgdXBwZ2lmdGVyIGluZlx1MDBmNnJzIGkgSGVsc2luZ2ZvcnNNaXNzaW9ucyBrdW5kcmVnaXN0ZXIuIEJla2FudGEgZGlnIG1lZCA8YSBocmVmPVwiaHR0cHM6XC9cL3d3dy5oZWxzaW5raW1pc3Npby5maVwvcmVraXN0ZXJpc2Vsb3N0ZVwiIHRhcmdldD1cIl9ibGFua1wiPnJlZ2lzdGVyYmVza3Jpdm5pbmdlbjxcL2E+LiJ9fSwicGVyc29uX3R5cGVfaWQiOnsiY29kZSI6InBlcnNvbl90eXBlX2lkIiwidHlwZSI6ImhpZGRlbiIsImRlZmF1bHRfdmFsdWUiOjh9LCJsb2NhbGUiOnsiY29kZSI6ImxvY2FsZSIsInR5cGUiOiJoaWRkZW4iLCJkZWZhdWx0X3ZhbHVlIjoic3YifSwic3VibWl0Ijp7ImNvZGUiOiJzdWJtaXQiLCJ0eXBlIjoic3VibWl0IiwibGFiZWwiOiJTXHUwMGU0bmQifX0=\"  id=\"encrypted\" \/><\/div>\n                    <div class=\"clara-response alert\" role=\"alert\"><\/div>\n                <\/form>\n            <\/div>\n\t\t<\/div>\n        <div class=\"form-data\"\n            data-form-name = \"volunteer_applicant\"\n            data-success-message = \"&lt;h2&gt;Bra att du vill vara volont\u00e4r f\u00f6r oss!&lt;\/h2&gt;Du kommer att f\u00e5 en l\u00e4nk till ans\u00f6kan via e-post.\"\n            data-submit-url = \"https:\/\/www.helsinkimissio.fi\/wp-content\/plugins\/clara-wp-forms\/forms\/controllers\/post.php?form=applicant&api_slug=applicants&locale=sv\"\n            data-error-invalid-ip = \"\u00c5tkomst \u00e4r inte till\u00e5ten fr\u00e5n din IP-adress.\"\n        >\n\t<\/div>\n<\/div>\n<script src=\"\/wp-content\/plugins\/clara-wp-forms\/assets\/js\/forms\/generic-form-submit.js\"><\/script>\n<script src=\"\/wp-content\/plugins\/clara-wp-forms\/assets\/js\/forms\/volunteer-applicant.js\"><\/script>\n\n\n                <\/main>\n            <\/div>\n        <\/div>\n    <\/div>\n<\/section>\n\n                    <\/main>\n                    <\/div>\n                <\/div>\n        <\/div>\n<\/section>","protected":false},"excerpt":{"rendered":"","protected":false},"author":2,"featured_media":0,"parent":11864,"menu_order":0,"comment_status":"closed","ping_status":"closed","template":"","meta":{"_acf_changed":false,"_relevanssi_hide_post":"","_relevanssi_hide_content":"","_relevanssi_pin_for_all":"","_relevanssi_pin_keywords":"","_relevanssi_unpin_keywords":"","_relevanssi_related_keywords":"","_relevanssi_related_include_ids":"","_relevanssi_related_exclude_ids":"","_relevanssi_related_no_append":"","_relevanssi_related_not_related":"","_relevanssi_related_posts":"909,899,1089,952","_relevanssi_noindex_reason":"","footnotes":""},"class_list":["post-11910","page","type-page","status-publish","hentry"],"acf":[],"yoast_head":"<!-- This site is optimized with the Yoast SEO plugin v27.4 - https:\/\/yoast.com\/product\/yoast-seo-wordpress\/ -->\n<title>Bli gruppledare f\u00f6r seniorer &#8212; HelsinkiMissio<\/title>\n<meta name=\"description\" content=\"Vill du vara med och dela gl\u00e4djen i gemensam syssels\u00e4ttning f\u00f6r seniorer? Gruppverksamheten handlar om interaktion och att g\u00f6ra n\u00e5got tillsammans.\" \/>\n<meta name=\"robots\" content=\"index, follow, max-snippet:-1, max-image-preview:large, max-video-preview:-1\" \/>\n<link rel=\"canonical\" href=\"https:\/\/www.helsinkimissio.fi\/sv\/bli-volontar\/stod-for-seniorer\/gruppledare-for-seniorer\/\" \/>\n<meta property=\"og:locale\" content=\"sv_SE\" \/>\n<meta property=\"og:type\" content=\"article\" \/>\n<meta property=\"og:title\" content=\"Bli gruppledare f\u00f6r seniorer &#8212; HelsinkiMissio\" \/>\n<meta property=\"og:description\" content=\"Vill du vara med och dela gl\u00e4djen i gemensam syssels\u00e4ttning f\u00f6r seniorer? Gruppverksamheten handlar om interaktion och att g\u00f6ra n\u00e5got tillsammans.\" \/>\n<meta property=\"og:url\" content=\"https:\/\/www.helsinkimissio.fi\/sv\/bli-volontar\/stod-for-seniorer\/gruppledare-for-seniorer\/\" \/>\n<meta property=\"og:site_name\" content=\"HelsinkiMissio\" \/>\n<meta property=\"article:publisher\" content=\"https:\/\/www.facebook.com\/HelsinkiMissio\/\" \/>\n<meta property=\"article:modified_time\" content=\"2025-08-12T12:33:14+00:00\" \/>\n<meta property=\"og:image\" content=\"https:\/\/www.helsinkimissio.fi\/wp-content\/uploads\/2023\/03\/Yoast-featured-image-1200x675-sininen.png\" \/>\n\t<meta property=\"og:image:width\" content=\"1200\" \/>\n\t<meta property=\"og:image:height\" content=\"675\" \/>\n\t<meta property=\"og:image:type\" content=\"image\/png\" \/>\n<meta name=\"twitter:card\" content=\"summary_large_image\" \/>\n<meta name=\"twitter:site\" content=\"@HelsinkiMissio\" \/>\n<meta name=\"twitter:label1\" content=\"Ber\u00e4knad l\u00e4stid\" \/>\n\t<meta name=\"twitter:data1\" content=\"3 minuter\" \/>\n<script type=\"application\/ld+json\" class=\"yoast-schema-graph\">{\"@context\":\"https:\\\/\\\/schema.org\",\"@graph\":[{\"@type\":\"WebPage\",\"@id\":\"https:\\\/\\\/www.helsinkimissio.fi\\\/sv\\\/bli-volontar\\\/stod-for-seniorer\\\/gruppledare-for-seniorer\\\/\",\"url\":\"https:\\\/\\\/www.helsinkimissio.fi\\\/sv\\\/bli-volontar\\\/stod-for-seniorer\\\/gruppledare-for-seniorer\\\/\",\"name\":\"Bli gruppledare f\u00f6r seniorer &#8212; HelsinkiMissio\",\"isPartOf\":{\"@id\":\"https:\\\/\\\/www.helsinkimissio.fi\\\/sv\\\/#website\"},\"datePublished\":\"2022-05-20T10:05:00+00:00\",\"dateModified\":\"2025-08-12T12:33:14+00:00\",\"description\":\"Vill du vara med och dela gl\u00e4djen i gemensam syssels\u00e4ttning f\u00f6r seniorer? Gruppverksamheten handlar om interaktion och att g\u00f6ra n\u00e5got tillsammans.\",\"breadcrumb\":{\"@id\":\"https:\\\/\\\/www.helsinkimissio.fi\\\/sv\\\/bli-volontar\\\/stod-for-seniorer\\\/gruppledare-for-seniorer\\\/#breadcrumb\"},\"inLanguage\":\"sv-SE\",\"potentialAction\":[{\"@type\":\"ReadAction\",\"target\":[\"https:\\\/\\\/www.helsinkimissio.fi\\\/sv\\\/bli-volontar\\\/stod-for-seniorer\\\/gruppledare-for-seniorer\\\/\"]}]},{\"@type\":\"BreadcrumbList\",\"@id\":\"https:\\\/\\\/www.helsinkimissio.fi\\\/sv\\\/bli-volontar\\\/stod-for-seniorer\\\/gruppledare-for-seniorer\\\/#breadcrumb\",\"itemListElement\":[{\"@type\":\"ListItem\",\"position\":1,\"name\":\"Etusivu\",\"item\":\"https:\\\/\\\/www.helsinkimissio.fi\\\/sv\\\/\"},{\"@type\":\"ListItem\",\"position\":2,\"name\":\"Bli volont\u00e4r\",\"item\":\"https:\\\/\\\/www.helsinkimissio.fi\\\/sv\\\/bli-volontar\\\/\"},{\"@type\":\"ListItem\",\"position\":3,\"name\":\"St\u00f6d f\u00f6r seniorer\",\"item\":\"https:\\\/\\\/www.helsinkimissio.fi\\\/sv\\\/bli-volontar\\\/stod-for-seniorer\\\/\"},{\"@type\":\"ListItem\",\"position\":4,\"name\":\"Bli gruppledare f\u00f6r seniorer\"}]},{\"@type\":\"WebSite\",\"@id\":\"https:\\\/\\\/www.helsinkimissio.fi\\\/sv\\\/#website\",\"url\":\"https:\\\/\\\/www.helsinkimissio.fi\\\/sv\\\/\",\"name\":\"Yhdess\u00e4 yksin\u00e4isyys voitetaan \u2013 HelsinkiMissio\",\"description\":\"Yhdess\u00e4 yksin\u00e4isyys voitetaan.\",\"publisher\":{\"@id\":\"https:\\\/\\\/www.helsinkimissio.fi\\\/sv\\\/#organization\"},\"alternateName\":\"HelsinkiMissio\",\"potentialAction\":[{\"@type\":\"SearchAction\",\"target\":{\"@type\":\"EntryPoint\",\"urlTemplate\":\"https:\\\/\\\/www.helsinkimissio.fi\\\/sv\\\/?s={search_term_string}\"},\"query-input\":{\"@type\":\"PropertyValueSpecification\",\"valueRequired\":true,\"valueName\":\"search_term_string\"}}],\"inLanguage\":\"sv-SE\"},{\"@type\":\"Organization\",\"@id\":\"https:\\\/\\\/www.helsinkimissio.fi\\\/sv\\\/#organization\",\"name\":\"HelsinkiMissio\",\"url\":\"https:\\\/\\\/www.helsinkimissio.fi\\\/sv\\\/\",\"logo\":{\"@type\":\"ImageObject\",\"inLanguage\":\"sv-SE\",\"@id\":\"https:\\\/\\\/www.helsinkimissio.fi\\\/sv\\\/#\\\/schema\\\/logo\\\/image\\\/\",\"url\":\"https:\\\/\\\/www.helsinkimissio.fi\\\/wp-content\\\/uploads\\\/2022\\\/07\\\/cropped-Helsinkimissio_sin_logo.png\",\"contentUrl\":\"https:\\\/\\\/www.helsinkimissio.fi\\\/wp-content\\\/uploads\\\/2022\\\/07\\\/cropped-Helsinkimissio_sin_logo.png\",\"width\":512,\"height\":512,\"caption\":\"HelsinkiMissio\"},\"image\":{\"@id\":\"https:\\\/\\\/www.helsinkimissio.fi\\\/sv\\\/#\\\/schema\\\/logo\\\/image\\\/\"},\"sameAs\":[\"https:\\\/\\\/www.facebook.com\\\/HelsinkiMissio\\\/\",\"https:\\\/\\\/x.com\\\/HelsinkiMissio\",\"https:\\\/\\\/www.instagram.com\\\/helsinkimissio\\\/\",\"https:\\\/\\\/www.linkedin.com\\\/company\\\/10844786\\\/\",\"https:\\\/\\\/www.youtube.com\\\/channel\\\/UCzKk3pYABu9D-DzQAx1Yr2w\"]}]}<\/script>\n<!-- \/ Yoast SEO plugin. -->","yoast_head_json":{"title":"Bli gruppledare f\u00f6r seniorer &#8212; HelsinkiMissio","description":"Vill du vara med och dela gl\u00e4djen i gemensam syssels\u00e4ttning f\u00f6r seniorer? Gruppverksamheten handlar om interaktion och att g\u00f6ra n\u00e5got tillsammans.","robots":{"index":"index","follow":"follow","max-snippet":"max-snippet:-1","max-image-preview":"max-image-preview:large","max-video-preview":"max-video-preview:-1"},"canonical":"https:\/\/www.helsinkimissio.fi\/sv\/bli-volontar\/stod-for-seniorer\/gruppledare-for-seniorer\/","og_locale":"sv_SE","og_type":"article","og_title":"Bli gruppledare f\u00f6r seniorer &#8212; HelsinkiMissio","og_description":"Vill du vara med och dela gl\u00e4djen i gemensam syssels\u00e4ttning f\u00f6r seniorer? Gruppverksamheten handlar om interaktion och att g\u00f6ra n\u00e5got tillsammans.","og_url":"https:\/\/www.helsinkimissio.fi\/sv\/bli-volontar\/stod-for-seniorer\/gruppledare-for-seniorer\/","og_site_name":"HelsinkiMissio","article_publisher":"https:\/\/www.facebook.com\/HelsinkiMissio\/","article_modified_time":"2025-08-12T12:33:14+00:00","og_image":[{"width":1200,"height":675,"url":"https:\/\/www.helsinkimissio.fi\/wp-content\/uploads\/2023\/03\/Yoast-featured-image-1200x675-sininen.png","type":"image\/png"}],"twitter_card":"summary_large_image","twitter_site":"@HelsinkiMissio","twitter_misc":{"Ber\u00e4knad l\u00e4stid":"3 minuter"},"schema":{"@context":"https:\/\/schema.org","@graph":[{"@type":"WebPage","@id":"https:\/\/www.helsinkimissio.fi\/sv\/bli-volontar\/stod-for-seniorer\/gruppledare-for-seniorer\/","url":"https:\/\/www.helsinkimissio.fi\/sv\/bli-volontar\/stod-for-seniorer\/gruppledare-for-seniorer\/","name":"Bli gruppledare f\u00f6r seniorer &#8212; HelsinkiMissio","isPartOf":{"@id":"https:\/\/www.helsinkimissio.fi\/sv\/#website"},"datePublished":"2022-05-20T10:05:00+00:00","dateModified":"2025-08-12T12:33:14+00:00","description":"Vill du vara med och dela gl\u00e4djen i gemensam syssels\u00e4ttning f\u00f6r seniorer? Gruppverksamheten handlar om interaktion och att g\u00f6ra n\u00e5got tillsammans.","breadcrumb":{"@id":"https:\/\/www.helsinkimissio.fi\/sv\/bli-volontar\/stod-for-seniorer\/gruppledare-for-seniorer\/#breadcrumb"},"inLanguage":"sv-SE","potentialAction":[{"@type":"ReadAction","target":["https:\/\/www.helsinkimissio.fi\/sv\/bli-volontar\/stod-for-seniorer\/gruppledare-for-seniorer\/"]}]},{"@type":"BreadcrumbList","@id":"https:\/\/www.helsinkimissio.fi\/sv\/bli-volontar\/stod-for-seniorer\/gruppledare-for-seniorer\/#breadcrumb","itemListElement":[{"@type":"ListItem","position":1,"name":"Etusivu","item":"https:\/\/www.helsinkimissio.fi\/sv\/"},{"@type":"ListItem","position":2,"name":"Bli volont\u00e4r","item":"https:\/\/www.helsinkimissio.fi\/sv\/bli-volontar\/"},{"@type":"ListItem","position":3,"name":"St\u00f6d f\u00f6r seniorer","item":"https:\/\/www.helsinkimissio.fi\/sv\/bli-volontar\/stod-for-seniorer\/"},{"@type":"ListItem","position":4,"name":"Bli gruppledare f\u00f6r seniorer"}]},{"@type":"WebSite","@id":"https:\/\/www.helsinkimissio.fi\/sv\/#website","url":"https:\/\/www.helsinkimissio.fi\/sv\/","name":"Yhdess\u00e4 yksin\u00e4isyys voitetaan \u2013 HelsinkiMissio","description":"Yhdess\u00e4 yksin\u00e4isyys voitetaan.","publisher":{"@id":"https:\/\/www.helsinkimissio.fi\/sv\/#organization"},"alternateName":"HelsinkiMissio","potentialAction":[{"@type":"SearchAction","target":{"@type":"EntryPoint","urlTemplate":"https:\/\/www.helsinkimissio.fi\/sv\/?s={search_term_string}"},"query-input":{"@type":"PropertyValueSpecification","valueRequired":true,"valueName":"search_term_string"}}],"inLanguage":"sv-SE"},{"@type":"Organization","@id":"https:\/\/www.helsinkimissio.fi\/sv\/#organization","name":"HelsinkiMissio","url":"https:\/\/www.helsinkimissio.fi\/sv\/","logo":{"@type":"ImageObject","inLanguage":"sv-SE","@id":"https:\/\/www.helsinkimissio.fi\/sv\/#\/schema\/logo\/image\/","url":"https:\/\/www.helsinkimissio.fi\/wp-content\/uploads\/2022\/07\/cropped-Helsinkimissio_sin_logo.png","contentUrl":"https:\/\/www.helsinkimissio.fi\/wp-content\/uploads\/2022\/07\/cropped-Helsinkimissio_sin_logo.png","width":512,"height":512,"caption":"HelsinkiMissio"},"image":{"@id":"https:\/\/www.helsinkimissio.fi\/sv\/#\/schema\/logo\/image\/"},"sameAs":["https:\/\/www.facebook.com\/HelsinkiMissio\/","https:\/\/x.com\/HelsinkiMissio","https:\/\/www.instagram.com\/helsinkimissio\/","https:\/\/www.linkedin.com\/company\/10844786\/","https:\/\/www.youtube.com\/channel\/UCzKk3pYABu9D-DzQAx1Yr2w"]}]}},"_links":{"self":[{"href":"https:\/\/www.helsinkimissio.fi\/sv\/wp-json\/wp\/v2\/pages\/11910","targetHints":{"allow":["GET"]}}],"collection":[{"href":"https:\/\/www.helsinkimissio.fi\/sv\/wp-json\/wp\/v2\/pages"}],"about":[{"href":"https:\/\/www.helsinkimissio.fi\/sv\/wp-json\/wp\/v2\/types\/page"}],"author":[{"embeddable":true,"href":"https:\/\/www.helsinkimissio.fi\/sv\/wp-json\/wp\/v2\/users\/2"}],"replies":[{"embeddable":true,"href":"https:\/\/www.helsinkimissio.fi\/sv\/wp-json\/wp\/v2\/comments?post=11910"}],"version-history":[{"count":15,"href":"https:\/\/www.helsinkimissio.fi\/sv\/wp-json\/wp\/v2\/pages\/11910\/revisions"}],"predecessor-version":[{"id":37745,"href":"https:\/\/www.helsinkimissio.fi\/sv\/wp-json\/wp\/v2\/pages\/11910\/revisions\/37745"}],"up":[{"embeddable":true,"href":"https:\/\/www.helsinkimissio.fi\/sv\/wp-json\/wp\/v2\/pages\/11864"}],"wp:attachment":[{"href":"https:\/\/www.helsinkimissio.fi\/sv\/wp-json\/wp\/v2\/media?parent=11910"}],"curies":[{"name":"wp","href":"https:\/\/api.w.org\/{rel}","templated":true}]}}