{"id":12072,"date":"2022-05-20T13:00:25","date_gmt":"2022-05-20T10:00:25","guid":{"rendered":"https:\/\/www.helsinkimissio.fi\/nuorten-tueksi\/"},"modified":"2025-11-03T13:48:40","modified_gmt":"2025-11-03T11:48:40","slug":"stod-for-unga","status":"publish","type":"page","link":"https:\/\/www.helsinkimissio.fi\/sv\/bli-volontar\/stod-for-unga\/","title":{"rendered":"St\u00f6d f\u00f6r unga"},"content":{"rendered":"\n<section  class=\"block block-hero-element container-fluid has-off-white-background-color has-bg block block-hero-element-- block-hero-element__desktop-background\" style=\"background-image: url();\">\n    <div class=\"block-hero-element__mobile-background\">\n        <div class=\"container\">\n            <div class=\"row\">\n                <div class=\"col-sm-10 col-md-12 col-hd-12 mx-auto\">\n                    <div class=\"row  block-hero-element__wrapper block-hero-element--text-left  align-items-start not_front_hero padding-zero\">\n                        <div class=\"offset-1 col-sm-10 col-md-10 col-lg-5 col-xl-5 block-hero-element__text-area block-hero-element--text-vertical-position-top\">\n                            \n\n    <h1 class=\"colored-heading no-background new\">\n                                <p class=\"has-background bg- has--background-color has-white-text-color\"> Bli volont\u00e4r <\/p> <br>\n                                <p class=\"has-background bg- has--background-color has-white-text-color\"> f\u00f6r en ungdom <\/p> <br>\n            <\/h1>\n\n\n\n<p>Den tid du ger har stor betydelse f\u00f6r en ung person i behov av st\u00f6d. Som en volont\u00e4r kompis tillbringar du tid med den unga och ni engagerar er i gemensamma aktiviteter samtidigt som ni diskuterar om vardagen.<\/p>\n\n\n\n<p><br>Bli volont\u00e4r redan i dag!<\/p>\n\n\n                        <\/div>\n                                                    <div class=\" offset-1 col-sm-10 col-md-10 col-lg-5 col-xl-4 block-hero-element__image-area block-hero-element__image-area--top\">\n                                <img decoding=\"async\" src=\"https:\/\/www.helsinkimissio.fi\/wp-content\/uploads\/2022\/07\/600x900_Hero_Nuoret_Porukka.jpg\" width=\"533\" height=\"800\" alt=\"\" fetchpriority=\"high\" data-no-lazy=\"1\">                            <\/div>\n                        \n                        \n                    <\/div>\n                <\/div>\n            <\/div>\n        <\/div>\n    <\/div>\n<\/section>\n\n\n\n\n<section  class=\"block full-width block-kahdenpalstan-nosto-2 container-fluid has-background bg- has-teal-background-color has--text-color\">\n    <div class=\"container\">\n        <div class=\"row\">\n            <div class=\"col-sm-10 col-xl-12 mx-auto\">\n                <div class=\"row\">\n                    <div class=\"image_text_lift right\">\n                        <div class=\"col-xs-4 col-sm-12 col-md-10 col-xl-4  image_text_lift__img_container  offset-1 \">\n\n                            <img decoding=\"async\" src=\"https:\/\/www.helsinkimissio.fi\/wp-content\/uploads\/2023\/01\/600x900_nuoret_poika_nurmikolla.png\" width=\"600\" height=\"900\" class=\"image_text_lift__img\" alt=\"Teini-ik\u00e4inen poika istuu yksin koripallokent\u00e4n reunalla nurmella.\" loading=\"lazy\">                            \n                        <\/div>\n                        <div class=\"col-xs-4 col-sm-12 col-md-10 col-xl-4 image_text_lift__position offset-1 middle\">\n                            <main class=\"entry-content \">\n                                \n\n<h2 class=\"wp-block-heading\">Bli kompis med en ung person<\/h2>\n\n\n\n<p>Vill du f\u00f6rebygga och minska ensamhet bland unga? Ofta s\u00f6ker unga avslappnad samvaro i sina st\u00f6drelationer, s\u00e5som gemensamma pratstunder, fikastunder eller promenader. Just den tid du ger kan vara h\u00f6jdpunkten i n\u00e5gon annans vardag.<\/p>\n\n\n\n<div class=\"wp-block-button\"><a class=\"wp-block-button__link wp-element-button\" href=\"https:\/\/www.helsinkimissio.fi\/sv\/bli-volontar\/stod-for-unga\/bli-kompis\/\">Bli kompis<\/a><\/div>\n\n\n                            <\/main>\n                        <\/div>\n                    <\/div>\n                <\/div>\n            <\/div>\n        <\/div>\n<\/section>\n\n\n<section  class=\"block  block-content-wrapper container-fluid has-background has-white-background-color has-background bg- has-white-background-color has--text-color\">\n    <div class=\"container\">\n        <div class=\"row  flex-start col-12\" style=\"justify-content: flex-start; \">\n                            <div class=\"\">\n                                    <main class=\"entry-content\">\n                        \n\n<h2 class=\"wp-block-heading has-text-align-left\">Att vara volont\u00e4r inom HelsingforsMission<\/h2>\n\n\n\n<p>Som volont\u00e4r f\u00f6r unga blir du en del av HelsingforsMissions volont\u00e4rgemenskap. Vi erbjuder utbildning och handledning samt st\u00f6d av v\u00e5ra koordinatorer f\u00f6r volont\u00e4rverksamheten. Dessutom ordnar vi trevliga rekreationsdagar f\u00f6r v\u00e5ra volont\u00e4rer!<\/p>\n\n\n\n<p>Alla som deltar i volont\u00e4rverksamheten har tystnadsplikt. N\u00e4r du st\u00e4ller upp som volont\u00e4r f\u00f6r unga blir du ombedd att ge tillst\u00e5nd till ett utdrag om brottslig bakgrund innan verksamheten inleds. Vi best\u00e4ller ditt straffregisterutdrag f\u00f6r dig i samband med utbildningen.<\/p>\n\n\n\n<p><strong>Ans\u00f6k och kom med i v\u00e5r gemenskap av engagerade volont\u00e4rer!<\/strong><\/p>\n\n\n                    <\/main>\n                    <\/div>\n                <\/div>\n        <\/div>\n<\/section>","protected":false},"excerpt":{"rendered":"","protected":false},"author":2,"featured_media":0,"parent":12277,"menu_order":0,"comment_status":"closed","ping_status":"closed","template":"","meta":{"_acf_changed":false,"_relevanssi_hide_post":"","_relevanssi_hide_content":"","_relevanssi_pin_for_all":"","_relevanssi_pin_keywords":"","_relevanssi_unpin_keywords":"","_relevanssi_related_keywords":"","_relevanssi_related_include_ids":"","_relevanssi_related_exclude_ids":"","_relevanssi_related_no_append":"","_relevanssi_related_not_related":"","_relevanssi_related_posts":"1089,899,909,952","_relevanssi_noindex_reason":"","footnotes":""},"class_list":["post-12072","page","type-page","status-publish","hentry"],"acf":[],"yoast_head":"<!-- This site is optimized with the Yoast SEO plugin v27.4 - https:\/\/yoast.com\/product\/yoast-seo-wordpress\/ -->\n<title>St\u00f6d f\u00f6r unga &#8212; HelsinkiMissio<\/title>\n<meta name=\"description\" content=\"Den tid du ger \u00e4r av stor betydelse f\u00f6r unga som beh\u00f6ver st\u00f6d. Bli volont\u00e4r redan i dag!\" \/>\n<meta name=\"robots\" content=\"index, follow, max-snippet:-1, max-image-preview:large, max-video-preview:-1\" \/>\n<link rel=\"canonical\" href=\"https:\/\/www.helsinkimissio.fi\/sv\/bli-volontar\/stod-for-unga\/\" \/>\n<meta property=\"og:locale\" content=\"sv_SE\" \/>\n<meta property=\"og:type\" content=\"article\" \/>\n<meta property=\"og:title\" content=\"St\u00f6d f\u00f6r unga &#8212; HelsinkiMissio\" \/>\n<meta property=\"og:description\" content=\"Den tid du ger \u00e4r av stor betydelse f\u00f6r unga som beh\u00f6ver st\u00f6d. Bli volont\u00e4r redan i dag!\" \/>\n<meta property=\"og:url\" content=\"https:\/\/www.helsinkimissio.fi\/sv\/bli-volontar\/stod-for-unga\/\" \/>\n<meta property=\"og:site_name\" content=\"HelsinkiMissio\" \/>\n<meta property=\"article:publisher\" content=\"https:\/\/www.facebook.com\/HelsinkiMissio\/\" \/>\n<meta property=\"article:modified_time\" content=\"2025-11-03T11:48:40+00:00\" \/>\n<meta property=\"og:image\" content=\"https:\/\/www.helsinkimissio.fi\/wp-content\/uploads\/2023\/03\/Yoast-featured-image-1200x675-sininen.png\" \/>\n\t<meta property=\"og:image:width\" content=\"1200\" \/>\n\t<meta property=\"og:image:height\" content=\"675\" \/>\n\t<meta property=\"og:image:type\" content=\"image\/png\" \/>\n<meta name=\"twitter:card\" content=\"summary_large_image\" \/>\n<meta name=\"twitter:site\" content=\"@HelsinkiMissio\" \/>\n<meta name=\"twitter:label1\" content=\"Ber\u00e4knad l\u00e4stid\" \/>\n\t<meta name=\"twitter:data1\" content=\"3 minuter\" \/>\n<script type=\"application\/ld+json\" class=\"yoast-schema-graph\">{\"@context\":\"https:\\\/\\\/schema.org\",\"@graph\":[{\"@type\":\"WebPage\",\"@id\":\"https:\\\/\\\/www.helsinkimissio.fi\\\/sv\\\/bli-volontar\\\/stod-for-unga\\\/\",\"url\":\"https:\\\/\\\/www.helsinkimissio.fi\\\/sv\\\/bli-volontar\\\/stod-for-unga\\\/\",\"name\":\"St\u00f6d f\u00f6r unga &#8212; HelsinkiMissio\",\"isPartOf\":{\"@id\":\"https:\\\/\\\/www.helsinkimissio.fi\\\/sv\\\/#website\"},\"datePublished\":\"2022-05-20T10:00:25+00:00\",\"dateModified\":\"2025-11-03T11:48:40+00:00\",\"description\":\"Den tid du ger \u00e4r av stor betydelse f\u00f6r unga som beh\u00f6ver st\u00f6d. Bli volont\u00e4r redan i dag!\",\"breadcrumb\":{\"@id\":\"https:\\\/\\\/www.helsinkimissio.fi\\\/sv\\\/bli-volontar\\\/stod-for-unga\\\/#breadcrumb\"},\"inLanguage\":\"sv-SE\",\"potentialAction\":[{\"@type\":\"ReadAction\",\"target\":[\"https:\\\/\\\/www.helsinkimissio.fi\\\/sv\\\/bli-volontar\\\/stod-for-unga\\\/\"]}]},{\"@type\":\"BreadcrumbList\",\"@id\":\"https:\\\/\\\/www.helsinkimissio.fi\\\/sv\\\/bli-volontar\\\/stod-for-unga\\\/#breadcrumb\",\"itemListElement\":[{\"@type\":\"ListItem\",\"position\":1,\"name\":\"Etusivu\",\"item\":\"https:\\\/\\\/www.helsinkimissio.fi\\\/sv\\\/\"},{\"@type\":\"ListItem\",\"position\":2,\"name\":\"Bli volont\u00e4r\",\"item\":\"https:\\\/\\\/www.helsinkimissio.fi\\\/sv\\\/bli-volontar\\\/\"},{\"@type\":\"ListItem\",\"position\":3,\"name\":\"St\u00f6d f\u00f6r unga\"}]},{\"@type\":\"WebSite\",\"@id\":\"https:\\\/\\\/www.helsinkimissio.fi\\\/sv\\\/#website\",\"url\":\"https:\\\/\\\/www.helsinkimissio.fi\\\/sv\\\/\",\"name\":\"Yhdess\u00e4 yksin\u00e4isyys voitetaan \u2013 HelsinkiMissio\",\"description\":\"Yhdess\u00e4 yksin\u00e4isyys voitetaan.\",\"publisher\":{\"@id\":\"https:\\\/\\\/www.helsinkimissio.fi\\\/sv\\\/#organization\"},\"alternateName\":\"HelsinkiMissio\",\"potentialAction\":[{\"@type\":\"SearchAction\",\"target\":{\"@type\":\"EntryPoint\",\"urlTemplate\":\"https:\\\/\\\/www.helsinkimissio.fi\\\/sv\\\/?s={search_term_string}\"},\"query-input\":{\"@type\":\"PropertyValueSpecification\",\"valueRequired\":true,\"valueName\":\"search_term_string\"}}],\"inLanguage\":\"sv-SE\"},{\"@type\":\"Organization\",\"@id\":\"https:\\\/\\\/www.helsinkimissio.fi\\\/sv\\\/#organization\",\"name\":\"HelsinkiMissio\",\"url\":\"https:\\\/\\\/www.helsinkimissio.fi\\\/sv\\\/\",\"logo\":{\"@type\":\"ImageObject\",\"inLanguage\":\"sv-SE\",\"@id\":\"https:\\\/\\\/www.helsinkimissio.fi\\\/sv\\\/#\\\/schema\\\/logo\\\/image\\\/\",\"url\":\"https:\\\/\\\/www.helsinkimissio.fi\\\/wp-content\\\/uploads\\\/2022\\\/07\\\/cropped-Helsinkimissio_sin_logo.png\",\"contentUrl\":\"https:\\\/\\\/www.helsinkimissio.fi\\\/wp-content\\\/uploads\\\/2022\\\/07\\\/cropped-Helsinkimissio_sin_logo.png\",\"width\":512,\"height\":512,\"caption\":\"HelsinkiMissio\"},\"image\":{\"@id\":\"https:\\\/\\\/www.helsinkimissio.fi\\\/sv\\\/#\\\/schema\\\/logo\\\/image\\\/\"},\"sameAs\":[\"https:\\\/\\\/www.facebook.com\\\/HelsinkiMissio\\\/\",\"https:\\\/\\\/x.com\\\/HelsinkiMissio\",\"https:\\\/\\\/www.instagram.com\\\/helsinkimissio\\\/\",\"https:\\\/\\\/www.linkedin.com\\\/company\\\/10844786\\\/\",\"https:\\\/\\\/www.youtube.com\\\/channel\\\/UCzKk3pYABu9D-DzQAx1Yr2w\"]}]}<\/script>\n<!-- \/ Yoast SEO plugin. -->","yoast_head_json":{"title":"St\u00f6d f\u00f6r unga &#8212; HelsinkiMissio","description":"Den tid du ger \u00e4r av stor betydelse f\u00f6r unga som beh\u00f6ver st\u00f6d. Bli volont\u00e4r redan i dag!","robots":{"index":"index","follow":"follow","max-snippet":"max-snippet:-1","max-image-preview":"max-image-preview:large","max-video-preview":"max-video-preview:-1"},"canonical":"https:\/\/www.helsinkimissio.fi\/sv\/bli-volontar\/stod-for-unga\/","og_locale":"sv_SE","og_type":"article","og_title":"St\u00f6d f\u00f6r unga &#8212; HelsinkiMissio","og_description":"Den tid du ger \u00e4r av stor betydelse f\u00f6r unga som beh\u00f6ver st\u00f6d. Bli volont\u00e4r redan i dag!","og_url":"https:\/\/www.helsinkimissio.fi\/sv\/bli-volontar\/stod-for-unga\/","og_site_name":"HelsinkiMissio","article_publisher":"https:\/\/www.facebook.com\/HelsinkiMissio\/","article_modified_time":"2025-11-03T11:48:40+00:00","og_image":[{"width":1200,"height":675,"url":"https:\/\/www.helsinkimissio.fi\/wp-content\/uploads\/2023\/03\/Yoast-featured-image-1200x675-sininen.png","type":"image\/png"}],"twitter_card":"summary_large_image","twitter_site":"@HelsinkiMissio","twitter_misc":{"Ber\u00e4knad l\u00e4stid":"3 minuter"},"schema":{"@context":"https:\/\/schema.org","@graph":[{"@type":"WebPage","@id":"https:\/\/www.helsinkimissio.fi\/sv\/bli-volontar\/stod-for-unga\/","url":"https:\/\/www.helsinkimissio.fi\/sv\/bli-volontar\/stod-for-unga\/","name":"St\u00f6d f\u00f6r unga &#8212; HelsinkiMissio","isPartOf":{"@id":"https:\/\/www.helsinkimissio.fi\/sv\/#website"},"datePublished":"2022-05-20T10:00:25+00:00","dateModified":"2025-11-03T11:48:40+00:00","description":"Den tid du ger \u00e4r av stor betydelse f\u00f6r unga som beh\u00f6ver st\u00f6d. Bli volont\u00e4r redan i dag!","breadcrumb":{"@id":"https:\/\/www.helsinkimissio.fi\/sv\/bli-volontar\/stod-for-unga\/#breadcrumb"},"inLanguage":"sv-SE","potentialAction":[{"@type":"ReadAction","target":["https:\/\/www.helsinkimissio.fi\/sv\/bli-volontar\/stod-for-unga\/"]}]},{"@type":"BreadcrumbList","@id":"https:\/\/www.helsinkimissio.fi\/sv\/bli-volontar\/stod-for-unga\/#breadcrumb","itemListElement":[{"@type":"ListItem","position":1,"name":"Etusivu","item":"https:\/\/www.helsinkimissio.fi\/sv\/"},{"@type":"ListItem","position":2,"name":"Bli volont\u00e4r","item":"https:\/\/www.helsinkimissio.fi\/sv\/bli-volontar\/"},{"@type":"ListItem","position":3,"name":"St\u00f6d f\u00f6r unga"}]},{"@type":"WebSite","@id":"https:\/\/www.helsinkimissio.fi\/sv\/#website","url":"https:\/\/www.helsinkimissio.fi\/sv\/","name":"Yhdess\u00e4 yksin\u00e4isyys voitetaan \u2013 HelsinkiMissio","description":"Yhdess\u00e4 yksin\u00e4isyys voitetaan.","publisher":{"@id":"https:\/\/www.helsinkimissio.fi\/sv\/#organization"},"alternateName":"HelsinkiMissio","potentialAction":[{"@type":"SearchAction","target":{"@type":"EntryPoint","urlTemplate":"https:\/\/www.helsinkimissio.fi\/sv\/?s={search_term_string}"},"query-input":{"@type":"PropertyValueSpecification","valueRequired":true,"valueName":"search_term_string"}}],"inLanguage":"sv-SE"},{"@type":"Organization","@id":"https:\/\/www.helsinkimissio.fi\/sv\/#organization","name":"HelsinkiMissio","url":"https:\/\/www.helsinkimissio.fi\/sv\/","logo":{"@type":"ImageObject","inLanguage":"sv-SE","@id":"https:\/\/www.helsinkimissio.fi\/sv\/#\/schema\/logo\/image\/","url":"https:\/\/www.helsinkimissio.fi\/wp-content\/uploads\/2022\/07\/cropped-Helsinkimissio_sin_logo.png","contentUrl":"https:\/\/www.helsinkimissio.fi\/wp-content\/uploads\/2022\/07\/cropped-Helsinkimissio_sin_logo.png","width":512,"height":512,"caption":"HelsinkiMissio"},"image":{"@id":"https:\/\/www.helsinkimissio.fi\/sv\/#\/schema\/logo\/image\/"},"sameAs":["https:\/\/www.facebook.com\/HelsinkiMissio\/","https:\/\/x.com\/HelsinkiMissio","https:\/\/www.instagram.com\/helsinkimissio\/","https:\/\/www.linkedin.com\/company\/10844786\/","https:\/\/www.youtube.com\/channel\/UCzKk3pYABu9D-DzQAx1Yr2w"]}]}},"_links":{"self":[{"href":"https:\/\/www.helsinkimissio.fi\/sv\/wp-json\/wp\/v2\/pages\/12072","targetHints":{"allow":["GET"]}}],"collection":[{"href":"https:\/\/www.helsinkimissio.fi\/sv\/wp-json\/wp\/v2\/pages"}],"about":[{"href":"https:\/\/www.helsinkimissio.fi\/sv\/wp-json\/wp\/v2\/types\/page"}],"author":[{"embeddable":true,"href":"https:\/\/www.helsinkimissio.fi\/sv\/wp-json\/wp\/v2\/users\/2"}],"replies":[{"embeddable":true,"href":"https:\/\/www.helsinkimissio.fi\/sv\/wp-json\/wp\/v2\/comments?post=12072"}],"version-history":[{"count":14,"href":"https:\/\/www.helsinkimissio.fi\/sv\/wp-json\/wp\/v2\/pages\/12072\/revisions"}],"predecessor-version":[{"id":39507,"href":"https:\/\/www.helsinkimissio.fi\/sv\/wp-json\/wp\/v2\/pages\/12072\/revisions\/39507"}],"up":[{"embeddable":true,"href":"https:\/\/www.helsinkimissio.fi\/sv\/wp-json\/wp\/v2\/pages\/12277"}],"wp:attachment":[{"href":"https:\/\/www.helsinkimissio.fi\/sv\/wp-json\/wp\/v2\/media?parent=12072"}],"curies":[{"name":"wp","href":"https:\/\/api.w.org\/{rel}","templated":true}]}}