{"id":12414,"date":"2022-05-20T13:49:04","date_gmt":"2022-05-20T10:49:04","guid":{"rendered":"https:\/\/www.helsinkimissio.fi\/helsinkimissio\/"},"modified":"2026-04-21T13:16:19","modified_gmt":"2026-04-21T10:16:19","slug":"helsingforsmission","status":"publish","type":"page","link":"https:\/\/www.helsinkimissio.fi\/sv\/helsingforsmission\/","title":{"rendered":"HelsingforsMission"},"content":{"rendered":"\n<section  class=\"block block-hero-element container-fluid has-yellow-background-color has-bg block block-hero-element-- block-hero-element__desktop-background\" style=\"background-image: url();\">\n    <div class=\"block-hero-element__mobile-background\">\n        <div class=\"container\">\n            <div class=\"row\">\n                <div class=\"col-sm-10 col-md-12 col-hd-12 mx-auto\">\n                    <div class=\"row  block-hero-element__wrapper block-hero-element--text-left  align-items-start not_front_hero padding-zero\">\n                        <div class=\"offset-1 col-sm-10 col-md-10 col-lg-5 col-xl-5 block-hero-element__text-area block-hero-element--text-vertical-position-center\">\n                            \n\n    <h1 class=\"colored-heading no-background new\">\n                                <p class=\"has-background bg- has-red-background-color has-white-text-color\"> Helsingfors- <\/p> <br>\n                                <p class=\"has-background bg- has-red-background-color has-white-text-color\"> Mission <\/p> <br>\n                                <p class=\"has-background bg- has-red-background-color has-white-text-color\"> \u2013 ingen blir <\/p> <br>\n                                <p class=\"has-background bg- has-red-background-color has-white-text-color\"> l\u00e4mnad ensam <\/p> <br>\n            <\/h1>\n\n\n\n<p>Ensamhet finns \u00f6verallt. Ensamhet p\u00e5verkas inte av k\u00f6n, st\u00e4llning, \u00e5lder eller l\u00e4ggning. Var och en kan m\u00f6ta ensamhet i n\u00e5got skede av sitt liv \u2013 kanske en g\u00e5ng eller flera g\u00e5nger, ibland mer och ibland mindre.<\/p>\n\n\n\n<p>HelsingforsMission arbetar f\u00f6r att ensamhet en dag inte ska finnas. Det kan vi \u00e4nd\u00e5 inte g\u00f6ra p\u00e5 egen hand, utan till det beh\u00f6vs allas insats. Bli en av oss \u2013 tillsammans besegrar vi ensamheten.<\/p>\n\n\n                        <\/div>\n                                                    <div class=\" offset-1 col-sm-10 col-md-10 col-lg-5 col-xl-4 block-hero-element__image-area block-hero-element__image-area--top\">\n                                <img decoding=\"async\" src=\"https:\/\/www.helsinkimissio.fi\/wp-content\/uploads\/2022\/08\/600x900_Hero_Albertinkatu33.jpg\" width=\"600\" height=\"900\" alt=\"\" fetchpriority=\"high\" data-no-lazy=\"1\">                            <\/div>\n                        \n                        \n                    <\/div>\n                <\/div>\n            <\/div>\n        <\/div>\n    <\/div>\n<\/section>\n\n\n<section  class=\"block  block-content-wrapper container-fluid \">\n    <div class=\"container\">\n        <div class=\"row  flex-start col-12\" style=\"justify-content: flex-start; \">\n                            <div class=\"\">\n                                    <main class=\"entry-content\">\n                        \n\n<h2 class=\"wp-block-heading\"><strong>Tillsammans besegrar vi ensamheten<\/strong><\/h2>\n\n\n\n<p>HelsingforsMission \u00e4r en politiskt och religi\u00f6st obunden organisation inom socialsektorn. V\u00e5rt uppdrag \u00e4r att minska ensamheten och \u00f6ka v\u00e4lbefinnandet. Vi har varit verksamma i 140 \u00e5r. Vi k\u00e4nner ensamheten och vet hur den kan besegras.<\/p>\n\n\n\n<p>Vi engagerar n\u00e4rmare hundra professionella och ett tusental volont\u00e4rer. Vi m\u00f6ter, st\u00f6der och hj\u00e4lper \u00e5rligen tiotusentals m\u00e4nniskor. Vi erbjuder tj\u00e4nster som lindrar ensamhet p\u00e5 riksniv\u00e5 tillsammans med m\u00f6jligheten att delta som volont\u00e4r och m\u00f6ta andra m\u00e4nniskor.<\/p>\n\n\n\n<p>Vi bjuder in alla till g\u00e4rningar f\u00f6r att bek\u00e4mpa ensamhet.&nbsp;V\u00e5rt m\u00e5l \u00e4r att ingen blir l\u00e4mnad ensam.<\/p>\n\n\n                    <\/main>\n                    <\/div>\n                <\/div>\n        <\/div>\n<\/section>\n\n\n\n\n<section  class=\"block full-width block-kahdenpalstan-nosto-2 container-fluid has-background bg- has-pink-background-color has--text-color\">\n    <div class=\"container\">\n        <div class=\"row\">\n            <div class=\"col-sm-10 col-xl-12 mx-auto\">\n                <div class=\"row\">\n                    <div class=\"image_text_lift left\">\n                        <div class=\"col-xs-4 col-sm-12 col-md-10 col-xl-4  image_text_lift__img_container  offset-1 \">\n\n                            <img decoding=\"async\" src=\"https:\/\/www.helsinkimissio.fi\/wp-content\/uploads\/2025\/01\/600x900_Nosto_Nuoret_Puistossa.jpg\" width=\"600\" height=\"900\" class=\"image_text_lift__img\" alt=\"Yksin\u00e4inen poika puistossa\" loading=\"lazy\">                            \n                        <\/div>\n                        <div class=\"col-xs-4 col-sm-12 col-md-10 col-xl-4 image_text_lift__position offset-2 middle\">\n                            <main class=\"entry-content \">\n                                \n\n<h3 class=\"wp-block-heading\">N\u00e4stan h\u00e4lften av finl\u00e4ndarna k\u00e4nner sig eller har \u00e5tminstone n\u00e5gon g\u00e5ng k\u00e4nt sig ensamma. Fjorton procent upplever st\u00e4ndigt eller ganska ofta ensamhet. Utdragen ensamhet f\u00f6rs\u00e4mrar v\u00e4lbefinnandet och h\u00e4lsan permanent.<\/h3>\n\n\n                            <\/main>\n                        <\/div>\n                    <\/div>\n                <\/div>\n            <\/div>\n        <\/div>\n<\/section>\n\n\n<section  class=\"block  block-content-wrapper container-fluid has-background has-white-background-color has-background bg- has-white-background-color has--text-color\">\n    <div class=\"container\">\n        <div class=\"row  flex-start col-12\" style=\"justify-content: flex-start; \">\n                            <div class=\"\">\n                                    <main class=\"entry-content\">\n                        \n\n<h3 class=\"wp-block-heading\">V\u00e5r mission<\/h3>\n\n\n\n<ul class=\"wp-block-list\">\n<li>Vi minskar ensamheten.<\/li>\n\n\n\n<li>Vi \u00f6kar v\u00e4lbefinnandet.<\/li>\n\n\n\n<li>Vi m\u00f6ter med medk\u00e4nsla.<\/li>\n<\/ul>\n\n\n\n<h3 class=\"wp-block-heading\"><strong>V\u00e5r vision<\/strong><strong><\/strong><\/h3>\n\n\n\n<ul class=\"wp-block-list\">\n<li>Ingen blir l\u00e4mnad ensam.<\/li>\n<\/ul>\n\n\n\n<h3 class=\"wp-block-heading\"><strong>V\u00e5ra v\u00e4rderingar<\/strong><strong><\/strong><\/h3>\n\n\n\n<p>V\u00e5ra v\u00e4rderingar \u00e4r att vi utg\u00e5r fr\u00e5n m\u00e4nniskan med expertis, respekt och nyfikenhet. V\u00e5r gemensamma v\u00e4rdegrund syns i allt vi g\u00f6r:<\/p>\n\n\n\n<ul class=\"wp-block-list\">\n<li>Vi m\u00f6ter m\u00e4nniskor p\u00e5 det s\u00e4tt som passar dem och med utg\u00e5ngspunkt i deras behov.<\/li>\n\n\n\n<li>V\u00e5rt arbete bygger p\u00e5 den information vi f\u00e5r av v\u00e5ra kunder och utnyttjar kunskap som bygger p\u00e5 forskning.<\/li>\n\n\n\n<li>Vi agerar r\u00e4ttvist, j\u00e4mlikt och etiskt, med respekt f\u00f6r b\u00e5de v\u00e5ra kunder och varandra.<\/li>\n\n\n\n<li>Vi har ett modigt grepp i v\u00e5rt arbete; vi utvecklar det vi g\u00f6r och tar i bruk nya metoder.<\/li>\n<\/ul>\n\n\n                    <\/main>\n                    <\/div>\n                <\/div>\n        <\/div>\n<\/section>","protected":false},"excerpt":{"rendered":"","protected":false},"author":2,"featured_media":33232,"parent":0,"menu_order":0,"comment_status":"closed","ping_status":"closed","template":"","meta":{"_acf_changed":false,"_relevanssi_hide_post":"","_relevanssi_hide_content":"","_relevanssi_pin_for_all":"","_relevanssi_pin_keywords":"","_relevanssi_unpin_keywords":"","_relevanssi_related_keywords":"","_relevanssi_related_include_ids":"","_relevanssi_related_exclude_ids":"","_relevanssi_related_no_append":"","_relevanssi_related_not_related":"","_relevanssi_related_posts":"952,899,1089,909","_relevanssi_noindex_reason":"","footnotes":""},"class_list":["post-12414","page","type-page","status-publish","has-post-thumbnail","hentry"],"acf":[],"yoast_head":"<!-- This site is optimized with the Yoast SEO plugin v27.4 - https:\/\/yoast.com\/product\/yoast-seo-wordpress\/ -->\n<title>HelsingforsMission &#8212; HelsinkiMissio<\/title>\n<meta name=\"description\" content=\"HelsingforsMission arbetar f\u00f6r att ensamhet en dag inte ska finnas. Det kan vi \u00e4nd\u00e5 inte g\u00f6ra p\u00e5 egen hand, utan till det beh\u00f6vs allas insats. Bli en av oss \u2013 tillsammans besegrar vi ensamheten.\" \/>\n<meta name=\"robots\" content=\"index, follow, max-snippet:-1, max-image-preview:large, max-video-preview:-1\" \/>\n<link rel=\"canonical\" href=\"https:\/\/www.helsinkimissio.fi\/sv\/helsingforsmission\/\" \/>\n<meta property=\"og:locale\" content=\"sv_SE\" \/>\n<meta property=\"og:type\" content=\"article\" \/>\n<meta property=\"og:title\" content=\"HelsingforsMission &#8212; HelsinkiMissio\" \/>\n<meta property=\"og:description\" content=\"HelsingforsMission arbetar f\u00f6r att ensamhet en dag inte ska finnas. Det kan vi \u00e4nd\u00e5 inte g\u00f6ra p\u00e5 egen hand, utan till det beh\u00f6vs allas insats. Bli en av oss \u2013 tillsammans besegrar vi ensamheten.\" \/>\n<meta property=\"og:url\" content=\"https:\/\/www.helsinkimissio.fi\/sv\/helsingforsmission\/\" \/>\n<meta property=\"og:site_name\" content=\"HelsinkiMissio\" \/>\n<meta property=\"article:publisher\" content=\"https:\/\/www.facebook.com\/HelsinkiMissio\/\" \/>\n<meta property=\"article:modified_time\" content=\"2026-04-21T10:16:19+00:00\" \/>\n<meta property=\"og:image\" content=\"https:\/\/www.helsinkimissio.fi\/wp-content\/uploads\/2026\/02\/Tule-kaveriksi-Hero-2-1024x576.png\" \/>\n\t<meta property=\"og:image:width\" content=\"1024\" \/>\n\t<meta property=\"og:image:height\" content=\"576\" \/>\n\t<meta property=\"og:image:type\" content=\"image\/png\" \/>\n<meta name=\"twitter:card\" content=\"summary_large_image\" \/>\n<meta name=\"twitter:site\" content=\"@HelsinkiMissio\" \/>\n<meta name=\"twitter:label1\" content=\"Ber\u00e4knad l\u00e4stid\" \/>\n\t<meta name=\"twitter:data1\" content=\"4 minuter\" \/>\n<script type=\"application\/ld+json\" class=\"yoast-schema-graph\">{\"@context\":\"https:\\\/\\\/schema.org\",\"@graph\":[{\"@type\":\"WebPage\",\"@id\":\"https:\\\/\\\/www.helsinkimissio.fi\\\/sv\\\/helsingforsmission\\\/\",\"url\":\"https:\\\/\\\/www.helsinkimissio.fi\\\/sv\\\/helsingforsmission\\\/\",\"name\":\"HelsingforsMission &#8212; HelsinkiMissio\",\"isPartOf\":{\"@id\":\"https:\\\/\\\/www.helsinkimissio.fi\\\/sv\\\/#website\"},\"primaryImageOfPage\":{\"@id\":\"https:\\\/\\\/www.helsinkimissio.fi\\\/sv\\\/helsingforsmission\\\/#primaryimage\"},\"image\":{\"@id\":\"https:\\\/\\\/www.helsinkimissio.fi\\\/sv\\\/helsingforsmission\\\/#primaryimage\"},\"thumbnailUrl\":\"https:\\\/\\\/www.helsinkimissio.fi\\\/wp-content\\\/uploads\\\/2024\\\/11\\\/Matalampi-Halaus-1140x700-.jpg\",\"datePublished\":\"2022-05-20T10:49:04+00:00\",\"dateModified\":\"2026-04-21T10:16:19+00:00\",\"description\":\"HelsingforsMission arbetar f\u00f6r att ensamhet en dag inte ska finnas. Det kan vi \u00e4nd\u00e5 inte g\u00f6ra p\u00e5 egen hand, utan till det beh\u00f6vs allas insats. Bli en av oss \u2013 tillsammans besegrar vi ensamheten.\",\"breadcrumb\":{\"@id\":\"https:\\\/\\\/www.helsinkimissio.fi\\\/sv\\\/helsingforsmission\\\/#breadcrumb\"},\"inLanguage\":\"sv-SE\",\"potentialAction\":[{\"@type\":\"ReadAction\",\"target\":[\"https:\\\/\\\/www.helsinkimissio.fi\\\/sv\\\/helsingforsmission\\\/\"]}]},{\"@type\":\"ImageObject\",\"inLanguage\":\"sv-SE\",\"@id\":\"https:\\\/\\\/www.helsinkimissio.fi\\\/sv\\\/helsingforsmission\\\/#primaryimage\",\"url\":\"https:\\\/\\\/www.helsinkimissio.fi\\\/wp-content\\\/uploads\\\/2024\\\/11\\\/Matalampi-Halaus-1140x700-.jpg\",\"contentUrl\":\"https:\\\/\\\/www.helsinkimissio.fi\\\/wp-content\\\/uploads\\\/2024\\\/11\\\/Matalampi-Halaus-1140x700-.jpg\",\"width\":1140,\"height\":700,\"caption\":\"Kaksi naista halaa toisiaan.\"},{\"@type\":\"BreadcrumbList\",\"@id\":\"https:\\\/\\\/www.helsinkimissio.fi\\\/sv\\\/helsingforsmission\\\/#breadcrumb\",\"itemListElement\":[{\"@type\":\"ListItem\",\"position\":1,\"name\":\"Etusivu\",\"item\":\"https:\\\/\\\/www.helsinkimissio.fi\\\/sv\\\/\"},{\"@type\":\"ListItem\",\"position\":2,\"name\":\"HelsingforsMission\"}]},{\"@type\":\"WebSite\",\"@id\":\"https:\\\/\\\/www.helsinkimissio.fi\\\/sv\\\/#website\",\"url\":\"https:\\\/\\\/www.helsinkimissio.fi\\\/sv\\\/\",\"name\":\"Yhdess\u00e4 yksin\u00e4isyys voitetaan \u2013 HelsinkiMissio\",\"description\":\"Yhdess\u00e4 yksin\u00e4isyys voitetaan.\",\"publisher\":{\"@id\":\"https:\\\/\\\/www.helsinkimissio.fi\\\/sv\\\/#organization\"},\"alternateName\":\"HelsinkiMissio\",\"potentialAction\":[{\"@type\":\"SearchAction\",\"target\":{\"@type\":\"EntryPoint\",\"urlTemplate\":\"https:\\\/\\\/www.helsinkimissio.fi\\\/sv\\\/?s={search_term_string}\"},\"query-input\":{\"@type\":\"PropertyValueSpecification\",\"valueRequired\":true,\"valueName\":\"search_term_string\"}}],\"inLanguage\":\"sv-SE\"},{\"@type\":\"Organization\",\"@id\":\"https:\\\/\\\/www.helsinkimissio.fi\\\/sv\\\/#organization\",\"name\":\"HelsinkiMissio\",\"url\":\"https:\\\/\\\/www.helsinkimissio.fi\\\/sv\\\/\",\"logo\":{\"@type\":\"ImageObject\",\"inLanguage\":\"sv-SE\",\"@id\":\"https:\\\/\\\/www.helsinkimissio.fi\\\/sv\\\/#\\\/schema\\\/logo\\\/image\\\/\",\"url\":\"https:\\\/\\\/www.helsinkimissio.fi\\\/wp-content\\\/uploads\\\/2022\\\/07\\\/cropped-Helsinkimissio_sin_logo.png\",\"contentUrl\":\"https:\\\/\\\/www.helsinkimissio.fi\\\/wp-content\\\/uploads\\\/2022\\\/07\\\/cropped-Helsinkimissio_sin_logo.png\",\"width\":512,\"height\":512,\"caption\":\"HelsinkiMissio\"},\"image\":{\"@id\":\"https:\\\/\\\/www.helsinkimissio.fi\\\/sv\\\/#\\\/schema\\\/logo\\\/image\\\/\"},\"sameAs\":[\"https:\\\/\\\/www.facebook.com\\\/HelsinkiMissio\\\/\",\"https:\\\/\\\/x.com\\\/HelsinkiMissio\",\"https:\\\/\\\/www.instagram.com\\\/helsinkimissio\\\/\",\"https:\\\/\\\/www.linkedin.com\\\/company\\\/10844786\\\/\",\"https:\\\/\\\/www.youtube.com\\\/channel\\\/UCzKk3pYABu9D-DzQAx1Yr2w\"]}]}<\/script>\n<!-- \/ Yoast SEO plugin. -->","yoast_head_json":{"title":"HelsingforsMission &#8212; HelsinkiMissio","description":"HelsingforsMission arbetar f\u00f6r att ensamhet en dag inte ska finnas. Det kan vi \u00e4nd\u00e5 inte g\u00f6ra p\u00e5 egen hand, utan till det beh\u00f6vs allas insats. Bli en av oss \u2013 tillsammans besegrar vi ensamheten.","robots":{"index":"index","follow":"follow","max-snippet":"max-snippet:-1","max-image-preview":"max-image-preview:large","max-video-preview":"max-video-preview:-1"},"canonical":"https:\/\/www.helsinkimissio.fi\/sv\/helsingforsmission\/","og_locale":"sv_SE","og_type":"article","og_title":"HelsingforsMission &#8212; HelsinkiMissio","og_description":"HelsingforsMission arbetar f\u00f6r att ensamhet en dag inte ska finnas. Det kan vi \u00e4nd\u00e5 inte g\u00f6ra p\u00e5 egen hand, utan till det beh\u00f6vs allas insats. Bli en av oss \u2013 tillsammans besegrar vi ensamheten.","og_url":"https:\/\/www.helsinkimissio.fi\/sv\/helsingforsmission\/","og_site_name":"HelsinkiMissio","article_publisher":"https:\/\/www.facebook.com\/HelsinkiMissio\/","article_modified_time":"2026-04-21T10:16:19+00:00","og_image":[{"width":1024,"height":576,"url":"https:\/\/www.helsinkimissio.fi\/wp-content\/uploads\/2026\/02\/Tule-kaveriksi-Hero-2-1024x576.png","type":"image\/png"}],"twitter_card":"summary_large_image","twitter_site":"@HelsinkiMissio","twitter_misc":{"Ber\u00e4knad l\u00e4stid":"4 minuter"},"schema":{"@context":"https:\/\/schema.org","@graph":[{"@type":"WebPage","@id":"https:\/\/www.helsinkimissio.fi\/sv\/helsingforsmission\/","url":"https:\/\/www.helsinkimissio.fi\/sv\/helsingforsmission\/","name":"HelsingforsMission &#8212; HelsinkiMissio","isPartOf":{"@id":"https:\/\/www.helsinkimissio.fi\/sv\/#website"},"primaryImageOfPage":{"@id":"https:\/\/www.helsinkimissio.fi\/sv\/helsingforsmission\/#primaryimage"},"image":{"@id":"https:\/\/www.helsinkimissio.fi\/sv\/helsingforsmission\/#primaryimage"},"thumbnailUrl":"https:\/\/www.helsinkimissio.fi\/wp-content\/uploads\/2024\/11\/Matalampi-Halaus-1140x700-.jpg","datePublished":"2022-05-20T10:49:04+00:00","dateModified":"2026-04-21T10:16:19+00:00","description":"HelsingforsMission arbetar f\u00f6r att ensamhet en dag inte ska finnas. Det kan vi \u00e4nd\u00e5 inte g\u00f6ra p\u00e5 egen hand, utan till det beh\u00f6vs allas insats. Bli en av oss \u2013 tillsammans besegrar vi ensamheten.","breadcrumb":{"@id":"https:\/\/www.helsinkimissio.fi\/sv\/helsingforsmission\/#breadcrumb"},"inLanguage":"sv-SE","potentialAction":[{"@type":"ReadAction","target":["https:\/\/www.helsinkimissio.fi\/sv\/helsingforsmission\/"]}]},{"@type":"ImageObject","inLanguage":"sv-SE","@id":"https:\/\/www.helsinkimissio.fi\/sv\/helsingforsmission\/#primaryimage","url":"https:\/\/www.helsinkimissio.fi\/wp-content\/uploads\/2024\/11\/Matalampi-Halaus-1140x700-.jpg","contentUrl":"https:\/\/www.helsinkimissio.fi\/wp-content\/uploads\/2024\/11\/Matalampi-Halaus-1140x700-.jpg","width":1140,"height":700,"caption":"Kaksi naista halaa toisiaan."},{"@type":"BreadcrumbList","@id":"https:\/\/www.helsinkimissio.fi\/sv\/helsingforsmission\/#breadcrumb","itemListElement":[{"@type":"ListItem","position":1,"name":"Etusivu","item":"https:\/\/www.helsinkimissio.fi\/sv\/"},{"@type":"ListItem","position":2,"name":"HelsingforsMission"}]},{"@type":"WebSite","@id":"https:\/\/www.helsinkimissio.fi\/sv\/#website","url":"https:\/\/www.helsinkimissio.fi\/sv\/","name":"Yhdess\u00e4 yksin\u00e4isyys voitetaan \u2013 HelsinkiMissio","description":"Yhdess\u00e4 yksin\u00e4isyys voitetaan.","publisher":{"@id":"https:\/\/www.helsinkimissio.fi\/sv\/#organization"},"alternateName":"HelsinkiMissio","potentialAction":[{"@type":"SearchAction","target":{"@type":"EntryPoint","urlTemplate":"https:\/\/www.helsinkimissio.fi\/sv\/?s={search_term_string}"},"query-input":{"@type":"PropertyValueSpecification","valueRequired":true,"valueName":"search_term_string"}}],"inLanguage":"sv-SE"},{"@type":"Organization","@id":"https:\/\/www.helsinkimissio.fi\/sv\/#organization","name":"HelsinkiMissio","url":"https:\/\/www.helsinkimissio.fi\/sv\/","logo":{"@type":"ImageObject","inLanguage":"sv-SE","@id":"https:\/\/www.helsinkimissio.fi\/sv\/#\/schema\/logo\/image\/","url":"https:\/\/www.helsinkimissio.fi\/wp-content\/uploads\/2022\/07\/cropped-Helsinkimissio_sin_logo.png","contentUrl":"https:\/\/www.helsinkimissio.fi\/wp-content\/uploads\/2022\/07\/cropped-Helsinkimissio_sin_logo.png","width":512,"height":512,"caption":"HelsinkiMissio"},"image":{"@id":"https:\/\/www.helsinkimissio.fi\/sv\/#\/schema\/logo\/image\/"},"sameAs":["https:\/\/www.facebook.com\/HelsinkiMissio\/","https:\/\/x.com\/HelsinkiMissio","https:\/\/www.instagram.com\/helsinkimissio\/","https:\/\/www.linkedin.com\/company\/10844786\/","https:\/\/www.youtube.com\/channel\/UCzKk3pYABu9D-DzQAx1Yr2w"]}]}},"_links":{"self":[{"href":"https:\/\/www.helsinkimissio.fi\/sv\/wp-json\/wp\/v2\/pages\/12414","targetHints":{"allow":["GET"]}}],"collection":[{"href":"https:\/\/www.helsinkimissio.fi\/sv\/wp-json\/wp\/v2\/pages"}],"about":[{"href":"https:\/\/www.helsinkimissio.fi\/sv\/wp-json\/wp\/v2\/types\/page"}],"author":[{"embeddable":true,"href":"https:\/\/www.helsinkimissio.fi\/sv\/wp-json\/wp\/v2\/users\/2"}],"replies":[{"embeddable":true,"href":"https:\/\/www.helsinkimissio.fi\/sv\/wp-json\/wp\/v2\/comments?post=12414"}],"version-history":[{"count":12,"href":"https:\/\/www.helsinkimissio.fi\/sv\/wp-json\/wp\/v2\/pages\/12414\/revisions"}],"predecessor-version":[{"id":41591,"href":"https:\/\/www.helsinkimissio.fi\/sv\/wp-json\/wp\/v2\/pages\/12414\/revisions\/41591"}],"wp:featuredmedia":[{"embeddable":true,"href":"https:\/\/www.helsinkimissio.fi\/sv\/wp-json\/wp\/v2\/media\/33232"}],"wp:attachment":[{"href":"https:\/\/www.helsinkimissio.fi\/sv\/wp-json\/wp\/v2\/media?parent=12414"}],"curies":[{"name":"wp","href":"https:\/\/api.w.org\/{rel}","templated":true}]}}