{"id":15610,"date":"2022-06-17T14:09:08","date_gmt":"2022-06-17T11:09:08","guid":{"rendered":"https:\/\/www.helsinkimissio.fi\/kuukausilahjoituslomake\/"},"modified":"2022-11-15T14:48:41","modified_gmt":"2022-11-15T12:48:41","slug":"bli-manadsgivare","status":"publish","type":"page","link":"https:\/\/www.helsinkimissio.fi\/sv\/bli-manadsgivare\/","title":{"rendered":"Bli m\u00e5nadsgivare"},"content":{"rendered":"\n<section  class=\"block block-clara-form container-fluid \">\n    <div class=\"container\">\n        <div class=\"row justify-content-center\">\n            <div class=\"col-12 col-sm-12 col-lg-7\">\n                <main class=\"entry-content\">\n                    \n\n<h2 class=\"wp-block-heading\">Bli m\u00e5nadsgivare<\/h2>\n\n\n<div class=\"clara_forms_global bootstrap\">\n    <div id=\"clara_forms_recurring_donation\">\n        <div class=\"row\">\n            <div class=\"col-md-12\">\n                <form class=\"form-signin\" id=\"clara_form\" action=\"\" method=\"POST\">\n\n                    \n            <fieldset id=\"donation\">\n                <legend>Donation<\/legend>\n            <div class=\"form-group\"><div class=\"btn-group btn-group-toggle options\" data-toggle=\"buttons\"><label class=\"btn btn-secondary btn-blue active\"><input type=\"radio\" name=\"options\" value=\"12\"  id=\"options\"  \/>12 &euro;<\/label><label class=\"btn btn-secondary btn-blue \"><input type=\"radio\" name=\"options\" value=\"25\"  id=\"options\"  \/>25 &euro;<\/label><label class=\"btn btn-secondary btn-blue \"><input type=\"radio\" name=\"options\" value=\"50\"  id=\"options\"  \/>50 &euro;<\/label><label class=\"btn btn-secondary btn-blue \"><input type=\"radio\" name=\"options\" value=\"other\"  id=\"options\"  \/>Andra<\/label><\/div><\/div><div class=\"form-label-group mandatory\" id=\"group_amount\"><label for='amount'>Belopp<\/label><input type=\"number\" name=\"amount\" value=\"12\"  placeholder=\"Belopp\" required=\"required\" maxlength=\"5\" max=\"99999\" min=\"10\" class=\"form-control only_numbers\" id=\"donation_amount\" data-required-message=\"Detta f\u00e4lt \u00e4r obligatoriskt.\" \/><\/div><div class=\"form-label-group mandatory\" id=\"group_product_id\"><select name=\"product_id\"  required=\"required\" id=\"product_id\" class=\"form-control  \"  data-required-message=\"Detta val \u00e4r obligatoriskt.\" ><option value=\"\">Jag vill donera till<\/option><option value=\"102436\" >Ensamhetsarbete<\/option><option value=\"102438\" >Seniorer<\/option><option value=\"102447\" >Specialgrupper<\/option><option value=\"102453\" >Unga<\/option><option value=\"102533\" >Barnfamiljer<\/option><option value=\"203043\" >F\u00f6rebyggande av g\u00e4ngbildning<\/option><\/select><\/div>\n            <\/fieldset>\n            \n            <fieldset id=\"person_info\">\n                <legend>Person information<\/legend>\n            <div class=\"form-label-group mandatory\" id=\"group_first_name\"><label for='first_name'>F\u00f6rnamn<\/label><input type=\"text\" name=\"first_name\" value=\"\"  placeholder=\"F\u00f6rnamn\" required=\"required\" maxlength=\"50\" id=\"first_name\" class=\"form-control  \" data-required-message=\"Detta f\u00e4lt \u00e4r obligatoriskt.\" \/><\/div><div class=\"form-label-group mandatory\" id=\"group_last_name\"><label for='last_name'>Efternamn<\/label><input type=\"text\" name=\"last_name\" value=\"\"  placeholder=\"Efternamn\" required=\"required\" maxlength=\"50\" id=\"last_name\" class=\"form-control  \" data-required-message=\"Detta f\u00e4lt \u00e4r obligatoriskt.\" \/><\/div><div class=\"form-label-group mandatory\" id=\"group_birthday\"><label for='birthday'>F\u00f6delsedag<\/label><input type=\"text\" name=\"birthday\" value=\"\"  placeholder=\"F\u00f6delsedag\" required=\"required\" class=\"datepicker form-control  \" id=\"birthday\" data-required-message=\"Detta f\u00e4lt \u00e4r obligatoriskt.\" \/><\/div>\n            <\/fieldset>\n            \n            <fieldset id=\"contact_info\">\n                <legend>Kontakt information<\/legend>\n            <div class=\"form-label-group mandatory\" id=\"group_email\"><label for='email'>Email<\/label><input type=\"email\" name=\"email\" value=\"\"  placeholder=\"Email\" required=\"required\" maxlength=\"100\" id=\"email\" class=\"form-control  \" data-required-message=\"Detta f\u00e4lt \u00e4r obligatoriskt.\" \/><\/div><div class=\"form-label-group mandatory\" id=\"group_phone\"><label for='phone'>Telefon<\/label><input type=\"text\" name=\"phone\" value=\"\"  placeholder=\"Telefon\" required=\"required\" maxlength=\"20\" id=\"phone\" class=\"form-control  \" data-required-message=\"Detta f\u00e4lt \u00e4r obligatoriskt.\" \/><\/div><div class=\"form-label-group mandatory\" id=\"group_address\"><label for='address'>Adress<\/label><input type=\"text\" name=\"address\" value=\"\"  placeholder=\"Adress\" required=\"required\" maxlength=\"50\" id=\"address\" class=\"form-control  \" data-required-message=\"Detta f\u00e4lt \u00e4r obligatoriskt.\" \/><\/div><div class=\"form-label-group mandatory\" id=\"group_zip\"><label for='zip'>Postnummer<\/label><input type=\"text\" name=\"zip\" value=\"\"  placeholder=\"Postnummer\" required=\"required\" maxlength=\"20\" id=\"zip\" class=\"form-control  \" data-required-message=\"Detta f\u00e4lt \u00e4r obligatoriskt.\" \/><\/div><div class=\"form-label-group mandatory\" id=\"group_city\"><label for='city'>Stad<\/label><input type=\"text\" name=\"city\" value=\"\"  placeholder=\"Stad\" required=\"required\" maxlength=\"50\" id=\"city\" class=\"form-control  \" data-required-message=\"Detta f\u00e4lt \u00e4r obligatoriskt.\" \/><\/div>\n            <\/fieldset>\n            \n            <fieldset id=\"payment_option\">\n                <legend>Betalningsalternativ<\/legend>\n            <div class=\"form-group\"><div class=\"btn-group btn-group-toggle invoice_type_id\" data-toggle=\"buttons\"><label class=\"btn btn-secondary btn-tabs active\"><input type=\"radio\" name=\"invoice_type_id\" value=\"2\"  id=\"invoice_type_id\" checked \/>E-faktura<\/label><label class=\"btn btn-secondary btn-tabs \"><input type=\"radio\" name=\"invoice_type_id\" value=\"7\"  id=\"invoice_type_id\"  \/>MobilePay<\/label><\/div><\/div><div class=\"form-label-group mandatory\" id=\"group_bank\"><select name=\"bank\"  required=\"required\" id=\"bank\" class=\"form-control  \"  data-required-message=\"Detta val \u00e4r obligatoriskt.\" ><option value=\"\">V\u00e4lj bank<\/option><option value=\"4\" >Aktia<\/option><option value=\"8\" >Danske Bank<\/option><option value=\"1\" >Nordea<\/option><option value=\"400\" >Oma S\u00e4\u00e4st\u00f6pankki<\/option><option value=\"5\" >Osuuspankki<\/option><option value=\"470\" >POP Pankki<\/option><option value=\"36\" >S-Pankki<\/option><option value=\"715\" >S\u00e4\u00e4st\u00f6pankki<\/option><option value=\"6\" >\u00c5landsbanken<\/option><\/select><\/div><div class=\"form-label-group mandatory\" id=\"group_service_id\"><input type=\"hidden\" name=\"service_id\" value=\"100101\"  required=\"required\" id=\"service_id\" \/><\/div><div class=\"radio mb-3\"><label class=\"radio-label\">F\u00f6rfallodatum<\/label><label class=\"radio-label\"><input type=\"radio\" name=\"due_date\" value=\"5\"  required=\"required\" id=\"due_date\" checked data-required-message=\"Detta val \u00e4r obligatoriskt.\" \/>&nbsp;5. dag<\/label><label class=\"radio-label\"><input type=\"radio\" name=\"due_date\" value=\"20\"  required=\"required\" id=\"due_date\"  data-required-message=\"Detta val \u00e4r obligatoriskt.\" \/>&nbsp;20. dag<\/label><\/div>\n            <\/fieldset>\n            <div class=\"form-label-group mandatory\" id=\"group_contact_method_id\"><input type=\"hidden\" name=\"contact_method_id\" value=\"1\"  required=\"required\" id=\"contact_method_id\" \/><\/div><div class=\"form-group\"><label class=\"newsletter_title\">Prenumerera p\u00e5 nyhetsbrev<\/label><div class=\"checkbox mb-3\"><label class=\"\"><input type=\"checkbox\" name=\"group_ids[]\" value=\"114701\"  id=\"group_ids\"  \/>Haluan saada mielenkiintoisia tarinoita ja tietoa auttamistavoista eri kanavissa. Voin milloin tahansa perua s\u00e4hk\u00f6isen viestinn\u00e4n.<\/label><\/div><\/div><div class=\"form-group\"><div class=\"checkbox mb-3\"><label class=\"consent-texts\"><input type=\"checkbox\" name=\"consents[]\" value=\"2438\"  required=\"required\" id=\"consents\"  data-required-message=\"Detta val \u00e4r obligatoriskt.\" \/><div>Jag accepterar att mina uppgifter lagras i HelsingforsMissions <a href=\"https:\/\/www.helsinkimissio.fi\/tietosuojaseloste\" target=\"_blank\">kundregister.<\/a><\/div><\/label><\/div><\/div><div class=\"form-label-group\" id=\"group_link_type_id\"><input type=\"hidden\" name=\"link_type_id\" value=\"\"  id=\"link_type_id\" \/><\/div><div class=\"form-label-group\" id=\"group_target_customer_number\"><input type=\"hidden\" name=\"target_customer_number\" value=\"\"  id=\"target_customer_number\" \/><\/div><div class=\"form-label-group\" id=\"group_redirect_url\"><input type=\"hidden\" name=\"redirect_url\" value=\"https:\/\/www.helsinkimissio.fi\/sv\/bli-manadsgivare\/\"  id=\"redirect_url\" \/><\/div><div class=\"form-label-group\" id=\"group_locale\"><input type=\"hidden\" name=\"locale\" value=\"sv\"  id=\"locale\" \/><\/div><div class=\"form-label-group\" id=\"group_service_customer_id\"><input type=\"hidden\" name=\"service_customer_id\" value=\"\"  id=\"service_customer_id\" \/><\/div><div class=\"form-label-group\" id=\"group_access_token\"><input type=\"hidden\" name=\"access_token\" value=\"\"  id=\"access_token\" \/><\/div><div><button type=\"submit\"  id=\"submit\" class=\"btn btn-lg btn-primary btn-block \"><i class=\"loader fa fa-circle-o-notch fa-spin\"><\/i> Donera<\/button><\/div><div class=\"form-label-group\" id=\"group_encrypted\"><input type=\"hidden\" name=\"encrypted\" value=\"eyJjb250YWN0X21ldGhvZF9pZCI6eyJ0eXBlIjoiaGlkZGVuIiwiZGVmYXVsdF92YWx1ZSI6MSwibWFuZGF0b3J5IjoidHJ1ZSJ9LCJncm91cF9pZHMiOnsiY29kZSI6Imdyb3VwX2lkcyIsInR5cGUiOiJjaGVja2JveCIsImxhYmVsIjoiUHJlbnVtZXJlcmEgcFx1MDBlNSBueWhldHNicmV2IiwibWFuZGF0b3J5IjoiZmFsc2UiLCJsYWJlbF9yZWZlcmVuY2Vfc3R5bGUiOiJuZXdzbGV0dGVyX3RpdGxlIiwiY2hvaWNlcyI6eyIxMTQ3MDEiOiJIYWx1YW4gc2FhZGEgbWllbGVua2lpbnRvaXNpYSB0YXJpbm9pdGEgamEgdGlldG9hIGF1dHRhbWlzdGF2b2lzdGEgZXJpIGthbmF2aXNzYS4gVm9pbiBtaWxsb2luIHRhaGFuc2EgcGVydWEgc1x1MDBlNGhrXHUwMGY2aXNlbiB2aWVzdGlublx1MDBlNG4uIn19LCJjb25zZW50cyI6eyJjb2RlIjoiY29uc2VudHMiLCJ0eXBlIjoiY2hlY2tib3giLCJtYW5kYXRvcnkiOiJ0cnVlIiwibGFiZWxfcmVmZXJlbmNlX3N0eWxlIjoiY29uc2VudC10ZXh0cyIsImNob2ljZXMiOnsiMjQzOCI6IjxkaXY+SmFnIGFjY2VwdGVyYXIgYXR0IG1pbmEgdXBwZ2lmdGVyIGxhZ3JhcyBpIEhlbHNpbmdmb3JzTWlzc2lvbnMgPGEgaHJlZj1cImh0dHBzOlwvXC93d3cuaGVsc2lua2ltaXNzaW8uZmlcL3RpZXRvc3VvamFzZWxvc3RlXCIgdGFyZ2V0PVwiX2JsYW5rXCI+a3VuZHJlZ2lzdGVyLjxcL2E+PFwvZGl2PiJ9fSwibGlua190eXBlX2lkIjp7ImNvZGUiOiJsaW5rX3R5cGVfaWQiLCJ0eXBlIjoiaGlkZGVuIn0sInRhcmdldF9jdXN0b21lcl9udW1iZXIiOnsiY29kZSI6InRhcmdldF9jdXN0b21lcl9udW1iZXIiLCJ0eXBlIjoiaGlkZGVuIn0sInJlZGlyZWN0X3VybCI6eyJjb2RlIjoicmVkaXJlY3RfdXJsIiwidHlwZSI6ImhpZGRlbiIsImRlZmF1bHRfdmFsdWUiOiJodHRwczpcL1wvd3d3LmhlbHNpbmtpbWlzc2lvLmZpXC9zdlwvYmxpLW1hbmFkc2dpdmFyZVwvIn0sImxvY2FsZSI6eyJjb2RlIjoibG9jYWxlIiwidHlwZSI6ImhpZGRlbiIsImRlZmF1bHRfdmFsdWUiOiJzdiJ9LCJzZXJ2aWNlX2N1c3RvbWVyX2lkIjp7ImNvZGUiOiJzZXJ2aWNlX2N1c3RvbWVyX2lkIiwidHlwZSI6ImhpZGRlbiJ9LCJhY2Nlc3NfdG9rZW4iOnsiY29kZSI6ImFjY2Vzc190b2tlbiIsInR5cGUiOiJoaWRkZW4ifSwic3VibWl0Ijp7ImNvZGUiOiJzdWJtaXQiLCJ0eXBlIjoic3VibWl0IiwibGFiZWwiOiJEb25lcmEifSwib3B0aW9ucyI6eyJjb2RlIjoib3B0aW9ucyIsInR5cGUiOiJyYWRpb3RvZ2dsZSIsImxhYmVsX3N1ZmZpeCI6IiAmZXVybzsiLCJzZWN0aW9uIjoiZG9uYXRpb24iLCJjaG9pY2VzIjp7IjEyIjoiMTIiLCIyNSI6IjI1IiwiNTAiOiI1MCIsIm90aGVyIjoiQW5kcmEifSwibGFiZWxfcmVmZXJlbmNlX3N0eWxlIjoiYnRuLWJsdWUifSwiYW1vdW50Ijp7ImNvZGUiOiJhbW91bnQiLCJ0eXBlIjoibnVtYmVyIiwibGFiZWwiOiJCZWxvcHAiLCJtYW5kYXRvcnkiOiJ0cnVlIiwibWF4X2NoYXJhY3RlciI6IjUiLCJtYXhfbnVtYmVyIjo5OTk5OSwicmVmZXJlbmNlX3N0eWxlIjoiZm9ybS1jb250cm9sIG9ubHlfbnVtYmVycyIsInNlY3Rpb24iOiJkb25hdGlvbiIsInJlZmVyZW5jZV9pZCI6ImRvbmF0aW9uX2Ftb3VudCIsImRlZmF1bHRfdmFsdWUiOiIxMiIsIm1pbl9udW1iZXIiOjEwfSwicHJvZHVjdF9pZCI6eyJjb2RlIjoicHJvZHVjdF9pZCIsInR5cGUiOiJkcm9wZG93biIsImxhYmVsIjoiSmFnIHZpbGwgZG9uZXJhIHRpbGwiLCJtYW5kYXRvcnkiOiJ0cnVlIiwic2VjdGlvbiI6ImRvbmF0aW9uIiwiY2hvaWNlcyI6eyIxMDI0MzYiOiJFbnNhbWhldHNhcmJldGUiLCIxMDI0MzgiOiJTZW5pb3JlciIsIjEwMjQ0NyI6IlNwZWNpYWxncnVwcGVyIiwiMTAyNDUzIjoiVW5nYSIsIjEwMjUzMyI6IkJhcm5mYW1pbGplciIsIjIwMzA0MyI6IkZcdTAwZjZyZWJ5Z2dhbmRlIGF2IGdcdTAwZTRuZ2JpbGRuaW5nIn19LCJmaXJzdF9uYW1lIjp7ImNvZGUiOiJmaXJzdF9uYW1lIiwidHlwZSI6InRleHQiLCJsYWJlbCI6IkZcdTAwZjZybmFtbiIsIm1hbmRhdG9yeSI6InRydWUiLCJtYXhfY2hhcmFjdGVyIjoiNTAiLCJzZWN0aW9uIjoicGVyc29uX2luZm8ifSwibGFzdF9uYW1lIjp7ImNvZGUiOiJsYXN0X25hbWUiLCJ0eXBlIjoidGV4dCIsImxhYmVsIjoiRWZ0ZXJuYW1uIiwibWFuZGF0b3J5IjoidHJ1ZSIsIm1heF9jaGFyYWN0ZXIiOiI1MCIsInNlY3Rpb24iOiJwZXJzb25faW5mbyJ9LCJiaXJ0aGRheSI6eyJjb2RlIjoiYmlydGhkYXkiLCJ0eXBlIjoiZGF0ZSIsImxhYmVsIjoiRlx1MDBmNmRlbHNlZGFnIiwicmVmZXJlbmNlX3N0eWxlIjoiZGF0ZXBpY2tlciIsInNlY3Rpb24iOiJwZXJzb25faW5mbyIsIm1hbmRhdG9yeSI6InRydWUifSwiZW1haWwiOnsiY29kZSI6ImVtYWlsIiwidHlwZSI6ImVtYWlsIiwibGFiZWwiOiJFbWFpbCIsIm1hbmRhdG9yeSI6InRydWUiLCJtYXhfY2hhcmFjdGVyIjoiMTAwIiwic2VjdGlvbiI6ImNvbnRhY3RfaW5mbyJ9LCJwaG9uZSI6eyJjb2RlIjoicGhvbmUiLCJ0eXBlIjoidGV4dCIsImxhYmVsIjoiVGVsZWZvbiIsIm1heF9jaGFyYWN0ZXIiOiIyMCIsInNlY3Rpb24iOiJjb250YWN0X2luZm8iLCJtYW5kYXRvcnkiOiJ0cnVlIn0sImFkZHJlc3MiOnsiY29kZSI6ImFkZHJlc3MiLCJ0eXBlIjoidGV4dCIsImxhYmVsIjoiQWRyZXNzIiwibWF4X2NoYXJhY3RlciI6IjUwIiwic2VjdGlvbiI6ImNvbnRhY3RfaW5mbyIsIm1hbmRhdG9yeSI6InRydWUifSwiemlwIjp7ImNvZGUiOiJ6aXAiLCJ0eXBlIjoidGV4dCIsImxhYmVsIjoiUG9zdG51bW1lciIsIm1heF9jaGFyYWN0ZXIiOiIyMCIsInNlY3Rpb24iOiJjb250YWN0X2luZm8iLCJtYW5kYXRvcnkiOiJ0cnVlIn0sImNpdHkiOnsiY29kZSI6ImNpdHkiLCJ0eXBlIjoidGV4dCIsImxhYmVsIjoiU3RhZCIsIm1heF9jaGFyYWN0ZXIiOiI1MCIsInNlY3Rpb24iOiJjb250YWN0X2luZm8iLCJtYW5kYXRvcnkiOiJ0cnVlIn0sImludm9pY2VfdHlwZV9pZCI6eyJjb2RlIjoiaW52b2ljZV90eXBlX2lkIiwidHlwZSI6InJhZGlvdG9nZ2xlIiwic2VjdGlvbiI6InBheW1lbnRfb3B0aW9uIiwibGFiZWxfcmVmZXJlbmNlX3N0eWxlIjoiYnRuLXRhYnMiLCJjaG9pY2VzIjp7IjIiOiJFLWZha3R1cmEiLCI3IjoiTW9iaWxlUGF5In0sImRlZmF1bHRfc2VsZWN0aW9uIjoyfSwiYmFuayI6eyJjb2RlIjoiYmFuayIsInR5cGUiOiJkcm9wZG93biIsImxhYmVsIjoiVlx1MDBlNGxqIGJhbmsiLCJtYW5kYXRvcnkiOiJ0cnVlIiwic2VjdGlvbiI6InBheW1lbnRfb3B0aW9uIiwiY2hvaWNlcyI6eyI0IjoiQWt0aWEiLCI4IjoiRGFuc2tlIEJhbmsiLCIxIjoiTm9yZGVhIiwiNDAwIjoiT21hIFNcdTAwZTRcdTAwZTRzdFx1MDBmNnBhbmtraSIsIjUiOiJPc3V1c3BhbmtraSIsIjQ3MCI6IlBPUCBQYW5ra2kiLCIzNiI6IlMtUGFua2tpIiwiNzE1IjoiU1x1MDBlNFx1MDBlNHN0XHUwMGY2cGFua2tpIiwiNiI6Ilx1MDBjNWxhbmRzYmFua2VuIn19LCJzZXJ2aWNlX2lkIjp7ImNvZGUiOiJzZXJ2aWNlX2lkIiwidHlwZSI6ImhpZGRlbiIsImxhYmVsIjoiVlx1MDBlNGxqIGRvbmF0aW9uc21ldG9kIiwibWFuZGF0b3J5IjoidHJ1ZSIsInNlY3Rpb24iOiJwYXltZW50X29wdGlvbiIsImNob2ljZXMiOnsiMTAwMTAxIjoiS3V1a2F1c2lsYWhqb2l0dXMifSwiZGVmYXVsdF92YWx1ZSI6IjEwMDEwMSJ9LCJkdWVfZGF0ZSI6eyJjb2RlIjoiZHVlX2RhdGUiLCJ0eXBlIjoicmFkaW8iLCJsYWJlbCI6IkZcdTAwZjZyZmFsbG9kYXR1bSIsIm1hbmRhdG9yeSI6InRydWUiLCJzZWN0aW9uIjoicGF5bWVudF9vcHRpb24iLCJjaG9pY2VzIjp7IjUiOiI1LiBkYWciLCIyMCI6IjIwLiBkYWcifSwiZGVmYXVsdF9zZWxlY3Rpb24iOjV9fQ==\"  id=\"encrypted\" \/><\/div>\n                    <div class=\"clara-response alert\" role=\"alert\"><\/div>\n                <\/form>\n            <\/div>\n        <\/div>\n        <div class=\"form-data\"\n            data-show-donations-amounts=\"1\"\n            data-show-popular-amount=\"\"\n            data-show-other-amount=\"1\"\n            data-preset-amount=\"0\"\n            data-default-preamount=\"1\"\n            data-min-amount=\"10\"\n            data-success-message = \"&lt;h2&gt;Ett varmt tack f\u00f6r din donation.&lt;\/h2&gt; Med hj\u00e4lp av ditt bidrag f\u00e5r allt fler ensamma den hj\u00e4lp de beh\u00f6ver. En liten insats kan avg\u00f6ra en b\u00e4ttre framtid.&lt;br&gt;&lt;br&gt;Tack igen att du \u00e4r med och motarbetar ensamheten. Tillsammans besegrar vi ensamheten.\"\n            data-submit-url = \"https:\/\/www.helsinkimissio.fi\/wp-content\/plugins\/clara-wp-forms\/forms\/controllers\/post.php?form=donation&api_slug=donations&locale=sv\"\n            data-error-invalid-ip = \"\u00c5tkomst \u00e4r inte till\u00e5ten fr\u00e5n din IP-adress.\"\n        >\n    <\/div>\n<\/div>\n<script src=\"\/wp-content\/plugins\/clara-wp-forms\/assets\/js\/forms\/donation-functions.js\"><\/script>\n<script src=\"\/wp-content\/plugins\/clara-wp-forms\/assets\/js\/forms\/recurring-donation.js\"><\/script>\n\n\n\n                <\/main>\n            <\/div>\n        <\/div>\n    <\/div>\n<\/section>","protected":false},"excerpt":{"rendered":"","protected":false},"author":8,"featured_media":0,"parent":0,"menu_order":0,"comment_status":"closed","ping_status":"closed","template":"","meta":{"_acf_changed":false,"_relevanssi_hide_post":"","_relevanssi_hide_content":"","_relevanssi_pin_for_all":"","_relevanssi_pin_keywords":"","_relevanssi_unpin_keywords":"","_relevanssi_related_keywords":"","_relevanssi_related_include_ids":"","_relevanssi_related_exclude_ids":"","_relevanssi_related_no_append":"","_relevanssi_related_not_related":"","_relevanssi_related_posts":"952,899,909,1089","_relevanssi_noindex_reason":"WooCommerce Yoast SEO Uteslut fr\u00e5n Relevanssi index","footnotes":""},"class_list":["post-15610","page","type-page","status-publish","hentry"],"acf":[],"yoast_head":"<!-- This site is optimized with the Yoast SEO plugin v27.4 - https:\/\/yoast.com\/product\/yoast-seo-wordpress\/ -->\n<title>Bli m\u00e5nadsgivare &#8212; HelsinkiMissio<\/title>\n<meta name=\"robots\" content=\"noindex, follow\" \/>\n<meta property=\"og:locale\" content=\"sv_SE\" \/>\n<meta property=\"og:type\" content=\"article\" \/>\n<meta property=\"og:title\" content=\"Bli m\u00e5nadsgivare &#8212; HelsinkiMissio\" \/>\n<meta property=\"og:url\" content=\"https:\/\/www.helsinkimissio.fi\/sv\/bli-manadsgivare\/\" \/>\n<meta property=\"og:site_name\" content=\"HelsinkiMissio\" \/>\n<meta property=\"article:publisher\" content=\"https:\/\/www.facebook.com\/HelsinkiMissio\/\" \/>\n<meta property=\"article:modified_time\" content=\"2022-11-15T12:48:41+00:00\" \/>\n<meta property=\"og:image\" content=\"https:\/\/www.helsinkimissio.fi\/wp-content\/uploads\/2023\/03\/Yoast-featured-image-1200x675-sininen.png\" \/>\n\t<meta property=\"og:image:width\" content=\"1200\" \/>\n\t<meta property=\"og:image:height\" content=\"675\" \/>\n\t<meta property=\"og:image:type\" content=\"image\/png\" \/>\n<meta name=\"twitter:card\" content=\"summary_large_image\" \/>\n<meta name=\"twitter:site\" content=\"@HelsinkiMissio\" \/>\n<meta name=\"twitter:label1\" content=\"Ber\u00e4knad l\u00e4stid\" \/>\n\t<meta name=\"twitter:data1\" content=\"1 minut\" \/>\n<script type=\"application\/ld+json\" class=\"yoast-schema-graph\">{\"@context\":\"https:\\\/\\\/schema.org\",\"@graph\":[{\"@type\":\"WebPage\",\"@id\":\"https:\\\/\\\/www.helsinkimissio.fi\\\/sv\\\/bli-manadsgivare\\\/\",\"url\":\"https:\\\/\\\/www.helsinkimissio.fi\\\/sv\\\/bli-manadsgivare\\\/\",\"name\":\"Bli m\u00e5nadsgivare &#8212; HelsinkiMissio\",\"isPartOf\":{\"@id\":\"https:\\\/\\\/www.helsinkimissio.fi\\\/sv\\\/#website\"},\"datePublished\":\"2022-06-17T11:09:08+00:00\",\"dateModified\":\"2022-11-15T12:48:41+00:00\",\"breadcrumb\":{\"@id\":\"https:\\\/\\\/www.helsinkimissio.fi\\\/sv\\\/bli-manadsgivare\\\/#breadcrumb\"},\"inLanguage\":\"sv-SE\",\"potentialAction\":[{\"@type\":\"ReadAction\",\"target\":[\"https:\\\/\\\/www.helsinkimissio.fi\\\/sv\\\/bli-manadsgivare\\\/\"]}]},{\"@type\":\"BreadcrumbList\",\"@id\":\"https:\\\/\\\/www.helsinkimissio.fi\\\/sv\\\/bli-manadsgivare\\\/#breadcrumb\",\"itemListElement\":[{\"@type\":\"ListItem\",\"position\":1,\"name\":\"Etusivu\",\"item\":\"https:\\\/\\\/www.helsinkimissio.fi\\\/sv\\\/\"},{\"@type\":\"ListItem\",\"position\":2,\"name\":\"Bli m\u00e5nadsgivare\"}]},{\"@type\":\"WebSite\",\"@id\":\"https:\\\/\\\/www.helsinkimissio.fi\\\/sv\\\/#website\",\"url\":\"https:\\\/\\\/www.helsinkimissio.fi\\\/sv\\\/\",\"name\":\"Yhdess\u00e4 yksin\u00e4isyys voitetaan \u2013 HelsinkiMissio\",\"description\":\"Yhdess\u00e4 yksin\u00e4isyys voitetaan.\",\"publisher\":{\"@id\":\"https:\\\/\\\/www.helsinkimissio.fi\\\/sv\\\/#organization\"},\"alternateName\":\"HelsinkiMissio\",\"potentialAction\":[{\"@type\":\"SearchAction\",\"target\":{\"@type\":\"EntryPoint\",\"urlTemplate\":\"https:\\\/\\\/www.helsinkimissio.fi\\\/sv\\\/?s={search_term_string}\"},\"query-input\":{\"@type\":\"PropertyValueSpecification\",\"valueRequired\":true,\"valueName\":\"search_term_string\"}}],\"inLanguage\":\"sv-SE\"},{\"@type\":\"Organization\",\"@id\":\"https:\\\/\\\/www.helsinkimissio.fi\\\/sv\\\/#organization\",\"name\":\"HelsinkiMissio\",\"url\":\"https:\\\/\\\/www.helsinkimissio.fi\\\/sv\\\/\",\"logo\":{\"@type\":\"ImageObject\",\"inLanguage\":\"sv-SE\",\"@id\":\"https:\\\/\\\/www.helsinkimissio.fi\\\/sv\\\/#\\\/schema\\\/logo\\\/image\\\/\",\"url\":\"https:\\\/\\\/www.helsinkimissio.fi\\\/wp-content\\\/uploads\\\/2022\\\/07\\\/cropped-Helsinkimissio_sin_logo.png\",\"contentUrl\":\"https:\\\/\\\/www.helsinkimissio.fi\\\/wp-content\\\/uploads\\\/2022\\\/07\\\/cropped-Helsinkimissio_sin_logo.png\",\"width\":512,\"height\":512,\"caption\":\"HelsinkiMissio\"},\"image\":{\"@id\":\"https:\\\/\\\/www.helsinkimissio.fi\\\/sv\\\/#\\\/schema\\\/logo\\\/image\\\/\"},\"sameAs\":[\"https:\\\/\\\/www.facebook.com\\\/HelsinkiMissio\\\/\",\"https:\\\/\\\/x.com\\\/HelsinkiMissio\",\"https:\\\/\\\/www.instagram.com\\\/helsinkimissio\\\/\",\"https:\\\/\\\/www.linkedin.com\\\/company\\\/10844786\\\/\",\"https:\\\/\\\/www.youtube.com\\\/channel\\\/UCzKk3pYABu9D-DzQAx1Yr2w\"]}]}<\/script>\n<!-- \/ Yoast SEO plugin. -->","yoast_head_json":{"title":"Bli m\u00e5nadsgivare &#8212; HelsinkiMissio","robots":{"index":"noindex","follow":"follow"},"og_locale":"sv_SE","og_type":"article","og_title":"Bli m\u00e5nadsgivare &#8212; HelsinkiMissio","og_url":"https:\/\/www.helsinkimissio.fi\/sv\/bli-manadsgivare\/","og_site_name":"HelsinkiMissio","article_publisher":"https:\/\/www.facebook.com\/HelsinkiMissio\/","article_modified_time":"2022-11-15T12:48:41+00:00","og_image":[{"width":1200,"height":675,"url":"https:\/\/www.helsinkimissio.fi\/wp-content\/uploads\/2023\/03\/Yoast-featured-image-1200x675-sininen.png","type":"image\/png"}],"twitter_card":"summary_large_image","twitter_site":"@HelsinkiMissio","twitter_misc":{"Ber\u00e4knad l\u00e4stid":"1 minut"},"schema":{"@context":"https:\/\/schema.org","@graph":[{"@type":"WebPage","@id":"https:\/\/www.helsinkimissio.fi\/sv\/bli-manadsgivare\/","url":"https:\/\/www.helsinkimissio.fi\/sv\/bli-manadsgivare\/","name":"Bli m\u00e5nadsgivare &#8212; HelsinkiMissio","isPartOf":{"@id":"https:\/\/www.helsinkimissio.fi\/sv\/#website"},"datePublished":"2022-06-17T11:09:08+00:00","dateModified":"2022-11-15T12:48:41+00:00","breadcrumb":{"@id":"https:\/\/www.helsinkimissio.fi\/sv\/bli-manadsgivare\/#breadcrumb"},"inLanguage":"sv-SE","potentialAction":[{"@type":"ReadAction","target":["https:\/\/www.helsinkimissio.fi\/sv\/bli-manadsgivare\/"]}]},{"@type":"BreadcrumbList","@id":"https:\/\/www.helsinkimissio.fi\/sv\/bli-manadsgivare\/#breadcrumb","itemListElement":[{"@type":"ListItem","position":1,"name":"Etusivu","item":"https:\/\/www.helsinkimissio.fi\/sv\/"},{"@type":"ListItem","position":2,"name":"Bli m\u00e5nadsgivare"}]},{"@type":"WebSite","@id":"https:\/\/www.helsinkimissio.fi\/sv\/#website","url":"https:\/\/www.helsinkimissio.fi\/sv\/","name":"Yhdess\u00e4 yksin\u00e4isyys voitetaan \u2013 HelsinkiMissio","description":"Yhdess\u00e4 yksin\u00e4isyys voitetaan.","publisher":{"@id":"https:\/\/www.helsinkimissio.fi\/sv\/#organization"},"alternateName":"HelsinkiMissio","potentialAction":[{"@type":"SearchAction","target":{"@type":"EntryPoint","urlTemplate":"https:\/\/www.helsinkimissio.fi\/sv\/?s={search_term_string}"},"query-input":{"@type":"PropertyValueSpecification","valueRequired":true,"valueName":"search_term_string"}}],"inLanguage":"sv-SE"},{"@type":"Organization","@id":"https:\/\/www.helsinkimissio.fi\/sv\/#organization","name":"HelsinkiMissio","url":"https:\/\/www.helsinkimissio.fi\/sv\/","logo":{"@type":"ImageObject","inLanguage":"sv-SE","@id":"https:\/\/www.helsinkimissio.fi\/sv\/#\/schema\/logo\/image\/","url":"https:\/\/www.helsinkimissio.fi\/wp-content\/uploads\/2022\/07\/cropped-Helsinkimissio_sin_logo.png","contentUrl":"https:\/\/www.helsinkimissio.fi\/wp-content\/uploads\/2022\/07\/cropped-Helsinkimissio_sin_logo.png","width":512,"height":512,"caption":"HelsinkiMissio"},"image":{"@id":"https:\/\/www.helsinkimissio.fi\/sv\/#\/schema\/logo\/image\/"},"sameAs":["https:\/\/www.facebook.com\/HelsinkiMissio\/","https:\/\/x.com\/HelsinkiMissio","https:\/\/www.instagram.com\/helsinkimissio\/","https:\/\/www.linkedin.com\/company\/10844786\/","https:\/\/www.youtube.com\/channel\/UCzKk3pYABu9D-DzQAx1Yr2w"]}]}},"_links":{"self":[{"href":"https:\/\/www.helsinkimissio.fi\/sv\/wp-json\/wp\/v2\/pages\/15610","targetHints":{"allow":["GET"]}}],"collection":[{"href":"https:\/\/www.helsinkimissio.fi\/sv\/wp-json\/wp\/v2\/pages"}],"about":[{"href":"https:\/\/www.helsinkimissio.fi\/sv\/wp-json\/wp\/v2\/types\/page"}],"author":[{"embeddable":true,"href":"https:\/\/www.helsinkimissio.fi\/sv\/wp-json\/wp\/v2\/users\/8"}],"replies":[{"embeddable":true,"href":"https:\/\/www.helsinkimissio.fi\/sv\/wp-json\/wp\/v2\/comments?post=15610"}],"version-history":[{"count":1,"href":"https:\/\/www.helsinkimissio.fi\/sv\/wp-json\/wp\/v2\/pages\/15610\/revisions"}],"predecessor-version":[{"id":15611,"href":"https:\/\/www.helsinkimissio.fi\/sv\/wp-json\/wp\/v2\/pages\/15610\/revisions\/15611"}],"wp:attachment":[{"href":"https:\/\/www.helsinkimissio.fi\/sv\/wp-json\/wp\/v2\/media?parent=15610"}],"curies":[{"name":"wp","href":"https:\/\/api.w.org\/{rel}","templated":true}]}}