{"id":23300,"date":"2022-05-20T13:48:29","date_gmt":"2022-05-20T10:48:29","guid":{"rendered":"https:\/\/www.helsinkimissio.fi\/?page_id=23300"},"modified":"2026-04-10T13:12:50","modified_gmt":"2026-04-10T10:12:50","slug":"ensamhetsprogram","status":"publish","type":"page","link":"https:\/\/www.helsinkimissio.fi\/sv\/behover-du-hjalp\/for-vuxna\/ensamhetsprogram\/","title":{"rendered":"Ensamhetsprogrammet"},"content":{"rendered":"\n<section  class=\"block block-hero-element container-fluid has-dark-blue-background-color has-bg block block-hero-element-- block-hero-element__desktop-background\" style=\"background-image: url();\">\n    <div class=\"block-hero-element__mobile-background\">\n        <div class=\"container\">\n            <div class=\"row\">\n                <div class=\"col-sm-10 col-md-12 col-hd-12 mx-auto\">\n                    <div class=\"row  block-hero-element__wrapper block-hero-element--text-left   not_front_hero padding-zero\">\n                        <div class=\"offset-1 col-sm-10 col-md-10 col-lg-5 col-xl-5 block-hero-element__text-area block-hero-element--text-vertical-position-center\">\n                            \n\n    <h1 class=\"colored-heading no-background new wp-elements-00a5fc77363fcbc19b2a414a01e9ee86\">\n                                <p class=\"has-background bg- has-red-background-color has-white-text-color\"> Professionell <\/p> <br>\n                                <p class=\"has-background bg- has-red-background-color has-white-text-color\"> hj\u00e4lp mot <\/p> <br>\n                                <p class=\"has-background bg- has-red-background-color has-white-text-color\"> ensamhet <\/p> <br>\n            <\/h1>\n\n\n\n<p class=\"has-white-color has-text-color\">Vi erbjuder kostnadsfri samtalshj\u00e4lp med yrkeshj\u00e4lpare f\u00f6r vuxna, d\u00e4r vi ger st\u00f6d och verktyg f\u00f6r att hantera och lindra k\u00e4nslor av ensamhet. I samtalstr\u00e4ffarna ing\u00e5r en sj\u00e4lvhj\u00e4lpguide med \u00f6vningar som utf\u00f6rs individuellt mellan tr\u00e4ffarna.<\/p>\n\n\n                        <\/div>\n                                                    <div class=\" offset-1 col-sm-10 col-md-10 col-lg-5 col-xl-4 block-hero-element__image-area block-hero-element__image-area--center\">\n                                <img decoding=\"async\" src=\"https:\/\/www.helsinkimissio.fi\/wp-content\/uploads\/2022\/08\/1920x1080_Hero_Kansikuva_nuori_nainen-e1696854932538.jpg\" width=\"1557\" height=\"1079\" alt=\"\" loading=\"lazy\">                            <\/div>\n                        \n                        \n                    <\/div>\n                <\/div>\n            <\/div>\n        <\/div>\n    <\/div>\n<\/section>\n\n\n<section  class=\"block  block-content-wrapper container-fluid has-background has-white-background-color has-background bg- has-white-background-color has--text-color\">\n    <div class=\"container\">\n        <div class=\"row  flex-start col-12\" style=\"justify-content: flex-start; \">\n                            <div class=\"\">\n                                    <main class=\"entry-content\">\n                        \n\n<h2 class=\"wp-block-heading\">K\u00e4nner du dig utanf\u00f6r?<\/h2>\n\n\n\n<p class=\"is-style-lead\">Upplever du att dina relationer \u00e4r ytliga och avl\u00e4gsna? Har du sv\u00e5rt att prata om personliga \u00e4renden med andra? K\u00e4nner du dig obekv\u00e4m i sociala situationer? K\u00e4nner du dig ensam trots att du har m\u00e4nniskor omkring dig? Saknar du meningsfulla relationer i ditt liv?<\/p>\n\n\n\n<p class=\"is-style-lead\">Om du svarade ja p\u00e5 n\u00e5gon av fr\u00e5gorna ovan kan vara det vara tecken p\u00e5 ensamhet, vilket kan f\u00f6rekomma p\u00e5 varierande s\u00e4tt i olika livsskeden. Genom HelsingforsMissions ensamhetsprogram f\u00e5r du de r\u00e4tta verktygen f\u00f6r att hantera upplevelser av ensamhet.<\/p>\n\n\n\n<p class=\"is-style-lead\">Tr\u00e4ffarna l\u00e4mpar sig f\u00f6r vuxna \u00f6ver 18 \u00e5r som k\u00e4nner sig ensamma och som \u00e4r intresserade av att utforska ensamhet samt dess p\u00e5verkan p\u00e5 k\u00e4nslor och beteendem\u00f6nster. M\u00e5let med tr\u00e4ffarna \u00e4r att f\u00f6rst\u00e5 och lindra den egna upplevelsen av ensamhet. Programmet omfattar fem samtalstr\u00e4ffar med en yrkeshj\u00e4lpare och sj\u00e4lvst\u00e4ndigt arbete med en sj\u00e4lvhj\u00e4lpsguide mellan tr\u00e4ffarna.<\/p>\n\n\n                    <\/main>\n                    <\/div>\n                <\/div>\n        <\/div>\n<\/section>\n\n\n<section  class=\"block  block-content-wrapper container-fluid has-background has-off-white-background-color has-background bg- has-off-white-background-color has--text-color\">\n    <div class=\"container\">\n        <div class=\"row  center col-12\" style=\"justify-content: center; \">\n                            <div class=\"\">\n                                    <main class=\"entry-content\">\n                        \n\n<h2 class=\"wp-block-heading\"><strong>Boka en telefontid<\/strong><\/h2>\n\n\n\n<p class=\"is-style-default\">Boka en telefontid till samtalshj\u00e4lpen i webbkalendern nedan. V\u00e4lj samtalstid till ensamhetsprogrammet och d\u00e4refter den tidpunkt som passar dig och fyll i dina kontaktuppgifter. N\u00e4r bokningen har lyckats f\u00e5r du ett bekr\u00e4ftelsemeddelande. Om du inte kan delta i tr\u00e4ffen kan du annullera din tid 24 timmar f\u00f6re tr\u00e4ffen genom att anv\u00e4nda den l\u00e4nk som finns i bekr\u00e4ftelsemeddelandet.<\/p>\n\n\n\n<p>Lediga tider f\u00f6r f\u00f6rsta kontakt finns tillg\u00e4ngliga i bokningskalendern nedan.<\/p>\n\n\n<script async src=\"https:\/\/static.vello.fi\/embed\/v1.js\" data-url=\"helsinkimissio-aikuisten-keskusteluapu\" data-lang=\"sv\" data-segment=\"0d1fcc4e\"><\/script>\n\n\n                    <\/main>\n                    <\/div>\n                <\/div>\n        <\/div>\n<\/section>\n\n\n\n\n<section  class=\"block full-width block-kahdenpalstan-nosto-2 container-fluid has-background bg- has-white-background-color has--text-color\">\n    <div class=\"container\">\n        <div class=\"row\">\n            <div class=\"col-sm-10 col-xl-12 mx-auto\">\n                <div class=\"row\">\n                    <div class=\"image_text_lift right\">\n                        <div class=\"col-xs-4 col-sm-12 col-md-10 col-xl-4  image_text_lift__img_container  offset-1 \">\n\n                            <img decoding=\"async\" src=\"https:\/\/www.helsinkimissio.fi\/wp-content\/uploads\/2022\/06\/533x800_Nosto_Nainen_Forumissa_.jpg\" width=\"533\" height=\"800\" class=\"image_text_lift__img\" alt=\"\" loading=\"lazy\">                            \n                        <\/div>\n                        <div class=\"col-xs-4 col-sm-12 col-md-10 col-xl-4 image_text_lift__position offset-1 middle\">\n                            <main class=\"entry-content \">\n                                \n\n<blockquote class=\"wp-block-quote is-style-default is-layout-flow wp-block-quote-is-layout-flow\">\n<p>Jag samlade mod f\u00f6r att s\u00f6ka mig till andra m\u00e4nniskors s\u00e4llskap. Jag ins\u00e5g att det \u00e4r viktigt att bjuda p\u00e5 mig sj\u00e4lv f\u00f6r att f\u00e5 n\u00e5got tillbaka. &#8221;<\/p>\n<\/blockquote>\n\n\n                            <\/main>\n                        <\/div>\n                    <\/div>\n                <\/div>\n            <\/div>\n        <\/div>\n<\/section>\n\n<section  class=\"block full-width block-kahdenpalstan-nosto  container-fluid has-background bg- margin-negative-off has-red-background-color has--text-color \">\n    <div class=\"container\">\n        <div class=\"row\">\n            <div class=\"\">\n                <div class=\"row\">\n                    <div class=\"col-sm-10 col-xl-12 mx-auto image_lift top left\">\n                        <div class=\" offset-1 col-xs-4 col-sm-12 col-md-10 col-lg-10 col-xl-4 image_lift__img_container top \">\n                            <img decoding=\"async\" src=\"https:\/\/www.helsinkimissio.fi\/wp-content\/uploads\/2022\/06\/Yksinainen_tytto_ikkunan_takana.jpg\" width=\"667\" height=\"1000\" class=\"image_lift__img  top\" alt=\"\" loading=\"lazy\">                            <img decoding=\"async\" src=\"https:\/\/www.helsinkimissio.fi\/wp-content\/uploads\/2022\/06\/Yksinainen_tytto_ikkunan_takana.jpg\" width=\"667\" height=\"1000\" class=\"image_lift__img mobile  top\" alt=\"\" loading=\"lazy\">\n                        <\/div>\n                        <div class=\"col-xs-4 col-sm-12 col-md-10 col-lg-10 col-xl-5 image_lift__position offset-1  center\">\n                            <main class=\"entry-content \">\n                                \n\n<h3 class=\"wp-block-heading has-white-color has-text-color\"><br><strong>Ensamhet \u2013 en sj\u00e4lvhj\u00e4lp<\/strong>guide<\/h3>\n\n\n\n<p class=\"has-white-color has-text-color\">Vill du sj\u00e4lvst\u00e4ndigt minska p\u00e5 k\u00e4nslor av ensamhet? Ensamhet-sj\u00e4lvhj\u00e4lpguiden passar alla som vill stanna upp och utforska tankar, k\u00e4nslor och beteendem\u00f6nster som \u00e4r kopplade till ensamhet.<\/p>\n\n\n\n<p class=\"has-white-color has-text-color\">Med hj\u00e4lp av guiden kan du uppt\u00e4cka nya perspektiv p\u00e5 dina relationer samt olika s\u00e4tt att lindra ensamhet.<\/p>\n\n\n\n<div class=\"wp-block-button alignleft\"><a class=\"wp-block-button__link has-dark-blue-background-color has-background wp-element-button\" href=\"https:\/\/www.helsinkimissio.fi\/wp-content\/uploads\/2024\/02\/HM_Ensamhet_En_Hjalpbok-4.pdf\">Ladda ner Ensamhet-sj\u00e4lvhj\u00e4lpguiden<\/a><\/div>\n\n\n                            <\/main>\n                        <\/div>\n                    <\/div>\n                <\/div>\n            <\/div>\n        <\/div>\n<\/section>\n\n\n<section  class=\"block  block-content-wrapper container-fluid has-background has-white-background-color has-background bg- has-white-background-color has--text-color\">\n    <div class=\"container\">\n        <div class=\"row  center col-12\" style=\"justify-content: center; \">\n                            <div class=\"\">\n                                    <main class=\"entry-content\">\n                        \n\n<h2 class=\"wp-block-heading\">Vad \u00e4r ensamhet?<\/h2>\n\n\n\n<p>Var tionde finl\u00e4ndare lider av skadlig ensamhet. Ensamhet \u00e4r mera vanligt bland unga \u2013 kring 14 % av grundskole- och andra stadiets studerande och en fj\u00e4rdedel av h\u00f6gskolestuderande upplever ensamhet. Ensamhet \u00e4r \u00e4ven en av de st\u00f6rsta h\u00e4lsoriskerna f\u00f6r seniorer. Men ensamheten g\u00e5r att p\u00e5verka. F\u00f6lj med oss och l\u00e4r dig mer!<\/p>\n\n\n\n<div class=\"wp-block-button\"><a class=\"wp-block-button__link wp-element-button\" href=\"https:\/\/www.helsinkimissio.fi\/sv\/vad-ar-ensamhet\/\">L\u00e4r dig mer om ensamhet<\/a><\/div>\n\n\n                    <\/main>\n                    <\/div>\n                <\/div>\n        <\/div>\n<\/section>","protected":false},"excerpt":{"rendered":"","protected":false},"author":28,"featured_media":38835,"parent":28199,"menu_order":3,"comment_status":"closed","ping_status":"closed","template":"","meta":{"_acf_changed":false,"_relevanssi_hide_post":"","_relevanssi_hide_content":"","_relevanssi_pin_for_all":"","_relevanssi_pin_keywords":"","_relevanssi_unpin_keywords":"","_relevanssi_related_keywords":"","_relevanssi_related_include_ids":"","_relevanssi_related_exclude_ids":"","_relevanssi_related_no_append":"","_relevanssi_related_not_related":"","_relevanssi_related_posts":"1089,899,909,952","_relevanssi_noindex_reason":"","footnotes":""},"class_list":["post-23300","page","type-page","status-publish","has-post-thumbnail","hentry"],"acf":[],"yoast_head":"<!-- This site is optimized with the Yoast SEO plugin v27.1.1 - https:\/\/yoast.com\/product\/yoast-seo-wordpress\/ -->\n<title>Ensamhetsprogrammet &#8212; HelsinkiMissio<\/title>\n<meta name=\"description\" content=\"Vi erbjuder kostnadsfri samtalshj\u00e4lp med yrkeshj\u00e4lpare f\u00f6r vuxna, d\u00e4r vi ger st\u00f6d och verktyg f\u00f6r att hantera och lindra k\u00e4nslor av ensamhet.\" \/>\n<meta name=\"robots\" content=\"index, follow, max-snippet:-1, max-image-preview:large, max-video-preview:-1\" \/>\n<link rel=\"canonical\" href=\"https:\/\/www.helsinkimissio.fi\/sv\/behover-du-hjalp\/for-vuxna\/ensamhetsprogram\/\" \/>\n<meta property=\"og:locale\" content=\"sv_SE\" \/>\n<meta property=\"og:type\" content=\"article\" \/>\n<meta property=\"og:title\" content=\"Ensamhetsprogrammet &#8212; HelsinkiMissio\" \/>\n<meta property=\"og:description\" content=\"Vi erbjuder kostnadsfri samtalshj\u00e4lp med yrkeshj\u00e4lpare f\u00f6r vuxna, d\u00e4r vi ger st\u00f6d och verktyg f\u00f6r att hantera och lindra k\u00e4nslor av ensamhet.\" \/>\n<meta property=\"og:url\" content=\"https:\/\/www.helsinkimissio.fi\/sv\/behover-du-hjalp\/for-vuxna\/ensamhetsprogram\/\" \/>\n<meta property=\"og:site_name\" content=\"HelsinkiMissio\" \/>\n<meta property=\"article:publisher\" content=\"https:\/\/www.facebook.com\/HelsinkiMissio\/\" \/>\n<meta property=\"article:modified_time\" content=\"2026-04-10T10:12:50+00:00\" \/>\n<meta property=\"og:image\" content=\"https:\/\/www.helsinkimissio.fi\/wp-content\/uploads\/2025\/09\/Keskusteluapu-900x600-1.jpg\" \/>\n\t<meta property=\"og:image:width\" content=\"900\" \/>\n\t<meta property=\"og:image:height\" content=\"600\" \/>\n\t<meta property=\"og:image:type\" content=\"image\/jpeg\" \/>\n<meta name=\"twitter:card\" content=\"summary_large_image\" \/>\n<meta name=\"twitter:site\" content=\"@HelsinkiMissio\" \/>\n<meta name=\"twitter:label1\" content=\"Ber\u00e4knad l\u00e4stid\" \/>\n\t<meta name=\"twitter:data1\" content=\"6 minuter\" \/>\n<script type=\"application\/ld+json\" class=\"yoast-schema-graph\">{\"@context\":\"https:\/\/schema.org\",\"@graph\":[{\"@type\":\"WebPage\",\"@id\":\"https:\/\/www.helsinkimissio.fi\/sv\/behover-du-hjalp\/for-vuxna\/ensamhetsprogram\/\",\"url\":\"https:\/\/www.helsinkimissio.fi\/sv\/behover-du-hjalp\/for-vuxna\/ensamhetsprogram\/\",\"name\":\"Ensamhetsprogrammet &#8212; HelsinkiMissio\",\"isPartOf\":{\"@id\":\"https:\/\/www.helsinkimissio.fi\/sv\/#website\"},\"primaryImageOfPage\":{\"@id\":\"https:\/\/www.helsinkimissio.fi\/sv\/behover-du-hjalp\/for-vuxna\/ensamhetsprogram\/#primaryimage\"},\"image\":{\"@id\":\"https:\/\/www.helsinkimissio.fi\/sv\/behover-du-hjalp\/for-vuxna\/ensamhetsprogram\/#primaryimage\"},\"thumbnailUrl\":\"https:\/\/www.helsinkimissio.fi\/wp-content\/uploads\/2025\/09\/Keskusteluapu-900x600-1.jpg\",\"datePublished\":\"2022-05-20T10:48:29+00:00\",\"dateModified\":\"2026-04-10T10:12:50+00:00\",\"description\":\"Vi erbjuder kostnadsfri samtalshj\u00e4lp med yrkeshj\u00e4lpare f\u00f6r vuxna, d\u00e4r vi ger st\u00f6d och verktyg f\u00f6r att hantera och lindra k\u00e4nslor av ensamhet.\",\"breadcrumb\":{\"@id\":\"https:\/\/www.helsinkimissio.fi\/sv\/behover-du-hjalp\/for-vuxna\/ensamhetsprogram\/#breadcrumb\"},\"inLanguage\":\"sv-SE\",\"potentialAction\":[{\"@type\":\"ReadAction\",\"target\":[\"https:\/\/www.helsinkimissio.fi\/sv\/behover-du-hjalp\/for-vuxna\/ensamhetsprogram\/\"]}]},{\"@type\":\"ImageObject\",\"inLanguage\":\"sv-SE\",\"@id\":\"https:\/\/www.helsinkimissio.fi\/sv\/behover-du-hjalp\/for-vuxna\/ensamhetsprogram\/#primaryimage\",\"url\":\"https:\/\/www.helsinkimissio.fi\/wp-content\/uploads\/2025\/09\/Keskusteluapu-900x600-1.jpg\",\"contentUrl\":\"https:\/\/www.helsinkimissio.fi\/wp-content\/uploads\/2025\/09\/Keskusteluapu-900x600-1.jpg\",\"width\":900,\"height\":600,\"caption\":\"Aikuisten keskusteluapu\"},{\"@type\":\"BreadcrumbList\",\"@id\":\"https:\/\/www.helsinkimissio.fi\/sv\/behover-du-hjalp\/for-vuxna\/ensamhetsprogram\/#breadcrumb\",\"itemListElement\":[{\"@type\":\"ListItem\",\"position\":1,\"name\":\"Etusivu\",\"item\":\"https:\/\/www.helsinkimissio.fi\/sv\/\"},{\"@type\":\"ListItem\",\"position\":2,\"name\":\"Beh\u00f6ver du hj\u00e4lp?\",\"item\":\"https:\/\/www.helsinkimissio.fi\/sv\/behover-du-hjalp\/\"},{\"@type\":\"ListItem\",\"position\":3,\"name\":\"F\u00f6r vuxna\",\"item\":\"https:\/\/www.helsinkimissio.fi\/sv\/behover-du-hjalp\/for-vuxna\/\"},{\"@type\":\"ListItem\",\"position\":4,\"name\":\"Ensamhetsprogrammet\"}]},{\"@type\":\"WebSite\",\"@id\":\"https:\/\/www.helsinkimissio.fi\/sv\/#website\",\"url\":\"https:\/\/www.helsinkimissio.fi\/sv\/\",\"name\":\"Yhdess\u00e4 yksin\u00e4isyys voitetaan \u2013 HelsinkiMissio\",\"description\":\"Yhdess\u00e4 yksin\u00e4isyys voitetaan.\",\"publisher\":{\"@id\":\"https:\/\/www.helsinkimissio.fi\/sv\/#organization\"},\"alternateName\":\"HelsinkiMissio\",\"potentialAction\":[{\"@type\":\"SearchAction\",\"target\":{\"@type\":\"EntryPoint\",\"urlTemplate\":\"https:\/\/www.helsinkimissio.fi\/sv\/?s={search_term_string}\"},\"query-input\":{\"@type\":\"PropertyValueSpecification\",\"valueRequired\":true,\"valueName\":\"search_term_string\"}}],\"inLanguage\":\"sv-SE\"},{\"@type\":\"Organization\",\"@id\":\"https:\/\/www.helsinkimissio.fi\/sv\/#organization\",\"name\":\"HelsinkiMissio\",\"url\":\"https:\/\/www.helsinkimissio.fi\/sv\/\",\"logo\":{\"@type\":\"ImageObject\",\"inLanguage\":\"sv-SE\",\"@id\":\"https:\/\/www.helsinkimissio.fi\/sv\/#\/schema\/logo\/image\/\",\"url\":\"https:\/\/www.helsinkimissio.fi\/wp-content\/uploads\/2022\/07\/cropped-Helsinkimissio_sin_logo.png\",\"contentUrl\":\"https:\/\/www.helsinkimissio.fi\/wp-content\/uploads\/2022\/07\/cropped-Helsinkimissio_sin_logo.png\",\"width\":512,\"height\":512,\"caption\":\"HelsinkiMissio\"},\"image\":{\"@id\":\"https:\/\/www.helsinkimissio.fi\/sv\/#\/schema\/logo\/image\/\"},\"sameAs\":[\"https:\/\/www.facebook.com\/HelsinkiMissio\/\",\"https:\/\/x.com\/HelsinkiMissio\",\"https:\/\/www.instagram.com\/helsinkimissio\/\",\"https:\/\/www.linkedin.com\/company\/10844786\/\",\"https:\/\/www.youtube.com\/channel\/UCzKk3pYABu9D-DzQAx1Yr2w\"]}]}<\/script>\n<!-- \/ Yoast SEO plugin. -->","yoast_head_json":{"title":"Ensamhetsprogrammet &#8212; HelsinkiMissio","description":"Vi erbjuder kostnadsfri samtalshj\u00e4lp med yrkeshj\u00e4lpare f\u00f6r vuxna, d\u00e4r vi ger st\u00f6d och verktyg f\u00f6r att hantera och lindra k\u00e4nslor av ensamhet.","robots":{"index":"index","follow":"follow","max-snippet":"max-snippet:-1","max-image-preview":"max-image-preview:large","max-video-preview":"max-video-preview:-1"},"canonical":"https:\/\/www.helsinkimissio.fi\/sv\/behover-du-hjalp\/for-vuxna\/ensamhetsprogram\/","og_locale":"sv_SE","og_type":"article","og_title":"Ensamhetsprogrammet &#8212; HelsinkiMissio","og_description":"Vi erbjuder kostnadsfri samtalshj\u00e4lp med yrkeshj\u00e4lpare f\u00f6r vuxna, d\u00e4r vi ger st\u00f6d och verktyg f\u00f6r att hantera och lindra k\u00e4nslor av ensamhet.","og_url":"https:\/\/www.helsinkimissio.fi\/sv\/behover-du-hjalp\/for-vuxna\/ensamhetsprogram\/","og_site_name":"HelsinkiMissio","article_publisher":"https:\/\/www.facebook.com\/HelsinkiMissio\/","article_modified_time":"2026-04-10T10:12:50+00:00","og_image":[{"width":900,"height":600,"url":"https:\/\/www.helsinkimissio.fi\/wp-content\/uploads\/2025\/09\/Keskusteluapu-900x600-1.jpg","type":"image\/jpeg"}],"twitter_card":"summary_large_image","twitter_site":"@HelsinkiMissio","twitter_misc":{"Ber\u00e4knad l\u00e4stid":"6 minuter"},"schema":{"@context":"https:\/\/schema.org","@graph":[{"@type":"WebPage","@id":"https:\/\/www.helsinkimissio.fi\/sv\/behover-du-hjalp\/for-vuxna\/ensamhetsprogram\/","url":"https:\/\/www.helsinkimissio.fi\/sv\/behover-du-hjalp\/for-vuxna\/ensamhetsprogram\/","name":"Ensamhetsprogrammet &#8212; HelsinkiMissio","isPartOf":{"@id":"https:\/\/www.helsinkimissio.fi\/sv\/#website"},"primaryImageOfPage":{"@id":"https:\/\/www.helsinkimissio.fi\/sv\/behover-du-hjalp\/for-vuxna\/ensamhetsprogram\/#primaryimage"},"image":{"@id":"https:\/\/www.helsinkimissio.fi\/sv\/behover-du-hjalp\/for-vuxna\/ensamhetsprogram\/#primaryimage"},"thumbnailUrl":"https:\/\/www.helsinkimissio.fi\/wp-content\/uploads\/2025\/09\/Keskusteluapu-900x600-1.jpg","datePublished":"2022-05-20T10:48:29+00:00","dateModified":"2026-04-10T10:12:50+00:00","description":"Vi erbjuder kostnadsfri samtalshj\u00e4lp med yrkeshj\u00e4lpare f\u00f6r vuxna, d\u00e4r vi ger st\u00f6d och verktyg f\u00f6r att hantera och lindra k\u00e4nslor av ensamhet.","breadcrumb":{"@id":"https:\/\/www.helsinkimissio.fi\/sv\/behover-du-hjalp\/for-vuxna\/ensamhetsprogram\/#breadcrumb"},"inLanguage":"sv-SE","potentialAction":[{"@type":"ReadAction","target":["https:\/\/www.helsinkimissio.fi\/sv\/behover-du-hjalp\/for-vuxna\/ensamhetsprogram\/"]}]},{"@type":"ImageObject","inLanguage":"sv-SE","@id":"https:\/\/www.helsinkimissio.fi\/sv\/behover-du-hjalp\/for-vuxna\/ensamhetsprogram\/#primaryimage","url":"https:\/\/www.helsinkimissio.fi\/wp-content\/uploads\/2025\/09\/Keskusteluapu-900x600-1.jpg","contentUrl":"https:\/\/www.helsinkimissio.fi\/wp-content\/uploads\/2025\/09\/Keskusteluapu-900x600-1.jpg","width":900,"height":600,"caption":"Aikuisten keskusteluapu"},{"@type":"BreadcrumbList","@id":"https:\/\/www.helsinkimissio.fi\/sv\/behover-du-hjalp\/for-vuxna\/ensamhetsprogram\/#breadcrumb","itemListElement":[{"@type":"ListItem","position":1,"name":"Etusivu","item":"https:\/\/www.helsinkimissio.fi\/sv\/"},{"@type":"ListItem","position":2,"name":"Beh\u00f6ver du hj\u00e4lp?","item":"https:\/\/www.helsinkimissio.fi\/sv\/behover-du-hjalp\/"},{"@type":"ListItem","position":3,"name":"F\u00f6r vuxna","item":"https:\/\/www.helsinkimissio.fi\/sv\/behover-du-hjalp\/for-vuxna\/"},{"@type":"ListItem","position":4,"name":"Ensamhetsprogrammet"}]},{"@type":"WebSite","@id":"https:\/\/www.helsinkimissio.fi\/sv\/#website","url":"https:\/\/www.helsinkimissio.fi\/sv\/","name":"Yhdess\u00e4 yksin\u00e4isyys voitetaan \u2013 HelsinkiMissio","description":"Yhdess\u00e4 yksin\u00e4isyys voitetaan.","publisher":{"@id":"https:\/\/www.helsinkimissio.fi\/sv\/#organization"},"alternateName":"HelsinkiMissio","potentialAction":[{"@type":"SearchAction","target":{"@type":"EntryPoint","urlTemplate":"https:\/\/www.helsinkimissio.fi\/sv\/?s={search_term_string}"},"query-input":{"@type":"PropertyValueSpecification","valueRequired":true,"valueName":"search_term_string"}}],"inLanguage":"sv-SE"},{"@type":"Organization","@id":"https:\/\/www.helsinkimissio.fi\/sv\/#organization","name":"HelsinkiMissio","url":"https:\/\/www.helsinkimissio.fi\/sv\/","logo":{"@type":"ImageObject","inLanguage":"sv-SE","@id":"https:\/\/www.helsinkimissio.fi\/sv\/#\/schema\/logo\/image\/","url":"https:\/\/www.helsinkimissio.fi\/wp-content\/uploads\/2022\/07\/cropped-Helsinkimissio_sin_logo.png","contentUrl":"https:\/\/www.helsinkimissio.fi\/wp-content\/uploads\/2022\/07\/cropped-Helsinkimissio_sin_logo.png","width":512,"height":512,"caption":"HelsinkiMissio"},"image":{"@id":"https:\/\/www.helsinkimissio.fi\/sv\/#\/schema\/logo\/image\/"},"sameAs":["https:\/\/www.facebook.com\/HelsinkiMissio\/","https:\/\/x.com\/HelsinkiMissio","https:\/\/www.instagram.com\/helsinkimissio\/","https:\/\/www.linkedin.com\/company\/10844786\/","https:\/\/www.youtube.com\/channel\/UCzKk3pYABu9D-DzQAx1Yr2w"]}]}},"_links":{"self":[{"href":"https:\/\/www.helsinkimissio.fi\/sv\/wp-json\/wp\/v2\/pages\/23300","targetHints":{"allow":["GET"]}}],"collection":[{"href":"https:\/\/www.helsinkimissio.fi\/sv\/wp-json\/wp\/v2\/pages"}],"about":[{"href":"https:\/\/www.helsinkimissio.fi\/sv\/wp-json\/wp\/v2\/types\/page"}],"author":[{"embeddable":true,"href":"https:\/\/www.helsinkimissio.fi\/sv\/wp-json\/wp\/v2\/users\/28"}],"replies":[{"embeddable":true,"href":"https:\/\/www.helsinkimissio.fi\/sv\/wp-json\/wp\/v2\/comments?post=23300"}],"version-history":[{"count":15,"href":"https:\/\/www.helsinkimissio.fi\/sv\/wp-json\/wp\/v2\/pages\/23300\/revisions"}],"predecessor-version":[{"id":41506,"href":"https:\/\/www.helsinkimissio.fi\/sv\/wp-json\/wp\/v2\/pages\/23300\/revisions\/41506"}],"up":[{"embeddable":true,"href":"https:\/\/www.helsinkimissio.fi\/sv\/wp-json\/wp\/v2\/pages\/28199"}],"wp:featuredmedia":[{"embeddable":true,"href":"https:\/\/www.helsinkimissio.fi\/sv\/wp-json\/wp\/v2\/media\/38835"}],"wp:attachment":[{"href":"https:\/\/www.helsinkimissio.fi\/sv\/wp-json\/wp\/v2\/media?parent=23300"}],"curies":[{"name":"wp","href":"https:\/\/api.w.org\/{rel}","templated":true}]}}