{"id":25985,"date":"2022-07-06T13:35:44","date_gmt":"2022-07-06T10:35:44","guid":{"rendered":"https:\/\/www.helsinkimissio.fi\/?page_id=25985"},"modified":"2023-11-08T14:02:12","modified_gmt":"2023-11-08T12:02:12","slug":"behover-du-hjalp","status":"publish","type":"page","link":"https:\/\/www.helsinkimissio.fi\/sv\/behover-du-hjalp\/","title":{"rendered":"Beh\u00f6ver du hj\u00e4lp?"},"content":{"rendered":"\n<section  class=\"block block-hero-element container-fluid has-dark-blue-background-color has-bg block block-hero-element-- block-hero-element__desktop-background\" style=\"background-image: url();\">\n    <div class=\"block-hero-element__mobile-background\">\n        <div class=\"container\">\n            <div class=\"row\">\n                <div class=\"col-sm-10 col-md-12 col-hd-12 mx-auto\">\n                    <div class=\"row  block-hero-element__wrapper block-hero-element--text-left  align-items-start not_front_hero padding-zero\">\n                        <div class=\"offset-1 col-sm-10 col-md-10 col-lg-5 col-xl-5 block-hero-element__text-area block-hero-element--text-vertical-position-center\">\n                            \n\n    <h1 class=\"colored-heading no-background new\">\n                                <p class=\"has-background bg- has-red-background-color has-white-text-color\"> Beh\u00f6ver du <\/p> <br>\n                                <p class=\"has-background bg- has-red-background-color has-white-text-color\"> hj\u00e4lp? <\/p> <br>\n            <\/h1>\n\n\n\n<p class=\"has-white-color has-text-color\">Bli inte ensam med dina bekymmer. Vi har flera tj\u00e4nster f\u00f6r att minska ensamhet och olika tillf\u00e4llen f\u00f6r att bem\u00f6ta andra. Bekanta dig med v\u00e5rt arbete och tveka inte att kontakta oss om du vill prata om vad som helst. Vi finns h\u00e4r f\u00f6r dig.<\/p>\n\n\n                        <\/div>\n                                                    <div class=\" offset-1 col-sm-10 col-md-10 col-lg-5 col-xl-4 block-hero-element__image-area block-hero-element__image-area--top\">\n                                <img decoding=\"async\" src=\"https:\/\/www.helsinkimissio.fi\/wp-content\/uploads\/2022\/11\/600x900_Halaus.png\" width=\"600\" height=\"900\" alt=\"\" loading=\"lazy\">                            <\/div>\n                        \n                        \n                    <\/div>\n                <\/div>\n            <\/div>\n        <\/div>\n    <\/div>\n<\/section>\n\n\n<section  class=\"block full-width block-sisaltokortit container-fluid has-background bg- has-white-background-color has-dark-blue-text-color\">\n    <div class=\"container\">\n        <div class=\"row\">\n            <div class=\"col-sm-10 col-xl-12 mx-auto\">\n                <div class=\"\">\n                    <main class=\"entry-content col-xl-5 offset-1\">\n                        \n\n<h2 class=\"wp-block-heading\">Bekanta dig med v\u00e5ra tj\u00e4nster f\u00f6r seniorer och unga!<\/h2>\n\n\n\n<p><\/p>\n\n\n                    <\/main>\n                                            <div class=\"card-lift__container col-12 offset-1 two\">\n                                                                                            <div class=\"card-lift__item col-xl-4 offset-2\">\n                                     <a href=\"https:\/\/www.helsinkimissio.fi\/sv\/for-unga\/\" target=\"_self\">                                    <img decoding=\"async\" src=\"https:\/\/www.helsinkimissio.fi\/wp-content\/uploads\/2022\/07\/900x600_Nosto_Nuoret_Porukka.jpg\" width=\"900\" height=\"600\" class=\"card-lift__img  \" alt=\"Nuoret istuskelee ja tytt\u00f6 kassoo k\u00e4nnykk\u00e4\u00e4\" loading=\"lazy\">                                    <div class=\"card-lift__content\">\n                                        \n                                        <div class=\"card-lift__content__text\">\n                                                                                            <h3 class=\"has-dark-blue-text-color\">Hj\u00e4lp f\u00f6r unga<\/h3>\n                                                                                                                                <\/div>\n                                    <\/div>\n                                    <\/a>                                <\/div>\n                                                                                            <div class=\"card-lift__item col-xl-4 offset-2\">\n                                     <a href=\"https:\/\/www.helsinkimissio.fi\/sv\/for-seniorer\/\" target=\"_self\">                                    <img decoding=\"async\" src=\"https:\/\/www.helsinkimissio.fi\/wp-content\/uploads\/2022\/07\/900x600_Nosto_Vapaaehtoinen_ja_pappa.jpg\" width=\"900\" height=\"600\" class=\"card-lift__img  \" alt=\"Tukihenkil\u00f6 ja seniori k\u00e4velyll\u00e4\" loading=\"lazy\">                                    <div class=\"card-lift__content\">\n                                        \n                                        <div class=\"card-lift__content__text\">\n                                                                                            <h3 class=\"has-dark-blue-text-color\">Hj\u00e4lp f\u00f6r seniorer<\/h3>\n                                                                                                                                <\/div>\n                                    <\/div>\n                                    <\/a>                                <\/div>\n                                                    <\/div>\n                                    <\/div>\n            <\/div>\n        <\/div>\n    <\/div>\n<\/section>\n\n<section  class=\"block full-width block-kahdenpalstan-nosto  container-fluid has-background bg- margin-negative-off has-dark-blue-background-color has-white-text-color \">\n    <div class=\"container\">\n        <div class=\"row\">\n            <div class=\"\">\n                <div class=\"row\">\n                    <div class=\"col-sm-10 col-xl-12 mx-auto image_lift bottom right\">\n                        <div class=\"  col-xs-4 col-sm-12 col-md-10 col-lg-10 col-xl-4 image_lift__img_container bottom offset-1\">\n                            <img decoding=\"async\" src=\"https:\/\/www.helsinkimissio.fi\/wp-content\/uploads\/2022\/07\/900x600_Nosto_Seniorit_Pappa.jpg\" width=\"900\" height=\"600\" class=\"image_lift__img  bottom\" alt=\"HelsinkiMission Yksin\u00e4isyysfoorumin kuva, jossa vanha mies katsoo kameraan\" loading=\"lazy\">                            <img decoding=\"async\" src=\"https:\/\/www.helsinkimissio.fi\/wp-content\/uploads\/2022\/07\/900x600_Nosto_Seniorit_Pappa.jpg\" width=\"900\" height=\"600\" class=\"image_lift__img mobile  bottom\" alt=\"HelsinkiMission Yksin\u00e4isyysfoorumin kuva, jossa vanha mies katsoo kameraan\" loading=\"lazy\">\n                        <\/div>\n                        <div class=\"col-xs-4 col-sm-12 col-md-10 col-lg-10 col-xl-5 image_lift__position  offset-1 center\">\n                            <main class=\"entry-content \">\n                                \n\n<h2 class=\"wp-block-heading has-white-color has-text-color\">Vad \u00e4r ensamhet?<\/h2>\n\n\n\n<p class=\"has-white-color has-text-color\">Ensamhet \u00e4r naturligt och allm\u00e4nt och i Finland upplever totalt 400 000 m\u00e4nniskor ensamhet ibland eller konstant. Men ensamheten g\u00e5r att p\u00e5verka. Kom med oss och l\u00e4r dig mer om ensamhet.<\/p>\n\n\n\n<div class=\"wp-block-button alignleft\"><a class=\"wp-block-button__link has-red-background-color has-background wp-element-button\" href=\"https:\/\/www.helsinkimissio.fi\/sv\/vad-ar-ensamhet\/\">L\u00e4r dig mer om ensamhet<\/a><\/div>\n\n\n                            <\/main>\n                        <\/div>\n                    <\/div>\n                <\/div>\n            <\/div>\n        <\/div>\n<\/section>","protected":false},"excerpt":{"rendered":"","protected":false},"author":28,"featured_media":37031,"parent":0,"menu_order":0,"comment_status":"closed","ping_status":"closed","template":"","meta":{"_acf_changed":false,"_relevanssi_hide_post":"","_relevanssi_hide_content":"","_relevanssi_pin_for_all":"","_relevanssi_pin_keywords":"","_relevanssi_unpin_keywords":"","_relevanssi_related_keywords":"","_relevanssi_related_include_ids":"","_relevanssi_related_exclude_ids":"","_relevanssi_related_no_append":"","_relevanssi_related_not_related":"","_relevanssi_related_posts":"25883,15771,23705,21315,15668,24913","_relevanssi_noindex_reason":"","footnotes":""},"class_list":["post-25985","page","type-page","status-publish","has-post-thumbnail","hentry"],"acf":[],"yoast_head":"<!-- This site is optimized with the Yoast SEO plugin v27.1.1 - https:\/\/yoast.com\/product\/yoast-seo-wordpress\/ -->\n<title>Beh\u00f6ver du hj\u00e4lp? &#8212; HelsinkiMissio<\/title>\n<meta name=\"description\" content=\"HelsingforsMission erbjuder tj\u00e4nster f\u00f6r att minska ensamhet och tillf\u00e4llen f\u00f6r att bem\u00f6ta andra. Bekanta dig med v\u00e5rt arbete och ta kontakt.\" \/>\n<meta name=\"robots\" content=\"index, follow, max-snippet:-1, max-image-preview:large, max-video-preview:-1\" \/>\n<link rel=\"canonical\" href=\"https:\/\/www.helsinkimissio.fi\/sv\/behover-du-hjalp\/\" \/>\n<meta property=\"og:locale\" content=\"sv_SE\" \/>\n<meta property=\"og:type\" content=\"article\" \/>\n<meta property=\"og:title\" content=\"Beh\u00f6ver du hj\u00e4lp? &#8212; HelsinkiMissio\" \/>\n<meta property=\"og:description\" content=\"HelsingforsMission erbjuder tj\u00e4nster f\u00f6r att minska ensamhet och tillf\u00e4llen f\u00f6r att bem\u00f6ta andra. Bekanta dig med v\u00e5rt arbete och ta kontakt.\" \/>\n<meta property=\"og:url\" content=\"https:\/\/www.helsinkimissio.fi\/sv\/behover-du-hjalp\/\" \/>\n<meta property=\"og:site_name\" content=\"HelsinkiMissio\" \/>\n<meta property=\"article:publisher\" content=\"https:\/\/www.facebook.com\/HelsinkiMissio\/\" \/>\n<meta property=\"article:modified_time\" content=\"2023-11-08T12:02:12+00:00\" \/>\n<meta property=\"og:image\" content=\"https:\/\/www.helsinkimissio.fi\/wp-content\/uploads\/2023\/03\/Yoast-featured-image-1200x675-sininen.png\" \/>\n\t<meta property=\"og:image:width\" content=\"1200\" \/>\n\t<meta property=\"og:image:height\" content=\"675\" \/>\n\t<meta property=\"og:image:type\" content=\"image\/png\" \/>\n<meta name=\"twitter:card\" content=\"summary_large_image\" \/>\n<meta name=\"twitter:site\" content=\"@HelsinkiMissio\" \/>\n<meta name=\"twitter:label1\" content=\"Ber\u00e4knad l\u00e4stid\" \/>\n\t<meta name=\"twitter:data1\" content=\"1 minut\" \/>\n<script type=\"application\/ld+json\" class=\"yoast-schema-graph\">{\"@context\":\"https:\/\/schema.org\",\"@graph\":[{\"@type\":\"WebPage\",\"@id\":\"https:\/\/www.helsinkimissio.fi\/sv\/behover-du-hjalp\/\",\"url\":\"https:\/\/www.helsinkimissio.fi\/sv\/behover-du-hjalp\/\",\"name\":\"Beh\u00f6ver du hj\u00e4lp? &#8212; HelsinkiMissio\",\"isPartOf\":{\"@id\":\"https:\/\/www.helsinkimissio.fi\/sv\/#website\"},\"primaryImageOfPage\":{\"@id\":\"https:\/\/www.helsinkimissio.fi\/sv\/behover-du-hjalp\/#primaryimage\"},\"image\":{\"@id\":\"https:\/\/www.helsinkimissio.fi\/sv\/behover-du-hjalp\/#primaryimage\"},\"thumbnailUrl\":\"https:\/\/www.helsinkimissio.fi\/wp-content\/uploads\/2025\/06\/1920x1080px-herokuva.jpg\",\"datePublished\":\"2022-07-06T10:35:44+00:00\",\"dateModified\":\"2023-11-08T12:02:12+00:00\",\"description\":\"HelsingforsMission erbjuder tj\u00e4nster f\u00f6r att minska ensamhet och tillf\u00e4llen f\u00f6r att bem\u00f6ta andra. Bekanta dig med v\u00e5rt arbete och ta kontakt.\",\"breadcrumb\":{\"@id\":\"https:\/\/www.helsinkimissio.fi\/sv\/behover-du-hjalp\/#breadcrumb\"},\"inLanguage\":\"sv-SE\",\"potentialAction\":[{\"@type\":\"ReadAction\",\"target\":[\"https:\/\/www.helsinkimissio.fi\/sv\/behover-du-hjalp\/\"]}]},{\"@type\":\"ImageObject\",\"inLanguage\":\"sv-SE\",\"@id\":\"https:\/\/www.helsinkimissio.fi\/sv\/behover-du-hjalp\/#primaryimage\",\"url\":\"https:\/\/www.helsinkimissio.fi\/wp-content\/uploads\/2025\/06\/1920x1080px-herokuva.jpg\",\"contentUrl\":\"https:\/\/www.helsinkimissio.fi\/wp-content\/uploads\/2025\/06\/1920x1080px-herokuva.jpg\",\"width\":1920,\"height\":1080},{\"@type\":\"BreadcrumbList\",\"@id\":\"https:\/\/www.helsinkimissio.fi\/sv\/behover-du-hjalp\/#breadcrumb\",\"itemListElement\":[{\"@type\":\"ListItem\",\"position\":1,\"name\":\"Etusivu\",\"item\":\"https:\/\/www.helsinkimissio.fi\/sv\/\"},{\"@type\":\"ListItem\",\"position\":2,\"name\":\"Beh\u00f6ver du hj\u00e4lp?\"}]},{\"@type\":\"WebSite\",\"@id\":\"https:\/\/www.helsinkimissio.fi\/sv\/#website\",\"url\":\"https:\/\/www.helsinkimissio.fi\/sv\/\",\"name\":\"Yhdess\u00e4 yksin\u00e4isyys voitetaan \u2013 HelsinkiMissio\",\"description\":\"Yhdess\u00e4 yksin\u00e4isyys voitetaan.\",\"publisher\":{\"@id\":\"https:\/\/www.helsinkimissio.fi\/sv\/#organization\"},\"alternateName\":\"HelsinkiMissio\",\"potentialAction\":[{\"@type\":\"SearchAction\",\"target\":{\"@type\":\"EntryPoint\",\"urlTemplate\":\"https:\/\/www.helsinkimissio.fi\/sv\/?s={search_term_string}\"},\"query-input\":{\"@type\":\"PropertyValueSpecification\",\"valueRequired\":true,\"valueName\":\"search_term_string\"}}],\"inLanguage\":\"sv-SE\"},{\"@type\":\"Organization\",\"@id\":\"https:\/\/www.helsinkimissio.fi\/sv\/#organization\",\"name\":\"HelsinkiMissio\",\"url\":\"https:\/\/www.helsinkimissio.fi\/sv\/\",\"logo\":{\"@type\":\"ImageObject\",\"inLanguage\":\"sv-SE\",\"@id\":\"https:\/\/www.helsinkimissio.fi\/sv\/#\/schema\/logo\/image\/\",\"url\":\"https:\/\/www.helsinkimissio.fi\/wp-content\/uploads\/2022\/07\/cropped-Helsinkimissio_sin_logo.png\",\"contentUrl\":\"https:\/\/www.helsinkimissio.fi\/wp-content\/uploads\/2022\/07\/cropped-Helsinkimissio_sin_logo.png\",\"width\":512,\"height\":512,\"caption\":\"HelsinkiMissio\"},\"image\":{\"@id\":\"https:\/\/www.helsinkimissio.fi\/sv\/#\/schema\/logo\/image\/\"},\"sameAs\":[\"https:\/\/www.facebook.com\/HelsinkiMissio\/\",\"https:\/\/x.com\/HelsinkiMissio\",\"https:\/\/www.instagram.com\/helsinkimissio\/\",\"https:\/\/www.linkedin.com\/company\/10844786\/\",\"https:\/\/www.youtube.com\/channel\/UCzKk3pYABu9D-DzQAx1Yr2w\"]}]}<\/script>\n<!-- \/ Yoast SEO plugin. -->","yoast_head_json":{"title":"Beh\u00f6ver du hj\u00e4lp? &#8212; HelsinkiMissio","description":"HelsingforsMission erbjuder tj\u00e4nster f\u00f6r att minska ensamhet och tillf\u00e4llen f\u00f6r att bem\u00f6ta andra. Bekanta dig med v\u00e5rt arbete och ta kontakt.","robots":{"index":"index","follow":"follow","max-snippet":"max-snippet:-1","max-image-preview":"max-image-preview:large","max-video-preview":"max-video-preview:-1"},"canonical":"https:\/\/www.helsinkimissio.fi\/sv\/behover-du-hjalp\/","og_locale":"sv_SE","og_type":"article","og_title":"Beh\u00f6ver du hj\u00e4lp? &#8212; HelsinkiMissio","og_description":"HelsingforsMission erbjuder tj\u00e4nster f\u00f6r att minska ensamhet och tillf\u00e4llen f\u00f6r att bem\u00f6ta andra. Bekanta dig med v\u00e5rt arbete och ta kontakt.","og_url":"https:\/\/www.helsinkimissio.fi\/sv\/behover-du-hjalp\/","og_site_name":"HelsinkiMissio","article_publisher":"https:\/\/www.facebook.com\/HelsinkiMissio\/","article_modified_time":"2023-11-08T12:02:12+00:00","og_image":[{"width":1200,"height":675,"url":"https:\/\/www.helsinkimissio.fi\/wp-content\/uploads\/2023\/03\/Yoast-featured-image-1200x675-sininen.png","type":"image\/png"}],"twitter_card":"summary_large_image","twitter_site":"@HelsinkiMissio","twitter_misc":{"Ber\u00e4knad l\u00e4stid":"1 minut"},"schema":{"@context":"https:\/\/schema.org","@graph":[{"@type":"WebPage","@id":"https:\/\/www.helsinkimissio.fi\/sv\/behover-du-hjalp\/","url":"https:\/\/www.helsinkimissio.fi\/sv\/behover-du-hjalp\/","name":"Beh\u00f6ver du hj\u00e4lp? &#8212; HelsinkiMissio","isPartOf":{"@id":"https:\/\/www.helsinkimissio.fi\/sv\/#website"},"primaryImageOfPage":{"@id":"https:\/\/www.helsinkimissio.fi\/sv\/behover-du-hjalp\/#primaryimage"},"image":{"@id":"https:\/\/www.helsinkimissio.fi\/sv\/behover-du-hjalp\/#primaryimage"},"thumbnailUrl":"https:\/\/www.helsinkimissio.fi\/wp-content\/uploads\/2025\/06\/1920x1080px-herokuva.jpg","datePublished":"2022-07-06T10:35:44+00:00","dateModified":"2023-11-08T12:02:12+00:00","description":"HelsingforsMission erbjuder tj\u00e4nster f\u00f6r att minska ensamhet och tillf\u00e4llen f\u00f6r att bem\u00f6ta andra. Bekanta dig med v\u00e5rt arbete och ta kontakt.","breadcrumb":{"@id":"https:\/\/www.helsinkimissio.fi\/sv\/behover-du-hjalp\/#breadcrumb"},"inLanguage":"sv-SE","potentialAction":[{"@type":"ReadAction","target":["https:\/\/www.helsinkimissio.fi\/sv\/behover-du-hjalp\/"]}]},{"@type":"ImageObject","inLanguage":"sv-SE","@id":"https:\/\/www.helsinkimissio.fi\/sv\/behover-du-hjalp\/#primaryimage","url":"https:\/\/www.helsinkimissio.fi\/wp-content\/uploads\/2025\/06\/1920x1080px-herokuva.jpg","contentUrl":"https:\/\/www.helsinkimissio.fi\/wp-content\/uploads\/2025\/06\/1920x1080px-herokuva.jpg","width":1920,"height":1080},{"@type":"BreadcrumbList","@id":"https:\/\/www.helsinkimissio.fi\/sv\/behover-du-hjalp\/#breadcrumb","itemListElement":[{"@type":"ListItem","position":1,"name":"Etusivu","item":"https:\/\/www.helsinkimissio.fi\/sv\/"},{"@type":"ListItem","position":2,"name":"Beh\u00f6ver du hj\u00e4lp?"}]},{"@type":"WebSite","@id":"https:\/\/www.helsinkimissio.fi\/sv\/#website","url":"https:\/\/www.helsinkimissio.fi\/sv\/","name":"Yhdess\u00e4 yksin\u00e4isyys voitetaan \u2013 HelsinkiMissio","description":"Yhdess\u00e4 yksin\u00e4isyys voitetaan.","publisher":{"@id":"https:\/\/www.helsinkimissio.fi\/sv\/#organization"},"alternateName":"HelsinkiMissio","potentialAction":[{"@type":"SearchAction","target":{"@type":"EntryPoint","urlTemplate":"https:\/\/www.helsinkimissio.fi\/sv\/?s={search_term_string}"},"query-input":{"@type":"PropertyValueSpecification","valueRequired":true,"valueName":"search_term_string"}}],"inLanguage":"sv-SE"},{"@type":"Organization","@id":"https:\/\/www.helsinkimissio.fi\/sv\/#organization","name":"HelsinkiMissio","url":"https:\/\/www.helsinkimissio.fi\/sv\/","logo":{"@type":"ImageObject","inLanguage":"sv-SE","@id":"https:\/\/www.helsinkimissio.fi\/sv\/#\/schema\/logo\/image\/","url":"https:\/\/www.helsinkimissio.fi\/wp-content\/uploads\/2022\/07\/cropped-Helsinkimissio_sin_logo.png","contentUrl":"https:\/\/www.helsinkimissio.fi\/wp-content\/uploads\/2022\/07\/cropped-Helsinkimissio_sin_logo.png","width":512,"height":512,"caption":"HelsinkiMissio"},"image":{"@id":"https:\/\/www.helsinkimissio.fi\/sv\/#\/schema\/logo\/image\/"},"sameAs":["https:\/\/www.facebook.com\/HelsinkiMissio\/","https:\/\/x.com\/HelsinkiMissio","https:\/\/www.instagram.com\/helsinkimissio\/","https:\/\/www.linkedin.com\/company\/10844786\/","https:\/\/www.youtube.com\/channel\/UCzKk3pYABu9D-DzQAx1Yr2w"]}]}},"_links":{"self":[{"href":"https:\/\/www.helsinkimissio.fi\/sv\/wp-json\/wp\/v2\/pages\/25985","targetHints":{"allow":["GET"]}}],"collection":[{"href":"https:\/\/www.helsinkimissio.fi\/sv\/wp-json\/wp\/v2\/pages"}],"about":[{"href":"https:\/\/www.helsinkimissio.fi\/sv\/wp-json\/wp\/v2\/types\/page"}],"author":[{"embeddable":true,"href":"https:\/\/www.helsinkimissio.fi\/sv\/wp-json\/wp\/v2\/users\/28"}],"replies":[{"embeddable":true,"href":"https:\/\/www.helsinkimissio.fi\/sv\/wp-json\/wp\/v2\/comments?post=25985"}],"version-history":[{"count":2,"href":"https:\/\/www.helsinkimissio.fi\/sv\/wp-json\/wp\/v2\/pages\/25985\/revisions"}],"predecessor-version":[{"id":25988,"href":"https:\/\/www.helsinkimissio.fi\/sv\/wp-json\/wp\/v2\/pages\/25985\/revisions\/25988"}],"wp:featuredmedia":[{"embeddable":true,"href":"https:\/\/www.helsinkimissio.fi\/sv\/wp-json\/wp\/v2\/media\/37031"}],"wp:attachment":[{"href":"https:\/\/www.helsinkimissio.fi\/sv\/wp-json\/wp\/v2\/media?parent=25985"}],"curies":[{"name":"wp","href":"https:\/\/api.w.org\/{rel}","templated":true}]}}