{"id":28199,"date":"2022-05-20T12:23:37","date_gmt":"2022-05-20T09:23:37","guid":{"rendered":"https:\/\/www.helsinkimissio.fi\/?page_id=28199"},"modified":"2025-04-29T13:32:43","modified_gmt":"2025-04-29T10:32:43","slug":"for-vuxna","status":"publish","type":"page","link":"https:\/\/www.helsinkimissio.fi\/sv\/behover-du-hjalp\/for-vuxna\/","title":{"rendered":"F\u00f6r vuxna"},"content":{"rendered":"\n<section  class=\"block block-hero-element container-fluid has-dark-blue-background-color has-bg block block-hero-element-- block-hero-element__desktop-background\" style=\"background-image: url();\">\n    <div class=\"block-hero-element__mobile-background\">\n        <div class=\"container\">\n            <div class=\"row\">\n                <div class=\"col-sm-10 col-md-12 col-hd-12 mx-auto\">\n                    <div class=\"row  block-hero-element__wrapper block-hero-element--text-left   not_front_hero padding-zero\">\n                        <div class=\"offset-1 col-sm-10 col-md-10 col-lg-5 col-xl-5 block-hero-element__text-area block-hero-element--text-vertical-position-center\">\n                            \n\n    <h1 class=\"colored-heading no-background new\">\n                                <p class=\"has-background bg- has-red-background-color has-white-text-color\"> Du beh\u00f6ver <\/p> <br>\n                                <p class=\"has-background bg- has-red-background-color has-white-text-color\"> inte bli ensam <\/p> <br>\n            <\/h1>\n\n\n\n<p class=\"is-style-lead has-white-color has-text-color\">K\u00e4nner du dig ensam? Saknar du meningsfulla relationer i ditt liv? Vi erbjuder kostnadsfria samtalstr\u00e4ffar med sakkunnig inom ensamhet.<\/p>\n\n\n\n<p class=\"has-white-color has-text-color has-link-color wp-elements-2b7eeea8bbb6afec5f376be6838ca548\">Tveka inte att kontakta oss, tillsammans besegrar vi ensamheten.<\/p>\n\n\n\n<div class=\"wp-block-buttons is-layout-flex wp-block-buttons-is-layout-flex\">\n<div class=\"wp-block-button\"><a class=\"wp-block-button__link has-red-background-color has-background wp-element-button\" href=\"https:\/\/www.helsinkimissio.fi\/sv\/behover-du-hjalp\/unga\/ensamhetsprogram\/\">Boka tid till samtalshj\u00e4lpen<\/a><\/div>\n<\/div>\n\n\n                        <\/div>\n                                                    <div class=\" offset-1 col-sm-10 col-md-10 col-lg-5 col-xl-4 block-hero-element__image-area block-hero-element__image-area--center\">\n                                <img decoding=\"async\" src=\"https:\/\/www.helsinkimissio.fi\/wp-content\/uploads\/2022\/07\/600x900_Hero_Senior_Kohtaaminen.jpg\" width=\"600\" height=\"900\" alt=\"\" loading=\"lazy\">                            <\/div>\n                        \n                        \n                    <\/div>\n                <\/div>\n            <\/div>\n        <\/div>\n    <\/div>\n<\/section>\n\n\n<section  class=\"block  block-content-wrapper container-fluid has-background has-off-white-background-color has-background bg- has-off-white-background-color has--text-color\">\n    <div class=\"container\">\n        <div class=\"row  flex-start col-12\" style=\"justify-content: flex-start; \">\n                            <div class=\"\">\n                                    <main class=\"entry-content\">\n                        \n\n<h2 class=\"wp-block-heading has-text-align-center\">Centrum f\u00f6r ensamhetsarbete<\/h2>\n\n\n\n<p class=\"has-text-align-center\">Centrum f\u00f6r ensamhetsarbete erbjuder tj\u00e4nster som minskar ensamhet, som exempelvis samtalshj\u00e4lp mot ensamhet och en sj\u00e4lvhj\u00e4lpsguide. Tj\u00e4nsten \u00e4r tillg\u00e4nglig p\u00e5 plats i Helsingfors och i hela Finland p\u00e5 distans. Bekanta dig med alla v\u00e5ra tj\u00e4nster!<\/p>\n\n\n                    <\/main>\n                    <\/div>\n                <\/div>\n        <\/div>\n<\/section>\n\n\n<section  class=\"block  block-content-wrapper container-fluid has-background has-red-background-color has-background bg- has-red-background-color has--text-color\">\n    <div class=\"container\">\n        <div class=\"row  center col-12\" style=\"justify-content: center; \">\n                            <div class=\"\">\n                                    <main class=\"entry-content\">\n                        \n\n<h2 class=\"wp-block-heading has-text-align-center has-white-color has-text-color\">Samtalshj\u00e4lp mot ensamhet<\/h2>\n\n\n\n<p class=\"has-text-align-center is-style-lead has-white-color has-text-color\">Vi erbjuder vuxna samtalstr\u00e4ffar med yrkeshj\u00e4lpare samt olika verktyg till att minska k\u00e4nslor av ensamhet.<\/p>\n\n\n\n<div class=\"wp-block-button aligncenter\"><a class=\"wp-block-button__link has-dark-blue-background-color has-background wp-element-button\" href=\"https:\/\/www.helsinkimissio.fi\/sv\/behover-du-hjalp\/unga\/ensamhetsprogram\/\">Boka tid till samtalshj\u00e4lpen<\/a><\/div>\n\n\n                    <\/main>\n                    <\/div>\n                <\/div>\n        <\/div>\n<\/section>\n\n\n<section  class=\"block  block-content-wrapper container-fluid has-background has-off-white-background-color has-background bg- has-off-white-background-color has--text-color\">\n    <div class=\"container\">\n        <div class=\"row  center col-12\" style=\"justify-content: center; \">\n                            <div class=\"\">\n                                    <main class=\"entry-content\">\n                        \n\n<h2 class=\"wp-block-heading\">Vad \u00e4r ensamhet?<\/h2>\n\n\n\n<p>Var tionde finl\u00e4ndare lider av skadlig ensamhet. Ensamhet \u00e4r mera vanligt bland unga \u2013 kring 14 % av grundskole- och andra stadiets studerande och en fj\u00e4rdedel av h\u00f6gskolestuderande upplever ensamhet. Ensamhet \u00e4r \u00e4ven en av de st\u00f6rsta h\u00e4lsoriskerna f\u00f6r seniorer. Men ensamheten g\u00e5r att p\u00e5verka. F\u00f6lj med oss och l\u00e4r dig mer!<\/p>\n\n\n\n<div class=\"wp-block-button\"><a class=\"wp-block-button__link wp-element-button\" href=\"https:\/\/www.helsinkimissio.fi\/sv\/vad-ar-ensamhet\/\">L\u00e4r dig mer om ensamhet<\/a><\/div>\n\n\n                    <\/main>\n                    <\/div>\n                <\/div>\n        <\/div>\n<\/section>\n\n<section  class=\"block full-width block-kahdenpalstan-nosto  container-fluid has-background bg- margin-negative-off has-red-background-color has--text-color \">\n    <div class=\"container\">\n        <div class=\"row\">\n            <div class=\"\">\n                <div class=\"row\">\n                    <div class=\"col-sm-10 col-xl-12 mx-auto image_lift top left\">\n                        <div class=\" offset-1 col-xs-4 col-sm-12 col-md-10 col-lg-10 col-xl-4 image_lift__img_container top \">\n                            <img decoding=\"async\" src=\"https:\/\/www.helsinkimissio.fi\/wp-content\/uploads\/2022\/06\/Yksinainen_tytto_ikkunan_takana.jpg\" width=\"667\" height=\"1000\" class=\"image_lift__img  top\" alt=\"\" loading=\"lazy\">                            <img decoding=\"async\" src=\"https:\/\/www.helsinkimissio.fi\/wp-content\/uploads\/2022\/06\/Yksinainen_tytto_ikkunan_takana.jpg\" width=\"667\" height=\"1000\" class=\"image_lift__img mobile  top\" alt=\"\" loading=\"lazy\">\n                        <\/div>\n                        <div class=\"col-xs-4 col-sm-12 col-md-10 col-lg-10 col-xl-5 image_lift__position offset-1  center\">\n                            <main class=\"entry-content \">\n                                \n\n<h3 class=\"wp-block-heading has-white-color has-text-color\"><br><strong>Ensamhet \u2013 en sj\u00e4lvhj\u00e4lp<\/strong>guide<\/h3>\n\n\n\n<p class=\"has-white-color has-text-color\">Vill du sj\u00e4lvst\u00e4ndigt minska p\u00e5 k\u00e4nslor av ensamhet? Ensamhet-sj\u00e4lvhj\u00e4lpguiden passar alla som vill stanna upp och utforska tankar, k\u00e4nslor och beteendem\u00f6nster som \u00e4r kopplade till ensamhet.<\/p>\n\n\n\n<p class=\"has-white-color has-text-color\">Med hj\u00e4lp av guiden kan du uppt\u00e4cka nya perspektiv p\u00e5 dina relationer samt olika s\u00e4tt att lindra ensamhet.<\/p>\n\n\n\n<div class=\"wp-block-button alignleft\"><a class=\"wp-block-button__link has-dark-blue-background-color has-background wp-element-button\" href=\"https:\/\/www.helsinkimissio.fi\/wp-content\/uploads\/2023\/04\/Ensamhet.pdf\">Ladda ner Ensamhet-sj\u00e4lvhj\u00e4lpguiden<\/a><\/div>\n\n\n                            <\/main>\n                        <\/div>\n                    <\/div>\n                <\/div>\n            <\/div>\n        <\/div>\n<\/section>","protected":false},"excerpt":{"rendered":"","protected":false},"author":28,"featured_media":37424,"parent":25985,"menu_order":0,"comment_status":"closed","ping_status":"closed","template":"","meta":{"_acf_changed":false,"_relevanssi_hide_post":"","_relevanssi_hide_content":"","_relevanssi_pin_for_all":"","_relevanssi_pin_keywords":"","_relevanssi_unpin_keywords":"","_relevanssi_related_keywords":"","_relevanssi_related_include_ids":"","_relevanssi_related_exclude_ids":"","_relevanssi_related_no_append":"","_relevanssi_related_not_related":"","_relevanssi_related_posts":"15771,23705,22129,25461,20839,15668","_relevanssi_noindex_reason":"","footnotes":""},"class_list":["post-28199","page","type-page","status-publish","has-post-thumbnail","hentry"],"acf":[],"yoast_head":"<!-- This site is optimized with the Yoast SEO plugin v27.4 - https:\/\/yoast.com\/product\/yoast-seo-wordpress\/ -->\n<title>F\u00f6r vuxna &#8212; HelsinkiMissio<\/title>\n<meta name=\"robots\" content=\"index, follow, max-snippet:-1, max-image-preview:large, max-video-preview:-1\" \/>\n<link rel=\"canonical\" href=\"https:\/\/www.helsinkimissio.fi\/sv\/behover-du-hjalp\/for-vuxna\/\" \/>\n<meta property=\"og:locale\" content=\"sv_SE\" \/>\n<meta property=\"og:type\" content=\"article\" \/>\n<meta property=\"og:title\" content=\"F\u00f6r vuxna &#8212; HelsinkiMissio\" \/>\n<meta property=\"og:url\" content=\"https:\/\/www.helsinkimissio.fi\/sv\/behover-du-hjalp\/for-vuxna\/\" \/>\n<meta property=\"og:site_name\" content=\"HelsinkiMissio\" \/>\n<meta property=\"article:publisher\" content=\"https:\/\/www.facebook.com\/HelsinkiMissio\/\" \/>\n<meta property=\"article:modified_time\" content=\"2025-04-29T10:32:43+00:00\" \/>\n<meta property=\"og:image\" content=\"https:\/\/www.helsinkimissio.fi\/wp-content\/uploads\/2023\/03\/Yoast-featured-image-1200x675-sininen.png\" \/>\n\t<meta property=\"og:image:width\" content=\"1200\" \/>\n\t<meta property=\"og:image:height\" content=\"675\" \/>\n\t<meta property=\"og:image:type\" content=\"image\/png\" \/>\n<meta name=\"twitter:card\" content=\"summary_large_image\" \/>\n<meta name=\"twitter:site\" content=\"@HelsinkiMissio\" \/>\n<meta name=\"twitter:label1\" content=\"Ber\u00e4knad l\u00e4stid\" \/>\n\t<meta name=\"twitter:data1\" content=\"3 minuter\" \/>\n<script type=\"application\/ld+json\" class=\"yoast-schema-graph\">{\"@context\":\"https:\\\/\\\/schema.org\",\"@graph\":[{\"@type\":\"WebPage\",\"@id\":\"https:\\\/\\\/www.helsinkimissio.fi\\\/sv\\\/behover-du-hjalp\\\/for-vuxna\\\/\",\"url\":\"https:\\\/\\\/www.helsinkimissio.fi\\\/sv\\\/behover-du-hjalp\\\/for-vuxna\\\/\",\"name\":\"F\u00f6r vuxna &#8212; HelsinkiMissio\",\"isPartOf\":{\"@id\":\"https:\\\/\\\/www.helsinkimissio.fi\\\/sv\\\/#website\"},\"primaryImageOfPage\":{\"@id\":\"https:\\\/\\\/www.helsinkimissio.fi\\\/sv\\\/behover-du-hjalp\\\/for-vuxna\\\/#primaryimage\"},\"image\":{\"@id\":\"https:\\\/\\\/www.helsinkimissio.fi\\\/sv\\\/behover-du-hjalp\\\/for-vuxna\\\/#primaryimage\"},\"thumbnailUrl\":\"https:\\\/\\\/www.helsinkimissio.fi\\\/wp-content\\\/uploads\\\/2025\\\/07\\\/Vaakaovaali-900-x-600-px.jpg\",\"datePublished\":\"2022-05-20T09:23:37+00:00\",\"dateModified\":\"2025-04-29T10:32:43+00:00\",\"breadcrumb\":{\"@id\":\"https:\\\/\\\/www.helsinkimissio.fi\\\/sv\\\/behover-du-hjalp\\\/for-vuxna\\\/#breadcrumb\"},\"inLanguage\":\"sv-SE\",\"potentialAction\":[{\"@type\":\"ReadAction\",\"target\":[\"https:\\\/\\\/www.helsinkimissio.fi\\\/sv\\\/behover-du-hjalp\\\/for-vuxna\\\/\"]}]},{\"@type\":\"ImageObject\",\"inLanguage\":\"sv-SE\",\"@id\":\"https:\\\/\\\/www.helsinkimissio.fi\\\/sv\\\/behover-du-hjalp\\\/for-vuxna\\\/#primaryimage\",\"url\":\"https:\\\/\\\/www.helsinkimissio.fi\\\/wp-content\\\/uploads\\\/2025\\\/07\\\/Vaakaovaali-900-x-600-px.jpg\",\"contentUrl\":\"https:\\\/\\\/www.helsinkimissio.fi\\\/wp-content\\\/uploads\\\/2025\\\/07\\\/Vaakaovaali-900-x-600-px.jpg\",\"width\":900,\"height\":600,\"caption\":\"HelsinkiMission keskusteluapu\"},{\"@type\":\"BreadcrumbList\",\"@id\":\"https:\\\/\\\/www.helsinkimissio.fi\\\/sv\\\/behover-du-hjalp\\\/for-vuxna\\\/#breadcrumb\",\"itemListElement\":[{\"@type\":\"ListItem\",\"position\":1,\"name\":\"Etusivu\",\"item\":\"https:\\\/\\\/www.helsinkimissio.fi\\\/sv\\\/\"},{\"@type\":\"ListItem\",\"position\":2,\"name\":\"Beh\u00f6ver du hj\u00e4lp?\",\"item\":\"https:\\\/\\\/www.helsinkimissio.fi\\\/sv\\\/behover-du-hjalp\\\/\"},{\"@type\":\"ListItem\",\"position\":3,\"name\":\"F\u00f6r vuxna\"}]},{\"@type\":\"WebSite\",\"@id\":\"https:\\\/\\\/www.helsinkimissio.fi\\\/sv\\\/#website\",\"url\":\"https:\\\/\\\/www.helsinkimissio.fi\\\/sv\\\/\",\"name\":\"Yhdess\u00e4 yksin\u00e4isyys voitetaan \u2013 HelsinkiMissio\",\"description\":\"Yhdess\u00e4 yksin\u00e4isyys voitetaan.\",\"publisher\":{\"@id\":\"https:\\\/\\\/www.helsinkimissio.fi\\\/sv\\\/#organization\"},\"alternateName\":\"HelsinkiMissio\",\"potentialAction\":[{\"@type\":\"SearchAction\",\"target\":{\"@type\":\"EntryPoint\",\"urlTemplate\":\"https:\\\/\\\/www.helsinkimissio.fi\\\/sv\\\/?s={search_term_string}\"},\"query-input\":{\"@type\":\"PropertyValueSpecification\",\"valueRequired\":true,\"valueName\":\"search_term_string\"}}],\"inLanguage\":\"sv-SE\"},{\"@type\":\"Organization\",\"@id\":\"https:\\\/\\\/www.helsinkimissio.fi\\\/sv\\\/#organization\",\"name\":\"HelsinkiMissio\",\"url\":\"https:\\\/\\\/www.helsinkimissio.fi\\\/sv\\\/\",\"logo\":{\"@type\":\"ImageObject\",\"inLanguage\":\"sv-SE\",\"@id\":\"https:\\\/\\\/www.helsinkimissio.fi\\\/sv\\\/#\\\/schema\\\/logo\\\/image\\\/\",\"url\":\"https:\\\/\\\/www.helsinkimissio.fi\\\/wp-content\\\/uploads\\\/2022\\\/07\\\/cropped-Helsinkimissio_sin_logo.png\",\"contentUrl\":\"https:\\\/\\\/www.helsinkimissio.fi\\\/wp-content\\\/uploads\\\/2022\\\/07\\\/cropped-Helsinkimissio_sin_logo.png\",\"width\":512,\"height\":512,\"caption\":\"HelsinkiMissio\"},\"image\":{\"@id\":\"https:\\\/\\\/www.helsinkimissio.fi\\\/sv\\\/#\\\/schema\\\/logo\\\/image\\\/\"},\"sameAs\":[\"https:\\\/\\\/www.facebook.com\\\/HelsinkiMissio\\\/\",\"https:\\\/\\\/x.com\\\/HelsinkiMissio\",\"https:\\\/\\\/www.instagram.com\\\/helsinkimissio\\\/\",\"https:\\\/\\\/www.linkedin.com\\\/company\\\/10844786\\\/\",\"https:\\\/\\\/www.youtube.com\\\/channel\\\/UCzKk3pYABu9D-DzQAx1Yr2w\"]}]}<\/script>\n<!-- \/ Yoast SEO plugin. -->","yoast_head_json":{"title":"F\u00f6r vuxna &#8212; HelsinkiMissio","robots":{"index":"index","follow":"follow","max-snippet":"max-snippet:-1","max-image-preview":"max-image-preview:large","max-video-preview":"max-video-preview:-1"},"canonical":"https:\/\/www.helsinkimissio.fi\/sv\/behover-du-hjalp\/for-vuxna\/","og_locale":"sv_SE","og_type":"article","og_title":"F\u00f6r vuxna &#8212; HelsinkiMissio","og_url":"https:\/\/www.helsinkimissio.fi\/sv\/behover-du-hjalp\/for-vuxna\/","og_site_name":"HelsinkiMissio","article_publisher":"https:\/\/www.facebook.com\/HelsinkiMissio\/","article_modified_time":"2025-04-29T10:32:43+00:00","og_image":[{"width":1200,"height":675,"url":"https:\/\/www.helsinkimissio.fi\/wp-content\/uploads\/2023\/03\/Yoast-featured-image-1200x675-sininen.png","type":"image\/png"}],"twitter_card":"summary_large_image","twitter_site":"@HelsinkiMissio","twitter_misc":{"Ber\u00e4knad l\u00e4stid":"3 minuter"},"schema":{"@context":"https:\/\/schema.org","@graph":[{"@type":"WebPage","@id":"https:\/\/www.helsinkimissio.fi\/sv\/behover-du-hjalp\/for-vuxna\/","url":"https:\/\/www.helsinkimissio.fi\/sv\/behover-du-hjalp\/for-vuxna\/","name":"F\u00f6r vuxna &#8212; HelsinkiMissio","isPartOf":{"@id":"https:\/\/www.helsinkimissio.fi\/sv\/#website"},"primaryImageOfPage":{"@id":"https:\/\/www.helsinkimissio.fi\/sv\/behover-du-hjalp\/for-vuxna\/#primaryimage"},"image":{"@id":"https:\/\/www.helsinkimissio.fi\/sv\/behover-du-hjalp\/for-vuxna\/#primaryimage"},"thumbnailUrl":"https:\/\/www.helsinkimissio.fi\/wp-content\/uploads\/2025\/07\/Vaakaovaali-900-x-600-px.jpg","datePublished":"2022-05-20T09:23:37+00:00","dateModified":"2025-04-29T10:32:43+00:00","breadcrumb":{"@id":"https:\/\/www.helsinkimissio.fi\/sv\/behover-du-hjalp\/for-vuxna\/#breadcrumb"},"inLanguage":"sv-SE","potentialAction":[{"@type":"ReadAction","target":["https:\/\/www.helsinkimissio.fi\/sv\/behover-du-hjalp\/for-vuxna\/"]}]},{"@type":"ImageObject","inLanguage":"sv-SE","@id":"https:\/\/www.helsinkimissio.fi\/sv\/behover-du-hjalp\/for-vuxna\/#primaryimage","url":"https:\/\/www.helsinkimissio.fi\/wp-content\/uploads\/2025\/07\/Vaakaovaali-900-x-600-px.jpg","contentUrl":"https:\/\/www.helsinkimissio.fi\/wp-content\/uploads\/2025\/07\/Vaakaovaali-900-x-600-px.jpg","width":900,"height":600,"caption":"HelsinkiMission keskusteluapu"},{"@type":"BreadcrumbList","@id":"https:\/\/www.helsinkimissio.fi\/sv\/behover-du-hjalp\/for-vuxna\/#breadcrumb","itemListElement":[{"@type":"ListItem","position":1,"name":"Etusivu","item":"https:\/\/www.helsinkimissio.fi\/sv\/"},{"@type":"ListItem","position":2,"name":"Beh\u00f6ver du hj\u00e4lp?","item":"https:\/\/www.helsinkimissio.fi\/sv\/behover-du-hjalp\/"},{"@type":"ListItem","position":3,"name":"F\u00f6r vuxna"}]},{"@type":"WebSite","@id":"https:\/\/www.helsinkimissio.fi\/sv\/#website","url":"https:\/\/www.helsinkimissio.fi\/sv\/","name":"Yhdess\u00e4 yksin\u00e4isyys voitetaan \u2013 HelsinkiMissio","description":"Yhdess\u00e4 yksin\u00e4isyys voitetaan.","publisher":{"@id":"https:\/\/www.helsinkimissio.fi\/sv\/#organization"},"alternateName":"HelsinkiMissio","potentialAction":[{"@type":"SearchAction","target":{"@type":"EntryPoint","urlTemplate":"https:\/\/www.helsinkimissio.fi\/sv\/?s={search_term_string}"},"query-input":{"@type":"PropertyValueSpecification","valueRequired":true,"valueName":"search_term_string"}}],"inLanguage":"sv-SE"},{"@type":"Organization","@id":"https:\/\/www.helsinkimissio.fi\/sv\/#organization","name":"HelsinkiMissio","url":"https:\/\/www.helsinkimissio.fi\/sv\/","logo":{"@type":"ImageObject","inLanguage":"sv-SE","@id":"https:\/\/www.helsinkimissio.fi\/sv\/#\/schema\/logo\/image\/","url":"https:\/\/www.helsinkimissio.fi\/wp-content\/uploads\/2022\/07\/cropped-Helsinkimissio_sin_logo.png","contentUrl":"https:\/\/www.helsinkimissio.fi\/wp-content\/uploads\/2022\/07\/cropped-Helsinkimissio_sin_logo.png","width":512,"height":512,"caption":"HelsinkiMissio"},"image":{"@id":"https:\/\/www.helsinkimissio.fi\/sv\/#\/schema\/logo\/image\/"},"sameAs":["https:\/\/www.facebook.com\/HelsinkiMissio\/","https:\/\/x.com\/HelsinkiMissio","https:\/\/www.instagram.com\/helsinkimissio\/","https:\/\/www.linkedin.com\/company\/10844786\/","https:\/\/www.youtube.com\/channel\/UCzKk3pYABu9D-DzQAx1Yr2w"]}]}},"_links":{"self":[{"href":"https:\/\/www.helsinkimissio.fi\/sv\/wp-json\/wp\/v2\/pages\/28199","targetHints":{"allow":["GET"]}}],"collection":[{"href":"https:\/\/www.helsinkimissio.fi\/sv\/wp-json\/wp\/v2\/pages"}],"about":[{"href":"https:\/\/www.helsinkimissio.fi\/sv\/wp-json\/wp\/v2\/types\/page"}],"author":[{"embeddable":true,"href":"https:\/\/www.helsinkimissio.fi\/sv\/wp-json\/wp\/v2\/users\/28"}],"replies":[{"embeddable":true,"href":"https:\/\/www.helsinkimissio.fi\/sv\/wp-json\/wp\/v2\/comments?post=28199"}],"version-history":[{"count":9,"href":"https:\/\/www.helsinkimissio.fi\/sv\/wp-json\/wp\/v2\/pages\/28199\/revisions"}],"predecessor-version":[{"id":36370,"href":"https:\/\/www.helsinkimissio.fi\/sv\/wp-json\/wp\/v2\/pages\/28199\/revisions\/36370"}],"up":[{"embeddable":true,"href":"https:\/\/www.helsinkimissio.fi\/sv\/wp-json\/wp\/v2\/pages\/25985"}],"wp:featuredmedia":[{"embeddable":true,"href":"https:\/\/www.helsinkimissio.fi\/sv\/wp-json\/wp\/v2\/media\/37424"}],"wp:attachment":[{"href":"https:\/\/www.helsinkimissio.fi\/sv\/wp-json\/wp\/v2\/media?parent=28199"}],"curies":[{"name":"wp","href":"https:\/\/api.w.org\/{rel}","templated":true}]}}