{"id":29285,"date":"2024-03-19T11:00:28","date_gmt":"2024-03-19T09:00:28","guid":{"rendered":"https:\/\/www.helsinkimissio.fi\/?page_id=29285"},"modified":"2025-11-03T13:46:26","modified_gmt":"2025-11-03T11:46:26","slug":"berattelser-om-ensamhet","status":"publish","type":"page","link":"https:\/\/www.helsinkimissio.fi\/sv\/behover-du-hjalp\/unga\/berattelser-om-ensamhet\/","title":{"rendered":"Ber\u00e4ttelser om ensamhet-handbok"},"content":{"rendered":"\n<section  class=\"block block-hero-element container-fluid has-off-white-background-color has-bg block-hero-element-- block-hero-element__desktop-background wp-elements-f5a6bfbee0d25e2d5ba3397e7f1896b0\" style=\"background-image: url();\">\n    <div class=\"block-hero-element__mobile-background\">\n        <div class=\"container\">\n            <div class=\"row\">\n                <div class=\"col-sm-10 col-md-12 col-hd-12 mx-auto\">\n                    <div class=\"row  block-hero-element__wrapper block-hero-element--text-left   not_front_hero padding-zero\">\n                        <div class=\"offset-1 col-sm-10 col-md-10 col-lg-5 col-xl-5 block-hero-element__text-area block-hero-element--text-vertical-position-top\">\n                            \n\n    <h1 class=\"colored-heading no-background new wp-elements-39619ce5677e094a6cf1f188e447871f\">\n                                <p class=\"has-background bg- has-dark-blue-background-color has-white-text-color\"> Ensamhet genom <\/p> <br>\n                                <p class=\"has-background bg- has-dark-blue-background-color has-white-text-color\"> ungas \u00f6gon <\/p> <br>\n            <\/h1>\n\n\n\n<p class=\"has-dark-blue-color has-text-color has-link-color wp-elements-174fc013b5f8168cd3f7f1b6f9b61496\">Handboken Ber\u00e4ttelser om ensamhet ger unga en plattform d\u00e4r de ber\u00e4ttar om sina ensamhetsupplevelser och k\u00e4nslor genom skrift, poesi och bildkonst. Handboken erbjuder information om ensamhet samt verktyg f\u00f6r att lindra den egna eller n\u00e5gon annans upplevelse av ensamhet. Handboken \u00e4r kostnadsfri.<\/p>\n\n\n                        <\/div>\n                                                    <div class=\" offset-1 col-sm-10 col-md-10 col-lg-5 col-xl-4 block-hero-element__image-area block-hero-element__image-area--center\">\n                                <img decoding=\"async\" src=\"https:\/\/www.helsinkimissio.fi\/wp-content\/uploads\/2024\/03\/HelsingforsMission-Bera\u0308ttelser-om-ensamhet-omslagsfoto.png\" width=\"1009\" height=\"1458\" alt=\"\" fetchpriority=\"high\" data-no-lazy=\"1\">                            <\/div>\n                        \n                        \n                    <\/div>\n                <\/div>\n            <\/div>\n        <\/div>\n    <\/div>\n<\/section>\n\n\n<section  class=\"block  block-content-wrapper container-fluid has-background has-white-background-color bg- has-white-text-color wp-elements-586995772262deaa1ee6710c407c3176\">\n    <div class=\"container\">\n        <div class=\"row  center col-12\" style=\"justify-content: center; \">\n                            <div class=\"\">\n                                    <main class=\"entry-content\">\n                        \n\n<h1 class=\"wp-block-heading has-dark-blue-color has-text-color has-link-color wp-elements-57d0e8710d65a20498a6ae7f8329dd0d\">En handbok fr\u00e5n unga till unga<\/h1>\n\n\n\n<p class=\"has-dark-blue-color has-text-color has-link-color wp-elements-0c6262523d1b4b6681e08bf03e66795b\">L\u00e4ngtar du efter s\u00e4tt att lindra dina egna upplevelser av ensamhet? Om du svarade ja, \u00e4r du inte ensam. M\u00e5nga k\u00e4nner likadant, och i denna handbok ber\u00e4ttar unga om deras personliga erfarenheter om ensamhet. Handboken erbjuder \u00e4ven \u00f6vningar och l\u00f6sningar f\u00f6r att minska upplevelsen av ensamhet.<\/p>\n\n\n\n<div class=\"wp-block-button\"><a class=\"wp-block-button__link has-white-color has-red-background-color has-text-color has-background has-link-color wp-element-button\" href=\"https:\/\/www.helsinkimissio.fi\/wp-content\/uploads\/2024\/03\/Bera\u0308ttelser-om-ensamhet-\u2013-en-handbok-fo\u0308r-unga.pdf\" style=\"border-radius:100px\" target=\"_blank\" rel=\"noreferrer noopener\">Ladda ner handboken<\/a><\/div>\n\n\n                    <\/main>\n                    <\/div>\n                <\/div>\n        <\/div>\n<\/section>\n\n\n<section  class=\"block  block-content-wrapper container-fluid has-background has-red-background-color bg- has-white-text-color wp-elements-3de8f419bb144b053ff3805cfcb68fb4\">\n    <div class=\"container\">\n        <div class=\"row  flex-start col-12\" style=\"justify-content: flex-start; \">\n                            <div class=\"\">\n                                    <main class=\"entry-content\">\n                        \n\n<h2 class=\"wp-block-heading has-white-color has-text-color has-link-color wp-elements-9e41bba3dd61884e2f5919778cb0fce0\">Vill du l\u00e4ra dig mer om ensamhet bland unga?<\/h2>\n\n\n\n<p class=\"has-white-color has-text-color has-link-color wp-elements-170f04a4d8198d2df216dec4d802d073\">Ber\u00e4ttelser om ensamhet-handboken \u00e4r till f\u00f6r alla som vill stanna upp och l\u00e4ra sig mer om ensamhet bland unga. Handboken l\u00e4mpar sig \u00e4ven som material f\u00f6r professionella inom ungdoms- och utbildningssektorn. I handboken finns skrivna och illustrerade verk av unga, vilka hj\u00e4lper dig att f\u00f6rdjupa din f\u00f6rst\u00e5else f\u00f6r hur ensamhet p\u00e5verkar ungas liv p\u00e5 olika s\u00e4tt.<\/p>\n\n\n                    <\/main>\n                    <\/div>\n                <\/div>\n        <\/div>\n<\/section>\n\n<section  class=\"block full-width block-kahdenpalstan-nosto  container-fluid has-background bg- margin-negative-off has-dark-blue-background-color has--text-color \">\n    <div class=\"container\">\n        <div class=\"row\">\n            <div class=\"\">\n                <div class=\"row\">\n                    <div class=\"col-sm-10 col-xl-12 mx-auto image_lift top left\">\n                        <div class=\" offset-1 col-xs-4 col-sm-12 col-md-10 col-lg-10 col-xl-4 image_lift__img_container top \">\n                            <img decoding=\"async\" src=\"https:\/\/www.helsinkimissio.fi\/wp-content\/uploads\/2022\/07\/600x900_Hero_Nuoret_Tytto_katsoo_silmiin.jpg\" width=\"600\" height=\"900\" class=\"image_lift__img  top\" alt=\"Nuori tytt\u00f6 katsoo kameraan\" loading=\"lazy\">                            <img decoding=\"async\" src=\"https:\/\/www.helsinkimissio.fi\/wp-content\/uploads\/2022\/07\/600x900_Hero_Nuoret_Tytto_katsoo_silmiin.jpg\" width=\"600\" height=\"900\" class=\"image_lift__img mobile  top\" alt=\"Nuori tytt\u00f6 katsoo kameraan\" loading=\"lazy\">\n                        <\/div>\n                        <div class=\"col-xs-4 col-sm-12 col-md-10 col-lg-10 col-xl-5 image_lift__position offset-1  center\">\n                            <main class=\"entry-content \">\n                                \n\n<h1 class=\"wp-block-heading has-white-color has-text-color has-link-color wp-elements-ae74459d85bcdbcf0540ddd2f5eb37a1\">Beh\u00f6ver du samtalshj\u00e4lp?<\/h1>\n\n\n\n<p class=\"has-white-color has-text-color has-link-color wp-elements-3ec0bfca073100aeaf2171267fcfb13a\">Med v\u00e5ra yrkeshj\u00e4lpare kan du tala om vad som helst som \u00e4r viktigt f\u00f6r dig, en kris eller oro kring hur du eller en n\u00e4rst\u00e5ende m\u00e5r, eller om ensamhet.&nbsp;<\/p>\n\n\n\n<div class=\"wp-block-button alignleft\"><a class=\"wp-block-button__link has-red-background-color has-background wp-element-button\" href=\"https:\/\/www.helsinkimissio.fi\/sv\/behover-du-hjalp\/unga\/samtals-och-krishjalp\/\" target=\"_blank\" rel=\"noreferrer noopener\">L\u00e4s mer och boka tid<\/a><\/div>\n\n\n                            <\/main>\n                        <\/div>\n                    <\/div>\n                <\/div>\n            <\/div>\n        <\/div>\n<\/section>\n\n\n<p><\/p>\n","protected":false},"excerpt":{"rendered":"","protected":false},"author":28,"featured_media":29363,"parent":11519,"menu_order":0,"comment_status":"closed","ping_status":"closed","template":"","meta":{"_acf_changed":false,"_relevanssi_hide_post":"","_relevanssi_hide_content":"","_relevanssi_pin_for_all":"","_relevanssi_pin_keywords":"","_relevanssi_unpin_keywords":"","_relevanssi_related_keywords":"","_relevanssi_related_include_ids":"","_relevanssi_related_exclude_ids":"","_relevanssi_related_no_append":"","_relevanssi_related_not_related":"","_relevanssi_related_posts":"5260,9466,25462,28952,28534,5787","_relevanssi_noindex_reason":"","footnotes":""},"class_list":["post-29285","page","type-page","status-publish","has-post-thumbnail","hentry"],"acf":[],"yoast_head":"<!-- This site is optimized with the Yoast SEO plugin v27.4 - https:\/\/yoast.com\/product\/yoast-seo-wordpress\/ -->\n<title>Ber\u00e4ttelser om ensamhet-handbok &#8212; HelsinkiMissio<\/title>\n<meta name=\"robots\" content=\"index, follow, max-snippet:-1, max-image-preview:large, max-video-preview:-1\" \/>\n<link rel=\"canonical\" href=\"https:\/\/www.helsinkimissio.fi\/sv\/behover-du-hjalp\/unga\/berattelser-om-ensamhet\/\" \/>\n<meta property=\"og:locale\" content=\"sv_SE\" \/>\n<meta property=\"og:type\" content=\"article\" \/>\n<meta property=\"og:title\" content=\"Ber\u00e4ttelser om ensamhet-handbok &#8212; HelsinkiMissio\" \/>\n<meta property=\"og:url\" content=\"https:\/\/www.helsinkimissio.fi\/sv\/behover-du-hjalp\/unga\/berattelser-om-ensamhet\/\" \/>\n<meta property=\"og:site_name\" content=\"HelsinkiMissio\" \/>\n<meta property=\"article:publisher\" content=\"https:\/\/www.facebook.com\/HelsinkiMissio\/\" \/>\n<meta property=\"article:modified_time\" content=\"2025-11-03T11:46:26+00:00\" \/>\n<meta property=\"og:image\" content=\"https:\/\/www.helsinkimissio.fi\/wp-content\/uploads\/2024\/03\/HelsinkiMissio-Kertomuksia-yksina\u0308isyydesta\u0308-tiedote.png\" \/>\n\t<meta property=\"og:image:width\" content=\"1921\" \/>\n\t<meta property=\"og:image:height\" content=\"1081\" \/>\n\t<meta property=\"og:image:type\" content=\"image\/png\" \/>\n<meta name=\"twitter:card\" content=\"summary_large_image\" \/>\n<meta name=\"twitter:site\" content=\"@HelsinkiMissio\" \/>\n<meta name=\"twitter:label1\" content=\"Ber\u00e4knad l\u00e4stid\" \/>\n\t<meta name=\"twitter:data1\" content=\"3 minuter\" \/>\n<script type=\"application\/ld+json\" class=\"yoast-schema-graph\">{\"@context\":\"https:\\\/\\\/schema.org\",\"@graph\":[{\"@type\":\"WebPage\",\"@id\":\"https:\\\/\\\/www.helsinkimissio.fi\\\/sv\\\/behover-du-hjalp\\\/unga\\\/berattelser-om-ensamhet\\\/\",\"url\":\"https:\\\/\\\/www.helsinkimissio.fi\\\/sv\\\/behover-du-hjalp\\\/unga\\\/berattelser-om-ensamhet\\\/\",\"name\":\"Ber\u00e4ttelser om ensamhet-handbok &#8212; HelsinkiMissio\",\"isPartOf\":{\"@id\":\"https:\\\/\\\/www.helsinkimissio.fi\\\/sv\\\/#website\"},\"primaryImageOfPage\":{\"@id\":\"https:\\\/\\\/www.helsinkimissio.fi\\\/sv\\\/behover-du-hjalp\\\/unga\\\/berattelser-om-ensamhet\\\/#primaryimage\"},\"image\":{\"@id\":\"https:\\\/\\\/www.helsinkimissio.fi\\\/sv\\\/behover-du-hjalp\\\/unga\\\/berattelser-om-ensamhet\\\/#primaryimage\"},\"thumbnailUrl\":\"https:\\\/\\\/www.helsinkimissio.fi\\\/wp-content\\\/uploads\\\/2024\\\/03\\\/HelsinkiMissio-Kertomuksia-yksina\u0308isyydesta\u0308-tiedote.png\",\"datePublished\":\"2024-03-19T09:00:28+00:00\",\"dateModified\":\"2025-11-03T11:46:26+00:00\",\"breadcrumb\":{\"@id\":\"https:\\\/\\\/www.helsinkimissio.fi\\\/sv\\\/behover-du-hjalp\\\/unga\\\/berattelser-om-ensamhet\\\/#breadcrumb\"},\"inLanguage\":\"sv-SE\",\"potentialAction\":[{\"@type\":\"ReadAction\",\"target\":[\"https:\\\/\\\/www.helsinkimissio.fi\\\/sv\\\/behover-du-hjalp\\\/unga\\\/berattelser-om-ensamhet\\\/\"]}]},{\"@type\":\"ImageObject\",\"inLanguage\":\"sv-SE\",\"@id\":\"https:\\\/\\\/www.helsinkimissio.fi\\\/sv\\\/behover-du-hjalp\\\/unga\\\/berattelser-om-ensamhet\\\/#primaryimage\",\"url\":\"https:\\\/\\\/www.helsinkimissio.fi\\\/wp-content\\\/uploads\\\/2024\\\/03\\\/HelsinkiMissio-Kertomuksia-yksina\u0308isyydesta\u0308-tiedote.png\",\"contentUrl\":\"https:\\\/\\\/www.helsinkimissio.fi\\\/wp-content\\\/uploads\\\/2024\\\/03\\\/HelsinkiMissio-Kertomuksia-yksina\u0308isyydesta\u0308-tiedote.png\",\"width\":1921,\"height\":1081},{\"@type\":\"BreadcrumbList\",\"@id\":\"https:\\\/\\\/www.helsinkimissio.fi\\\/sv\\\/behover-du-hjalp\\\/unga\\\/berattelser-om-ensamhet\\\/#breadcrumb\",\"itemListElement\":[{\"@type\":\"ListItem\",\"position\":1,\"name\":\"Etusivu\",\"item\":\"https:\\\/\\\/www.helsinkimissio.fi\\\/sv\\\/\"},{\"@type\":\"ListItem\",\"position\":2,\"name\":\"Beh\u00f6ver du hj\u00e4lp?\",\"item\":\"https:\\\/\\\/www.helsinkimissio.fi\\\/sv\\\/behover-du-hjalp\\\/\"},{\"@type\":\"ListItem\",\"position\":3,\"name\":\"F\u00f6r unga\",\"item\":\"https:\\\/\\\/www.helsinkimissio.fi\\\/sv\\\/behover-du-hjalp\\\/unga\\\/\"},{\"@type\":\"ListItem\",\"position\":4,\"name\":\"Ber\u00e4ttelser om ensamhet-handbok\"}]},{\"@type\":\"WebSite\",\"@id\":\"https:\\\/\\\/www.helsinkimissio.fi\\\/sv\\\/#website\",\"url\":\"https:\\\/\\\/www.helsinkimissio.fi\\\/sv\\\/\",\"name\":\"Yhdess\u00e4 yksin\u00e4isyys voitetaan \u2013 HelsinkiMissio\",\"description\":\"Yhdess\u00e4 yksin\u00e4isyys voitetaan.\",\"publisher\":{\"@id\":\"https:\\\/\\\/www.helsinkimissio.fi\\\/sv\\\/#organization\"},\"alternateName\":\"HelsinkiMissio\",\"potentialAction\":[{\"@type\":\"SearchAction\",\"target\":{\"@type\":\"EntryPoint\",\"urlTemplate\":\"https:\\\/\\\/www.helsinkimissio.fi\\\/sv\\\/?s={search_term_string}\"},\"query-input\":{\"@type\":\"PropertyValueSpecification\",\"valueRequired\":true,\"valueName\":\"search_term_string\"}}],\"inLanguage\":\"sv-SE\"},{\"@type\":\"Organization\",\"@id\":\"https:\\\/\\\/www.helsinkimissio.fi\\\/sv\\\/#organization\",\"name\":\"HelsinkiMissio\",\"url\":\"https:\\\/\\\/www.helsinkimissio.fi\\\/sv\\\/\",\"logo\":{\"@type\":\"ImageObject\",\"inLanguage\":\"sv-SE\",\"@id\":\"https:\\\/\\\/www.helsinkimissio.fi\\\/sv\\\/#\\\/schema\\\/logo\\\/image\\\/\",\"url\":\"https:\\\/\\\/www.helsinkimissio.fi\\\/wp-content\\\/uploads\\\/2022\\\/07\\\/cropped-Helsinkimissio_sin_logo.png\",\"contentUrl\":\"https:\\\/\\\/www.helsinkimissio.fi\\\/wp-content\\\/uploads\\\/2022\\\/07\\\/cropped-Helsinkimissio_sin_logo.png\",\"width\":512,\"height\":512,\"caption\":\"HelsinkiMissio\"},\"image\":{\"@id\":\"https:\\\/\\\/www.helsinkimissio.fi\\\/sv\\\/#\\\/schema\\\/logo\\\/image\\\/\"},\"sameAs\":[\"https:\\\/\\\/www.facebook.com\\\/HelsinkiMissio\\\/\",\"https:\\\/\\\/x.com\\\/HelsinkiMissio\",\"https:\\\/\\\/www.instagram.com\\\/helsinkimissio\\\/\",\"https:\\\/\\\/www.linkedin.com\\\/company\\\/10844786\\\/\",\"https:\\\/\\\/www.youtube.com\\\/channel\\\/UCzKk3pYABu9D-DzQAx1Yr2w\"]}]}<\/script>\n<!-- \/ Yoast SEO plugin. -->","yoast_head_json":{"title":"Ber\u00e4ttelser om ensamhet-handbok &#8212; HelsinkiMissio","robots":{"index":"index","follow":"follow","max-snippet":"max-snippet:-1","max-image-preview":"max-image-preview:large","max-video-preview":"max-video-preview:-1"},"canonical":"https:\/\/www.helsinkimissio.fi\/sv\/behover-du-hjalp\/unga\/berattelser-om-ensamhet\/","og_locale":"sv_SE","og_type":"article","og_title":"Ber\u00e4ttelser om ensamhet-handbok &#8212; HelsinkiMissio","og_url":"https:\/\/www.helsinkimissio.fi\/sv\/behover-du-hjalp\/unga\/berattelser-om-ensamhet\/","og_site_name":"HelsinkiMissio","article_publisher":"https:\/\/www.facebook.com\/HelsinkiMissio\/","article_modified_time":"2025-11-03T11:46:26+00:00","og_image":[{"width":1921,"height":1081,"url":"https:\/\/www.helsinkimissio.fi\/wp-content\/uploads\/2024\/03\/HelsinkiMissio-Kertomuksia-yksina\u0308isyydesta\u0308-tiedote.png","type":"image\/png"}],"twitter_card":"summary_large_image","twitter_site":"@HelsinkiMissio","twitter_misc":{"Ber\u00e4knad l\u00e4stid":"3 minuter"},"schema":{"@context":"https:\/\/schema.org","@graph":[{"@type":"WebPage","@id":"https:\/\/www.helsinkimissio.fi\/sv\/behover-du-hjalp\/unga\/berattelser-om-ensamhet\/","url":"https:\/\/www.helsinkimissio.fi\/sv\/behover-du-hjalp\/unga\/berattelser-om-ensamhet\/","name":"Ber\u00e4ttelser om ensamhet-handbok &#8212; HelsinkiMissio","isPartOf":{"@id":"https:\/\/www.helsinkimissio.fi\/sv\/#website"},"primaryImageOfPage":{"@id":"https:\/\/www.helsinkimissio.fi\/sv\/behover-du-hjalp\/unga\/berattelser-om-ensamhet\/#primaryimage"},"image":{"@id":"https:\/\/www.helsinkimissio.fi\/sv\/behover-du-hjalp\/unga\/berattelser-om-ensamhet\/#primaryimage"},"thumbnailUrl":"https:\/\/www.helsinkimissio.fi\/wp-content\/uploads\/2024\/03\/HelsinkiMissio-Kertomuksia-yksina\u0308isyydesta\u0308-tiedote.png","datePublished":"2024-03-19T09:00:28+00:00","dateModified":"2025-11-03T11:46:26+00:00","breadcrumb":{"@id":"https:\/\/www.helsinkimissio.fi\/sv\/behover-du-hjalp\/unga\/berattelser-om-ensamhet\/#breadcrumb"},"inLanguage":"sv-SE","potentialAction":[{"@type":"ReadAction","target":["https:\/\/www.helsinkimissio.fi\/sv\/behover-du-hjalp\/unga\/berattelser-om-ensamhet\/"]}]},{"@type":"ImageObject","inLanguage":"sv-SE","@id":"https:\/\/www.helsinkimissio.fi\/sv\/behover-du-hjalp\/unga\/berattelser-om-ensamhet\/#primaryimage","url":"https:\/\/www.helsinkimissio.fi\/wp-content\/uploads\/2024\/03\/HelsinkiMissio-Kertomuksia-yksina\u0308isyydesta\u0308-tiedote.png","contentUrl":"https:\/\/www.helsinkimissio.fi\/wp-content\/uploads\/2024\/03\/HelsinkiMissio-Kertomuksia-yksina\u0308isyydesta\u0308-tiedote.png","width":1921,"height":1081},{"@type":"BreadcrumbList","@id":"https:\/\/www.helsinkimissio.fi\/sv\/behover-du-hjalp\/unga\/berattelser-om-ensamhet\/#breadcrumb","itemListElement":[{"@type":"ListItem","position":1,"name":"Etusivu","item":"https:\/\/www.helsinkimissio.fi\/sv\/"},{"@type":"ListItem","position":2,"name":"Beh\u00f6ver du hj\u00e4lp?","item":"https:\/\/www.helsinkimissio.fi\/sv\/behover-du-hjalp\/"},{"@type":"ListItem","position":3,"name":"F\u00f6r unga","item":"https:\/\/www.helsinkimissio.fi\/sv\/behover-du-hjalp\/unga\/"},{"@type":"ListItem","position":4,"name":"Ber\u00e4ttelser om ensamhet-handbok"}]},{"@type":"WebSite","@id":"https:\/\/www.helsinkimissio.fi\/sv\/#website","url":"https:\/\/www.helsinkimissio.fi\/sv\/","name":"Yhdess\u00e4 yksin\u00e4isyys voitetaan \u2013 HelsinkiMissio","description":"Yhdess\u00e4 yksin\u00e4isyys voitetaan.","publisher":{"@id":"https:\/\/www.helsinkimissio.fi\/sv\/#organization"},"alternateName":"HelsinkiMissio","potentialAction":[{"@type":"SearchAction","target":{"@type":"EntryPoint","urlTemplate":"https:\/\/www.helsinkimissio.fi\/sv\/?s={search_term_string}"},"query-input":{"@type":"PropertyValueSpecification","valueRequired":true,"valueName":"search_term_string"}}],"inLanguage":"sv-SE"},{"@type":"Organization","@id":"https:\/\/www.helsinkimissio.fi\/sv\/#organization","name":"HelsinkiMissio","url":"https:\/\/www.helsinkimissio.fi\/sv\/","logo":{"@type":"ImageObject","inLanguage":"sv-SE","@id":"https:\/\/www.helsinkimissio.fi\/sv\/#\/schema\/logo\/image\/","url":"https:\/\/www.helsinkimissio.fi\/wp-content\/uploads\/2022\/07\/cropped-Helsinkimissio_sin_logo.png","contentUrl":"https:\/\/www.helsinkimissio.fi\/wp-content\/uploads\/2022\/07\/cropped-Helsinkimissio_sin_logo.png","width":512,"height":512,"caption":"HelsinkiMissio"},"image":{"@id":"https:\/\/www.helsinkimissio.fi\/sv\/#\/schema\/logo\/image\/"},"sameAs":["https:\/\/www.facebook.com\/HelsinkiMissio\/","https:\/\/x.com\/HelsinkiMissio","https:\/\/www.instagram.com\/helsinkimissio\/","https:\/\/www.linkedin.com\/company\/10844786\/","https:\/\/www.youtube.com\/channel\/UCzKk3pYABu9D-DzQAx1Yr2w"]}]}},"_links":{"self":[{"href":"https:\/\/www.helsinkimissio.fi\/sv\/wp-json\/wp\/v2\/pages\/29285","targetHints":{"allow":["GET"]}}],"collection":[{"href":"https:\/\/www.helsinkimissio.fi\/sv\/wp-json\/wp\/v2\/pages"}],"about":[{"href":"https:\/\/www.helsinkimissio.fi\/sv\/wp-json\/wp\/v2\/types\/page"}],"author":[{"embeddable":true,"href":"https:\/\/www.helsinkimissio.fi\/sv\/wp-json\/wp\/v2\/users\/28"}],"replies":[{"embeddable":true,"href":"https:\/\/www.helsinkimissio.fi\/sv\/wp-json\/wp\/v2\/comments?post=29285"}],"version-history":[{"count":8,"href":"https:\/\/www.helsinkimissio.fi\/sv\/wp-json\/wp\/v2\/pages\/29285\/revisions"}],"predecessor-version":[{"id":39505,"href":"https:\/\/www.helsinkimissio.fi\/sv\/wp-json\/wp\/v2\/pages\/29285\/revisions\/39505"}],"up":[{"embeddable":true,"href":"https:\/\/www.helsinkimissio.fi\/sv\/wp-json\/wp\/v2\/pages\/11519"}],"wp:featuredmedia":[{"embeddable":true,"href":"https:\/\/www.helsinkimissio.fi\/sv\/wp-json\/wp\/v2\/media\/29363"}],"wp:attachment":[{"href":"https:\/\/www.helsinkimissio.fi\/sv\/wp-json\/wp\/v2\/media?parent=29285"}],"curies":[{"name":"wp","href":"https:\/\/api.w.org\/{rel}","templated":true}]}}