{"id":29639,"date":"2023-02-22T15:48:22","date_gmt":"2023-02-22T13:48:22","guid":{"rendered":"https:\/\/www.helsinkimissio.fi\/?page_id=29639"},"modified":"2025-04-17T10:32:35","modified_gmt":"2025-04-17T07:32:35","slug":"bli-en-kulturkompis","status":"publish","type":"page","link":"https:\/\/www.helsinkimissio.fi\/sv\/bli-volontar\/bli-en-kulturkompis\/","title":{"rendered":"Bli en kulturkompis"},"content":{"rendered":"\n<section  class=\"block block-hero-element container-fluid has-red-background-color has-bg block block-hero-element-- block-hero-element__desktop-background\" style=\"background-image: url();\">\n    <div class=\"block-hero-element__mobile-background\">\n        <div class=\"container\">\n            <div class=\"row\">\n                <div class=\"col-sm-10 col-md-12 col-hd-12 mx-auto\">\n                    <div class=\"row  block-hero-element__wrapper block-hero-element--text-left   not_front_hero padding-zero\">\n                        <div class=\"offset-1 col-sm-10 col-md-10 col-lg-5 col-xl-5 block-hero-element__text-area block-hero-element--text-vertical-position-center\">\n                            \n\n    <h1 class=\"colored-heading no-background new\">\n                                <p class=\"has-background bg- has-dark-blue-background-color has-white-text-color\"> Vill du bli <\/p> <br>\n                                <p class=\"has-background bg- has-dark-blue-background-color has-white-text-color\"> kulturkompis? <\/p> <br>\n            <\/h1>\n\n\n\n<p class=\"has-white-color has-text-color\">Som kulturkompis f\u00f6ljer du med som st\u00f6d och s\u00e4llskap till olika evenemang i Helsingfors.<\/p>\n\n\n                        <\/div>\n                                                    <div class=\" offset-1 col-sm-10 col-md-10 col-lg-5 col-xl-4 block-hero-element__image-area block-hero-element__image-area--center\">\n                                <img decoding=\"async\" src=\"https:\/\/www.helsinkimissio.fi\/wp-content\/uploads\/2022\/08\/600x900_Hero_naiset_kahvilassa.jpg\" width=\"600\" height=\"900\" alt=\"Kaksi naista istuu kahvilan p\u00f6yd\u00e4n \u00e4\u00e4ress\u00e4 hymyillen ja jutellen.\" fetchpriority=\"high\" data-no-lazy=\"1\">                            <\/div>\n                        \n                        \n                    <\/div>\n                <\/div>\n            <\/div>\n        <\/div>\n    <\/div>\n<\/section>\n\n\n<section  class=\"block  block-content-wrapper container-fluid has-background has-off-white-background-color has-background bg- has-off-white-background-color has--text-color\">\n    <div class=\"container\">\n        <div class=\"row  flex-start col-12\" style=\"justify-content: flex-start; \">\n                            <div class=\"\">\n                                    <main class=\"entry-content\">\n                        \n\n<h2 class=\"wp-block-heading has-text-align-center has-dark-blue-color has-text-color\">St\u00f6d och s\u00e4llskap till kulturupplevelser<\/h2>\n\n\n\n<p class=\"has-text-align-center is-style-lead has-dark-blue-color has-text-color\">Kulturkompisverksamheten \u00e4r till f\u00f6r helsingforsare som upplever det utmanande att delta i kulturevenemang p\u00e5 egen hand. De frivilliga kulturkompisarna f\u00f6ljer med&nbsp;till evenemang, bokar biljetter och erbjuder vid behov assistans f\u00f6r att underl\u00e4tta ankomsten till evenemanget. Kulturkompisarna f\u00f6ljer till exempel med som s\u00e4llskap p\u00e5 teater, museum eller konserter.<\/p>\n\n\n\n<p class=\"has-text-align-center\">Syftet med Kulturkompisverksamheten \u00e4r att f\u00f6rebygga och minska ensamhet. Datum och tidpunkt f\u00f6r tr\u00e4ffarna best\u00e4ms enligt evenemangens tidtabell. F\u00f6r exempelvis museumbes\u00f6k kan volont\u00e4rerna v\u00e4lja en tid som passar dem, eftersom alla f\u00f6rfr\u00e5gningar inte \u00e4r bundna till en specifik dag eller tidpunkt.<\/p>\n\n\n                    <\/main>\n                    <\/div>\n                <\/div>\n        <\/div>\n<\/section>\n\n\n\n\n<section  class=\"block full-width block-kahdenpalstan-nosto-2 container-fluid \">\n    <div class=\"container\">\n        <div class=\"row\">\n            <div class=\"col-sm-10 col-xl-12 mx-auto\">\n                <div class=\"row\">\n                    <div class=\"image_text_lift left\">\n                        <div class=\"col-xs-4 col-sm-12 col-md-10 col-xl-4  image_text_lift__img_container  offset-1 \">\n\n                            <img decoding=\"async\" src=\"https:\/\/www.helsinkimissio.fi\/wp-content\/uploads\/2022\/08\/600x900_Hero_Naiset_kohtaavat.jpg\" width=\"600\" height=\"900\" class=\"image_text_lift__img\" alt=\"\" loading=\"lazy\">                            \n                        <\/div>\n                        <div class=\"col-xs-4 col-sm-12 col-md-10 col-xl-4 image_text_lift__position offset-2 middle\">\n                            <main class=\"entry-content \">\n                                \n\n<h2 class=\"wp-block-heading\">Vem kan ans\u00f6ka om att bli en kulturkompis?<\/h2>\n\n\n\n<p>Tidigare erfarenhet av volont\u00e4rverksamhet beh\u00f6vs inte. Det viktigaste \u00e4r att du \u00e4r ivrig och p\u00e5litlig och kommer bra \u00f6verens med olika typer av m\u00e4nniskor.<\/p>\n\n\n\n<p>Vi f\u00f6ruts\u00e4tter att kulturkompisen:<\/p>\n\n\n\n<ol class=\"wp-block-list\">\n<li>Kan utf\u00f6ra uppdrag enligt kulturobjektets utbud.<\/li>\n\n\n\n<li>\u00c4r bel\u00e4gen i Helsingfors d\u00e4r verksamheten anordnas.<\/li>\n<\/ol>\n\n\n                            <\/main>\n                        <\/div>\n                    <\/div>\n                <\/div>\n            <\/div>\n        <\/div>\n<\/section>\n\n\n<section  class=\"block  block-content-wrapper container-fluid has-background has-off-white-background-color has-background bg- has-off-white-background-color has--text-color\">\n    <div class=\"container\">\n        <div class=\"row  center col-12\" style=\"justify-content: center; \">\n                            <div class=\"\">\n                                    <main class=\"entry-content\">\n                        \n\n<h2 class=\"wp-block-heading\">S\u00e5 h\u00e4r l\u00e4tt ans\u00f6ker du<\/h2>\n\n\n\n<p class=\"has-text-align-left is-style-default\"><strong>F\u00f6r tillf\u00e4llet tar vi inte emot nya ans\u00f6kningar f\u00f6r kulturkompisverksamheten.<\/strong> Kontakta <a href=\"mailto:kulttuurikaveri@helsinkimissio.fi\" target=\"_blank\" rel=\"noreferrer noopener\">kulttuurikaveri@helsinkimissio.fi<\/a> f\u00f6r mer information om ans\u00f6kan och volont\u00e4rverksamheten. V\u00e4nligen bekanta dig med v\u00e5ra andra volont\u00e4rm\u00f6jligheter <a href=\"https:\/\/www.helsinkimissio.fi\/sv\/bli-volontar\/\">h\u00e4r<\/a>.<\/p>\n\n\n                    <\/main>\n                    <\/div>\n                <\/div>\n        <\/div>\n<\/section>\n\n\n\n\n<section  class=\"block full-width block-kahdenpalstan-nosto-2 container-fluid has-background bg- has-teal-background-color has-white-text-color\">\n    <div class=\"container\">\n        <div class=\"row\">\n            <div class=\"col-sm-10 col-xl-12 mx-auto\">\n                <div class=\"row\">\n                    <div class=\"image_text_lift right\">\n                        <div class=\"col-xs-4 col-sm-12 col-md-10 col-xl-4  image_text_lift__img_container  offset-1 \">\n\n                            <img decoding=\"async\" src=\"https:\/\/www.helsinkimissio.fi\/wp-content\/uploads\/2022\/07\/600x900_Hero_Perhementori.jpg\" width=\"600\" height=\"900\" class=\"image_text_lift__img\" alt=\"\" loading=\"lazy\">                            \n                        <\/div>\n                        <div class=\"col-xs-4 col-sm-12 col-md-10 col-xl-4 image_text_lift__position offset-1 middle\">\n                            <main class=\"entry-content \">\n                                \n\n<h2 class=\"wp-block-heading has-dark-blue-color has-text-color\">Som volont\u00e4r p\u00e5 HelsingforsMission<\/h2>\n\n\n\n<p class=\"has-dark-blue-color has-text-color\">Volont\u00e4rverksamhet ger v\u00e4lbefinnande och gl\u00e4dje b\u00e5de till volont\u00e4ren och den hj\u00e4lpbeh\u00f6vande.<\/p>\n\n\n\n<p class=\"has-dark-blue-color has-text-color\">Som volont\u00e4r p\u00e5 HelsingforsMission:<\/p>\n\n\n\n<ul class=\"wp-block-list\">\n<li>Blir du en del av HelsingforsMissions gemenskap (rekreationsdagar, skolningar)<\/li>\n\n\n\n<li>F\u00e5r du en kostnadsfri skolning och fortl\u00f6pande st\u00f6d&nbsp;<\/li>\n\n\n\n<li>F\u00e5r du gl\u00e4dje i vardagen: 96 % av HelsingforsMissions volont\u00e4rer upplever att de f\u00e5r gl\u00e4dje av volont\u00e4rverksamheten och 91 % av volont\u00e4rerna upplever att deras insats \u00e4r meningsfull<\/li>\n<\/ul>\n\n\n\n<div class=\"wp-block-buttons is-layout-flex wp-block-buttons-is-layout-flex\">\n<div class=\"wp-block-button\"><a class=\"wp-block-button__link has-dark-blue-background-color has-background wp-element-button\" href=\"https:\/\/www.helsinkimissio.fi\/sv\/bli-volontar\/\">L\u00e4s mer om volont\u00e4rverksamheten<\/a><\/div>\n<\/div>\n\n\n                            <\/main>\n                        <\/div>\n                    <\/div>\n                <\/div>\n            <\/div>\n        <\/div>\n<\/section>","protected":false},"excerpt":{"rendered":"","protected":false},"author":28,"featured_media":0,"parent":12277,"menu_order":0,"comment_status":"closed","ping_status":"closed","template":"","meta":{"_acf_changed":false,"_relevanssi_hide_post":"","_relevanssi_hide_content":"","_relevanssi_pin_for_all":"","_relevanssi_pin_keywords":"","_relevanssi_unpin_keywords":"","_relevanssi_related_keywords":"","_relevanssi_related_include_ids":"","_relevanssi_related_exclude_ids":"","_relevanssi_related_no_append":"","_relevanssi_related_not_related":"","_relevanssi_related_posts":"15668,25461,26430,21315,21902,23705","_relevanssi_noindex_reason":"","footnotes":""},"class_list":["post-29639","page","type-page","status-publish","hentry"],"acf":[],"yoast_head":"<!-- This site is optimized with the Yoast SEO plugin v27.4 - https:\/\/yoast.com\/product\/yoast-seo-wordpress\/ -->\n<title>Bli en kulturkompis &#8212; HelsinkiMissio<\/title>\n<meta name=\"description\" content=\"Som kulturkompis f\u00f6ljer du med som st\u00f6d och s\u00e4llskap till olika evenemang i Helsingfors.\" \/>\n<meta name=\"robots\" content=\"index, follow, max-snippet:-1, max-image-preview:large, max-video-preview:-1\" \/>\n<link rel=\"canonical\" href=\"https:\/\/www.helsinkimissio.fi\/sv\/bli-volontar\/bli-en-kulturkompis\/\" \/>\n<meta property=\"og:locale\" content=\"sv_SE\" \/>\n<meta property=\"og:type\" content=\"article\" \/>\n<meta property=\"og:title\" content=\"Bli en kulturkompis &#8212; HelsinkiMissio\" \/>\n<meta property=\"og:description\" content=\"Som kulturkompis f\u00f6ljer du med som st\u00f6d och s\u00e4llskap till olika evenemang i Helsingfors.\" \/>\n<meta property=\"og:url\" content=\"https:\/\/www.helsinkimissio.fi\/sv\/bli-volontar\/bli-en-kulturkompis\/\" \/>\n<meta property=\"og:site_name\" content=\"HelsinkiMissio\" \/>\n<meta property=\"article:publisher\" content=\"https:\/\/www.facebook.com\/HelsinkiMissio\/\" \/>\n<meta property=\"article:modified_time\" content=\"2025-04-17T07:32:35+00:00\" \/>\n<meta property=\"og:image\" content=\"https:\/\/www.helsinkimissio.fi\/wp-content\/uploads\/2023\/03\/Yoast-featured-image-1200x675-sininen.png\" \/>\n\t<meta property=\"og:image:width\" content=\"1200\" \/>\n\t<meta property=\"og:image:height\" content=\"675\" \/>\n\t<meta property=\"og:image:type\" content=\"image\/png\" \/>\n<meta name=\"twitter:card\" content=\"summary_large_image\" \/>\n<meta name=\"twitter:site\" content=\"@HelsinkiMissio\" \/>\n<meta name=\"twitter:label1\" content=\"Ber\u00e4knad l\u00e4stid\" \/>\n\t<meta name=\"twitter:data1\" content=\"4 minuter\" \/>\n<script type=\"application\/ld+json\" class=\"yoast-schema-graph\">{\"@context\":\"https:\\\/\\\/schema.org\",\"@graph\":[{\"@type\":\"WebPage\",\"@id\":\"https:\\\/\\\/www.helsinkimissio.fi\\\/sv\\\/bli-volontar\\\/bli-en-kulturkompis\\\/\",\"url\":\"https:\\\/\\\/www.helsinkimissio.fi\\\/sv\\\/bli-volontar\\\/bli-en-kulturkompis\\\/\",\"name\":\"Bli en kulturkompis &#8212; HelsinkiMissio\",\"isPartOf\":{\"@id\":\"https:\\\/\\\/www.helsinkimissio.fi\\\/sv\\\/#website\"},\"datePublished\":\"2023-02-22T13:48:22+00:00\",\"dateModified\":\"2025-04-17T07:32:35+00:00\",\"description\":\"Som kulturkompis f\u00f6ljer du med som st\u00f6d och s\u00e4llskap till olika evenemang i Helsingfors.\",\"breadcrumb\":{\"@id\":\"https:\\\/\\\/www.helsinkimissio.fi\\\/sv\\\/bli-volontar\\\/bli-en-kulturkompis\\\/#breadcrumb\"},\"inLanguage\":\"sv-SE\",\"potentialAction\":[{\"@type\":\"ReadAction\",\"target\":[\"https:\\\/\\\/www.helsinkimissio.fi\\\/sv\\\/bli-volontar\\\/bli-en-kulturkompis\\\/\"]}]},{\"@type\":\"BreadcrumbList\",\"@id\":\"https:\\\/\\\/www.helsinkimissio.fi\\\/sv\\\/bli-volontar\\\/bli-en-kulturkompis\\\/#breadcrumb\",\"itemListElement\":[{\"@type\":\"ListItem\",\"position\":1,\"name\":\"Etusivu\",\"item\":\"https:\\\/\\\/www.helsinkimissio.fi\\\/sv\\\/\"},{\"@type\":\"ListItem\",\"position\":2,\"name\":\"Bli volont\u00e4r\",\"item\":\"https:\\\/\\\/www.helsinkimissio.fi\\\/sv\\\/bli-volontar\\\/\"},{\"@type\":\"ListItem\",\"position\":3,\"name\":\"Bli en kulturkompis\"}]},{\"@type\":\"WebSite\",\"@id\":\"https:\\\/\\\/www.helsinkimissio.fi\\\/sv\\\/#website\",\"url\":\"https:\\\/\\\/www.helsinkimissio.fi\\\/sv\\\/\",\"name\":\"Yhdess\u00e4 yksin\u00e4isyys voitetaan \u2013 HelsinkiMissio\",\"description\":\"Yhdess\u00e4 yksin\u00e4isyys voitetaan.\",\"publisher\":{\"@id\":\"https:\\\/\\\/www.helsinkimissio.fi\\\/sv\\\/#organization\"},\"alternateName\":\"HelsinkiMissio\",\"potentialAction\":[{\"@type\":\"SearchAction\",\"target\":{\"@type\":\"EntryPoint\",\"urlTemplate\":\"https:\\\/\\\/www.helsinkimissio.fi\\\/sv\\\/?s={search_term_string}\"},\"query-input\":{\"@type\":\"PropertyValueSpecification\",\"valueRequired\":true,\"valueName\":\"search_term_string\"}}],\"inLanguage\":\"sv-SE\"},{\"@type\":\"Organization\",\"@id\":\"https:\\\/\\\/www.helsinkimissio.fi\\\/sv\\\/#organization\",\"name\":\"HelsinkiMissio\",\"url\":\"https:\\\/\\\/www.helsinkimissio.fi\\\/sv\\\/\",\"logo\":{\"@type\":\"ImageObject\",\"inLanguage\":\"sv-SE\",\"@id\":\"https:\\\/\\\/www.helsinkimissio.fi\\\/sv\\\/#\\\/schema\\\/logo\\\/image\\\/\",\"url\":\"https:\\\/\\\/www.helsinkimissio.fi\\\/wp-content\\\/uploads\\\/2022\\\/07\\\/cropped-Helsinkimissio_sin_logo.png\",\"contentUrl\":\"https:\\\/\\\/www.helsinkimissio.fi\\\/wp-content\\\/uploads\\\/2022\\\/07\\\/cropped-Helsinkimissio_sin_logo.png\",\"width\":512,\"height\":512,\"caption\":\"HelsinkiMissio\"},\"image\":{\"@id\":\"https:\\\/\\\/www.helsinkimissio.fi\\\/sv\\\/#\\\/schema\\\/logo\\\/image\\\/\"},\"sameAs\":[\"https:\\\/\\\/www.facebook.com\\\/HelsinkiMissio\\\/\",\"https:\\\/\\\/x.com\\\/HelsinkiMissio\",\"https:\\\/\\\/www.instagram.com\\\/helsinkimissio\\\/\",\"https:\\\/\\\/www.linkedin.com\\\/company\\\/10844786\\\/\",\"https:\\\/\\\/www.youtube.com\\\/channel\\\/UCzKk3pYABu9D-DzQAx1Yr2w\"]}]}<\/script>\n<!-- \/ Yoast SEO plugin. -->","yoast_head_json":{"title":"Bli en kulturkompis &#8212; HelsinkiMissio","description":"Som kulturkompis f\u00f6ljer du med som st\u00f6d och s\u00e4llskap till olika evenemang i Helsingfors.","robots":{"index":"index","follow":"follow","max-snippet":"max-snippet:-1","max-image-preview":"max-image-preview:large","max-video-preview":"max-video-preview:-1"},"canonical":"https:\/\/www.helsinkimissio.fi\/sv\/bli-volontar\/bli-en-kulturkompis\/","og_locale":"sv_SE","og_type":"article","og_title":"Bli en kulturkompis &#8212; HelsinkiMissio","og_description":"Som kulturkompis f\u00f6ljer du med som st\u00f6d och s\u00e4llskap till olika evenemang i Helsingfors.","og_url":"https:\/\/www.helsinkimissio.fi\/sv\/bli-volontar\/bli-en-kulturkompis\/","og_site_name":"HelsinkiMissio","article_publisher":"https:\/\/www.facebook.com\/HelsinkiMissio\/","article_modified_time":"2025-04-17T07:32:35+00:00","og_image":[{"width":1200,"height":675,"url":"https:\/\/www.helsinkimissio.fi\/wp-content\/uploads\/2023\/03\/Yoast-featured-image-1200x675-sininen.png","type":"image\/png"}],"twitter_card":"summary_large_image","twitter_site":"@HelsinkiMissio","twitter_misc":{"Ber\u00e4knad l\u00e4stid":"4 minuter"},"schema":{"@context":"https:\/\/schema.org","@graph":[{"@type":"WebPage","@id":"https:\/\/www.helsinkimissio.fi\/sv\/bli-volontar\/bli-en-kulturkompis\/","url":"https:\/\/www.helsinkimissio.fi\/sv\/bli-volontar\/bli-en-kulturkompis\/","name":"Bli en kulturkompis &#8212; HelsinkiMissio","isPartOf":{"@id":"https:\/\/www.helsinkimissio.fi\/sv\/#website"},"datePublished":"2023-02-22T13:48:22+00:00","dateModified":"2025-04-17T07:32:35+00:00","description":"Som kulturkompis f\u00f6ljer du med som st\u00f6d och s\u00e4llskap till olika evenemang i Helsingfors.","breadcrumb":{"@id":"https:\/\/www.helsinkimissio.fi\/sv\/bli-volontar\/bli-en-kulturkompis\/#breadcrumb"},"inLanguage":"sv-SE","potentialAction":[{"@type":"ReadAction","target":["https:\/\/www.helsinkimissio.fi\/sv\/bli-volontar\/bli-en-kulturkompis\/"]}]},{"@type":"BreadcrumbList","@id":"https:\/\/www.helsinkimissio.fi\/sv\/bli-volontar\/bli-en-kulturkompis\/#breadcrumb","itemListElement":[{"@type":"ListItem","position":1,"name":"Etusivu","item":"https:\/\/www.helsinkimissio.fi\/sv\/"},{"@type":"ListItem","position":2,"name":"Bli volont\u00e4r","item":"https:\/\/www.helsinkimissio.fi\/sv\/bli-volontar\/"},{"@type":"ListItem","position":3,"name":"Bli en kulturkompis"}]},{"@type":"WebSite","@id":"https:\/\/www.helsinkimissio.fi\/sv\/#website","url":"https:\/\/www.helsinkimissio.fi\/sv\/","name":"Yhdess\u00e4 yksin\u00e4isyys voitetaan \u2013 HelsinkiMissio","description":"Yhdess\u00e4 yksin\u00e4isyys voitetaan.","publisher":{"@id":"https:\/\/www.helsinkimissio.fi\/sv\/#organization"},"alternateName":"HelsinkiMissio","potentialAction":[{"@type":"SearchAction","target":{"@type":"EntryPoint","urlTemplate":"https:\/\/www.helsinkimissio.fi\/sv\/?s={search_term_string}"},"query-input":{"@type":"PropertyValueSpecification","valueRequired":true,"valueName":"search_term_string"}}],"inLanguage":"sv-SE"},{"@type":"Organization","@id":"https:\/\/www.helsinkimissio.fi\/sv\/#organization","name":"HelsinkiMissio","url":"https:\/\/www.helsinkimissio.fi\/sv\/","logo":{"@type":"ImageObject","inLanguage":"sv-SE","@id":"https:\/\/www.helsinkimissio.fi\/sv\/#\/schema\/logo\/image\/","url":"https:\/\/www.helsinkimissio.fi\/wp-content\/uploads\/2022\/07\/cropped-Helsinkimissio_sin_logo.png","contentUrl":"https:\/\/www.helsinkimissio.fi\/wp-content\/uploads\/2022\/07\/cropped-Helsinkimissio_sin_logo.png","width":512,"height":512,"caption":"HelsinkiMissio"},"image":{"@id":"https:\/\/www.helsinkimissio.fi\/sv\/#\/schema\/logo\/image\/"},"sameAs":["https:\/\/www.facebook.com\/HelsinkiMissio\/","https:\/\/x.com\/HelsinkiMissio","https:\/\/www.instagram.com\/helsinkimissio\/","https:\/\/www.linkedin.com\/company\/10844786\/","https:\/\/www.youtube.com\/channel\/UCzKk3pYABu9D-DzQAx1Yr2w"]}]}},"_links":{"self":[{"href":"https:\/\/www.helsinkimissio.fi\/sv\/wp-json\/wp\/v2\/pages\/29639","targetHints":{"allow":["GET"]}}],"collection":[{"href":"https:\/\/www.helsinkimissio.fi\/sv\/wp-json\/wp\/v2\/pages"}],"about":[{"href":"https:\/\/www.helsinkimissio.fi\/sv\/wp-json\/wp\/v2\/types\/page"}],"author":[{"embeddable":true,"href":"https:\/\/www.helsinkimissio.fi\/sv\/wp-json\/wp\/v2\/users\/28"}],"replies":[{"embeddable":true,"href":"https:\/\/www.helsinkimissio.fi\/sv\/wp-json\/wp\/v2\/comments?post=29639"}],"version-history":[{"count":7,"href":"https:\/\/www.helsinkimissio.fi\/sv\/wp-json\/wp\/v2\/pages\/29639\/revisions"}],"predecessor-version":[{"id":36215,"href":"https:\/\/www.helsinkimissio.fi\/sv\/wp-json\/wp\/v2\/pages\/29639\/revisions\/36215"}],"up":[{"embeddable":true,"href":"https:\/\/www.helsinkimissio.fi\/sv\/wp-json\/wp\/v2\/pages\/12277"}],"wp:attachment":[{"href":"https:\/\/www.helsinkimissio.fi\/sv\/wp-json\/wp\/v2\/media?parent=29639"}],"curies":[{"name":"wp","href":"https:\/\/api.w.org\/{rel}","templated":true}]}}