{"id":37814,"date":"2022-05-20T10:58:01","date_gmt":"2022-05-20T07:58:01","guid":{"rendered":"https:\/\/www.helsinkimissio.fi\/perhekaveri-sairaalassa\/"},"modified":"2025-12-11T13:50:24","modified_gmt":"2025-12-11T11:50:24","slug":"familjevan-pa-sjukhuset","status":"publish","type":"page","link":"https:\/\/www.helsinkimissio.fi\/sv\/familjevan-pa-sjukhuset\/","title":{"rendered":"Familjev\u00e4n p\u00e5 sjukhuset"},"content":{"rendered":"\n<section  class=\"block block-hero-element container-fluid has-yellow-background-color has-bg block block-hero-element-- block-hero-element__desktop-background\" style=\"background-image: url();\">\n    <div class=\"block-hero-element__mobile-background\">\n        <div class=\"container\">\n            <div class=\"row\">\n                <div class=\"col-sm-10 col-md-12 col-hd-12 mx-auto\">\n                    <div class=\"row  block-hero-element__wrapper block-hero-element--text-right  align-items-end not_front_hero padding-zero\">\n                        <div class=\"offset-1 col-sm-10 col-md-10 col-lg-5 col-xl-5 block-hero-element__text-area block-hero-element--text-vertical-position-center\">\n                            \n\n    <h1 class=\"colored-heading no-background new\">\n                                <p class=\"has-background bg- has-dark-blue-background-color has-white-text-color\"> St\u00f6d av en <\/p> <br>\n                                <p class=\"has-background bg- has-dark-blue-background-color has-white-text-color\"> familjev\u00e4n p\u00e5 <\/p> <br>\n                                <p class=\"has-background bg- has-dark-blue-background-color has-white-text-color\"> sjukhuset <\/p> <br>\n            <\/h1>\n\n\n\n<p>P\u00e5 Nya barnsjukhuset, avdelning L2, p\u00e5 Jorvs sjukhus finns familjev\u00e4nner som st\u00f6d och s\u00e4llskap f\u00f6r f\u00f6r\u00e4ldrar eller som lekkompis f\u00f6r barn.<\/p>\n\n\n\n<p>HelsingforsMission \u00e4r en av Nya barnsjukhusets samarbetspartner, tillsammans med Stiftelsen nya barnsjukhusets st\u00f6d, Kummit ry, Sjukhusclownerna och Ronald McDonalds Barnfond. Tillsammans arbetar vi f\u00f6r hela familjens v\u00e4lm\u00e5ende n\u00e4r barnet insjuknar.<\/p>\n\n\n                        <\/div>\n                                                    <div class=\" offset-1 col-sm-10 col-md-10 col-lg-5 col-xl-4 block-hero-element__image-area block-hero-element__image-area--bottom\">\n                                <img decoding=\"async\" src=\"https:\/\/www.helsinkimissio.fi\/wp-content\/uploads\/2022\/11\/600x900_Perhekaveri.png\" width=\"600\" height=\"900\" alt=\"Kaksi vapaaehtoista Perhekaveria\" fetchpriority=\"high\" data-no-lazy=\"1\">                            <\/div>\n                        \n                        \n                    <\/div>\n                <\/div>\n            <\/div>\n        <\/div>\n    <\/div>\n<\/section>\n\n\n<section  class=\"block  block-content-wrapper container-fluid has-background has-white-background-color has-background bg- has-white-background-color has--text-color\">\n    <div class=\"container\">\n        <div class=\"row  flex-start col-12\" style=\"justify-content: flex-start; \">\n                            <div class=\"\">\n                                    <main class=\"entry-content\">\n                        \n\n<h2 class=\"wp-block-heading has-dark-blue-color has-text-color\"><strong><strong><strong>Du k\u00e4nner igen familjev\u00e4nnen p\u00e5 den rosa tr\u00f6jan<\/strong><\/strong><\/strong><\/h2>\n\n\n\n<p>En volont\u00e4r familjev\u00e4n, utbildad av HelsingforsMission, h\u00e4mtar med sig en k\u00e4nsla av vardag till sjukhusmilj\u00f6n. Familjev\u00e4nnen hj\u00e4lper familjer p\u00e5 sjukhuset s\u00e5 att sjukhusvistelsen blir s\u00e5 trevlig som m\u00f6jligt.<strong><\/strong><\/p>\n\n\n\n<p>Familjev\u00e4nnerna finns i entr\u00e9hallen p\u00e5 Nya barnsjukhuset, p\u00e5 avdelningarna och i lek- och ungdomsverksamhetens lokaler varje vecka. Dessutom \u00e4r familjev\u00e4nnerna p\u00e5 Jorvs sjukhus p\u00e5 avdelning L2 p\u00e5 torsdagar.<\/p>\n\n\n\n<p>Du kan be om hj\u00e4lp av en familjev\u00e4n genom att ringa <strong>09 231 20240<\/strong> eller genom att ta tag i \u00e4rmen p\u00e5 n\u00e5gon i en rosa familjev\u00e4nstr\u00f6ja.<\/p>\n\n\n                    <\/main>\n                    <\/div>\n                <\/div>\n        <\/div>\n<\/section>\n\n\n<section  class=\"block  block-content-wrapper container-fluid has-background has-dark-blue-background-color has-background bg- has-dark-blue-background-color has-off-white-text-color\">\n    <div class=\"container\">\n        <div class=\"row  center col-12\" style=\"justify-content: center; \">\n                            <div class=\"\">\n                                    <main class=\"entry-content\">\n                        \n\n<h2 class=\"wp-block-heading has-text-align-center has-white-color has-dark-blue-background-color has-text-color has-background\"><strong>Var hittar du familjev\u00e4nnerna p\u00e5 Nya barnsjukhuset?<\/strong><\/h2>\n\n\n\n<h3 class=\"wp-block-heading has-text-align-center has-white-color has-text-color\"><strong>Entr\u00e9hallen<\/strong><\/h3>\n\n\n\n<p class=\"has-text-align-center has-white-color has-text-color\">M\u00e5n\u2013tors kl. 10\u201315.30<br>Fre kl. 10\u201313<\/p>\n\n\n\n<h3 class=\"wp-block-heading has-text-align-center has-white-color has-text-color\"><strong>Taika-avdelningen<\/strong><\/h3>\n\n\n\n<p class=\"has-text-align-center has-white-color has-text-color\">Tisdag och torsdag kl. 17\u201319<\/p>\n\n\n\n<h3 class=\"wp-block-heading has-text-align-center has-white-color has-text-color\"><strong>Rymdavdelningen (Avaruus)<\/strong><\/h3>\n\n\n\n<p class=\"has-text-align-center has-white-color has-text-color\">Onsdag kl. 12\u201314<\/p>\n\n\n\n<h3 class=\"wp-block-heading has-text-align-center has-white-color has-text-color\"><strong>Bergavdelningen (Vuori)<\/strong><\/h3>\n\n\n\n<p class=\"has-text-align-center has-white-color has-text-color\">M\u00e5ndag kl. 17-19<br>Onsdag kl. 17\u201319<br>Torsdag kl. 12.30-14.30<\/p>\n\n\n\n<h3 class=\"wp-block-heading has-text-align-center has-white-color has-text-color\"><strong>Lek- och ungdomsverksamhetens lokaler<\/strong><\/h3>\n\n\n\n<p class=\"has-text-align-center has-white-color has-text-color\">Tisdag kl. 10-13<br>L\u00f6rdag kl. 14\u201316<\/p>\n\n\n                    <\/main>\n                    <\/div>\n                <\/div>\n        <\/div>\n<\/section>\n\n\n<section  class=\"block  block-content-wrapper container-fluid has-background has-off-white-background-color has-background bg- has-off-white-background-color has--text-color\">\n    <div class=\"container\">\n        <div class=\"row  flex-start col-12\" style=\"justify-content: flex-start; \">\n                            <div class=\"\">\n                                    <main class=\"entry-content\">\n                        \n\n<h2 class=\"wp-block-heading has-red-color has-text-color\"><strong><strong>Du kan be om en familjev\u00e4n till exempel f\u00f6r:<\/strong><\/strong><\/h2>\n\n\n\n<ul class=\"wp-block-list\">\n<li>h\u00e5lla s\u00e4llskap eller f\u00f6lja med p\u00e5 en promenad utomhus<\/li>\n\n\n\n<li>f\u00e5 hj\u00e4lp med att hitta till n\u00e4rliggande tj\u00e4nster<\/li>\n\n\n\n<li>f\u00e5 extra hj\u00e4lp i vardagen p\u00e5 sjukhuset<\/li>\n\n\n\n<li>h\u00e5lla s\u00e4llskap \u00e5t ett barn, en ungdom eller vuxen p\u00e5 patientrummet<\/li>\n\n\n\n<li>h\u00e5lla ett barn s\u00e4llskap under v\u00e5rdm\u00f6ten<\/li>\n\n\n\n<li>ge en f\u00f6r\u00e4lder p\u00e5 v\u00e5rdavdelningen en paus<\/li>\n\n\n\n<li>vara som s\u00e4llskap till ett syskon<\/li>\n<\/ul>\n\n\n                    <\/main>\n                    <\/div>\n                <\/div>\n        <\/div>\n<\/section>\n\n\n\n\n<section  class=\"block full-width block-kahdenpalstan-nosto-2 container-fluid has-background bg- has-yellow-background-color has--text-color\">\n    <div class=\"container\">\n        <div class=\"row\">\n            <div class=\"col-sm-10 col-xl-12 mx-auto\">\n                <div class=\"row\">\n                    <div class=\"image_text_lift left\">\n                        <div class=\"col-xs-4 col-sm-12 col-md-10 col-xl-4  image_text_lift__img_container  offset-1 \">\n\n                            <img decoding=\"async\" src=\"https:\/\/www.helsinkimissio.fi\/wp-content\/uploads\/2022\/07\/600x900_Hero_Lapsi_leikkii.jpg\" width=\"600\" height=\"900\" class=\"image_text_lift__img\" alt=\"Tytt\u00f6 leikkii lattialla palikoilla\" loading=\"lazy\">                            \n                        <\/div>\n                        <div class=\"col-xs-4 col-sm-12 col-md-10 col-xl-4 image_text_lift__position offset-2 middle\">\n                            <main class=\"entry-content \">\n                                \n\n<h2 class=\"wp-block-heading\"><strong><strong>Beh\u00f6ver du hj\u00e4lp vid andra tider?<\/strong><\/strong><\/h2>\n\n\n\n<p>Du kan ocks\u00e5 f\u00e5 hj\u00e4lp genom att kotantka oss per telefon:<strong> 09 2312 0240<\/strong> eller skicka epost till:&nbsp;perhekaveri@helsinkimissio.fi (p\u00e5 finska).<\/p>\n\n\n\n<p>Om du ber om en familjev\u00e4n f\u00f6r ett barn, ange g\u00e4rna barnets \u00e5lder och intressen samt vilken typ av st\u00f6d ni \u00f6nskar av v\u00e5r volont\u00e4r.<\/p>\n\n\n\n<h3 class=\"wp-block-heading has-dark-blue-color has-text-color\"><strong>F\u00f6r mer information (p\u00e5 finska):<\/strong><\/h3>\n\n\n\n<p class=\"has-dark-blue-color has-text-color\"><br><strong>F\u00f6r mer information:<\/strong><\/p>\n\n\n\n<p><strong>Lilli \u00d6hberg<\/strong>, Koordinator f\u00f6r volont\u00e4rverksamhet<br>Tel: 09 2312 0241, 044 750 0143<\/p>\n\n\n\n<p><strong>Nina Saarinen<\/strong>, Koordinator f\u00f6r volont\u00e4rverksamhet<br>Tel: 09 2312 0372, 044 901 6011<\/p>\n\n\n                            <\/main>\n                        <\/div>\n                    <\/div>\n                <\/div>\n            <\/div>\n        <\/div>\n<\/section>","protected":false},"excerpt":{"rendered":"","protected":false},"author":2,"featured_media":0,"parent":0,"menu_order":0,"comment_status":"closed","ping_status":"closed","template":"","meta":{"_acf_changed":false,"_relevanssi_hide_post":"","_relevanssi_hide_content":"","_relevanssi_pin_for_all":"","_relevanssi_pin_keywords":"","_relevanssi_unpin_keywords":"","_relevanssi_related_keywords":"","_relevanssi_related_include_ids":"","_relevanssi_related_exclude_ids":"","_relevanssi_related_no_append":"","_relevanssi_related_not_related":"","_relevanssi_related_posts":"1089,952,909,899","_relevanssi_noindex_reason":"","footnotes":""},"class_list":["post-37814","page","type-page","status-publish","hentry"],"acf":[],"yoast_head":"<!-- This site is optimized with the Yoast SEO plugin v27.4 - https:\/\/yoast.com\/product\/yoast-seo-wordpress\/ -->\n<title>Familjev\u00e4n p\u00e5 sjukhuset &#8212; HelsinkiMissio<\/title>\n<meta name=\"description\" content=\"Perhekaveri auttaa Uuden lastensairaalan perheit\u00e4, jotta sairaalak\u00e4ynti sujuisi mahdollisimman mukavasti. Tutustu palveluun!\" \/>\n<meta name=\"robots\" content=\"index, follow, max-snippet:-1, max-image-preview:large, max-video-preview:-1\" \/>\n<link rel=\"canonical\" href=\"https:\/\/www.helsinkimissio.fi\/sv\/familjevan-pa-sjukhuset\/\" \/>\n<meta property=\"og:locale\" content=\"sv_SE\" \/>\n<meta property=\"og:type\" content=\"article\" \/>\n<meta property=\"og:title\" content=\"Familjev\u00e4n p\u00e5 sjukhuset &#8212; HelsinkiMissio\" \/>\n<meta property=\"og:description\" content=\"Perhekaveri auttaa Uuden lastensairaalan perheit\u00e4, jotta sairaalak\u00e4ynti sujuisi mahdollisimman mukavasti. Tutustu palveluun!\" \/>\n<meta property=\"og:url\" content=\"https:\/\/www.helsinkimissio.fi\/sv\/familjevan-pa-sjukhuset\/\" \/>\n<meta property=\"og:site_name\" content=\"HelsinkiMissio\" \/>\n<meta property=\"article:publisher\" content=\"https:\/\/www.facebook.com\/HelsinkiMissio\/\" \/>\n<meta property=\"article:modified_time\" content=\"2025-12-11T11:50:24+00:00\" \/>\n<meta property=\"og:image\" content=\"https:\/\/www.helsinkimissio.fi\/wp-content\/uploads\/2023\/03\/Yoast-featured-image-1200x675-sininen.png\" \/>\n\t<meta property=\"og:image:width\" content=\"1200\" \/>\n\t<meta property=\"og:image:height\" content=\"675\" \/>\n\t<meta property=\"og:image:type\" content=\"image\/png\" \/>\n<meta name=\"twitter:card\" content=\"summary_large_image\" \/>\n<meta name=\"twitter:site\" content=\"@HelsinkiMissio\" \/>\n<meta name=\"twitter:label1\" content=\"Ber\u00e4knad l\u00e4stid\" \/>\n\t<meta name=\"twitter:data1\" content=\"5 minuter\" \/>\n<script type=\"application\/ld+json\" class=\"yoast-schema-graph\">{\"@context\":\"https:\\\/\\\/schema.org\",\"@graph\":[{\"@type\":\"WebPage\",\"@id\":\"https:\\\/\\\/www.helsinkimissio.fi\\\/sv\\\/familjevan-pa-sjukhuset\\\/\",\"url\":\"https:\\\/\\\/www.helsinkimissio.fi\\\/sv\\\/familjevan-pa-sjukhuset\\\/\",\"name\":\"Familjev\u00e4n p\u00e5 sjukhuset &#8212; HelsinkiMissio\",\"isPartOf\":{\"@id\":\"https:\\\/\\\/www.helsinkimissio.fi\\\/sv\\\/#website\"},\"datePublished\":\"2022-05-20T07:58:01+00:00\",\"dateModified\":\"2025-12-11T11:50:24+00:00\",\"description\":\"Perhekaveri auttaa Uuden lastensairaalan perheit\u00e4, jotta sairaalak\u00e4ynti sujuisi mahdollisimman mukavasti. Tutustu palveluun!\",\"breadcrumb\":{\"@id\":\"https:\\\/\\\/www.helsinkimissio.fi\\\/sv\\\/familjevan-pa-sjukhuset\\\/#breadcrumb\"},\"inLanguage\":\"sv-SE\",\"potentialAction\":[{\"@type\":\"ReadAction\",\"target\":[\"https:\\\/\\\/www.helsinkimissio.fi\\\/sv\\\/familjevan-pa-sjukhuset\\\/\"]}]},{\"@type\":\"BreadcrumbList\",\"@id\":\"https:\\\/\\\/www.helsinkimissio.fi\\\/sv\\\/familjevan-pa-sjukhuset\\\/#breadcrumb\",\"itemListElement\":[{\"@type\":\"ListItem\",\"position\":1,\"name\":\"Etusivu\",\"item\":\"https:\\\/\\\/www.helsinkimissio.fi\\\/sv\\\/\"},{\"@type\":\"ListItem\",\"position\":2,\"name\":\"Familjev\u00e4n p\u00e5 sjukhuset\"}]},{\"@type\":\"WebSite\",\"@id\":\"https:\\\/\\\/www.helsinkimissio.fi\\\/sv\\\/#website\",\"url\":\"https:\\\/\\\/www.helsinkimissio.fi\\\/sv\\\/\",\"name\":\"Yhdess\u00e4 yksin\u00e4isyys voitetaan \u2013 HelsinkiMissio\",\"description\":\"Yhdess\u00e4 yksin\u00e4isyys voitetaan.\",\"publisher\":{\"@id\":\"https:\\\/\\\/www.helsinkimissio.fi\\\/sv\\\/#organization\"},\"alternateName\":\"HelsinkiMissio\",\"potentialAction\":[{\"@type\":\"SearchAction\",\"target\":{\"@type\":\"EntryPoint\",\"urlTemplate\":\"https:\\\/\\\/www.helsinkimissio.fi\\\/sv\\\/?s={search_term_string}\"},\"query-input\":{\"@type\":\"PropertyValueSpecification\",\"valueRequired\":true,\"valueName\":\"search_term_string\"}}],\"inLanguage\":\"sv-SE\"},{\"@type\":\"Organization\",\"@id\":\"https:\\\/\\\/www.helsinkimissio.fi\\\/sv\\\/#organization\",\"name\":\"HelsinkiMissio\",\"url\":\"https:\\\/\\\/www.helsinkimissio.fi\\\/sv\\\/\",\"logo\":{\"@type\":\"ImageObject\",\"inLanguage\":\"sv-SE\",\"@id\":\"https:\\\/\\\/www.helsinkimissio.fi\\\/sv\\\/#\\\/schema\\\/logo\\\/image\\\/\",\"url\":\"https:\\\/\\\/www.helsinkimissio.fi\\\/wp-content\\\/uploads\\\/2022\\\/07\\\/cropped-Helsinkimissio_sin_logo.png\",\"contentUrl\":\"https:\\\/\\\/www.helsinkimissio.fi\\\/wp-content\\\/uploads\\\/2022\\\/07\\\/cropped-Helsinkimissio_sin_logo.png\",\"width\":512,\"height\":512,\"caption\":\"HelsinkiMissio\"},\"image\":{\"@id\":\"https:\\\/\\\/www.helsinkimissio.fi\\\/sv\\\/#\\\/schema\\\/logo\\\/image\\\/\"},\"sameAs\":[\"https:\\\/\\\/www.facebook.com\\\/HelsinkiMissio\\\/\",\"https:\\\/\\\/x.com\\\/HelsinkiMissio\",\"https:\\\/\\\/www.instagram.com\\\/helsinkimissio\\\/\",\"https:\\\/\\\/www.linkedin.com\\\/company\\\/10844786\\\/\",\"https:\\\/\\\/www.youtube.com\\\/channel\\\/UCzKk3pYABu9D-DzQAx1Yr2w\"]}]}<\/script>\n<!-- \/ Yoast SEO plugin. -->","yoast_head_json":{"title":"Familjev\u00e4n p\u00e5 sjukhuset &#8212; HelsinkiMissio","description":"Perhekaveri auttaa Uuden lastensairaalan perheit\u00e4, jotta sairaalak\u00e4ynti sujuisi mahdollisimman mukavasti. Tutustu palveluun!","robots":{"index":"index","follow":"follow","max-snippet":"max-snippet:-1","max-image-preview":"max-image-preview:large","max-video-preview":"max-video-preview:-1"},"canonical":"https:\/\/www.helsinkimissio.fi\/sv\/familjevan-pa-sjukhuset\/","og_locale":"sv_SE","og_type":"article","og_title":"Familjev\u00e4n p\u00e5 sjukhuset &#8212; HelsinkiMissio","og_description":"Perhekaveri auttaa Uuden lastensairaalan perheit\u00e4, jotta sairaalak\u00e4ynti sujuisi mahdollisimman mukavasti. Tutustu palveluun!","og_url":"https:\/\/www.helsinkimissio.fi\/sv\/familjevan-pa-sjukhuset\/","og_site_name":"HelsinkiMissio","article_publisher":"https:\/\/www.facebook.com\/HelsinkiMissio\/","article_modified_time":"2025-12-11T11:50:24+00:00","og_image":[{"width":1200,"height":675,"url":"https:\/\/www.helsinkimissio.fi\/wp-content\/uploads\/2023\/03\/Yoast-featured-image-1200x675-sininen.png","type":"image\/png"}],"twitter_card":"summary_large_image","twitter_site":"@HelsinkiMissio","twitter_misc":{"Ber\u00e4knad l\u00e4stid":"5 minuter"},"schema":{"@context":"https:\/\/schema.org","@graph":[{"@type":"WebPage","@id":"https:\/\/www.helsinkimissio.fi\/sv\/familjevan-pa-sjukhuset\/","url":"https:\/\/www.helsinkimissio.fi\/sv\/familjevan-pa-sjukhuset\/","name":"Familjev\u00e4n p\u00e5 sjukhuset &#8212; HelsinkiMissio","isPartOf":{"@id":"https:\/\/www.helsinkimissio.fi\/sv\/#website"},"datePublished":"2022-05-20T07:58:01+00:00","dateModified":"2025-12-11T11:50:24+00:00","description":"Perhekaveri auttaa Uuden lastensairaalan perheit\u00e4, jotta sairaalak\u00e4ynti sujuisi mahdollisimman mukavasti. Tutustu palveluun!","breadcrumb":{"@id":"https:\/\/www.helsinkimissio.fi\/sv\/familjevan-pa-sjukhuset\/#breadcrumb"},"inLanguage":"sv-SE","potentialAction":[{"@type":"ReadAction","target":["https:\/\/www.helsinkimissio.fi\/sv\/familjevan-pa-sjukhuset\/"]}]},{"@type":"BreadcrumbList","@id":"https:\/\/www.helsinkimissio.fi\/sv\/familjevan-pa-sjukhuset\/#breadcrumb","itemListElement":[{"@type":"ListItem","position":1,"name":"Etusivu","item":"https:\/\/www.helsinkimissio.fi\/sv\/"},{"@type":"ListItem","position":2,"name":"Familjev\u00e4n p\u00e5 sjukhuset"}]},{"@type":"WebSite","@id":"https:\/\/www.helsinkimissio.fi\/sv\/#website","url":"https:\/\/www.helsinkimissio.fi\/sv\/","name":"Yhdess\u00e4 yksin\u00e4isyys voitetaan \u2013 HelsinkiMissio","description":"Yhdess\u00e4 yksin\u00e4isyys voitetaan.","publisher":{"@id":"https:\/\/www.helsinkimissio.fi\/sv\/#organization"},"alternateName":"HelsinkiMissio","potentialAction":[{"@type":"SearchAction","target":{"@type":"EntryPoint","urlTemplate":"https:\/\/www.helsinkimissio.fi\/sv\/?s={search_term_string}"},"query-input":{"@type":"PropertyValueSpecification","valueRequired":true,"valueName":"search_term_string"}}],"inLanguage":"sv-SE"},{"@type":"Organization","@id":"https:\/\/www.helsinkimissio.fi\/sv\/#organization","name":"HelsinkiMissio","url":"https:\/\/www.helsinkimissio.fi\/sv\/","logo":{"@type":"ImageObject","inLanguage":"sv-SE","@id":"https:\/\/www.helsinkimissio.fi\/sv\/#\/schema\/logo\/image\/","url":"https:\/\/www.helsinkimissio.fi\/wp-content\/uploads\/2022\/07\/cropped-Helsinkimissio_sin_logo.png","contentUrl":"https:\/\/www.helsinkimissio.fi\/wp-content\/uploads\/2022\/07\/cropped-Helsinkimissio_sin_logo.png","width":512,"height":512,"caption":"HelsinkiMissio"},"image":{"@id":"https:\/\/www.helsinkimissio.fi\/sv\/#\/schema\/logo\/image\/"},"sameAs":["https:\/\/www.facebook.com\/HelsinkiMissio\/","https:\/\/x.com\/HelsinkiMissio","https:\/\/www.instagram.com\/helsinkimissio\/","https:\/\/www.linkedin.com\/company\/10844786\/","https:\/\/www.youtube.com\/channel\/UCzKk3pYABu9D-DzQAx1Yr2w"]}]}},"_links":{"self":[{"href":"https:\/\/www.helsinkimissio.fi\/sv\/wp-json\/wp\/v2\/pages\/37814","targetHints":{"allow":["GET"]}}],"collection":[{"href":"https:\/\/www.helsinkimissio.fi\/sv\/wp-json\/wp\/v2\/pages"}],"about":[{"href":"https:\/\/www.helsinkimissio.fi\/sv\/wp-json\/wp\/v2\/types\/page"}],"author":[{"embeddable":true,"href":"https:\/\/www.helsinkimissio.fi\/sv\/wp-json\/wp\/v2\/users\/2"}],"replies":[{"embeddable":true,"href":"https:\/\/www.helsinkimissio.fi\/sv\/wp-json\/wp\/v2\/comments?post=37814"}],"version-history":[{"count":2,"href":"https:\/\/www.helsinkimissio.fi\/sv\/wp-json\/wp\/v2\/pages\/37814\/revisions"}],"predecessor-version":[{"id":40004,"href":"https:\/\/www.helsinkimissio.fi\/sv\/wp-json\/wp\/v2\/pages\/37814\/revisions\/40004"}],"wp:attachment":[{"href":"https:\/\/www.helsinkimissio.fi\/sv\/wp-json\/wp\/v2\/media?parent=37814"}],"curies":[{"name":"wp","href":"https:\/\/api.w.org\/{rel}","templated":true}]}}