{"id":38611,"date":"2025-09-15T14:53:11","date_gmt":"2025-09-15T11:53:11","guid":{"rendered":"https:\/\/www.helsinkimissio.fi\/?page_id=38611"},"modified":"2026-03-16T13:13:06","modified_gmt":"2026-03-16T11:13:06","slug":"helsingforsmission-sornas","status":"publish","type":"page","link":"https:\/\/www.helsinkimissio.fi\/sv\/helsingforsmission-sornas\/","title":{"rendered":"HelsingforsMission S\u00f6rn\u00e4s"},"content":{"rendered":"\n<section  class=\"block block-hero-element container-fluid has-dark-blue-background-color has-bg block-hero-element-- block-hero-element__desktop-background wp-elements-27caf5f9c0552792531461af3a807c2e\" style=\"background-image: url();\">\n    <div class=\"block-hero-element__mobile-background\">\n        <div class=\"container\">\n            <div class=\"row\">\n                <div class=\"col-sm-10 col-md-12 col-hd-12 mx-auto\">\n                    <div class=\"row  block-hero-element__wrapper block-hero-element--text-left   not_front_hero padding-zero\">\n                        <div class=\"offset-1 col-sm-10 col-md-10 col-lg-5 col-xl-5 block-hero-element__text-area block-hero-element--text-vertical-position-center\">\n                            \n\n    <h1 class=\"colored-heading no-background new\">\n                                <p class=\"has-background bg- has-yellow-background-color has-dark-blue-text-color\"> M\u00f6tesplats <\/p> <br>\n                                <p class=\"has-background bg- has-yellow-background-color has-dark-blue-text-color\"> i S\u00f6rn\u00e4s \u2013 <\/p> <br>\n                                <p class=\"has-background bg- has-yellow-background-color has-dark-blue-text-color\"> V\u00e4lkommen med <\/p> <br>\n            <\/h1>\n\n\n\n<p class=\"has-white-color has-text-color\"><strong>V\u00e5r nya m\u00f6tesplats HelsingforsMission S\u00f6rn\u00e4s erbjuder gemenskap och kostnadsfri samtalshj\u00e4lp utan tidsbokning.<\/strong><\/p>\n\n\n                        <\/div>\n                                                    <div class=\" offset-1 col-sm-10 col-md-10 col-lg-5 col-xl-4 block-hero-element__image-area block-hero-element__image-area--center\">\n                                <img decoding=\"async\" src=\"https:\/\/www.helsinkimissio.fi\/wp-content\/uploads\/2026\/01\/HelsinkiMissio-Sornainen-600x900-px-ovaalikuva-Hymyileva-ihminen.jpg\" width=\"600\" height=\"900\" alt=\"Nainen hymyilee ja katsoo kameraan kahvikuppi k\u00e4dess\u00e4\u00e4n, taustalla kaksi ihmishahmoa istuu p\u00f6yd\u00e4n \u00e4\u00e4rell\u00e4.\" loading=\"lazy\">                            <\/div>\n                        \n                        \n                    <\/div>\n                <\/div>\n            <\/div>\n        <\/div>\n    <\/div>\n<\/section>\n\n\n<section id=\"keskusteluapu\"  class=\"block  block-content-wrapper container-fluid \">\n    <div class=\"container\">\n        <div class=\"row  center col-12\" style=\"justify-content: center; \">\n                            <div class=\"\">\n                                    <main class=\"entry-content\">\n                        \n\n<h2 class=\"wp-block-heading has-text-align-left\"><strong><strong><strong>Kostnadsfri samtalshj\u00e4lp och gemenskap f\u00f6r alla<\/strong><\/strong><\/strong><\/h2>\n\n\n\n<p class=\"has-text-align-left\">P\u00e5 HelsingforsMissions nya m\u00f6tesplats i S\u00f6rn\u00e4s f\u00e5r du samtalshj\u00e4lp:<\/p>\n\n\n\n<ul class=\"wp-block-list\">\n<li>I f\u00f6rsta hand utan tidsbokning under v\u00e5ra \u00f6ppettider p\u00e5 tisdagar, onsdagar och torsdagar kl. 15\u201318 och<\/li>\n\n\n\n<li>Med tidsbokning utanf\u00f6r \u00f6ppettiderna (boka tid via kalendern nedan)<\/li>\n<\/ul>\n\n\n\n<p class=\"has-text-align-left\">I S\u00f6rn\u00e4s f\u00e5r du samtalshj\u00e4lp av en p\u00e5litlig sakkunnig i olika livssituationer, antingen individuellt eller tillsammans med en n\u00e4rst\u00e5ende. V\u00e5ra hj\u00e4lpare har tystnadsplikt och \u00e4r professionella inom arbete mot ensamhet och samtalsst\u00f6d. Kostnadsfri samtalshj\u00e4lp \u00e4r till f\u00f6r alla \u00f6ver 12 \u00e5r. Du kan vara anonym om du vill, till exempel i fr\u00e5gor kring psykiskt v\u00e4lbefinnande, relationsproblem, ensamhet eller andra livsutmaningar. Vi erbjuder ocks\u00e5 st\u00f6d i fr\u00e5gor som g\u00e4ller oro f\u00f6r n\u00e4rst\u00e5ende.<\/p>\n\n\n\n<p class=\"has-text-align-left\">Samtalshj\u00e4lp ges p\u00e5 finska, svenska eller engelska. I S\u00f6rn\u00e4s f\u00e5r du \u00e4ven handledning, r\u00e5dgivning, hj\u00e4lp eller en paus i vardagen oavsett din livssituation.<\/p>\n\n\n\n<p class=\"has-text-align-left\">Se v\u00e5ra kontaktuppgifter och l\u00e4s mer om oss nedan. V\u00e4lkommen p\u00e5 bes\u00f6k!<\/p>\n\n\n<script async src=\"https:\/\/static.vello.fi\/embed\/v1.js\" data-url=\"helsinkimissio\" data-lang=\"fi\" data-segment=\"77637882\"><\/script>\n\n\n                    <\/main>\n                    <\/div>\n                <\/div>\n        <\/div>\n<\/section>\n\n\n<section  class=\"block  block-content-wrapper container-fluid has-background has-yellow-background-color has-background bg- has-yellow-background-color has--text-color\">\n    <div class=\"container\">\n        <div class=\"row  center col-12\" style=\"justify-content: center; \">\n                            <div class=\"\">\n                                    <main class=\"entry-content\">\n                        \n\n<h2 class=\"wp-block-heading has-text-align-left\">Kontaktuppgifter och \u00f6ppettider<\/h2>\n\n\n\n<p>Adressen \u00e4r Kinaborgsgatan 11, Helsingfors. <\/p>\n\n\n\n<p><strong>M\u00f6tesplatsen \u00e4r \u00f6ppen<\/strong> tisdagar, onsdagar och torsdagar kl. 15\u201318. Utanf\u00f6r \u00f6ppettiderna kan du boka tid f\u00f6r samtalshj\u00e4lp.<\/p>\n\n\n\n<p><strong>E-post:<\/strong> sornainen@helsinkimissio.fi<br><em>Skicka inte k\u00e4nsliga uppgifter, s\u00e5som person- eller h\u00e4lsouppgifter, till denna e-postadress.<\/em><\/p>\n\n\n\n<p>Lokalen p\u00e5 Kinaborgsgatan ligger p\u00e5 gatuniv\u00e5. Vi rekommenderar att du kommer till d\u00f6rren via Tavastv\u00e4gen (H\u00e4meentie). Bredvid ytterd\u00f6rren finns en ringklocka, ring p\u00e5 s\u00e5 kommer vi och \u00f6ppnar.<\/p>\n\n\n\n<h3 class=\"wp-block-heading\">V\u00e4gbeskrivning<\/h3>\n\n\n\n<p>Lokalen p\u00e5 Kinaborgsgatan ligger p\u00e5 gatuniv\u00e5. Vi rekommenderar att du kommer till d\u00f6rren via Tavastv\u00e4gen (H\u00e4meentie). Bredvid ytterd\u00f6rren finns en ringklocka, ring p\u00e5 s\u00e5 kommer vi och \u00f6ppnar.<\/p>\n\n\n\n<p>Tarkemmat esteett\u00f6myystiedot l\u00f6yd\u00e4t <a href=\"#usein-kysytyt\">usein kysytyist\u00e4 kysymyksist\u00e4<\/a>.<\/p>\n\n\n\n\n                    <\/main>\n                    <\/div>\n                <\/div>\n        <\/div>\n<\/section>\n\n\n<section  class=\"block block-colorful-list-element block-colorful-list-element--background-color-position-bottom bg- has-background bg- has-white-background-color has--text-color\" data-bgcolor=\"#ffffff\">\n    <div class=\"container\">\n        <div class=\"row\">\n            <div class=\"col-sm-10 col-hd-10 mx-auto list-elements\">\n                                <main class=\" block-colorful-list-element__cards block-colorful-list-element__cards--columns-per-row-three justify-content-between\">\n                    \n\n<div class=\"block-colorful-list-card has-pink-background-color\">\n    <div class=\"entry-content d-flex flex-column justify-content-between\">\n        \n\n<h2 class=\"wp-block-heading has-text-align-center\">Hj\u00e4lp och st\u00f6d n\u00e4r det passar dig<\/h2>\n\n\n\n<p class=\"has-text-align-center\">P\u00e5 v\u00e5r m\u00f6tesplats f\u00e5r du kostnadsfri samtalshj\u00e4lp samt handledning och r\u00e5dgivning utan tidsbokning. Vi har \u00f6ppet tisdag till torsdag kl. 15\u201318.<\/p>\n\n\n    <\/div>\n<\/div>\n\n\n<div class=\"block-colorful-list-card has-yellow-background-color\">\n    <div class=\"entry-content d-flex flex-column justify-content-between\">\n        \n\n<h2 class=\"wp-block-heading has-text-align-center\">P\u00e5 central plats och enkel kontakt<\/h2>\n\n\n\n<p class=\"has-text-align-center\">Vi finns i S\u00f6rn\u00e4s i Helsingfors med goda trafikf\u00f6rbindelser. Vi erbjuder hj\u00e4lp b\u00e5de p\u00e5 plats och p\u00e5 distans.<\/p>\n\n\n    <\/div>\n<\/div>\n\n\n<div class=\"block-colorful-list-card has-dark-blue-background-color wp-elements-9573fb306f8e93ab3fc81f1b10f56d26\">\n    <div class=\"entry-content d-flex flex-column justify-content-between\">\n        \n\n<h2 class=\"wp-block-heading has-text-align-center has-white-color has-text-color has-link-color wp-elements-54414091b8f18bedd3a272cded0154b3\">Du kan vara anonym<\/h2>\n\n\n\n<p class=\"has-text-align-center has-white-color has-text-color has-link-color wp-elements-9222c960d0378b37e92e2291f4d4dc2b\">Vi v\u00e4rnar om din integritet. V\u00e5ra sakkunniga har tystnadsplikt.<\/p>\n\n\n    <\/div>\n<\/div>\n\n                <\/main>\n            <\/div>\n\n        <\/div>\n    <\/div>\n<\/section>\n\n\n\n\n<section  class=\"block full-width block-kahdenpalstan-nosto-2 container-fluid has-background bg- has-yellow-background-color has--text-color\">\n    <div class=\"container\">\n        <div class=\"row\">\n            <div class=\"col-sm-10 col-xl-12 mx-auto\">\n                <div class=\"row\">\n                    <div class=\"image_text_lift right\">\n                        <div class=\"col-xs-4 col-sm-12 col-md-10 col-xl-4  image_text_lift__img_container  offset-1 \">\n\n                            <img decoding=\"async\" src=\"https:\/\/www.helsinkimissio.fi\/wp-content\/uploads\/2026\/01\/HelsinkiMissio-Sornainen-600x900-px-ovaalikuva-Iloinen-ryhma.jpg\" width=\"600\" height=\"900\" class=\"image_text_lift__img\" alt=\"Kolme ihmist\u00e4 juttelee kesken\u00e4\u00e4n nauraen.\" loading=\"lazy\">                            \n                        <\/div>\n                        <div class=\"col-xs-4 col-sm-12 col-md-10 col-xl-4 image_text_lift__position offset-1 middle\">\n                            <main class=\"entry-content \">\n                                \n\n<h2 class=\"wp-block-heading has-dark-blue-color has-text-color has-link-color wp-elements-e91d766374ed0f37feec780f5d24a529\">F\u00f6lj oss<\/h2>\n\n\n\n<p class=\"has-dark-blue-color has-text-color has-link-color wp-elements-6fff18898f6f6121ecc988ceebd6ae3b\">H\u00e5ll dig uppdaterad om evenemangen i S\u00f6rn\u00e4s. Vi delar nyheter p\u00e5 HelsingforsMissions Instagramkonto (@helsinkimissio).<\/p>\n\n\n\n<div class=\"wp-block-buttons is-layout-flex wp-block-buttons-is-layout-flex\">\n<div class=\"wp-block-button\"><a class=\"wp-block-button__link has-red-background-color has-background wp-element-button\" href=\"https:\/\/www.instagram.com\/helsinkimissio\/\" target=\"_blank\" rel=\"noreferrer noopener\">F\u00f6lj oss p\u00e5 Instagram<\/a><\/div>\n<\/div>\n\n\n                            <\/main>\n                        <\/div>\n                    <\/div>\n                <\/div>\n            <\/div>\n        <\/div>\n<\/section>\n\n<section  class=\"block full-width block-kahdenpalstan-nosto  container-fluid  top-padding\">\n    <div class=\"container\">\n        <div class=\"row\">\n            <div class=\"\">\n                <div class=\"row\">\n                    <div class=\"col-sm-10 col-xl-12 mx-auto image_lift top left\">\n                        <div class=\" offset-1 col-xs-4 col-sm-12 col-md-10 col-lg-10 col-xl-4 image_lift__img_container top \">\n                            <img decoding=\"async\" src=\"https:\/\/www.helsinkimissio.fi\/wp-content\/uploads\/2025\/09\/HM-So\u0308rna\u0308inen-900x600-1.jpg\" width=\"900\" height=\"600\" class=\"image_lift__img  top\" alt=\"Mielenterveysstrategia 2020-2030\" loading=\"lazy\">                            <img decoding=\"async\" src=\"https:\/\/www.helsinkimissio.fi\/wp-content\/uploads\/2025\/09\/HM-So\u0308rna\u0308inen-900x600-1.jpg\" width=\"900\" height=\"600\" class=\"image_lift__img mobile  top\" alt=\"Mielenterveysstrategia 2020-2030\" loading=\"lazy\">\n                        <\/div>\n                        <div class=\"col-xs-4 col-sm-12 col-md-10 col-lg-10 col-xl-5 image_lift__position offset-1  center\">\n                            <main class=\"entry-content \">\n                                \n\n<h2 class=\"wp-block-heading\">V\u00e5ra samarbetsparter<\/h2>\n\n\n\n<p>Verksamheten i S\u00f6rn\u00e4s \u00e4r en del av HelsingforsMissions projekt \u201dVoimapys\u00e4kki \u2013 en \u00e5terkopplingsmedveten l\u00e5gtr\u00f6skelmodell f\u00f6r st\u00f6d\u201d samt THL:s <a href=\"https:\/\/stm.fi\/mielenterveysstrategia\" id=\"https:\/\/stm.fi\/mielenterveysstrategia\">nationella strategi <\/a>f\u00f6r psykisk h\u00e4lsa och helheten <a href=\"https:\/\/thl.fi\/tutkimus-ja-kehittaminen\/tutkimukset-ja-hankkeet\/kansallinen-mielenterveysstrategia\/mielenterveysapu-2025-2027\" id=\"https:\/\/thl.fi\/tutkimus-ja-kehittaminen\/tutkimukset-ja-hankkeet\/kansallinen-mielenterveysstrategia\/mielenterveysapu-2025-2027\">Mielenterveysapu 2025\u20132027<\/a>, som st\u00e4rker tillg\u00e5ngen till l\u00e5gtr\u00f6skelst\u00f6d f\u00f6r psykisk h\u00e4lsa i Finland.<\/p>\n\n\n\n<p>Centrala samarbetspartner i projektet \u00e4r <a href=\"https:\/\/www.hel.fi\/fi\/sosiaali-ja-terveyspalvelut\/sosiaalinen-ja-taloudellinen-tuki\/aikuissosiaalityo\" id=\"https:\/\/www.hel.fi\/fi\/sosiaali-ja-terveyspalvelut\/sosiaalinen-ja-taloudellinen-tuki\/aikuissosiaalityo\">Helsingfors vuxensocialarbete<\/a>, <a href=\"https:\/\/www.takuusaatio.fi\/\" id=\"https:\/\/www.takuusaatio.fi\/\">Takuus\u00e4\u00e4ti\u00f6<\/a>, <a href=\"https:\/\/sininauhasaatio.fi\/\" id=\"https:\/\/sininauhasaatio.fi\/\">Sininauhas\u00e4\u00e4ti\u00f6<\/a>, <a href=\"https:\/\/ysaatio.fi\/\" id=\"https:\/\/ysaatio.fi\/\">Y-s\u00e4\u00e4ti\u00f6<\/a> samt utvalda frivilliga och erfarenhetsexperter. Verksamheten finansieras av <a href=\"https:\/\/stm.fi\/etusivu\" id=\"https:\/\/stm.fi\/etusivu\">Social- och h\u00e4lsov\u00e5rdsministeriet<\/a>.<\/p>\n\n\n                            <\/main>\n                        <\/div>\n                    <\/div>\n                <\/div>\n            <\/div>\n        <\/div>\n<\/section>","protected":false},"excerpt":{"rendered":"","protected":false},"author":19,"featured_media":40552,"parent":0,"menu_order":0,"comment_status":"closed","ping_status":"closed","template":"","meta":{"_acf_changed":false,"_relevanssi_hide_post":"","_relevanssi_hide_content":"","_relevanssi_pin_for_all":"","_relevanssi_pin_keywords":"","_relevanssi_unpin_keywords":"","_relevanssi_related_keywords":"","_relevanssi_related_include_ids":"","_relevanssi_related_exclude_ids":"","_relevanssi_related_no_append":"","_relevanssi_related_not_related":"","_relevanssi_related_posts":"25883,15771,23705,21315,15668,24913","_relevanssi_noindex_reason":"","footnotes":""},"class_list":["post-38611","page","type-page","status-publish","has-post-thumbnail","hentry"],"acf":[],"yoast_head":"<!-- This site is optimized with the Yoast SEO plugin v27.4 - https:\/\/yoast.com\/product\/yoast-seo-wordpress\/ -->\n<title>HelsingforsMission S\u00f6rn\u00e4s &#8212; HelsinkiMissio<\/title>\n<meta name=\"description\" content=\"HelsingforsMission erbjuder tj\u00e4nster f\u00f6r att minska ensamhet och tillf\u00e4llen f\u00f6r att bem\u00f6ta andra. Bekanta dig med v\u00e5rt arbete och ta kontakt.\" \/>\n<meta name=\"robots\" content=\"index, follow, max-snippet:-1, max-image-preview:large, max-video-preview:-1\" \/>\n<link rel=\"canonical\" href=\"https:\/\/www.helsinkimissio.fi\/sv\/helsingforsmission-sornas\/\" \/>\n<meta property=\"og:locale\" content=\"sv_SE\" \/>\n<meta property=\"og:type\" content=\"article\" \/>\n<meta property=\"og:title\" content=\"HelsingforsMission S\u00f6rn\u00e4s &#8212; HelsinkiMissio\" \/>\n<meta property=\"og:description\" content=\"HelsingforsMission erbjuder tj\u00e4nster f\u00f6r att minska ensamhet och tillf\u00e4llen f\u00f6r att bem\u00f6ta andra. Bekanta dig med v\u00e5rt arbete och ta kontakt.\" \/>\n<meta property=\"og:url\" content=\"https:\/\/www.helsinkimissio.fi\/sv\/helsingforsmission-sornas\/\" \/>\n<meta property=\"og:site_name\" content=\"HelsinkiMissio\" \/>\n<meta property=\"article:publisher\" content=\"https:\/\/www.facebook.com\/HelsinkiMissio\/\" \/>\n<meta property=\"article:modified_time\" content=\"2026-03-16T11:13:06+00:00\" \/>\n<meta property=\"og:image\" content=\"https:\/\/www.helsinkimissio.fi\/wp-content\/uploads\/2026\/01\/HelsinkiMissio-Sornainen-1920x1080px-herokuva-.jpg\" \/>\n\t<meta property=\"og:image:width\" content=\"1920\" \/>\n\t<meta property=\"og:image:height\" content=\"1080\" \/>\n\t<meta property=\"og:image:type\" content=\"image\/jpeg\" \/>\n<meta name=\"twitter:card\" content=\"summary_large_image\" \/>\n<meta name=\"twitter:site\" content=\"@HelsinkiMissio\" \/>\n<meta name=\"twitter:label1\" content=\"Ber\u00e4knad l\u00e4stid\" \/>\n\t<meta name=\"twitter:data1\" content=\"6 minuter\" \/>\n<script type=\"application\/ld+json\" class=\"yoast-schema-graph\">{\"@context\":\"https:\\\/\\\/schema.org\",\"@graph\":[{\"@type\":\"WebPage\",\"@id\":\"https:\\\/\\\/www.helsinkimissio.fi\\\/sv\\\/helsingforsmission-sornas\\\/\",\"url\":\"https:\\\/\\\/www.helsinkimissio.fi\\\/sv\\\/helsingforsmission-sornas\\\/\",\"name\":\"HelsingforsMission S\u00f6rn\u00e4s &#8212; HelsinkiMissio\",\"isPartOf\":{\"@id\":\"https:\\\/\\\/www.helsinkimissio.fi\\\/sv\\\/#website\"},\"primaryImageOfPage\":{\"@id\":\"https:\\\/\\\/www.helsinkimissio.fi\\\/sv\\\/helsingforsmission-sornas\\\/#primaryimage\"},\"image\":{\"@id\":\"https:\\\/\\\/www.helsinkimissio.fi\\\/sv\\\/helsingforsmission-sornas\\\/#primaryimage\"},\"thumbnailUrl\":\"https:\\\/\\\/www.helsinkimissio.fi\\\/wp-content\\\/uploads\\\/2026\\\/01\\\/HelsinkiMissio-Sornainen-1920x1080px-herokuva-.jpg\",\"datePublished\":\"2025-09-15T11:53:11+00:00\",\"dateModified\":\"2026-03-16T11:13:06+00:00\",\"description\":\"HelsingforsMission erbjuder tj\u00e4nster f\u00f6r att minska ensamhet och tillf\u00e4llen f\u00f6r att bem\u00f6ta andra. Bekanta dig med v\u00e5rt arbete och ta kontakt.\",\"breadcrumb\":{\"@id\":\"https:\\\/\\\/www.helsinkimissio.fi\\\/sv\\\/helsingforsmission-sornas\\\/#breadcrumb\"},\"inLanguage\":\"sv-SE\",\"potentialAction\":[{\"@type\":\"ReadAction\",\"target\":[\"https:\\\/\\\/www.helsinkimissio.fi\\\/sv\\\/helsingforsmission-sornas\\\/\"]}]},{\"@type\":\"ImageObject\",\"inLanguage\":\"sv-SE\",\"@id\":\"https:\\\/\\\/www.helsinkimissio.fi\\\/sv\\\/helsingforsmission-sornas\\\/#primaryimage\",\"url\":\"https:\\\/\\\/www.helsinkimissio.fi\\\/wp-content\\\/uploads\\\/2026\\\/01\\\/HelsinkiMissio-Sornainen-1920x1080px-herokuva-.jpg\",\"contentUrl\":\"https:\\\/\\\/www.helsinkimissio.fi\\\/wp-content\\\/uploads\\\/2026\\\/01\\\/HelsinkiMissio-Sornainen-1920x1080px-herokuva-.jpg\",\"width\":1920,\"height\":1080,\"caption\":\"Kolme eri-ik\u00e4ist\u00e4 naista istuu yhdess\u00e4 ja juttelee kesken\u00e4\u00e4n iloisesti.\"},{\"@type\":\"BreadcrumbList\",\"@id\":\"https:\\\/\\\/www.helsinkimissio.fi\\\/sv\\\/helsingforsmission-sornas\\\/#breadcrumb\",\"itemListElement\":[{\"@type\":\"ListItem\",\"position\":1,\"name\":\"Etusivu\",\"item\":\"https:\\\/\\\/www.helsinkimissio.fi\\\/sv\\\/\"},{\"@type\":\"ListItem\",\"position\":2,\"name\":\"HelsingforsMission S\u00f6rn\u00e4s\"}]},{\"@type\":\"WebSite\",\"@id\":\"https:\\\/\\\/www.helsinkimissio.fi\\\/sv\\\/#website\",\"url\":\"https:\\\/\\\/www.helsinkimissio.fi\\\/sv\\\/\",\"name\":\"Yhdess\u00e4 yksin\u00e4isyys voitetaan \u2013 HelsinkiMissio\",\"description\":\"Yhdess\u00e4 yksin\u00e4isyys voitetaan.\",\"publisher\":{\"@id\":\"https:\\\/\\\/www.helsinkimissio.fi\\\/sv\\\/#organization\"},\"alternateName\":\"HelsinkiMissio\",\"potentialAction\":[{\"@type\":\"SearchAction\",\"target\":{\"@type\":\"EntryPoint\",\"urlTemplate\":\"https:\\\/\\\/www.helsinkimissio.fi\\\/sv\\\/?s={search_term_string}\"},\"query-input\":{\"@type\":\"PropertyValueSpecification\",\"valueRequired\":true,\"valueName\":\"search_term_string\"}}],\"inLanguage\":\"sv-SE\"},{\"@type\":\"Organization\",\"@id\":\"https:\\\/\\\/www.helsinkimissio.fi\\\/sv\\\/#organization\",\"name\":\"HelsinkiMissio\",\"url\":\"https:\\\/\\\/www.helsinkimissio.fi\\\/sv\\\/\",\"logo\":{\"@type\":\"ImageObject\",\"inLanguage\":\"sv-SE\",\"@id\":\"https:\\\/\\\/www.helsinkimissio.fi\\\/sv\\\/#\\\/schema\\\/logo\\\/image\\\/\",\"url\":\"https:\\\/\\\/www.helsinkimissio.fi\\\/wp-content\\\/uploads\\\/2022\\\/07\\\/cropped-Helsinkimissio_sin_logo.png\",\"contentUrl\":\"https:\\\/\\\/www.helsinkimissio.fi\\\/wp-content\\\/uploads\\\/2022\\\/07\\\/cropped-Helsinkimissio_sin_logo.png\",\"width\":512,\"height\":512,\"caption\":\"HelsinkiMissio\"},\"image\":{\"@id\":\"https:\\\/\\\/www.helsinkimissio.fi\\\/sv\\\/#\\\/schema\\\/logo\\\/image\\\/\"},\"sameAs\":[\"https:\\\/\\\/www.facebook.com\\\/HelsinkiMissio\\\/\",\"https:\\\/\\\/x.com\\\/HelsinkiMissio\",\"https:\\\/\\\/www.instagram.com\\\/helsinkimissio\\\/\",\"https:\\\/\\\/www.linkedin.com\\\/company\\\/10844786\\\/\",\"https:\\\/\\\/www.youtube.com\\\/channel\\\/UCzKk3pYABu9D-DzQAx1Yr2w\"]}]}<\/script>\n<!-- \/ Yoast SEO plugin. -->","yoast_head_json":{"title":"HelsingforsMission S\u00f6rn\u00e4s &#8212; HelsinkiMissio","description":"HelsingforsMission erbjuder tj\u00e4nster f\u00f6r att minska ensamhet och tillf\u00e4llen f\u00f6r att bem\u00f6ta andra. Bekanta dig med v\u00e5rt arbete och ta kontakt.","robots":{"index":"index","follow":"follow","max-snippet":"max-snippet:-1","max-image-preview":"max-image-preview:large","max-video-preview":"max-video-preview:-1"},"canonical":"https:\/\/www.helsinkimissio.fi\/sv\/helsingforsmission-sornas\/","og_locale":"sv_SE","og_type":"article","og_title":"HelsingforsMission S\u00f6rn\u00e4s &#8212; HelsinkiMissio","og_description":"HelsingforsMission erbjuder tj\u00e4nster f\u00f6r att minska ensamhet och tillf\u00e4llen f\u00f6r att bem\u00f6ta andra. Bekanta dig med v\u00e5rt arbete och ta kontakt.","og_url":"https:\/\/www.helsinkimissio.fi\/sv\/helsingforsmission-sornas\/","og_site_name":"HelsinkiMissio","article_publisher":"https:\/\/www.facebook.com\/HelsinkiMissio\/","article_modified_time":"2026-03-16T11:13:06+00:00","og_image":[{"width":1920,"height":1080,"url":"https:\/\/www.helsinkimissio.fi\/wp-content\/uploads\/2026\/01\/HelsinkiMissio-Sornainen-1920x1080px-herokuva-.jpg","type":"image\/jpeg"}],"twitter_card":"summary_large_image","twitter_site":"@HelsinkiMissio","twitter_misc":{"Ber\u00e4knad l\u00e4stid":"6 minuter"},"schema":{"@context":"https:\/\/schema.org","@graph":[{"@type":"WebPage","@id":"https:\/\/www.helsinkimissio.fi\/sv\/helsingforsmission-sornas\/","url":"https:\/\/www.helsinkimissio.fi\/sv\/helsingforsmission-sornas\/","name":"HelsingforsMission S\u00f6rn\u00e4s &#8212; HelsinkiMissio","isPartOf":{"@id":"https:\/\/www.helsinkimissio.fi\/sv\/#website"},"primaryImageOfPage":{"@id":"https:\/\/www.helsinkimissio.fi\/sv\/helsingforsmission-sornas\/#primaryimage"},"image":{"@id":"https:\/\/www.helsinkimissio.fi\/sv\/helsingforsmission-sornas\/#primaryimage"},"thumbnailUrl":"https:\/\/www.helsinkimissio.fi\/wp-content\/uploads\/2026\/01\/HelsinkiMissio-Sornainen-1920x1080px-herokuva-.jpg","datePublished":"2025-09-15T11:53:11+00:00","dateModified":"2026-03-16T11:13:06+00:00","description":"HelsingforsMission erbjuder tj\u00e4nster f\u00f6r att minska ensamhet och tillf\u00e4llen f\u00f6r att bem\u00f6ta andra. Bekanta dig med v\u00e5rt arbete och ta kontakt.","breadcrumb":{"@id":"https:\/\/www.helsinkimissio.fi\/sv\/helsingforsmission-sornas\/#breadcrumb"},"inLanguage":"sv-SE","potentialAction":[{"@type":"ReadAction","target":["https:\/\/www.helsinkimissio.fi\/sv\/helsingforsmission-sornas\/"]}]},{"@type":"ImageObject","inLanguage":"sv-SE","@id":"https:\/\/www.helsinkimissio.fi\/sv\/helsingforsmission-sornas\/#primaryimage","url":"https:\/\/www.helsinkimissio.fi\/wp-content\/uploads\/2026\/01\/HelsinkiMissio-Sornainen-1920x1080px-herokuva-.jpg","contentUrl":"https:\/\/www.helsinkimissio.fi\/wp-content\/uploads\/2026\/01\/HelsinkiMissio-Sornainen-1920x1080px-herokuva-.jpg","width":1920,"height":1080,"caption":"Kolme eri-ik\u00e4ist\u00e4 naista istuu yhdess\u00e4 ja juttelee kesken\u00e4\u00e4n iloisesti."},{"@type":"BreadcrumbList","@id":"https:\/\/www.helsinkimissio.fi\/sv\/helsingforsmission-sornas\/#breadcrumb","itemListElement":[{"@type":"ListItem","position":1,"name":"Etusivu","item":"https:\/\/www.helsinkimissio.fi\/sv\/"},{"@type":"ListItem","position":2,"name":"HelsingforsMission S\u00f6rn\u00e4s"}]},{"@type":"WebSite","@id":"https:\/\/www.helsinkimissio.fi\/sv\/#website","url":"https:\/\/www.helsinkimissio.fi\/sv\/","name":"Yhdess\u00e4 yksin\u00e4isyys voitetaan \u2013 HelsinkiMissio","description":"Yhdess\u00e4 yksin\u00e4isyys voitetaan.","publisher":{"@id":"https:\/\/www.helsinkimissio.fi\/sv\/#organization"},"alternateName":"HelsinkiMissio","potentialAction":[{"@type":"SearchAction","target":{"@type":"EntryPoint","urlTemplate":"https:\/\/www.helsinkimissio.fi\/sv\/?s={search_term_string}"},"query-input":{"@type":"PropertyValueSpecification","valueRequired":true,"valueName":"search_term_string"}}],"inLanguage":"sv-SE"},{"@type":"Organization","@id":"https:\/\/www.helsinkimissio.fi\/sv\/#organization","name":"HelsinkiMissio","url":"https:\/\/www.helsinkimissio.fi\/sv\/","logo":{"@type":"ImageObject","inLanguage":"sv-SE","@id":"https:\/\/www.helsinkimissio.fi\/sv\/#\/schema\/logo\/image\/","url":"https:\/\/www.helsinkimissio.fi\/wp-content\/uploads\/2022\/07\/cropped-Helsinkimissio_sin_logo.png","contentUrl":"https:\/\/www.helsinkimissio.fi\/wp-content\/uploads\/2022\/07\/cropped-Helsinkimissio_sin_logo.png","width":512,"height":512,"caption":"HelsinkiMissio"},"image":{"@id":"https:\/\/www.helsinkimissio.fi\/sv\/#\/schema\/logo\/image\/"},"sameAs":["https:\/\/www.facebook.com\/HelsinkiMissio\/","https:\/\/x.com\/HelsinkiMissio","https:\/\/www.instagram.com\/helsinkimissio\/","https:\/\/www.linkedin.com\/company\/10844786\/","https:\/\/www.youtube.com\/channel\/UCzKk3pYABu9D-DzQAx1Yr2w"]}]}},"_links":{"self":[{"href":"https:\/\/www.helsinkimissio.fi\/sv\/wp-json\/wp\/v2\/pages\/38611","targetHints":{"allow":["GET"]}}],"collection":[{"href":"https:\/\/www.helsinkimissio.fi\/sv\/wp-json\/wp\/v2\/pages"}],"about":[{"href":"https:\/\/www.helsinkimissio.fi\/sv\/wp-json\/wp\/v2\/types\/page"}],"author":[{"embeddable":true,"href":"https:\/\/www.helsinkimissio.fi\/sv\/wp-json\/wp\/v2\/users\/19"}],"replies":[{"embeddable":true,"href":"https:\/\/www.helsinkimissio.fi\/sv\/wp-json\/wp\/v2\/comments?post=38611"}],"version-history":[{"count":6,"href":"https:\/\/www.helsinkimissio.fi\/sv\/wp-json\/wp\/v2\/pages\/38611\/revisions"}],"predecessor-version":[{"id":41336,"href":"https:\/\/www.helsinkimissio.fi\/sv\/wp-json\/wp\/v2\/pages\/38611\/revisions\/41336"}],"wp:featuredmedia":[{"embeddable":true,"href":"https:\/\/www.helsinkimissio.fi\/sv\/wp-json\/wp\/v2\/media\/40552"}],"wp:attachment":[{"href":"https:\/\/www.helsinkimissio.fi\/sv\/wp-json\/wp\/v2\/media?parent=38611"}],"curies":[{"name":"wp","href":"https:\/\/api.w.org\/{rel}","templated":true}]}}